{"id":10103,"date":"2025-03-24T13:31:44","date_gmt":"2025-03-24T12:31:44","guid":{"rendered":"https:\/\/agora.xtec.cat\/escolalasequia\/?page_id=10103"},"modified":"2025-03-24T13:38:37","modified_gmt":"2025-03-24T12:38:37","slug":"zona-educativa-ciutat-de-manresa","status":"publish","type":"page","link":"https:\/\/agora.xtec.cat\/escolalasequia\/zona-educativa-ciutat-de-manresa\/","title":{"rendered":"Zona educativa"},"content":{"rendered":"<p>A continuaci\u00f3 es mostra el mapa de zonificaci\u00f3 educativa de Manresa, amb les sis zones que donen la puntuaci\u00f3 m\u00e0xima per resid\u00e8ncia. <strong>L&#8217;escola La S\u00e8quia<\/strong> es troba en la zona indicada en <strong>color blau<\/strong> (mapa extret de la web de l&#8217;Ajuntament de Manresa):<\/p>\n<p><img loading=\"lazy\" decoding=\"async\" class=\"alignnone wp-image-10105\" src=\"https:\/\/agora.xtec.cat\/escolalasequia\/wp-content\/uploads\/usu1282\/2025\/03\/zonificacio_1_page-0001-scaled.jpg\" alt=\"\" width=\"956\" height=\"676\" srcset=\"https:\/\/agora.xtec.cat\/escolalasequia\/wp-content\/uploads\/usu1282\/2025\/03\/zonificacio_1_page-0001-scaled.jpg 2560w, https:\/\/agora.xtec.cat\/escolalasequia\/wp-content\/uploads\/usu1282\/2025\/03\/zonificacio_1_page-0001-300x212.jpg 300w, https:\/\/agora.xtec.cat\/escolalasequia\/wp-content\/uploads\/usu1282\/2025\/03\/zonificacio_1_page-0001-1024x724.jpg 1024w, https:\/\/agora.xtec.cat\/escolalasequia\/wp-content\/uploads\/usu1282\/2025\/03\/zonificacio_1_page-0001-768x543.jpg 768w, https:\/\/agora.xtec.cat\/escolalasequia\/wp-content\/uploads\/usu1282\/2025\/03\/zonificacio_1_page-0001-1536x1086.jpg 1536w, https:\/\/agora.xtec.cat\/escolalasequia\/wp-content\/uploads\/usu1282\/2025\/03\/zonificacio_1_page-0001-2048x1449.jpg 2048w\" sizes=\"auto, (max-width: 956px) 100vw, 956px\" \/><\/p>\n<p>Podeu consultar la zona escolar educativa a la web de l&#8217;Ajuntament de Manresa, on hi ha <a href=\"https:\/\/www.manresa.cat\/web\/menu\/4443-arees-escolars-de-proximitat\">aplicatiu<\/a> on es pot indicar l&#8217;adre\u00e7a de resid\u00e8ncia i autom\u00e0ticament s&#8217;informa dels centres que us corresponen per zona.<\/p>\n","protected":false},"excerpt":{"rendered":"<p>A continuaci\u00f3 es mostra el mapa de zonificaci\u00f3 educativa de Manresa, amb les sis zones que donen la puntuaci\u00f3 m\u00e0xima per resid\u00e8ncia. L&#8217;escola La S\u00e8quia es troba en la zona indicada en color blau (mapa extret de la web de l&#8217;Ajuntament de Manresa): Podeu consultar la zona escolar educativa a la web de l&#8217;Ajuntament de [&hellip;]<\/p>\n","protected":false},"author":31,"featured_media":0,"parent":0,"menu_order":0,"comment_status":"closed","ping_status":"closed","template":"","meta":{"_bbp_topic_count":0,"_bbp_reply_count":0,"_bbp_total_topic_count":0,"_bbp_total_reply_count":0,"_bbp_voice_count":0,"_bbp_anonymous_reply_count":0,"_bbp_topic_count_hidden":0,"_bbp_reply_count_hidden":0,"_bbp_forum_subforum_count":0,"site-sidebar-layout":"default","site-content-layout":"","ast-site-content-layout":"","site-content-style":"default","site-sidebar-style":"default","ast-global-header-display":"","ast-banner-title-visibility":"","ast-main-header-display":"","ast-hfb-above-header-display":"","ast-hfb-below-header-display":"","ast-hfb-mobile-header-display":"","site-post-title":"","ast-breadcrumbs-content":"","ast-featured-img":"","footer-sml-layout":"","theme-transparent-header-meta":"","adv-header-id-meta":"","stick-header-meta":"","header-above-stick-meta":"","header-main-stick-meta":"","header-below-stick-meta":"","astra-migrate-meta-layouts":"default","ast-page-background-enabled":"default","ast-page-background-meta":{"desktop":{"background-color":"var(--ast-global-color-4)","background-image":"","background-repeat":"repeat","background-position":"center center","background-size":"auto","background-attachment":"scroll","background-type":"","background-media":"","overlay-type":"","overlay-color":"","overlay-opacity":"","overlay-gradient":""},"tablet":{"background-color":"","background-image":"","background-repeat":"repeat","background-position":"center center","background-size":"auto","background-attachment":"scroll","background-type":"","background-media":"","overlay-type":"","overlay-color":"","overlay-opacity":"","overlay-gradient":""},"mobile":{"background-color":"","background-image":"","background-repeat":"repeat","background-position":"center center","background-size":"auto","background-attachment":"scroll","background-type":"","background-media":"","overlay-type":"","overlay-color":"","overlay-opacity":"","overlay-gradient":""}},"ast-content-background-meta":{"desktop":{"background-color":"var(--ast-global-color-5)","background-image":"","background-repeat":"repeat","background-position":"center center","background-size":"auto","background-attachment":"scroll","background-type":"","background-media":"","overlay-type":"","overlay-color":"","overlay-opacity":"","overlay-gradient":""},"tablet":{"background-color":"var(--ast-global-color-5)","background-image":"","background-repeat":"repeat","background-position":"center center","background-size":"auto","background-attachment":"scroll","background-type":"","background-media":"","overlay-type":"","overlay-color":"","overlay-opacity":"","overlay-gradient":""},"mobile":{"background-color":"var(--ast-global-color-5)","background-image":"","background-repeat":"repeat","background-position":"center center","background-size":"auto","background-attachment":"scroll","background-type":"","background-media":"","overlay-type":"","overlay-color":"","overlay-opacity":"","overlay-gradient":""}},"footnotes":""},"class_list":["post-10103","page","type-page","status-publish","hentry"],"post_mailing_queue_ids":[],"_links":{"self":[{"href":"https:\/\/agora.xtec.cat\/escolalasequia\/wp-json\/wp\/v2\/pages\/10103","targetHints":{"allow":["GET"]}}],"collection":[{"href":"https:\/\/agora.xtec.cat\/escolalasequia\/wp-json\/wp\/v2\/pages"}],"about":[{"href":"https:\/\/agora.xtec.cat\/escolalasequia\/wp-json\/wp\/v2\/types\/page"}],"author":[{"embeddable":true,"href":"https:\/\/agora.xtec.cat\/escolalasequia\/wp-json\/wp\/v2\/users\/31"}],"replies":[{"embeddable":true,"href":"https:\/\/agora.xtec.cat\/escolalasequia\/wp-json\/wp\/v2\/comments?post=10103"}],"version-history":[{"count":2,"href":"https:\/\/agora.xtec.cat\/escolalasequia\/wp-json\/wp\/v2\/pages\/10103\/revisions"}],"predecessor-version":[{"id":10110,"href":"https:\/\/agora.xtec.cat\/escolalasequia\/wp-json\/wp\/v2\/pages\/10103\/revisions\/10110"}],"wp:attachment":[{"href":"https:\/\/agora.xtec.cat\/escolalasequia\/wp-json\/wp\/v2\/media?parent=10103"}],"curies":[{"name":"wp","href":"https:\/\/api.w.org\/{rel}","templated":true}]}}