{"id":10078,"date":"2025-03-24T09:47:03","date_gmt":"2025-03-24T08:47:03","guid":{"rendered":"https:\/\/agora.xtec.cat\/escolalasequia\/?page_id=10078"},"modified":"2025-12-04T16:06:57","modified_gmt":"2025-12-04T15:06:57","slug":"consell-escolar-de-centre","status":"publish","type":"page","link":"https:\/\/agora.xtec.cat\/escolalasequia\/consell-escolar-de-centre\/","title":{"rendered":"Consell Escolar de Centre"},"content":{"rendered":"<p>El consell escolar \u00e9s l\u2019\u00f2rgan de participaci\u00f3 de la comunitat escolar en el govern del centre.<\/p>\n<h5><\/h5>\n<h5><b>Funcions<\/b><\/h5>\n<ul>\n<li style=\"font-weight: 400;\" aria-level=\"1\"><span style=\"font-weight: 400;\">Aprovar el Projecte Educatiu de Centre i les modificacions corresponents per una majoria de 3\/5 parts dels membres.<\/span><\/li>\n<li style=\"font-weight: 400;\" aria-level=\"1\"><span style=\"font-weight: 400;\">Aprovar la Programaci\u00f3 General del Centre i avaluar-ne el desenvolupament i els resultats.<\/span><\/li>\n<li style=\"font-weight: 400;\" aria-level=\"1\"><span style=\"font-weight: 400;\">Aprovar les propostes d\u00b4acords de coresponsabilitat,\u00a0 convenis i altres acords de col\u00b7laboraci\u00f3 del centre amb entitats o institucions.<\/span><\/li>\n<li style=\"font-weight: 400;\" aria-level=\"1\"><span style=\"font-weight: 400;\">Aprovar les normes d&#8217;organitzaci\u00f3 i funcionament i les modificacions corresponents.<\/span><\/li>\n<li style=\"font-weight: 400;\" aria-level=\"1\"><span style=\"font-weight: 400;\">Aprovar la carta de comprom\u00eds educatiu.<\/span><\/li>\n<li style=\"font-weight: 400;\" aria-level=\"1\"><span style=\"font-weight: 400;\">Aprovar el pressupost del centre i el rendiment de comptes.<\/span><\/li>\n<li style=\"font-weight: 400;\" aria-level=\"1\"><span style=\"font-weight: 400;\">Intervenir en la resoluci\u00f3 dels conflictes i, si s&#8217;escau, revisar les sancions a l\u2019alumnat .<\/span><\/li>\n<li style=\"font-weight: 400;\" aria-level=\"1\"><span style=\"font-weight: 400;\">Aprovar les directrius per a la programaci\u00f3 de les activitats escolars complement\u00e0ries i d\u00b4activitats extraescolars i avaluar-ne el desenvolupament.<\/span><\/li>\n<li style=\"font-weight: 400;\" aria-level=\"1\"><span style=\"font-weight: 400;\">Aprovar els criteris de col\u00b7laboraci\u00f3 amb altres centres i amb l&#8217;entorn.<\/span><\/li>\n<li style=\"font-weight: 400;\" aria-level=\"1\"><span style=\"font-weight: 400;\">Aprovar la mem\u00f2ria del curs.<\/span><\/li>\n<li style=\"font-weight: 400;\" aria-level=\"1\"><span style=\"font-weight: 400;\">Qualsevol que li sigui atribu\u00efda per les normes legals o reglament\u00e0ries.<\/span><\/li>\n<\/ul>\n<p>Es pot consultar tota la normativa referent al Consell Escolar a la <a href=\"https:\/\/agora.xtec.cat\/escolalasequia\/nofc\/\">Normativa d&#8217;Organitzaci\u00f3 i Funcionament de Centre<\/a><\/p>\n<h5><\/h5>\n<h5><b>Composici\u00f3<\/b><\/h5>\n<ul>\n<li style=\"font-weight: 400;\" aria-level=\"1\"><span style=\"font-weight: 400;\">El director o la directora que el presideix.<\/span><\/li>\n<li style=\"font-weight: 400;\" aria-level=\"1\"><span style=\"font-weight: 400;\">El cap d&#8217;estudis o la cap d&#8217;estudis.<\/span><\/li>\n<li style=\"font-weight: 400;\" aria-level=\"1\"><span style=\"font-weight: 400;\">1 representant de l&#8217;Ajuntament de la localitat.<\/span><\/li>\n<li style=\"font-weight: 400;\" aria-level=\"1\"><span style=\"font-weight: 400;\">6 representants del professorat elegit pel claustre.<\/span><\/li>\n<li style=\"font-weight: 400;\" aria-level=\"1\"><span style=\"font-weight: 400;\">5 representants de les fam\u00edlies o tutors\/es legals, elegits respectivament per elles i entre elles.<\/span><\/li>\n<li style=\"font-weight: 400;\" aria-level=\"1\"><span style=\"font-weight: 400;\">1 representant de les fam\u00edlies designat per l&#8217;AFA.<\/span><\/li>\n<li style=\"font-weight: 400;\" aria-level=\"1\"><span style=\"font-weight: 400;\">1 representant del personal d&#8217;Administraci\u00f3 i Serveis, elegit per aquest personal i entre aquest personal.<\/span><\/li>\n<\/ul>\n<p><span style=\"font-weight: 400;\">El secretari o la secret\u00e0ria del centre no \u00e9s membre del Consell Escolar, per\u00f2 hi assisteix\u00a0 amb veu i sense vot, i exerceix la secretaria del Consell (D102\/2010.art.45).<\/span><\/p>\n<h5><\/h5>\n<h6><strong>Actualment el Consell escolar est\u00e0 format per les persones seg\u00fcents:<\/strong><\/h6>\n<ul>\n<li style=\"list-style-type: none;\">\n<ul>\n<li style=\"list-style-type: none;\">\n<ul>\n<li><strong>Directora i presidenta del Consell Escolar:<\/strong>\u00a0Dolors Ayala Mateo<\/li>\n<li><strong>Cap d&#8217;estudis:<\/strong> N\u00faria Palmarola Agudo<\/li>\n<li><strong>Secret\u00e0ria:<\/strong> Sofia de la Due\u00f1a Marsell\u00e1<\/li>\n<li><strong>Representant de l&#8217;Ajuntament:<\/strong> Isabel S\u00e1nchez Pulido<\/li>\n<li><strong>Representant de l&#8217;AFA:<\/strong> Dunia Anquela Ma\u00f1\u00e9<\/li>\n<li><strong>Representant de fam\u00edlies:<\/strong> Sara Peidro Palanca<\/li>\n<li><strong>Representant de fam\u00edlies:<\/strong>\u00a0 Montserrat Guiu Girbau<\/li>\n<li><strong>Representant de fam\u00edlies:<\/strong> Fanny Mart\u00ed Bertomeu<\/li>\n<li><strong>Representant de fam\u00edlies:<\/strong>\u00a0 \u00a0Joan Feliu Badal<\/li>\n<li><strong>Representant de fam\u00edlies:<\/strong> Sara Anguita Frutos<\/li>\n<li><strong>Representant del PAS:<\/strong> Francesc Molera Ferrer<\/li>\n<li><strong>Representant del professorat:<\/strong> Helena Amat Garcia<\/li>\n<li><strong>Representant del professorat:<\/strong>\u00a0Xavier Estrada Bosch<\/li>\n<li><strong>Representant del professorat:<\/strong> Anna P\u00e9rez Mart\u00ednez<\/li>\n<li><strong>Representant del professorat:<\/strong> Gloria Moya Cano<\/li>\n<li><strong>Representant del professorat:<\/strong> Ana Alvarado Garrido<\/li>\n<li><strong>Representant del professorat:<\/strong> Anna Burgos Espinalt<\/li>\n<\/ul>\n<\/li>\n<\/ul>\n<\/li>\n<\/ul>\n<h5><\/h5>\n<p>&nbsp;<\/p>\n<h5><a href=\"https:\/\/agora.xtec.cat\/escolalasequia\/resums-consell-escolar\/\"><strong>Resums de les reunions<\/strong><\/a><\/h5>\n<p>&nbsp;<\/p>\n<h5><\/h5>\n<p>&nbsp;<\/p>\n<p>&nbsp;<\/p>\n","protected":false},"excerpt":{"rendered":"<p>El consell escolar \u00e9s l\u2019\u00f2rgan de participaci\u00f3 de la comunitat escolar en el govern del centre. Funcions Aprovar el Projecte Educatiu de Centre i les modificacions corresponents per una majoria de 3\/5 parts dels membres. Aprovar la Programaci\u00f3 General del Centre i avaluar-ne el desenvolupament i els resultats. Aprovar les propostes d\u00b4acords de coresponsabilitat,\u00a0 convenis [&hellip;]<\/p>\n","protected":false},"author":31,"featured_media":0,"parent":0,"menu_order":0,"comment_status":"closed","ping_status":"closed","template":"","meta":{"_bbp_topic_count":0,"_bbp_reply_count":0,"_bbp_total_topic_count":0,"_bbp_total_reply_count":0,"_bbp_voice_count":0,"_bbp_anonymous_reply_count":0,"_bbp_topic_count_hidden":0,"_bbp_reply_count_hidden":0,"_bbp_forum_subforum_count":0,"site-sidebar-layout":"default","site-content-layout":"","ast-site-content-layout":"default","site-content-style":"default","site-sidebar-style":"default","ast-global-header-display":"","ast-banner-title-visibility":"","ast-main-header-display":"","ast-hfb-above-header-display":"","ast-hfb-below-header-display":"","ast-hfb-mobile-header-display":"","site-post-title":"","ast-breadcrumbs-content":"","ast-featured-img":"","footer-sml-layout":"","theme-transparent-header-meta":"default","adv-header-id-meta":"","stick-header-meta":"","header-above-stick-meta":"","header-main-stick-meta":"","header-below-stick-meta":"","astra-migrate-meta-layouts":"set","ast-page-background-enabled":"default","ast-page-background-meta":{"desktop":{"background-color":"var(--ast-global-color-4)","background-image":"","background-repeat":"repeat","background-position":"center center","background-size":"auto","background-attachment":"scroll","background-type":"","background-media":"","overlay-type":"","overlay-color":"","overlay-opacity":"","overlay-gradient":""},"tablet":{"background-color":"","background-image":"","background-repeat":"repeat","background-position":"center center","background-size":"auto","background-attachment":"scroll","background-type":"","background-media":"","overlay-type":"","overlay-color":"","overlay-opacity":"","overlay-gradient":""},"mobile":{"background-color":"","background-image":"","background-repeat":"repeat","background-position":"center center","background-size":"auto","background-attachment":"scroll","background-type":"","background-media":"","overlay-type":"","overlay-color":"","overlay-opacity":"","overlay-gradient":""}},"ast-content-background-meta":{"desktop":{"background-color":"var(--ast-global-color-5)","background-image":"","background-repeat":"repeat","background-position":"center center","background-size":"auto","background-attachment":"scroll","background-type":"","background-media":"","overlay-type":"","overlay-color":"","overlay-opacity":"","overlay-gradient":""},"tablet":{"background-color":"var(--ast-global-color-5)","background-image":"","background-repeat":"repeat","background-position":"center center","background-size":"auto","background-attachment":"scroll","background-type":"","background-media":"","overlay-type":"","overlay-color":"","overlay-opacity":"","overlay-gradient":""},"mobile":{"background-color":"var(--ast-global-color-5)","background-image":"","background-repeat":"repeat","background-position":"center center","background-size":"auto","background-attachment":"scroll","background-type":"","background-media":"","overlay-type":"","overlay-color":"","overlay-opacity":"","overlay-gradient":""}},"footnotes":""},"class_list":["post-10078","page","type-page","status-publish","hentry"],"post_mailing_queue_ids":[],"_links":{"self":[{"href":"https:\/\/agora.xtec.cat\/escolalasequia\/wp-json\/wp\/v2\/pages\/10078","targetHints":{"allow":["GET"]}}],"collection":[{"href":"https:\/\/agora.xtec.cat\/escolalasequia\/wp-json\/wp\/v2\/pages"}],"about":[{"href":"https:\/\/agora.xtec.cat\/escolalasequia\/wp-json\/wp\/v2\/types\/page"}],"author":[{"embeddable":true,"href":"https:\/\/agora.xtec.cat\/escolalasequia\/wp-json\/wp\/v2\/users\/31"}],"replies":[{"embeddable":true,"href":"https:\/\/agora.xtec.cat\/escolalasequia\/wp-json\/wp\/v2\/comments?post=10078"}],"version-history":[{"count":6,"href":"https:\/\/agora.xtec.cat\/escolalasequia\/wp-json\/wp\/v2\/pages\/10078\/revisions"}],"predecessor-version":[{"id":10687,"href":"https:\/\/agora.xtec.cat\/escolalasequia\/wp-json\/wp\/v2\/pages\/10078\/revisions\/10687"}],"wp:attachment":[{"href":"https:\/\/agora.xtec.cat\/escolalasequia\/wp-json\/wp\/v2\/media?parent=10078"}],"curies":[{"name":"wp","href":"https:\/\/api.w.org\/{rel}","templated":true}]}}