{"id":10023,"date":"2025-03-21T08:56:37","date_gmt":"2025-03-21T07:56:37","guid":{"rendered":"https:\/\/agora.xtec.cat\/escolalasequia\/?page_id=10023"},"modified":"2025-03-21T08:56:37","modified_gmt":"2025-03-21T07:56:37","slug":"instituts-adscrits","status":"publish","type":"page","link":"https:\/\/agora.xtec.cat\/escolalasequia\/instituts-adscrits\/","title":{"rendered":"Instituts adscrits"},"content":{"rendered":"<p><strong>Centres de secund\u00e0ria que l&#8217;escola La S\u00e8quia t\u00e9 adscrits:<\/strong><\/p>\n<ul>\n<li><a href=\"https:\/\/agora.xtec.cat\/iescalgravat\/\"><strong>Institut Cal Gravat<\/strong><\/a><\/li>\n<li><a href=\"https:\/\/www.guillemcata.cat\/\"><strong>Institut Guillem Cat\u00e0<\/strong><\/a><\/li>\n<li><a href=\"https:\/\/www.iespfq.cat\/portal\/\"><strong>Institut Pius Font i Quer<\/strong><\/a><\/li>\n<\/ul>\n<p><img loading=\"lazy\" decoding=\"async\" class=\"alignnone  wp-image-10024\" src=\"https:\/\/agora.xtec.cat\/escolalasequia\/wp-content\/uploads\/usu1282\/2025\/03\/Captura.jpg\" alt=\"\" width=\"1052\" height=\"368\" srcset=\"https:\/\/agora.xtec.cat\/escolalasequia\/wp-content\/uploads\/usu1282\/2025\/03\/Captura.jpg 629w, https:\/\/agora.xtec.cat\/escolalasequia\/wp-content\/uploads\/usu1282\/2025\/03\/Captura-300x105.jpg 300w\" sizes=\"auto, (max-width: 1052px) 100vw, 1052px\" \/><\/p>\n","protected":false},"excerpt":{"rendered":"<p>Centres de secund\u00e0ria que l&#8217;escola La S\u00e8quia t\u00e9 adscrits: Institut Cal Gravat Institut Guillem Cat\u00e0 Institut Pius Font i Quer<\/p>\n","protected":false},"author":31,"featured_media":0,"parent":0,"menu_order":0,"comment_status":"closed","ping_status":"closed","template":"","meta":{"_bbp_topic_count":0,"_bbp_reply_count":0,"_bbp_total_topic_count":0,"_bbp_total_reply_count":0,"_bbp_voice_count":0,"_bbp_anonymous_reply_count":0,"_bbp_topic_count_hidden":0,"_bbp_reply_count_hidden":0,"_bbp_forum_subforum_count":0,"site-sidebar-layout":"default","site-content-layout":"","ast-site-content-layout":"","site-content-style":"default","site-sidebar-style":"default","ast-global-header-display":"","ast-banner-title-visibility":"","ast-main-header-display":"","ast-hfb-above-header-display":"","ast-hfb-below-header-display":"","ast-hfb-mobile-header-display":"","site-post-title":"","ast-breadcrumbs-content":"","ast-featured-img":"","footer-sml-layout":"","theme-transparent-header-meta":"","adv-header-id-meta":"","stick-header-meta":"","header-above-stick-meta":"","header-main-stick-meta":"","header-below-stick-meta":"","astra-migrate-meta-layouts":"default","ast-page-background-enabled":"default","ast-page-background-meta":{"desktop":{"background-color":"var(--ast-global-color-4)","background-image":"","background-repeat":"repeat","background-position":"center center","background-size":"auto","background-attachment":"scroll","background-type":"","background-media":"","overlay-type":"","overlay-color":"","overlay-opacity":"","overlay-gradient":""},"tablet":{"background-color":"","background-image":"","background-repeat":"repeat","background-position":"center center","background-size":"auto","background-attachment":"scroll","background-type":"","background-media":"","overlay-type":"","overlay-color":"","overlay-opacity":"","overlay-gradient":""},"mobile":{"background-color":"","background-image":"","background-repeat":"repeat","background-position":"center center","background-size":"auto","background-attachment":"scroll","background-type":"","background-media":"","overlay-type":"","overlay-color":"","overlay-opacity":"","overlay-gradient":""}},"ast-content-background-meta":{"desktop":{"background-color":"var(--ast-global-color-5)","background-image":"","background-repeat":"repeat","background-position":"center center","background-size":"auto","background-attachment":"scroll","background-type":"","background-media":"","overlay-type":"","overlay-color":"","overlay-opacity":"","overlay-gradient":""},"tablet":{"background-color":"var(--ast-global-color-5)","background-image":"","background-repeat":"repeat","background-position":"center center","background-size":"auto","background-attachment":"scroll","background-type":"","background-media":"","overlay-type":"","overlay-color":"","overlay-opacity":"","overlay-gradient":""},"mobile":{"background-color":"var(--ast-global-color-5)","background-image":"","background-repeat":"repeat","background-position":"center center","background-size":"auto","background-attachment":"scroll","background-type":"","background-media":"","overlay-type":"","overlay-color":"","overlay-opacity":"","overlay-gradient":""}},"footnotes":""},"class_list":["post-10023","page","type-page","status-publish","hentry"],"post_mailing_queue_ids":[],"_links":{"self":[{"href":"https:\/\/agora.xtec.cat\/escolalasequia\/wp-json\/wp\/v2\/pages\/10023","targetHints":{"allow":["GET"]}}],"collection":[{"href":"https:\/\/agora.xtec.cat\/escolalasequia\/wp-json\/wp\/v2\/pages"}],"about":[{"href":"https:\/\/agora.xtec.cat\/escolalasequia\/wp-json\/wp\/v2\/types\/page"}],"author":[{"embeddable":true,"href":"https:\/\/agora.xtec.cat\/escolalasequia\/wp-json\/wp\/v2\/users\/31"}],"replies":[{"embeddable":true,"href":"https:\/\/agora.xtec.cat\/escolalasequia\/wp-json\/wp\/v2\/comments?post=10023"}],"version-history":[{"count":1,"href":"https:\/\/agora.xtec.cat\/escolalasequia\/wp-json\/wp\/v2\/pages\/10023\/revisions"}],"predecessor-version":[{"id":10025,"href":"https:\/\/agora.xtec.cat\/escolalasequia\/wp-json\/wp\/v2\/pages\/10023\/revisions\/10025"}],"wp:attachment":[{"href":"https:\/\/agora.xtec.cat\/escolalasequia\/wp-json\/wp\/v2\/media?parent=10023"}],"curies":[{"name":"wp","href":"https:\/\/api.w.org\/{rel}","templated":true}]}}