{"id":4722,"date":"2024-02-02T13:22:06","date_gmt":"2024-02-02T12:22:06","guid":{"rendered":"https:\/\/agora.xtec.cat\/escolalaroureda\/?page_id=4722"},"modified":"2026-04-23T13:11:21","modified_gmt":"2026-04-23T11:11:21","slug":"la-falca","status":"publish","type":"page","link":"https:\/\/agora.xtec.cat\/escolalaroureda\/noticies-roureda\/la-falca\/","title":{"rendered":"La falca"},"content":{"rendered":"\n<p>Cursa de Sant Jordi. Gina, David, Lucas, Clara i Nerea M.<\/p>\n\n\n\n<figure class=\"wp-block-audio\"><audio controls src=\"https:\/\/agora.xtec.cat\/escolalaroureda\/wp-content\/uploads\/usu631\/2026\/04\/Grup-2.-Cursa-de-Sant-Jordi.mp4\"><\/audio><\/figure>\n\n\n\n<ul class=\"wp-block-list\">\n<li><strong>GRUP 1<\/strong><\/li>\n<\/ul>\n\n\n\n<figure class=\"wp-block-audio\"><audio controls src=\"https:\/\/agora.xtec.cat\/escolalaroureda\/wp-content\/uploads\/usu631\/2026\/04\/Falca-radio-Grup-1.m4a\"><\/audio><\/figure>\n\n\n<ul>\n<li><strong>ACTIVITATS DE NADAL\u00a0<\/strong>&#8211; Sara, Kilian, Nataly i Jhonny<\/li>\n<\/ul>\n<!--[if lt IE 9]><script>document.createElement('audio');<\/script><![endif]-->\n<audio class=\"wp-audio-shortcode\" id=\"audio-4722-1\" preload=\"none\" style=\"width: 100%;\" controls=\"controls\"><source type=\"audio\/mpeg\" src=\"https:\/\/agora.xtec.cat\/escolalaroureda\/wp-content\/uploads\/usu631\/2025\/02\/Falca-grup-5_6eB_Sara-Kilian-NatalyJhonny_.m4a?_=1\" \/><a href=\"https:\/\/agora.xtec.cat\/escolalaroureda\/wp-content\/uploads\/usu631\/2025\/02\/Falca-grup-5_6eB_Sara-Kilian-NatalyJhonny_.m4a\">https:\/\/agora.xtec.cat\/escolalaroureda\/wp-content\/uploads\/usu631\/2025\/02\/Falca-grup-5_6eB_Sara-Kilian-NatalyJhonny_.m4a<\/a><\/audio>\n<ul>\n<li><strong>ACROSPORT\u00a0<\/strong>&#8211; Max, Isona, Aleix i Maria<\/li>\n<\/ul>\n<audio class=\"wp-audio-shortcode\" id=\"audio-4722-2\" preload=\"none\" style=\"width: 100%;\" controls=\"controls\"><source type=\"audio\/mpeg\" src=\"https:\/\/agora.xtec.cat\/escolalaroureda\/wp-content\/uploads\/usu631\/2025\/02\/Falca-grup-5_6e-A_MaxIsona-AleixMaria.m4a?_=2\" \/><a href=\"https:\/\/agora.xtec.cat\/escolalaroureda\/wp-content\/uploads\/usu631\/2025\/02\/Falca-grup-5_6e-A_MaxIsona-AleixMaria.m4a\">https:\/\/agora.xtec.cat\/escolalaroureda\/wp-content\/uploads\/usu631\/2025\/02\/Falca-grup-5_6e-A_MaxIsona-AleixMaria.m4a<\/a><\/audio>\n<ul>\n<li><strong>PARLEM I JUGUEM B\u00c9\u00a0<\/strong>&#8211; Arnau, Sara, Adam i Ariadna<\/li>\n<\/ul>\n<audio class=\"wp-audio-shortcode\" id=\"audio-4722-3\" preload=\"none\" style=\"width: 100%;\" controls=\"controls\"><source type=\"audio\/mpeg\" src=\"https:\/\/agora.xtec.cat\/escolalaroureda\/wp-content\/uploads\/usu631\/2024\/12\/Falca-grup-2_6A_ArnauSara-Adam-Ariadna.m4a?_=3\" \/><a href=\"https:\/\/agora.xtec.cat\/escolalaroureda\/wp-content\/uploads\/usu631\/2024\/12\/Falca-grup-2_6A_ArnauSara-Adam-Ariadna.m4a\">https:\/\/agora.xtec.cat\/escolalaroureda\/wp-content\/uploads\/usu631\/2024\/12\/Falca-grup-2_6A_ArnauSara-Adam-Ariadna.m4a<\/a><\/audio>\n<ul>\n<li><strong>AJUDA DANA &#8211;<\/strong> V\u00edctor, Carlota, N\u00faria i Eric<\/li>\n<\/ul>\n<audio class=\"wp-audio-shortcode\" id=\"audio-4722-4\" preload=\"none\" style=\"width: 100%;\" controls=\"controls\"><source type=\"audio\/mpeg\" src=\"https:\/\/agora.xtec.cat\/escolalaroureda\/wp-content\/uploads\/usu631\/2024\/12\/Falca-grup-2_6B_Victor-CarlotaNuriaEric.m4a?_=4\" \/><a href=\"https:\/\/agora.xtec.cat\/escolalaroureda\/wp-content\/uploads\/usu631\/2024\/12\/Falca-grup-2_6B_Victor-CarlotaNuriaEric.m4a\">https:\/\/agora.xtec.cat\/escolalaroureda\/wp-content\/uploads\/usu631\/2024\/12\/Falca-grup-2_6B_Victor-CarlotaNuriaEric.m4a<\/a><\/audio>\n<ul>\n<li><strong>PRESENTACI\u00d3 HANDBOL\u00a0<\/strong>&#8211; Guifr\u00e9, Mariam, Tiago i Ainhoa<\/li>\n<\/ul>\n<audio class=\"wp-audio-shortcode\" id=\"audio-4722-5\" preload=\"none\" style=\"width: 100%;\" controls=\"controls\"><source type=\"audio\/mpeg\" src=\"https:\/\/agora.xtec.cat\/escolalaroureda\/wp-content\/uploads\/usu631\/2024\/12\/Falca-grup-3_6A_Guifre-Mariam-Thiago-Ainhoa.m4a?_=5\" \/><a href=\"https:\/\/agora.xtec.cat\/escolalaroureda\/wp-content\/uploads\/usu631\/2024\/12\/Falca-grup-3_6A_Guifre-Mariam-Thiago-Ainhoa.m4a\">https:\/\/agora.xtec.cat\/escolalaroureda\/wp-content\/uploads\/usu631\/2024\/12\/Falca-grup-3_6A_Guifre-Mariam-Thiago-Ainhoa.m4a<\/a><\/audio>\n<ul>\n<li><strong>25N &#8211;\u00a0<\/strong>Maria, Marc, Mireia i Xavi<\/li>\n<\/ul>\n<audio class=\"wp-audio-shortcode\" id=\"audio-4722-6\" preload=\"none\" style=\"width: 100%;\" controls=\"controls\"><source type=\"audio\/mpeg\" src=\"https:\/\/agora.xtec.cat\/escolalaroureda\/wp-content\/uploads\/usu631\/2024\/12\/Falca-grup-3_6B_MariaMarcMireiaXavi.m4a?_=6\" \/><a href=\"https:\/\/agora.xtec.cat\/escolalaroureda\/wp-content\/uploads\/usu631\/2024\/12\/Falca-grup-3_6B_MariaMarcMireiaXavi.m4a\">https:\/\/agora.xtec.cat\/escolalaroureda\/wp-content\/uploads\/usu631\/2024\/12\/Falca-grup-3_6B_MariaMarcMireiaXavi.m4a<\/a><\/audio>\n<ul>\n<li><strong>FUMAR \u00c9S DOLENT\u00a0<\/strong>&#8211; Tom\u00e0s, Gerard i Gebriel<\/li>\n<\/ul>\n<audio class=\"wp-audio-shortcode\" id=\"audio-4722-7\" preload=\"none\" style=\"width: 100%;\" controls=\"controls\"><source type=\"audio\/mpeg\" src=\"https:\/\/agora.xtec.cat\/escolalaroureda\/wp-content\/uploads\/usu631\/2024\/12\/Falca-grup-4_6A_Tomas-Gerard-Gebriel.m4a?_=7\" \/><a href=\"https:\/\/agora.xtec.cat\/escolalaroureda\/wp-content\/uploads\/usu631\/2024\/12\/Falca-grup-4_6A_Tomas-Gerard-Gebriel.m4a\">https:\/\/agora.xtec.cat\/escolalaroureda\/wp-content\/uploads\/usu631\/2024\/12\/Falca-grup-4_6A_Tomas-Gerard-Gebriel.m4a<\/a><\/audio>\n<ul>\n<li><strong>RESOLUCI\u00d3 DE CONFLICTES<\/strong> &#8211; Bel\u00b7la, Nico, Nicole i Nil\n<audio class=\"wp-audio-shortcode\" id=\"audio-4722-8\" preload=\"none\" style=\"width: 100%;\" controls=\"controls\"><source type=\"audio\/mpeg\" src=\"https:\/\/agora.xtec.cat\/escolalaroureda\/wp-content\/uploads\/usu631\/2024\/11\/Falca-grup-1_6A_Bel.la-Nico-Nicole-Nil.mp3?_=8\" \/><a href=\"https:\/\/agora.xtec.cat\/escolalaroureda\/wp-content\/uploads\/usu631\/2024\/11\/Falca-grup-1_6A_Bel.la-Nico-Nicole-Nil.mp3\">https:\/\/agora.xtec.cat\/escolalaroureda\/wp-content\/uploads\/usu631\/2024\/11\/Falca-grup-1_6A_Bel.la-Nico-Nicole-Nil.mp3<\/a><\/audio>\n<p><strong>BALL DE GARLANDES\u00a0<\/strong>&#8211; Roberto, Izan i Berta<\/p>\n<audio class=\"wp-audio-shortcode\" id=\"audio-4722-9\" preload=\"none\" style=\"width: 100%;\" controls=\"controls\"><source type=\"audio\/mpeg\" src=\"https:\/\/agora.xtec.cat\/escolalaroureda\/wp-content\/uploads\/usu631\/2024\/11\/Falca-grup-1_6B_RobertoIzanBerta.mp3?_=9\" \/><a href=\"https:\/\/agora.xtec.cat\/escolalaroureda\/wp-content\/uploads\/usu631\/2024\/11\/Falca-grup-1_6B_RobertoIzanBerta.mp3\">https:\/\/agora.xtec.cat\/escolalaroureda\/wp-content\/uploads\/usu631\/2024\/11\/Falca-grup-1_6B_RobertoIzanBerta.mp3<\/a><\/audio>\n<\/li>\n<li>\u00a0<\/li>\n<\/ul>","protected":false},"excerpt":{"rendered":"<p>Cursa de Sant Jordi. Gina, David, Lucas, Clara i Nerea M. ACTIVITATS DE NADAL\u00a0&#8211; Sara, Kilian, Nataly i Jhonny ACROSPORT\u00a0&#8211; Max, Isona, Aleix i Maria PARLEM I JUGUEM B\u00c9\u00a0&#8211; Arnau, Sara, Adam i Ariadna AJUDA DANA &#8211; V\u00edctor, Carlota, N\u00faria i Eric PRESENTACI\u00d3 HANDBOL\u00a0&#8211; Guifr\u00e9, Mariam, Tiago i Ainhoa 25N &#8211;\u00a0Maria, Marc, Mireia i Xavi [&hellip;]<\/p>\n","protected":false},"author":1,"featured_media":0,"parent":4711,"menu_order":0,"comment_status":"closed","ping_status":"closed","template":"","meta":{"_bbp_topic_count":0,"_bbp_reply_count":0,"_bbp_total_topic_count":0,"_bbp_total_reply_count":0,"_bbp_voice_count":0,"_bbp_anonymous_reply_count":0,"_bbp_topic_count_hidden":0,"_bbp_reply_count_hidden":0,"_bbp_forum_subforum_count":0,"site-sidebar-layout":"default","site-content-layout":"","ast-site-content-layout":"default","site-content-style":"default","site-sidebar-style":"default","ast-global-header-display":"","ast-banner-title-visibility":"","ast-main-header-display":"","ast-hfb-above-header-display":"","ast-hfb-below-header-display":"","ast-hfb-mobile-header-display":"","site-post-title":"","ast-breadcrumbs-content":"","ast-featured-img":"","footer-sml-layout":"","theme-transparent-header-meta":"","adv-header-id-meta":"","stick-header-meta":"","header-above-stick-meta":"","header-main-stick-meta":"","header-below-stick-meta":"","astra-migrate-meta-layouts":"set","ast-page-background-enabled":"default","ast-page-background-meta":{"desktop":{"background-color":"var(--ast-global-color-4)","background-image":"","background-repeat":"repeat","background-position":"center center","background-size":"auto","background-attachment":"scroll","background-type":"","background-media":"","overlay-type":"","overlay-color":"","overlay-opacity":"","overlay-gradient":""},"tablet":{"background-color":"","background-image":"","background-repeat":"repeat","background-position":"center center","background-size":"auto","background-attachment":"scroll","background-type":"","background-media":"","overlay-type":"","overlay-color":"","overlay-opacity":"","overlay-gradient":""},"mobile":{"background-color":"","background-image":"","background-repeat":"repeat","background-position":"center center","background-size":"auto","background-attachment":"scroll","background-type":"","background-media":"","overlay-type":"","overlay-color":"","overlay-opacity":"","overlay-gradient":""}},"ast-content-background-meta":{"desktop":{"background-color":"var(--ast-global-color-5)","background-image":"","background-repeat":"repeat","background-position":"center center","background-size":"auto","background-attachment":"scroll","background-type":"","background-media":"","overlay-type":"","overlay-color":"","overlay-opacity":"","overlay-gradient":""},"tablet":{"background-color":"var(--ast-global-color-5)","background-image":"","background-repeat":"repeat","background-position":"center center","background-size":"auto","background-attachment":"scroll","background-type":"","background-media":"","overlay-type":"","overlay-color":"","overlay-opacity":"","overlay-gradient":""},"mobile":{"background-color":"var(--ast-global-color-5)","background-image":"","background-repeat":"repeat","background-position":"center center","background-size":"auto","background-attachment":"scroll","background-type":"","background-media":"","overlay-type":"","overlay-color":"","overlay-opacity":"","overlay-gradient":""}},"footnotes":""},"class_list":["post-4722","page","type-page","status-publish","hentry"],"post_mailing_queue_ids":[],"_links":{"self":[{"href":"https:\/\/agora.xtec.cat\/escolalaroureda\/wp-json\/wp\/v2\/pages\/4722","targetHints":{"allow":["GET"]}}],"collection":[{"href":"https:\/\/agora.xtec.cat\/escolalaroureda\/wp-json\/wp\/v2\/pages"}],"about":[{"href":"https:\/\/agora.xtec.cat\/escolalaroureda\/wp-json\/wp\/v2\/types\/page"}],"author":[{"embeddable":true,"href":"https:\/\/agora.xtec.cat\/escolalaroureda\/wp-json\/wp\/v2\/users\/1"}],"replies":[{"embeddable":true,"href":"https:\/\/agora.xtec.cat\/escolalaroureda\/wp-json\/wp\/v2\/comments?post=4722"}],"version-history":[{"count":5,"href":"https:\/\/agora.xtec.cat\/escolalaroureda\/wp-json\/wp\/v2\/pages\/4722\/revisions"}],"predecessor-version":[{"id":5702,"href":"https:\/\/agora.xtec.cat\/escolalaroureda\/wp-json\/wp\/v2\/pages\/4722\/revisions\/5702"}],"up":[{"embeddable":true,"href":"https:\/\/agora.xtec.cat\/escolalaroureda\/wp-json\/wp\/v2\/pages\/4711"}],"wp:attachment":[{"href":"https:\/\/agora.xtec.cat\/escolalaroureda\/wp-json\/wp\/v2\/media?parent=4722"}],"curies":[{"name":"wp","href":"https:\/\/api.w.org\/{rel}","templated":true}]}}