{"id":4209,"date":"2023-01-02T12:42:59","date_gmt":"2023-01-02T11:42:59","guid":{"rendered":"https:\/\/agora.xtec.cat\/escolalaroureda\/?page_id=4209"},"modified":"2023-07-20T12:16:39","modified_gmt":"2023-07-20T10:16:39","slug":"avaluacio-i-millora","status":"publish","type":"page","link":"https:\/\/agora.xtec.cat\/escolalaroureda\/edc\/estrategia-digital-de-centre\/avaluacio-i-millora\/","title":{"rendered":"Avaluaci\u00f3 i millora"},"content":{"rendered":"<p>L&#8217;avaluaci\u00f3 es realitzar\u00e0 coincidint amb l&#8217;avaluaci\u00f3 de la Programaci\u00f3 General Anual i quedar\u00e0 reflectida a la Mem\u00f2ria Anual.<\/p>\n<p><a href=\"https:\/\/agora.xtec.cat\/escolalaroureda\/wp-content\/uploads\/usu631\/2023\/07\/Captura-de-Pantalla-2023-07-20-a-las-12.14.06.png\"><img loading=\"lazy\" decoding=\"async\" class=\"aligncenter wp-image-4500\" src=\"https:\/\/agora.xtec.cat\/escolalaroureda\/wp-content\/uploads\/usu631\/2023\/07\/Captura-de-Pantalla-2023-07-20-a-las-12.14.06.png\" alt=\"\" width=\"458\" height=\"593\" srcset=\"https:\/\/agora.xtec.cat\/escolalaroureda\/wp-content\/uploads\/usu631\/2023\/07\/Captura-de-Pantalla-2023-07-20-a-las-12.14.06.png 904w, https:\/\/agora.xtec.cat\/escolalaroureda\/wp-content\/uploads\/usu631\/2023\/07\/Captura-de-Pantalla-2023-07-20-a-las-12.14.06-232x300.png 232w, https:\/\/agora.xtec.cat\/escolalaroureda\/wp-content\/uploads\/usu631\/2023\/07\/Captura-de-Pantalla-2023-07-20-a-las-12.14.06-791x1024.png 791w, https:\/\/agora.xtec.cat\/escolalaroureda\/wp-content\/uploads\/usu631\/2023\/07\/Captura-de-Pantalla-2023-07-20-a-las-12.14.06-768x994.png 768w\" sizes=\"auto, (max-width: 458px) 100vw, 458px\" \/><\/a><a href=\"https:\/\/agora.xtec.cat\/escolalaroureda\/wp-content\/uploads\/usu631\/2023\/07\/Captura-de-Pantalla-2023-07-20-a-las-12.14.39.png\"><img loading=\"lazy\" decoding=\"async\" class=\"aligncenter wp-image-4501\" src=\"https:\/\/agora.xtec.cat\/escolalaroureda\/wp-content\/uploads\/usu631\/2023\/07\/Captura-de-Pantalla-2023-07-20-a-las-12.14.39.png\" alt=\"\" width=\"434\" height=\"365\" srcset=\"https:\/\/agora.xtec.cat\/escolalaroureda\/wp-content\/uploads\/usu631\/2023\/07\/Captura-de-Pantalla-2023-07-20-a-las-12.14.39.png 904w, https:\/\/agora.xtec.cat\/escolalaroureda\/wp-content\/uploads\/usu631\/2023\/07\/Captura-de-Pantalla-2023-07-20-a-las-12.14.39-300x252.png 300w, https:\/\/agora.xtec.cat\/escolalaroureda\/wp-content\/uploads\/usu631\/2023\/07\/Captura-de-Pantalla-2023-07-20-a-las-12.14.39-768x646.png 768w\" sizes=\"auto, (max-width: 434px) 100vw, 434px\" \/><\/a><a href=\"https:\/\/agora.xtec.cat\/escolalaroureda\/wp-content\/uploads\/usu631\/2023\/07\/Captura-de-Pantalla-2023-07-20-a-las-12.14.50.png\"><img loading=\"lazy\" decoding=\"async\" class=\"aligncenter wp-image-4502\" src=\"https:\/\/agora.xtec.cat\/escolalaroureda\/wp-content\/uploads\/usu631\/2023\/07\/Captura-de-Pantalla-2023-07-20-a-las-12.14.50.png\" alt=\"\" width=\"415\" height=\"387\" srcset=\"https:\/\/agora.xtec.cat\/escolalaroureda\/wp-content\/uploads\/usu631\/2023\/07\/Captura-de-Pantalla-2023-07-20-a-las-12.14.50.png 902w, https:\/\/agora.xtec.cat\/escolalaroureda\/wp-content\/uploads\/usu631\/2023\/07\/Captura-de-Pantalla-2023-07-20-a-las-12.14.50-300x279.png 300w, https:\/\/agora.xtec.cat\/escolalaroureda\/wp-content\/uploads\/usu631\/2023\/07\/Captura-de-Pantalla-2023-07-20-a-las-12.14.50-768x715.png 768w\" sizes=\"auto, (max-width: 415px) 100vw, 415px\" \/><\/a><\/p>\n<p>&nbsp;<\/p>\n","protected":false},"excerpt":{"rendered":"<p>L&#8217;avaluaci\u00f3 es realitzar\u00e0 coincidint amb l&#8217;avaluaci\u00f3 de la Programaci\u00f3 General Anual i quedar\u00e0 reflectida a la Mem\u00f2ria Anual. &nbsp;<\/p>\n","protected":false},"author":1,"featured_media":0,"parent":4160,"menu_order":0,"comment_status":"closed","ping_status":"closed","template":"page-templates\/side-menu.php","meta":{"_bbp_topic_count":0,"_bbp_reply_count":0,"_bbp_total_topic_count":0,"_bbp_total_reply_count":0,"_bbp_voice_count":0,"_bbp_anonymous_reply_count":0,"_bbp_topic_count_hidden":0,"_bbp_reply_count_hidden":0,"_bbp_forum_subforum_count":0,"site-sidebar-layout":"default","site-content-layout":"","ast-site-content-layout":"","site-content-style":"default","site-sidebar-style":"default","ast-global-header-display":"","ast-banner-title-visibility":"","ast-main-header-display":"","ast-hfb-above-header-display":"","ast-hfb-below-header-display":"","ast-hfb-mobile-header-display":"","site-post-title":"","ast-breadcrumbs-content":"","ast-featured-img":"","footer-sml-layout":"","theme-transparent-header-meta":"","adv-header-id-meta":"","stick-header-meta":"","header-above-stick-meta":"","header-main-stick-meta":"","header-below-stick-meta":"","astra-migrate-meta-layouts":"default","ast-page-background-enabled":"default","ast-page-background-meta":{"desktop":{"background-color":"var(--ast-global-color-4)","background-image":"","background-repeat":"repeat","background-position":"center center","background-size":"auto","background-attachment":"scroll","background-type":"","background-media":"","overlay-type":"","overlay-color":"","overlay-opacity":"","overlay-gradient":""},"tablet":{"background-color":"","background-image":"","background-repeat":"repeat","background-position":"center center","background-size":"auto","background-attachment":"scroll","background-type":"","background-media":"","overlay-type":"","overlay-color":"","overlay-opacity":"","overlay-gradient":""},"mobile":{"background-color":"","background-image":"","background-repeat":"repeat","background-position":"center center","background-size":"auto","background-attachment":"scroll","background-type":"","background-media":"","overlay-type":"","overlay-color":"","overlay-opacity":"","overlay-gradient":""}},"ast-content-background-meta":{"desktop":{"background-color":"var(--ast-global-color-5)","background-image":"","background-repeat":"repeat","background-position":"center center","background-size":"auto","background-attachment":"scroll","background-type":"","background-media":"","overlay-type":"","overlay-color":"","overlay-opacity":"","overlay-gradient":""},"tablet":{"background-color":"var(--ast-global-color-5)","background-image":"","background-repeat":"repeat","background-position":"center center","background-size":"auto","background-attachment":"scroll","background-type":"","background-media":"","overlay-type":"","overlay-color":"","overlay-opacity":"","overlay-gradient":""},"mobile":{"background-color":"var(--ast-global-color-5)","background-image":"","background-repeat":"repeat","background-position":"center center","background-size":"auto","background-attachment":"scroll","background-type":"","background-media":"","overlay-type":"","overlay-color":"","overlay-opacity":"","overlay-gradient":""}},"footnotes":""},"class_list":["post-4209","page","type-page","status-publish","hentry"],"post_mailing_queue_ids":[],"_links":{"self":[{"href":"https:\/\/agora.xtec.cat\/escolalaroureda\/wp-json\/wp\/v2\/pages\/4209","targetHints":{"allow":["GET"]}}],"collection":[{"href":"https:\/\/agora.xtec.cat\/escolalaroureda\/wp-json\/wp\/v2\/pages"}],"about":[{"href":"https:\/\/agora.xtec.cat\/escolalaroureda\/wp-json\/wp\/v2\/types\/page"}],"author":[{"embeddable":true,"href":"https:\/\/agora.xtec.cat\/escolalaroureda\/wp-json\/wp\/v2\/users\/1"}],"replies":[{"embeddable":true,"href":"https:\/\/agora.xtec.cat\/escolalaroureda\/wp-json\/wp\/v2\/comments?post=4209"}],"version-history":[{"count":3,"href":"https:\/\/agora.xtec.cat\/escolalaroureda\/wp-json\/wp\/v2\/pages\/4209\/revisions"}],"predecessor-version":[{"id":4504,"href":"https:\/\/agora.xtec.cat\/escolalaroureda\/wp-json\/wp\/v2\/pages\/4209\/revisions\/4504"}],"up":[{"embeddable":true,"href":"https:\/\/agora.xtec.cat\/escolalaroureda\/wp-json\/wp\/v2\/pages\/4160"}],"wp:attachment":[{"href":"https:\/\/agora.xtec.cat\/escolalaroureda\/wp-json\/wp\/v2\/media?parent=4209"}],"curies":[{"name":"wp","href":"https:\/\/api.w.org\/{rel}","templated":true}]}}