{"id":38,"date":"2014-09-18T12:34:08","date_gmt":"2014-09-18T11:34:08","guid":{"rendered":"http:\/\/agora.xtec.cat\/escolalaroureda\/?page_id=38"},"modified":"2019-01-17T14:12:08","modified_gmt":"2019-01-17T13:12:08","slug":"salut","status":"publish","type":"page","link":"https:\/\/agora.xtec.cat\/escolalaroureda\/salut\/","title":{"rendered":"Salut"},"content":{"rendered":"<p><b>Actuacions del personal en situacions d\u00b4emerg\u00e8ncia<\/b><\/p>\n<ol start=\"112\">\n<li><span style=\"font-weight: 400;\">a) Davant d&#8217;una situaci\u00f3 d&#8217;emerg\u00e8ncia es trucar\u00e0 al 112. <\/span><\/li>\n<li><span style=\"font-weight: 400;\">b) S\u00b4avisar\u00e0 a la fam\u00edlia de l&#8217;alumne. <\/span><\/li>\n<\/ol>\n<p>&nbsp;<\/p>\n<p><b>Actuacions del personal en situacions de malaltia<\/b><\/p>\n<ol>\n<li><span style=\"font-weight: 400;\">a)<\/span> <span style=\"font-weight: 400;\">En cas de situacions que no suposin emerg\u00e8ncia o de s\u00edmptomes de malaltia, es trucar\u00e0 al pare\/mare o tutor legal per tal que estigui informat i el pugui recollir. <\/span><\/li>\n<\/ol>\n<p>&nbsp;<\/p>\n<p><b>Administraci\u00f3 de medicaments als alumnes<\/b><\/p>\n<ol>\n<li><span style=\"font-weight: 400;\">a) Per poder administrar medicaments als alumnes, sempre que sigui imprescindible fer-ho en horari lectiu, cal <\/span> <span style=\"font-weight: 400;\">que els pares, mares o tutors legals aportin un informe m\u00e8dic on consti el nom de l&#8217;alumne, el nom del <\/span> <span style=\"font-weight: 400;\">medicament que ha de prendre i la pauta <\/span> <span style=\"font-weight: 400;\">d&#8217;administraci\u00f3. Aix\u00ed mateix, els pares, mares o tutors legals han <\/span> <span style=\"font-weight: 400;\">de signar una autoritzaci\u00f3 on es demani, l&#8217;administraci\u00f3 al fill o filla del medicament prescrit d&#8217;acord amb les <\/span> <span style=\"font-weight: 400;\">pautes que constin en l&#8217;informe esmentat i se n&#8217;autoritzi l&#8217;administraci\u00f3 als professionals del centre. <\/span><\/li>\n<\/ol>\n","protected":false},"excerpt":{"rendered":"<p>Actuacions del personal en situacions d\u00b4emerg\u00e8ncia a) Davant d&#8217;una situaci\u00f3 d&#8217;emerg\u00e8ncia es trucar\u00e0 al 112. b) S\u00b4avisar\u00e0 a la fam\u00edlia de l&#8217;alumne. &nbsp; Actuacions del personal en situacions de malaltia a) En cas de situacions que no suposin emerg\u00e8ncia o de s\u00edmptomes de malaltia, es trucar\u00e0 al pare\/mare o tutor legal per tal que estigui [&hellip;]<\/p>\n","protected":false},"author":1,"featured_media":0,"parent":0,"menu_order":80,"comment_status":"closed","ping_status":"closed","template":"page-templates\/side-menu.php","meta":{"_bbp_topic_count":0,"_bbp_reply_count":0,"_bbp_total_topic_count":0,"_bbp_total_reply_count":0,"_bbp_voice_count":0,"_bbp_anonymous_reply_count":0,"_bbp_topic_count_hidden":0,"_bbp_reply_count_hidden":0,"_bbp_forum_subforum_count":0,"site-sidebar-layout":"default","site-content-layout":"","ast-site-content-layout":"","site-content-style":"default","site-sidebar-style":"default","ast-global-header-display":"","ast-banner-title-visibility":"","ast-main-header-display":"","ast-hfb-above-header-display":"","ast-hfb-below-header-display":"","ast-hfb-mobile-header-display":"","site-post-title":"","ast-breadcrumbs-content":"","ast-featured-img":"","footer-sml-layout":"","theme-transparent-header-meta":"","adv-header-id-meta":"","stick-header-meta":"","header-above-stick-meta":"","header-main-stick-meta":"","header-below-stick-meta":"","astra-migrate-meta-layouts":"default","ast-page-background-enabled":"default","ast-page-background-meta":{"desktop":{"background-color":"var(--ast-global-color-4)","background-image":"","background-repeat":"repeat","background-position":"center center","background-size":"auto","background-attachment":"scroll","background-type":"","background-media":"","overlay-type":"","overlay-color":"","overlay-opacity":"","overlay-gradient":""},"tablet":{"background-color":"","background-image":"","background-repeat":"repeat","background-position":"center center","background-size":"auto","background-attachment":"scroll","background-type":"","background-media":"","overlay-type":"","overlay-color":"","overlay-opacity":"","overlay-gradient":""},"mobile":{"background-color":"","background-image":"","background-repeat":"repeat","background-position":"center center","background-size":"auto","background-attachment":"scroll","background-type":"","background-media":"","overlay-type":"","overlay-color":"","overlay-opacity":"","overlay-gradient":""}},"ast-content-background-meta":{"desktop":{"background-color":"var(--ast-global-color-5)","background-image":"","background-repeat":"repeat","background-position":"center center","background-size":"auto","background-attachment":"scroll","background-type":"","background-media":"","overlay-type":"","overlay-color":"","overlay-opacity":"","overlay-gradient":""},"tablet":{"background-color":"var(--ast-global-color-5)","background-image":"","background-repeat":"repeat","background-position":"center center","background-size":"auto","background-attachment":"scroll","background-type":"","background-media":"","overlay-type":"","overlay-color":"","overlay-opacity":"","overlay-gradient":""},"mobile":{"background-color":"var(--ast-global-color-5)","background-image":"","background-repeat":"repeat","background-position":"center center","background-size":"auto","background-attachment":"scroll","background-type":"","background-media":"","overlay-type":"","overlay-color":"","overlay-opacity":"","overlay-gradient":""}},"footnotes":""},"class_list":["post-38","page","type-page","status-publish","hentry"],"post_mailing_queue_ids":[],"_links":{"self":[{"href":"https:\/\/agora.xtec.cat\/escolalaroureda\/wp-json\/wp\/v2\/pages\/38","targetHints":{"allow":["GET"]}}],"collection":[{"href":"https:\/\/agora.xtec.cat\/escolalaroureda\/wp-json\/wp\/v2\/pages"}],"about":[{"href":"https:\/\/agora.xtec.cat\/escolalaroureda\/wp-json\/wp\/v2\/types\/page"}],"author":[{"embeddable":true,"href":"https:\/\/agora.xtec.cat\/escolalaroureda\/wp-json\/wp\/v2\/users\/1"}],"replies":[{"embeddable":true,"href":"https:\/\/agora.xtec.cat\/escolalaroureda\/wp-json\/wp\/v2\/comments?post=38"}],"version-history":[{"count":3,"href":"https:\/\/agora.xtec.cat\/escolalaroureda\/wp-json\/wp\/v2\/pages\/38\/revisions"}],"predecessor-version":[{"id":1311,"href":"https:\/\/agora.xtec.cat\/escolalaroureda\/wp-json\/wp\/v2\/pages\/38\/revisions\/1311"}],"wp:attachment":[{"href":"https:\/\/agora.xtec.cat\/escolalaroureda\/wp-json\/wp\/v2\/media?parent=38"}],"curies":[{"name":"wp","href":"https:\/\/api.w.org\/{rel}","templated":true}]}}