{"id":28,"date":"2014-09-18T12:29:35","date_gmt":"2014-09-18T11:29:35","guid":{"rendered":"http:\/\/agora.xtec.cat\/escolalaroureda\/?page_id=28"},"modified":"2025-10-02T15:18:55","modified_gmt":"2025-10-02T13:18:55","slug":"consell-escolar","status":"publish","type":"page","link":"https:\/\/agora.xtec.cat\/escolalaroureda\/lescola\/consell-escolar\/","title":{"rendered":"Consell escolar"},"content":{"rendered":"<h2 class=\"contentheading\"><a class=\"contentpagetitle\" href=\"http:\/\/www.escolalaroureda.cat\/funcions-del-consell-escolar.html\"> Qu\u00e8 \u00e9s el Consell Escolar<\/a><\/h2>\n<div class=\"article-content\">\n<p style=\"text-align: justify;\">El consell escolar del centre \u00e9s l&#8217;<strong>\u00f2rgan col\u00b7legiat de participaci\u00f3<\/strong> de la comunitat escolar en el govern del centre. En el consell escolar hi ha representats tots els col\u00b7lectius que intervenen en la comunitat educativa: director o directora, professorat, alumnat, personal d&#8217;administraci\u00f3 i serveis.<\/p>\n<div>\n<ul>\n<li><span style=\"color: #000000;\">Susana Garcia Salvador &#8211; <strong>Presidenta<\/strong><\/span><\/li>\n<li><span style=\"color: #000000;\">Ruth Mu\u00f1oz Tolosa &#8211; <strong>Cap d&#8217;estudis<\/strong><\/span><\/li>\n<li><span style=\"color: #000000;\">Maria Carme Ninot Camats &#8211; <strong>S<\/strong><strong>ecret\u00e0ria<\/strong><\/span><\/li>\n<li>\u00d2scar Rodr\u00edguez Andreu &#8211; <strong style=\"color: #000000; font-family: inherit; font-size: 1em;\">R<\/strong><strong style=\"color: #000000; font-family: inherit; font-size: 1em;\">epresentant de l&#8217;Ajuntament<\/strong><\/li>\n<li>Laia Mart\u00ednez Edo &#8211; <strong style=\"color: #000000; font-family: inherit; font-size: 1em;\">S<\/strong><strong style=\"color: #000000; font-family: inherit; font-size: 1em;\">ector fam\u00edlies (representant de l&#8217;AFA)<\/strong><\/li>\n<li>Samuel Rodr\u00edguez Aguilar &#8211; <strong style=\"color: #000000; font-family: inherit; font-size: 1em;\">Sector fam\u00edlies<\/strong><\/li>\n<li>Eduardo Luna Rodr\u00edguez &#8211; <strong style=\"font-family: inherit; font-size: 1em;\"><span style=\"color: #000000;\">Sector fam\u00edlies<\/span><\/strong><\/li>\n<li>Loreto Cami\u00f1a Juncal &#8211; <span style=\"color: #000000;\"><strong>Sector fam\u00edlies<\/strong><\/span><\/li>\n<li>Anna Falguera Planas &#8211;<strong style=\"color: #000000; font-family: inherit; font-size: 1em;\"> Sector fam\u00edlies<\/strong><\/li>\n<li>Doni Lago \u00c1lvarez\u00a0 &#8211; <span style=\"color: #000000;\"><b>Sector professorat<\/b><\/span><\/li>\n<li><span style=\"color: #000000;\">Cristina Tobella Asturias &#8211; <b>Sector professorat<\/b><\/span><\/li>\n<li>Maria del Mar Rodr\u00edguez Dom\u00ednguez &#8211; <span style=\"color: #000000;\"><b>Sector professorat<\/b><\/span><\/li>\n<li>Mireia Llopart Bustinzuriaga &#8211; <span style=\"color: #000000;\"><b>Sector professorat<\/b><\/span><\/li>\n<li>Raquel Cachero Garc\u00eda &#8211; <span style=\"color: #000000;\"><b>Sector professorat<\/b><\/span><\/li>\n<\/ul>\n<\/div>\n<\/div>\n<div class=\"article-content\">\n<div>\n<div>\n<div>\u00a0<\/div>\n<\/div>\n<\/div>\n<\/div>\n\n\n<p><\/p>\n","protected":false},"excerpt":{"rendered":"<p>Qu\u00e8 \u00e9s el Consell Escolar El consell escolar del centre \u00e9s l&#8217;\u00f2rgan col\u00b7legiat de participaci\u00f3 de la comunitat escolar en el govern del centre. En el consell escolar hi ha representats tots els col\u00b7lectius que intervenen en la comunitat educativa: director o directora, professorat, alumnat, personal d&#8217;administraci\u00f3 i serveis. Susana Garcia Salvador &#8211; Presidenta Ruth [&hellip;]<\/p>\n","protected":false},"author":1,"featured_media":0,"parent":22,"menu_order":30,"comment_status":"closed","ping_status":"closed","template":"","meta":{"_bbp_topic_count":0,"_bbp_reply_count":0,"_bbp_total_topic_count":0,"_bbp_total_reply_count":0,"_bbp_voice_count":0,"_bbp_anonymous_reply_count":0,"_bbp_topic_count_hidden":0,"_bbp_reply_count_hidden":0,"_bbp_forum_subforum_count":0,"site-sidebar-layout":"default","site-content-layout":"","ast-site-content-layout":"default","site-content-style":"default","site-sidebar-style":"default","ast-global-header-display":"","ast-banner-title-visibility":"","ast-main-header-display":"","ast-hfb-above-header-display":"","ast-hfb-below-header-display":"","ast-hfb-mobile-header-display":"","site-post-title":"","ast-breadcrumbs-content":"","ast-featured-img":"","footer-sml-layout":"","theme-transparent-header-meta":"","adv-header-id-meta":"","stick-header-meta":"","header-above-stick-meta":"","header-main-stick-meta":"","header-below-stick-meta":"","astra-migrate-meta-layouts":"set","ast-page-background-enabled":"default","ast-page-background-meta":{"desktop":{"background-color":"var(--ast-global-color-4)","background-image":"","background-repeat":"repeat","background-position":"center center","background-size":"auto","background-attachment":"scroll","background-type":"","background-media":"","overlay-type":"","overlay-color":"","overlay-opacity":"","overlay-gradient":""},"tablet":{"background-color":"","background-image":"","background-repeat":"repeat","background-position":"center center","background-size":"auto","background-attachment":"scroll","background-type":"","background-media":"","overlay-type":"","overlay-color":"","overlay-opacity":"","overlay-gradient":""},"mobile":{"background-color":"","background-image":"","background-repeat":"repeat","background-position":"center center","background-size":"auto","background-attachment":"scroll","background-type":"","background-media":"","overlay-type":"","overlay-color":"","overlay-opacity":"","overlay-gradient":""}},"ast-content-background-meta":{"desktop":{"background-color":"var(--ast-global-color-5)","background-image":"","background-repeat":"repeat","background-position":"center center","background-size":"auto","background-attachment":"scroll","background-type":"","background-media":"","overlay-type":"","overlay-color":"","overlay-opacity":"","overlay-gradient":""},"tablet":{"background-color":"var(--ast-global-color-5)","background-image":"","background-repeat":"repeat","background-position":"center center","background-size":"auto","background-attachment":"scroll","background-type":"","background-media":"","overlay-type":"","overlay-color":"","overlay-opacity":"","overlay-gradient":""},"mobile":{"background-color":"var(--ast-global-color-5)","background-image":"","background-repeat":"repeat","background-position":"center center","background-size":"auto","background-attachment":"scroll","background-type":"","background-media":"","overlay-type":"","overlay-color":"","overlay-opacity":"","overlay-gradient":""}},"footnotes":""},"class_list":["post-28","page","type-page","status-publish","hentry"],"post_mailing_queue_ids":[],"_links":{"self":[{"href":"https:\/\/agora.xtec.cat\/escolalaroureda\/wp-json\/wp\/v2\/pages\/28","targetHints":{"allow":["GET"]}}],"collection":[{"href":"https:\/\/agora.xtec.cat\/escolalaroureda\/wp-json\/wp\/v2\/pages"}],"about":[{"href":"https:\/\/agora.xtec.cat\/escolalaroureda\/wp-json\/wp\/v2\/types\/page"}],"author":[{"embeddable":true,"href":"https:\/\/agora.xtec.cat\/escolalaroureda\/wp-json\/wp\/v2\/users\/1"}],"replies":[{"embeddable":true,"href":"https:\/\/agora.xtec.cat\/escolalaroureda\/wp-json\/wp\/v2\/comments?post=28"}],"version-history":[{"count":6,"href":"https:\/\/agora.xtec.cat\/escolalaroureda\/wp-json\/wp\/v2\/pages\/28\/revisions"}],"predecessor-version":[{"id":5348,"href":"https:\/\/agora.xtec.cat\/escolalaroureda\/wp-json\/wp\/v2\/pages\/28\/revisions\/5348"}],"up":[{"embeddable":true,"href":"https:\/\/agora.xtec.cat\/escolalaroureda\/wp-json\/wp\/v2\/pages\/22"}],"wp:attachment":[{"href":"https:\/\/agora.xtec.cat\/escolalaroureda\/wp-json\/wp\/v2\/media?parent=28"}],"curies":[{"name":"wp","href":"https:\/\/api.w.org\/{rel}","templated":true}]}}