{"id":1850,"date":"2019-01-17T14:12:59","date_gmt":"2019-01-17T13:12:59","guid":{"rendered":"http:\/\/agora.xtec.cat\/escolalaroureda\/?page_id=1850"},"modified":"2019-03-28T11:10:55","modified_gmt":"2019-03-28T10:10:55","slug":"informacio-general","status":"publish","type":"page","link":"https:\/\/agora.xtec.cat\/escolalaroureda\/salut\/informacio-general\/","title":{"rendered":"Informaci\u00f3 General"},"content":{"rendered":"<p><b>Actuacions del personal en situacions d\u00b4emerg\u00e8ncia<\/b><\/p>\n<p><span style=\"font-weight: 400;\">Davant d&#8217;una situaci\u00f3 d&#8217;emerg\u00e8ncia es trucar\u00e0 al 112. <\/span><\/p>\n<p><span style=\"font-weight: 400;\">S\u00b4avisar\u00e0 a la fam\u00edlia de l&#8217;alumne. <\/span><\/p>\n<p>&nbsp;<\/p>\n<p><b>Actuacions del personal en situacions de malaltia<\/b><\/p>\n<p><span style=\"font-weight: 400;\">En cas de situacions que no suposin emerg\u00e8ncia o de s\u00edmptomes de malaltia, es trucar\u00e0 al pare\/mare o tutor legal per tal que estigui informat i el pugui recollir. <\/span><\/p>\n<p>&nbsp;<\/p>\n<p><b>Administraci\u00f3 de medicaments als alumnes<\/b><\/p>\n<p><span style=\"font-weight: 400;\">Per poder administrar medicaments als alumnes, sempre que sigui imprescindible fer-ho en horari lectiu, cal <\/span> <span style=\"font-weight: 400;\">que els pares, mares o tutors legals aportin un informe m\u00e8dic on consti el nom de l&#8217;alumne, el nom del <\/span> <span style=\"font-weight: 400;\">medicament que ha de prendre i la pauta <\/span> <span style=\"font-weight: 400;\">d&#8217;administraci\u00f3. Aix\u00ed mateix, els pares, mares o tutors legals han <\/span> <span style=\"font-weight: 400;\">de signar una autoritzaci\u00f3 on es demani, l&#8217;administraci\u00f3 al fill o filla del medicament prescrit d&#8217;acord amb les <\/span> <span style=\"font-weight: 400;\">pautes que constin en l&#8217;informe esmentat i se n&#8217;autoritzi l&#8217;administraci\u00f3 als professionals del centre.<\/span><\/p>\n<p>&nbsp;<\/p>\n<p><strong>Administraci\u00f3 de Paracetamol<\/strong><\/p>\n<p class=\"m_-3276253336019039760gmail-Default\">Seguint les recomanacions del Departament de Salut de la Generalitat de Catalunya, davant d\u2019un infant amb febre de 38 \u00baC o m\u00e9s l\u2019escola ha de contactar amb el pare, mare o tutor i demanar-li que el reculli tan aviat com pugui.\u00a0 Mentrestant, si la febre \u00e9s igual o superior a 38 \u00baC es recomana administrar un antit\u00e8rmic\/analg\u00e8sic. El f\u00e0rmac de refer\u00e8ncia i m\u00e9s utilitzat arreu \u00e9s el paracetamol, per la seva bona toler\u00e0ncia i la relativa abs\u00e8ncia d\u2019efectes secundaris.<\/p>\n<p class=\"m_-3276253336019039760gmail-Default\">Encara que no es tracti d\u2019una urg\u00e8ncia, un infant amb febre no ha de quedar-se a l\u2019escola fins que finalitzi la jornada escolar.<\/p>\n<p class=\"m_-3276253336019039760gmail-Default\">Per administrar paracetamol als infants a les escoles, cal tenir l\u2019autoritzaci\u00f3 del pare, mare o tutor, que s\u2019ha de demanar en el moment de matriculaci\u00f3 de l\u2019alumnat i que podeu trobar a l&#8217;apartat d&#8217;autoritzacions i documents fotocopiables del men\u00fa.<\/p>\n","protected":false},"excerpt":{"rendered":"<p>Actuacions del personal en situacions d\u00b4emerg\u00e8ncia Davant d&#8217;una situaci\u00f3 d&#8217;emerg\u00e8ncia es trucar\u00e0 al 112. S\u00b4avisar\u00e0 a la fam\u00edlia de l&#8217;alumne. &nbsp; Actuacions del personal en situacions de malaltia En cas de situacions que no suposin emerg\u00e8ncia o de s\u00edmptomes de malaltia, es trucar\u00e0 al pare\/mare o tutor legal per tal que estigui informat i el [&hellip;]<\/p>\n","protected":false},"author":1,"featured_media":0,"parent":38,"menu_order":0,"comment_status":"closed","ping_status":"closed","template":"","meta":{"_bbp_topic_count":0,"_bbp_reply_count":0,"_bbp_total_topic_count":0,"_bbp_total_reply_count":0,"_bbp_voice_count":0,"_bbp_anonymous_reply_count":0,"_bbp_topic_count_hidden":0,"_bbp_reply_count_hidden":0,"_bbp_forum_subforum_count":0,"site-sidebar-layout":"default","site-content-layout":"","ast-site-content-layout":"","site-content-style":"default","site-sidebar-style":"default","ast-global-header-display":"","ast-banner-title-visibility":"","ast-main-header-display":"","ast-hfb-above-header-display":"","ast-hfb-below-header-display":"","ast-hfb-mobile-header-display":"","site-post-title":"","ast-breadcrumbs-content":"","ast-featured-img":"","footer-sml-layout":"","theme-transparent-header-meta":"","adv-header-id-meta":"","stick-header-meta":"","header-above-stick-meta":"","header-main-stick-meta":"","header-below-stick-meta":"","astra-migrate-meta-layouts":"default","ast-page-background-enabled":"default","ast-page-background-meta":{"desktop":{"background-color":"var(--ast-global-color-4)","background-image":"","background-repeat":"repeat","background-position":"center center","background-size":"auto","background-attachment":"scroll","background-type":"","background-media":"","overlay-type":"","overlay-color":"","overlay-opacity":"","overlay-gradient":""},"tablet":{"background-color":"","background-image":"","background-repeat":"repeat","background-position":"center center","background-size":"auto","background-attachment":"scroll","background-type":"","background-media":"","overlay-type":"","overlay-color":"","overlay-opacity":"","overlay-gradient":""},"mobile":{"background-color":"","background-image":"","background-repeat":"repeat","background-position":"center center","background-size":"auto","background-attachment":"scroll","background-type":"","background-media":"","overlay-type":"","overlay-color":"","overlay-opacity":"","overlay-gradient":""}},"ast-content-background-meta":{"desktop":{"background-color":"var(--ast-global-color-5)","background-image":"","background-repeat":"repeat","background-position":"center center","background-size":"auto","background-attachment":"scroll","background-type":"","background-media":"","overlay-type":"","overlay-color":"","overlay-opacity":"","overlay-gradient":""},"tablet":{"background-color":"var(--ast-global-color-5)","background-image":"","background-repeat":"repeat","background-position":"center center","background-size":"auto","background-attachment":"scroll","background-type":"","background-media":"","overlay-type":"","overlay-color":"","overlay-opacity":"","overlay-gradient":""},"mobile":{"background-color":"var(--ast-global-color-5)","background-image":"","background-repeat":"repeat","background-position":"center center","background-size":"auto","background-attachment":"scroll","background-type":"","background-media":"","overlay-type":"","overlay-color":"","overlay-opacity":"","overlay-gradient":""}},"footnotes":""},"class_list":["post-1850","page","type-page","status-publish","hentry"],"post_mailing_queue_ids":[],"_links":{"self":[{"href":"https:\/\/agora.xtec.cat\/escolalaroureda\/wp-json\/wp\/v2\/pages\/1850","targetHints":{"allow":["GET"]}}],"collection":[{"href":"https:\/\/agora.xtec.cat\/escolalaroureda\/wp-json\/wp\/v2\/pages"}],"about":[{"href":"https:\/\/agora.xtec.cat\/escolalaroureda\/wp-json\/wp\/v2\/types\/page"}],"author":[{"embeddable":true,"href":"https:\/\/agora.xtec.cat\/escolalaroureda\/wp-json\/wp\/v2\/users\/1"}],"replies":[{"embeddable":true,"href":"https:\/\/agora.xtec.cat\/escolalaroureda\/wp-json\/wp\/v2\/comments?post=1850"}],"version-history":[{"count":2,"href":"https:\/\/agora.xtec.cat\/escolalaroureda\/wp-json\/wp\/v2\/pages\/1850\/revisions"}],"predecessor-version":[{"id":2245,"href":"https:\/\/agora.xtec.cat\/escolalaroureda\/wp-json\/wp\/v2\/pages\/1850\/revisions\/2245"}],"up":[{"embeddable":true,"href":"https:\/\/agora.xtec.cat\/escolalaroureda\/wp-json\/wp\/v2\/pages\/38"}],"wp:attachment":[{"href":"https:\/\/agora.xtec.cat\/escolalaroureda\/wp-json\/wp\/v2\/media?parent=1850"}],"curies":[{"name":"wp","href":"https:\/\/api.w.org\/{rel}","templated":true}]}}