{"id":1322,"date":"2018-03-21T22:25:51","date_gmt":"2018-03-21T21:25:51","guid":{"rendered":"http:\/\/agora.xtec.cat\/escolalaroureda\/?page_id=1322"},"modified":"2022-09-19T18:45:42","modified_gmt":"2022-09-19T16:45:42","slug":"recollida-de-lalumnat","status":"publish","type":"page","link":"https:\/\/agora.xtec.cat\/escolalaroureda\/documents-per-descarregar\/recollida-de-lalumnat\/","title":{"rendered":"Recollida de l&#8217;alumnat"},"content":{"rendered":"<p><b>Recollida de l\u00b4alumnat<\/b><\/p>\n<p><span style=\"font-weight: 400;\">a) Tot l\u00b4alumnat del centre sortir\u00e0 per la mateixa porta que fa l\u00b4entrada i ser\u00e0 entregat en m\u00e0 a les persones autoritzades a principi de curs pel seus pares o tutors legals. \u00a0En cap cas s\u00b4entregar\u00e0 un alumne a una persona que no ha estat autoritzada. <\/span><\/p>\n<p><span style=\"font-weight: 400;\">b) Els alumnes de 3r a 6\u00e8 podran marxar sols nom\u00e9s en el cas que aix\u00ed ho hagin signat a la seva autoritzaci\u00f3 de sortida. \u00a0El professor\/a que el condueix resta exempt de la responsabilitat un cop s\u00b4ha realitzat la sortida de l\u00b4aula. <\/span><\/p>\n<p>&nbsp;<\/p>\n<p><span style=\"font-weight: 400;\">Malgrat aix\u00f2, es tindr\u00e0 cura que tots els alumnes hagin abandonat el recinte escolar sense cap incid\u00e8ncia. <\/span><\/p>\n<p>&nbsp;<\/p>\n<p><span style=\"font-weight: 400;\">c) Pels casos espor\u00e0dics i puntuals de canvis de recollida o sortida dels alumnes, els pares o tutors legals hauran d\u00b4avisar per escrit a trav\u00e9s de l\u00b4agenda o e-mail al centre, facilitant les dades de la persona a autoritzar. <\/span><\/p>\n<p>&nbsp;<\/p>\n<p><span style=\"font-weight: 400;\">d) Pel cas de la recollida de germans petits a l\u00b4escola, a c\u00e0rrec de germans m\u00e9s grans, aquests en ser menors de 14 anys, hauran de ser autoritzats expressament pels pares o tutors legals a l\u00b4autoritzaci\u00f3 de recollida que el centre facilita a inici de curs. <\/span><\/p>\n<p>&nbsp;<\/p>\n<p><b>Alumnes que utilitzen el servei d\u00b4acollida<\/b><\/p>\n<p><span style=\"font-weight: 400;\">L\u2019AMPA de l\u2019escola ofereix un servei d&#8217;acollida per tal que les fam\u00edlies puguin portar els nens o recollir-los fora de l&#8217;horari d&#8217;entrada i sortida habitual de l&#8217;escola. <\/span><\/p>\n<p><span style=\"font-weight: 400;\">El servei d\u00b4acollida s\u00b4inicia a les 7:30 hores i en cap cas abans d\u00b4aquest horari. Els usuaris entraran per la porta de davant del p\u00e0rquing del carrer Marta Mata i utilitzaran el servei de timbre per accedir al recinte i entregar al nen\/a al monitor responsable. <\/span><\/p>\n<p><span style=\"font-weight: 400;\"> A les 8:50 hores, les monitores del servei d\u2019acollida acompanyen als alumnes d\u2019Educaci\u00f3 Infantil fins a les seves respectives aules i als de Cicle Inicial fins al vest\u00edbul del seu edifici i els lliuren en m\u00e0 als professors responsables.<\/span><\/p>\n<p><span style=\"font-weight: 400;\">L\u2019alumnat de Cicle Mitj\u00e0 i Cicle Superior van sols, respectant l\u2019ordre establert, fins als punts d\u2019acc\u00e9s determinat.<\/span><\/p>\n<p><span style=\"font-weight: 400;\">A la tarda, el servei d\u2019acollida s\u2019inicia a les 16:30 hores i finalitza a les 18:00 hores. Els nens i nenes s\u00f3n lliurats en m\u00e0 als seus responsables legals.<\/span><\/p>\n<p>&nbsp;<\/p>\n<p><b>Alumnes que realitzen activitats extraescolars<\/b><\/p>\n<p><span style=\"font-weight: 400;\">Pel cas dels alumnes que realitzin activitats extraescolars i siguin recollits pels monitors d\u00b4aquesta activitat, aquests hauran d\u00b4estar degudament autoritzats pels pares o tutors legals de l\u00b4alumne i hauran de fer constar les dades del monitor responsable, i l\u00b4horari i activitat que realitza. En cap cas s\u00b4entregar\u00e0 l\u00b4alumne a cap responsable d\u00b4activitats extraescolars que no estigui autoritzat. \u00a0<\/span><\/p>\n<p>&nbsp;<\/p>\n<p><b>Entrades al centre fora de l\u00b4horari habitual<\/b><\/p>\n<p><span style=\"font-weight: 400;\">Si els alumnes arriben al centre despr\u00e9s de l&#8217;horari , se&#8217;ls facilitar\u00e0 l&#8217;acc\u00e9s per\u00f2 els seus pares o representants legals hauran de justificar per escrit el retard. Pels alumnes que entren sols al centre, i arribin amb m\u00e9s de 15 minuts de retard, hauran de passar per Direcci\u00f3 on se\u2019ls hi recordar\u00e0 l\u2019 horari d\u2019 entrada i sortida, i aquest retard ser\u00e0 considerat un retard no justificat i quedar\u00e0 enregistrat al registre d\u00b4entrades i sortides fora d\u00b4horari habitual. <\/span><\/p>\n<p>&nbsp;<\/p>\n<p><b>Sortides del centre fora de l\u2019horari habitual<\/b><\/p>\n<p><span style=\"font-weight: 400;\">Quan una alumne\/a hagi \u00a0de sortir del centre fora de les hores habituals, ha de ser necess\u00e0riament recollit per un adult autoritzat, el qual ha de signar i omplir obligat\u00f2riament a consergeria o administraci\u00f3 el registre d\u2019entrades i \u00a0sortides fora d\u2019horari habitual. L\u2019 alumne ser\u00e0 recollit pel conserge i en cap cas les fam\u00edlies aniran pel seu compte a les aules a buscar l\u2019 alumne. <\/span><\/p>\n<p>&nbsp;<\/p>\n<p><span style=\"font-weight: 400;\">En el cas que els alumnes s\u2019hagin d\u2019absentar del centre per ter\u00e0pies o tractaments continuats, les fam\u00edlies hauran de comunicar-ho al centre per escrit, indicant l\u2019horari i els motius. <\/span><\/p>\n<p>&nbsp;<\/p>\n<p><b>Actuacions en el sup\u00f2sit de retard en la recollida de l\u00b4alumnat a la sortida del centre<\/b><\/p>\n<p><span style=\"font-weight: 400;\">El centre tindr\u00e0 exposat al panell d\u00b4anuncis \u00a0l\u00b4horari m\u00e0xim de recollida dels alumnes, el qual preveu deu minuts de marge per realitzar la recollida. <\/span><\/p>\n<p><span style=\"font-weight: 400;\"> Un cop esgotat el temps de marge es procurar\u00e0 contactar amb el pare, mare o tutors legals. Un <\/span><\/p>\n<p><span style=\"font-weight: 400;\">cop esgotats, sense efecte, els intents de comunicaci\u00f3 amb ells i quan hagi transcorregut un temps prudencial, es comunicar\u00e0 telef\u00f2nicament la situaci\u00f3 a la policia local o els Mossos d&#8217;Esquadra per lliurar-los l&#8217;alumne perqu\u00e8 el custodi\u00efn. <\/span><\/p>\n","protected":false},"excerpt":{"rendered":"<p>Recollida de l\u00b4alumnat a) Tot l\u00b4alumnat del centre sortir\u00e0 per la mateixa porta que fa l\u00b4entrada i ser\u00e0 entregat en m\u00e0 a les persones autoritzades a principi de curs pel seus pares o tutors legals. \u00a0En cap cas s\u00b4entregar\u00e0 un alumne a una persona que no ha estat autoritzada. b) Els alumnes de 3r a [&hellip;]<\/p>\n","protected":false},"author":1,"featured_media":0,"parent":1048,"menu_order":0,"comment_status":"closed","ping_status":"closed","template":"","meta":{"_bbp_topic_count":0,"_bbp_reply_count":0,"_bbp_total_topic_count":0,"_bbp_total_reply_count":0,"_bbp_voice_count":0,"_bbp_anonymous_reply_count":0,"_bbp_topic_count_hidden":0,"_bbp_reply_count_hidden":0,"_bbp_forum_subforum_count":0,"site-sidebar-layout":"default","site-content-layout":"","ast-site-content-layout":"","site-content-style":"default","site-sidebar-style":"default","ast-global-header-display":"","ast-banner-title-visibility":"","ast-main-header-display":"","ast-hfb-above-header-display":"","ast-hfb-below-header-display":"","ast-hfb-mobile-header-display":"","site-post-title":"","ast-breadcrumbs-content":"","ast-featured-img":"","footer-sml-layout":"","theme-transparent-header-meta":"","adv-header-id-meta":"","stick-header-meta":"","header-above-stick-meta":"","header-main-stick-meta":"","header-below-stick-meta":"","astra-migrate-meta-layouts":"default","ast-page-background-enabled":"default","ast-page-background-meta":{"desktop":{"background-color":"var(--ast-global-color-4)","background-image":"","background-repeat":"repeat","background-position":"center center","background-size":"auto","background-attachment":"scroll","background-type":"","background-media":"","overlay-type":"","overlay-color":"","overlay-opacity":"","overlay-gradient":""},"tablet":{"background-color":"","background-image":"","background-repeat":"repeat","background-position":"center center","background-size":"auto","background-attachment":"scroll","background-type":"","background-media":"","overlay-type":"","overlay-color":"","overlay-opacity":"","overlay-gradient":""},"mobile":{"background-color":"","background-image":"","background-repeat":"repeat","background-position":"center center","background-size":"auto","background-attachment":"scroll","background-type":"","background-media":"","overlay-type":"","overlay-color":"","overlay-opacity":"","overlay-gradient":""}},"ast-content-background-meta":{"desktop":{"background-color":"var(--ast-global-color-5)","background-image":"","background-repeat":"repeat","background-position":"center center","background-size":"auto","background-attachment":"scroll","background-type":"","background-media":"","overlay-type":"","overlay-color":"","overlay-opacity":"","overlay-gradient":""},"tablet":{"background-color":"var(--ast-global-color-5)","background-image":"","background-repeat":"repeat","background-position":"center center","background-size":"auto","background-attachment":"scroll","background-type":"","background-media":"","overlay-type":"","overlay-color":"","overlay-opacity":"","overlay-gradient":""},"mobile":{"background-color":"var(--ast-global-color-5)","background-image":"","background-repeat":"repeat","background-position":"center center","background-size":"auto","background-attachment":"scroll","background-type":"","background-media":"","overlay-type":"","overlay-color":"","overlay-opacity":"","overlay-gradient":""}},"footnotes":""},"class_list":["post-1322","page","type-page","status-publish","hentry"],"post_mailing_queue_ids":[],"_links":{"self":[{"href":"https:\/\/agora.xtec.cat\/escolalaroureda\/wp-json\/wp\/v2\/pages\/1322","targetHints":{"allow":["GET"]}}],"collection":[{"href":"https:\/\/agora.xtec.cat\/escolalaroureda\/wp-json\/wp\/v2\/pages"}],"about":[{"href":"https:\/\/agora.xtec.cat\/escolalaroureda\/wp-json\/wp\/v2\/types\/page"}],"author":[{"embeddable":true,"href":"https:\/\/agora.xtec.cat\/escolalaroureda\/wp-json\/wp\/v2\/users\/1"}],"replies":[{"embeddable":true,"href":"https:\/\/agora.xtec.cat\/escolalaroureda\/wp-json\/wp\/v2\/comments?post=1322"}],"version-history":[{"count":2,"href":"https:\/\/agora.xtec.cat\/escolalaroureda\/wp-json\/wp\/v2\/pages\/1322\/revisions"}],"predecessor-version":[{"id":4082,"href":"https:\/\/agora.xtec.cat\/escolalaroureda\/wp-json\/wp\/v2\/pages\/1322\/revisions\/4082"}],"up":[{"embeddable":true,"href":"https:\/\/agora.xtec.cat\/escolalaroureda\/wp-json\/wp\/v2\/pages\/1048"}],"wp:attachment":[{"href":"https:\/\/agora.xtec.cat\/escolalaroureda\/wp-json\/wp\/v2\/media?parent=1322"}],"curies":[{"name":"wp","href":"https:\/\/api.w.org\/{rel}","templated":true}]}}