{"id":1048,"date":"2017-09-27T16:44:45","date_gmt":"2017-09-27T14:44:45","guid":{"rendered":"http:\/\/agora.xtec.cat\/escolalaroureda\/?page_id=1048"},"modified":"2017-09-27T17:19:56","modified_gmt":"2017-09-27T15:19:56","slug":"documents-per-descarregar","status":"publish","type":"page","link":"https:\/\/agora.xtec.cat\/escolalaroureda\/documents-per-descarregar\/","title":{"rendered":"Documents per descarregar"},"content":{"rendered":"<p><span style=\"text-decoration: underline;\"><strong><a href=\"http:\/\/agora.xtec.cat\/escolalaroureda\/wp-content\/uploads\/usu631\/2017\/09\/Autoritzaci\u00f3-medicaments.pdf\">Autoritzaci\u00f3 medicaments<\/a><\/strong><\/span><\/p>\n<p>Aquest document s&#8217; haur\u00e0 de portar al centre juntament amb la prescripci\u00f3 m\u00e8dica i el medicament a administrar.<\/p>\n","protected":false},"excerpt":{"rendered":"<p>Autoritzaci\u00f3 medicaments Aquest document s&#8217; haur\u00e0 de portar al centre juntament amb la prescripci\u00f3 m\u00e8dica i el medicament a administrar.<\/p>\n","protected":false},"author":1,"featured_media":0,"parent":0,"menu_order":0,"comment_status":"closed","ping_status":"closed","template":"","meta":{"_bbp_topic_count":0,"_bbp_reply_count":0,"_bbp_total_topic_count":0,"_bbp_total_reply_count":0,"_bbp_voice_count":0,"_bbp_anonymous_reply_count":0,"_bbp_topic_count_hidden":0,"_bbp_reply_count_hidden":0,"_bbp_forum_subforum_count":0,"site-sidebar-layout":"default","site-content-layout":"","ast-site-content-layout":"","site-content-style":"default","site-sidebar-style":"default","ast-global-header-display":"","ast-banner-title-visibility":"","ast-main-header-display":"","ast-hfb-above-header-display":"","ast-hfb-below-header-display":"","ast-hfb-mobile-header-display":"","site-post-title":"","ast-breadcrumbs-content":"","ast-featured-img":"","footer-sml-layout":"","theme-transparent-header-meta":"","adv-header-id-meta":"","stick-header-meta":"","header-above-stick-meta":"","header-main-stick-meta":"","header-below-stick-meta":"","astra-migrate-meta-layouts":"default","ast-page-background-enabled":"default","ast-page-background-meta":{"desktop":{"background-color":"var(--ast-global-color-4)","background-image":"","background-repeat":"repeat","background-position":"center center","background-size":"auto","background-attachment":"scroll","background-type":"","background-media":"","overlay-type":"","overlay-color":"","overlay-opacity":"","overlay-gradient":""},"tablet":{"background-color":"","background-image":"","background-repeat":"repeat","background-position":"center center","background-size":"auto","background-attachment":"scroll","background-type":"","background-media":"","overlay-type":"","overlay-color":"","overlay-opacity":"","overlay-gradient":""},"mobile":{"background-color":"","background-image":"","background-repeat":"repeat","background-position":"center center","background-size":"auto","background-attachment":"scroll","background-type":"","background-media":"","overlay-type":"","overlay-color":"","overlay-opacity":"","overlay-gradient":""}},"ast-content-background-meta":{"desktop":{"background-color":"var(--ast-global-color-5)","background-image":"","background-repeat":"repeat","background-position":"center center","background-size":"auto","background-attachment":"scroll","background-type":"","background-media":"","overlay-type":"","overlay-color":"","overlay-opacity":"","overlay-gradient":""},"tablet":{"background-color":"var(--ast-global-color-5)","background-image":"","background-repeat":"repeat","background-position":"center center","background-size":"auto","background-attachment":"scroll","background-type":"","background-media":"","overlay-type":"","overlay-color":"","overlay-opacity":"","overlay-gradient":""},"mobile":{"background-color":"var(--ast-global-color-5)","background-image":"","background-repeat":"repeat","background-position":"center center","background-size":"auto","background-attachment":"scroll","background-type":"","background-media":"","overlay-type":"","overlay-color":"","overlay-opacity":"","overlay-gradient":""}},"footnotes":""},"class_list":["post-1048","page","type-page","status-publish","hentry"],"post_mailing_queue_ids":[],"_links":{"self":[{"href":"https:\/\/agora.xtec.cat\/escolalaroureda\/wp-json\/wp\/v2\/pages\/1048","targetHints":{"allow":["GET"]}}],"collection":[{"href":"https:\/\/agora.xtec.cat\/escolalaroureda\/wp-json\/wp\/v2\/pages"}],"about":[{"href":"https:\/\/agora.xtec.cat\/escolalaroureda\/wp-json\/wp\/v2\/types\/page"}],"author":[{"embeddable":true,"href":"https:\/\/agora.xtec.cat\/escolalaroureda\/wp-json\/wp\/v2\/users\/1"}],"replies":[{"embeddable":true,"href":"https:\/\/agora.xtec.cat\/escolalaroureda\/wp-json\/wp\/v2\/comments?post=1048"}],"version-history":[{"count":3,"href":"https:\/\/agora.xtec.cat\/escolalaroureda\/wp-json\/wp\/v2\/pages\/1048\/revisions"}],"predecessor-version":[{"id":1057,"href":"https:\/\/agora.xtec.cat\/escolalaroureda\/wp-json\/wp\/v2\/pages\/1048\/revisions\/1057"}],"wp:attachment":[{"href":"https:\/\/agora.xtec.cat\/escolalaroureda\/wp-json\/wp\/v2\/media?parent=1048"}],"curies":[{"name":"wp","href":"https:\/\/api.w.org\/{rel}","templated":true}]}}