{"id":632,"date":"2016-12-27T15:48:01","date_gmt":"2016-12-27T14:48:01","guid":{"rendered":"http:\/\/agora.xtec.cat\/escolalarjau\/?page_id=632"},"modified":"2018-09-07T14:31:40","modified_gmt":"2018-09-07T12:31:40","slug":"tallers","status":"publish","type":"page","link":"https:\/\/agora.xtec.cat\/escolalarjau\/metodologia\/tallers\/","title":{"rendered":"Els Tallers"},"content":{"rendered":"<p>A m\u00e9s a m\u00e9s de treballar amb\u00a0llibres, la sisena hora di\u00e0ria que tenim la dediquem a treballar fent tallers a tots els nivells:<\/p>\n<ul>\n<li>Els tallers es fan a les 4 aules de tutoria d&#8217;un cicle, l&#8217;aula de ci\u00e8ncies i l&#8217;aula de m\u00fasica.<\/li>\n<li>Les sessions dels 6 tallers s\u00f3n: 3 sessions \u00a0d&#8217;una hora i mitja i cada taller dura una setmana.<\/li>\n<li>Barregem els alumnes d&#8217;un mateix cicle.<\/li>\n<li>Aquests grups s\u00f3n estables tot l&#8217;any per tal de potenciar el treball cooperatiu i els rols i funcions de cada nen.<\/li>\n<li>Els tallers de les diferents \u00e0rees complementen el curr\u00edculum del que s&#8217;est\u00e0 donant a les classes.<\/li>\n<li>Es d\u00f3na continu\u00eftat als tallers comen\u00e7ats a Educaci\u00f3 Infantil.<\/li>\n<li>S\u00f3n una oportunitat d&#8217;interactuar en una situaci\u00f3 din\u00e0mica amb altres alumnes que no siguin de la seva classe.<\/li>\n<li>Hi ha un alt grau de relaci\u00f3 i sociabilitat dels infants i d\u2019aprendre entre iguals a tot el cicle.<\/li>\n<li>Fomenten la col\u00b7laboraci\u00f3, l\u2019intercanvi i l\u2019aprenentatge mutu.<\/li>\n<li>Es potencia\u00a0el treball cooperatiu, que ja es ve treballant des de fa molts anys a l&#8217;aula de ci\u00e8ncies.<\/li>\n<li>Les activitats s\u00f3n obertes\u00a0per atendre a la diversitat i respectar els diferents ritmes d&#8217;aprenentatge.<\/li>\n<li>Cada nen d\u00f3na el m\u00e0xim de les seves capacitats.<\/li>\n<li>\u00c9s un espai d&#8217;intercanvi de coneixements i compet\u00e8ncies de cada alumne.<\/li>\n<li>Els grups estan barrejats de manera equilibrada, a cada grup hi ha dos nens de primer any de cicle (un de cada classe) i dos nens del segon any del cicle (un de cada classe). Per tant estem cohesionant clarament el cicle al qual pertanyen.<\/li>\n<li>Potenciem que l&#8217;alumne sigui el protagonisa del proc\u00e9s: manipulaci\u00f3, experimentaci\u00f3, expressi\u00f3, joc, iniciativa de l\u2019alumne.<\/li>\n<li>Cada taller est\u00e0 situat a cada classe de manera estable.<\/li>\n<li>Respon\u00a0a un Cuirr\u00edculum Integrat.<\/li>\n<li>Es plantegen situacions significatives i es posen\u00a0els materials a l\u2019abast\u00a0 per resoldre-les.<\/li>\n<li>Tenen en compte les intel\u00b7lig\u00e8ncies m\u00faltiples: (naturalista, espaial, tecnol\u00f2gic, ling\u00fc\u00edstic, l\u00f2gic-matem\u00e0tic, corporal).<\/li>\n<li>Treballem per grups de manera que cada nen tingui un paper important. Grups cooperatius.<\/li>\n<\/ul>\n\r\n\t<div class=\"slideshow_container slideshow_container_style-light\" style=\"height: 300px; \" data-slideshow-id=\"678\" data-style-name=\"style-light\" data-style-version=\"2.3.1\" >\r\n\r\n\t\t\t\t\t<div class=\"slideshow_loading_icon\"><\/div>\r\n\t\t\r\n\t\t<div class=\"slideshow_content\" style=\"display: none;\">\r\n\r\n\t\t\t<div class=\"slideshow_view\"><div class=\"slideshow_slide slideshow_slide_image\">\n        <a href=\"https:\/\/photos.google.com\/share\/AF1QipNe9OKvonsWT_f7RQTBZLYcqq2e2yq0EjtYjuxjVN1z564os6AP7DBLW15b0cc8kw\/photo\/AF1QipOgrGljdgsa3Yw9b6tSLxYL6EK3jovW5dAKJUSW?key=X21qcjBlSXZKd2FfUUhNZnJPWGo1bUpmN0JyRk53\" target=\"_blank\">        <img src=\"https:\/\/lh3.googleusercontent.com\/x-kFGDFnWDFWSmSihfkoN9M03DuWOrDwmt-xd-SFE2roGSmbecaY74bH1hyh0xQJ1Gd7E_bkPuoYMeQOe82K-9LUal1mQvmyu2xpVJU_qsWAF_OGqYdudr4cDTVuZNjmLGvYzGUZl6UpEK0QIkzJwOxRy03lqzGRk6hbCKJJCEBLe-gQa8CghqatEVSfxwfcEkQGi4sWKZMLcwofqtQBq8Ep0FtraqSpP1ppE9fUiycoM2MfTJmrYGQhmMYRmJvuO2w6ifkb-s-j35IUgXQB2Yk4icdrbgA_qUyt2vezK8-L5DNDpSGDn88DfLya6bpAZ6fG3VPCSmdpBXlB1wZYRoimECnmb11Wz3NNjaqMhmhUsRM9IxjGCnB7Rg4Vh0RVb6sgaRDqUOAOV0dWL8xl4WHDI9r_DMWs63vZ3Mu1rKUrGrTwc9DhbFDxIRFoqwGupzcKCMQPY06Myq8IEBZUav35J-sM6rl6TB-JMDdSB57CU6WhkQkCKFL_tQe42WFOSYf7Vs-8oNX_DbHNvUqGBCPTHQiRqGLIEKvEk19K1GoZ4GEPbqr-avVv2YIvVNQN97e-orcM_1GK7eYm-swYR8EXtNVLvTjPKJAo2cbHUZSKcWvO6OTDqkICbIGpbqFTgsRWRZq47U2KOrrbaHAM4k99qcGnD_Z67IFAp-CUkg=w800-h600-no\" alt=\"\"   \/>\n        <\/a>        <div class=\"slideshow_description_box slideshow_transparent\">\n                                        <\/div>\n<\/div>\n\t\n<div class=\"slideshow_slide slideshow_slide_image\">\n        <a href=\"https:\/\/photos.google.com\/share\/AF1QipNe9OKvonsWT_f7RQTBZLYcqq2e2yq0EjtYjuxjVN1z564os6AP7DBLW15b0cc8kw\/photo\/AF1QipOeR1kgECtXdTYIoi3iziuHIjyn92EvfkVIIvbd?key=X21qcjBlSXZKd2FfUUhNZnJPWGo1bUpmN0JyRk53\" target=\"_blank\">        <img src=\"https:\/\/lh3.googleusercontent.com\/Bb081CRtjwwbEgwy1XOUgYhw9eoxBX1nrHAkdpXLoTSZEPvepxZBsUzesyXeTWESFt7adxPyAlWcehaGnKcA1GABX_3ifg22x1VIVWM1tie7rCngYgZH9_n9POE2zusG41rlXc-j5eRjKLMwubKLOC-Qj-4gTHNj7U1bStAdRuOEhKw3LBT3gCYqChG-ostYKG5RlM9pJv-j69PH9TYkCYBPNSFV3wRXof_tTmzC_MsAXMNLShQH8O6OfgNkCJ5iX_UUjJTj5Qm8AWFpZEaOjNrd80YGsGzYp5MMRW_P9JrgnQW8f6xa_3LC-Itm8jBzK49WdCdxnicDos2KttrRCHbou7iwxciqCAWUqjihKBi7obfJl1n9KiGbqs7yoEjhriVRtakPfqRHBCWqLUvCmJBLR96nM-x9WzYgHqYi2PS3pLYL2KLp48aLukdh7PK3dc7PFVBvIw-gpVbqPmtnl8gSvc7rjj9LPD716Srx6ltphWC9sszkeNoN2lA1DAaW3O_WJr-rvjXwVB0KVxXFQVTRx3mMSsSPMu2kyaqOybd5TsSiOhVVxia9x3NOuSKsvJ7tVmxRdDVMuBix-OfsJFofjnoMlOJvvZhOFu_a3GxpMQ3T50CxYfTZqmaswasiTYtJsE9oktZEgH-c9V53jHDraSSfr93sh-lJldwoWQ=w800-h600-no\" alt=\"\"   \/>\n        <\/a>        <div class=\"slideshow_description_box slideshow_transparent\">\n                                        <\/div>\n<\/div>\n\t\n<div style=\"clear: both;\"><\/div><\/div><div class=\"slideshow_view\"><div class=\"slideshow_slide slideshow_slide_image\">\n        <a href=\"https:\/\/photos.google.com\/share\/AF1QipNe9OKvonsWT_f7RQTBZLYcqq2e2yq0EjtYjuxjVN1z564os6AP7DBLW15b0cc8kw\/photo\/AF1QipNBeHyi8tQuIiAS10ZzPAvXMcluc1qthfap1gxY?key=X21qcjBlSXZKd2FfUUhNZnJPWGo1bUpmN0JyRk53\" target=\"_blank\">        <img src=\"https:\/\/lh3.googleusercontent.com\/z9mZI5G3jCC8hbQ0Xa_2aBhCMT59_nPhEWXA3FbjtDqRFzumjB3QF4JqC2hJLUgINs527HTXY_xrkZzjNCe7I7XL_tQNWnkdFfsQe6iBRdkhWvLnLsqS53_7OakSQt7vmel6qdqUgDcG8H2iKSP5G43ekshIqqJ314EaAMYOrnDrjdWvzGpPXyjplUoogAPz6ErFTOQhaUhMfZLcfMm5_V20sLBvr2yAsokltze3ZAhyS_gnMt0hCWXMiGcKSvL-JZwCCKXtzkKqXamsyK398h7PiEOjT4kTyeGx1I2omzH_MWGEylYehJrMp1mt_CDJI-n2Jbe8FJTIh8b4xux_vqx-Ox1HhDHKIQ7k5scv9dRJY3oBUm1HO13z6nJeDOVvBj5DaFFEHl1fiL1l17DMS8TZawcGNLtPIsijZbgqGV0CHXapMjwtD9a_5YdzLzz0-FBLmhIduQRl9J2o1PgZlSqlkI_TEFupDFMP1065Paxf2Y71Fhk91dtm8R63C2-uwzg3j1U9EBPK3vGQrRJxMUPvyFz9eqP_A5Pf7ggZlLaFSuAdw-NoEBCQM2Uahm3z1k1hrBpH58ieY7dnIW-28e3Xt-QrE0l7PgasjC40bK9fF9Gyrmc5iIJHzO5H8hs1JxPtjYT_2b-kHHW6M0SrMmPEw7dQ2JyGs-IpHT1rdw=w800-h600-no\" alt=\"\"   \/>\n        <\/a>        <div class=\"slideshow_description_box slideshow_transparent\">\n                                        <\/div>\n<\/div>\n\t\n<div class=\"slideshow_slide slideshow_slide_image\">\n        <a href=\"https:\/\/photos.google.com\/share\/AF1QipNe9OKvonsWT_f7RQTBZLYcqq2e2yq0EjtYjuxjVN1z564os6AP7DBLW15b0cc8kw\/photo\/AF1QipNs-mUlITOlqY-Ng9hSal3Hfr9TAgrIEqIZpqbR?key=X21qcjBlSXZKd2FfUUhNZnJPWGo1bUpmN0JyRk53\" target=\"_blank\">        <img src=\"https:\/\/lh3.googleusercontent.com\/NaLAIXCRB1mPRWBiwPbte6n5cs9Wd0d4dqXZoBSF0wztiVshkQG4rhjIkf38DGuAiLo1TTQiNQWT4_NIZRiiXPbpl1P61xAYh3riJjReE-ES5z7kVUMPnv-MTL256gxWuGcHRXZGxkY9wq7akqRHgKcwQGB5GAiX_UY0aNjKDU7RPNPOAaQVmKtPYQ6VpMQJuTD5lMDJsBNG8DvvKypybkzvHTeai__t6g1o6f78YcBXo9bvDKStjMuIS4jnJrVP4OyCiCtUk62bmROkcHWJ-7qViVGAfVTHMf-a5BeLhmcMTh0S5PHcZdlupHM6DKWNqHqj3MfqNFDEMG7ObjTRll9ieFnZGlyInMzuQustwhen8R56Wmh4hC-OyNCw5C5zudmlKzYYSq0y7F8BKyIYTwI2j-M6MiH03LWHhHmBLhUB0XiAKD762a33EsysoeWL2HCuuTgv0_1F7_SEFQ9xLaGMqUyWTPxYfV3Ha_5a044rPr4TphUhkNj_kH1xqhVLHBhsEUmKBUk0mDayuHX0n5UsWomYKgBdogDucZ7Eio8Jms-TUk7tDkbZ-FtwNvD_Gzu3YP6cOQEW03L7yFG0c0jIQ3KbHEjeHTl0FZ7GjMJrL4uoiEDr7qdwlkhFIApcMMtA2dkpb2ninyIlQXul2hrzmQvIyJUPJC_KsDV01Q=w800-h600-no\" alt=\"\"   \/>\n        <\/a>        <div class=\"slideshow_description_box slideshow_transparent\">\n                                        <\/div>\n<\/div>\n\t\n<div style=\"clear: both;\"><\/div><\/div><div class=\"slideshow_view\"><div class=\"slideshow_slide slideshow_slide_image\">\n        <a href=\"https:\/\/photos.google.com\/share\/AF1QipNe9OKvonsWT_f7RQTBZLYcqq2e2yq0EjtYjuxjVN1z564os6AP7DBLW15b0cc8kw\/photo\/AF1QipM5trOiOMkCbvqH10Va0jVJ9JxWmr-eFuFoCkO6?key=X21qcjBlSXZKd2FfUUhNZnJPWGo1bUpmN0JyRk53\" target=\"_blank\">        <img src=\"https:\/\/lh3.googleusercontent.com\/GIDpILgQHr82Kakmf4w0Ovd8czaZOhoOJ_3_d4-Qr9xjnQtoinG3DdcwansDD8RON7vi5TXpwXPOjkqGiHVj3PvNkVg5u8vl6FB48srisBdpP5AC53027LqOeU9j4rI5uhVtpN0SG0Y_SX147588NxqtPHwshUh9LcVqc7WlQGy3yYKupMueaqpuk0Zp9ZUUy8xqpER6QD9vR5usVGWo6mXlE5-cVS8aUZeqlLBY5GQiTCJWDPTM_pjc-2j4mMG0bFwST4Ol7mDGTHBDmADFkuZqiY9DzyMY2LwypXFoRW-96f_eNgCcRO2fstssrWEK3ZqwXuh1yKUxkJx8jPo2JQLL7-GQPa7WzHjPdOIDWWTrDMekP1A6glp2I4O-uKyk1aSLrSLrUazpFBVhJ8HaVoq_f71dMiFCihyN8pMcf9iZAWMZhhXnJGYmJrtXTYdv344be4zggi0AN7vPUe7cKdqo4hrdSd69q9xRA91Vht6R6Iot57hXLSXYqmpHNBAAsUkfHAdBudiM03Nt11Le1ET7TQnsjPGvKrbcgbkjwB19lY9q37KbcUE3kx6eFJ6goIUtrlWHY3H_e01eI5nQZRK7EQ-gXrP9ZHy7yl-emzVU7b8AmmKZhiaIitc7Qd1dufGH4AvfsZ6Qbb3AVzbfrJKZkXfskx4BhKNwwBhvyg=w800-h600-no\" alt=\"\"   \/>\n        <\/a>        <div class=\"slideshow_description_box slideshow_transparent\">\n                                        <\/div>\n<\/div>\n\t\n<div class=\"slideshow_slide slideshow_slide_image\">\n        <a href=\"https:\/\/photos.google.com\/share\/AF1QipNe9OKvonsWT_f7RQTBZLYcqq2e2yq0EjtYjuxjVN1z564os6AP7DBLW15b0cc8kw\/photo\/AF1QipOe-7I6G_rPP3JL48nrd5_A0aVF7KpzUoGQPt48?key=X21qcjBlSXZKd2FfUUhNZnJPWGo1bUpmN0JyRk53\" target=\"_blank\">        <img src=\"https:\/\/lh3.googleusercontent.com\/ptq5XnGLOMRfFPNo3ZZn-rPoGP_JkUb0xxA7m2FOaEC66E0I8QfLutPvgDApD8LUi6IhnOz6Knecw1anXibar4UAvnxGkAC5VjfqNBHM8WPHx3lzRAelMtJev6k5-cP29lfyK7ggZAdaUEFWKJDBNAIYezApiT3OPbiCVldgEGLD9WvPGSUQ3QJf8MGmWv2rg1ZxlOXakvvvZPtn6GNDLX_gDMwPvsLht6meK0u-nZxKPHkmTM7XdjTRzJa1zZQ2G3Ea_LulawD0HyP9jE1waOVqa4ULUGtbh95AQW761ykSZx7031UJtnrh2Ux6119QGfXW7q5nHC0MfDDBLY6zg5svvjTs1SvR9CxOPojG_XQUoDsEIbtqTbcyoN44ouqalgu-axk1L2mf2wFOtXvN71ksoTr7-S-76Ye-ILVOhI7cihdM-DdHzyJzNYM1VYuAMilaWI1EcJIgCscmyMAFKDtSnad4_O5Veki-k1OJ0uBdLv2gq9ZrdwyzltCYNGajUseLBdWPBN71Fd8XxgeT081nbmqNZGJiofv7dxxTdZh_1BjZqQTYPw9y4i2_jY9kL2PEuNFL_NFD2Fc_H-Ozk4-iL9wJydtYEChqU78ILDpsM5hkLU4wEQkQHcb6McD_Na7dg50Vrd2JlFwJ1qo9hj0c7fLWC5eX90ShX-eY8w=w800-h600-no\" alt=\"\"   \/>\n        <\/a>        <div class=\"slideshow_description_box slideshow_transparent\">\n                                        <\/div>\n<\/div>\n\t\n<div style=\"clear: both;\"><\/div><\/div><div class=\"slideshow_view\"><div class=\"slideshow_slide slideshow_slide_image\">\n        <a href=\"https:\/\/photos.google.com\/share\/AF1QipNe9OKvonsWT_f7RQTBZLYcqq2e2yq0EjtYjuxjVN1z564os6AP7DBLW15b0cc8kw\/photo\/AF1QipNqT8BxqXJudJ8FS6cziInaBObbxa9SnHuXU5ua?key=X21qcjBlSXZKd2FfUUhNZnJPWGo1bUpmN0JyRk53\" target=\"_blank\">        <img src=\"https:\/\/lh3.googleusercontent.com\/fsU-71FembAlVM_SzDuhJxpAIxLdaI7cxL-0PknUKa-vraNfQTUZG--T7fSsSdAax9Iqwxlq1zQNu8ncpCig4YYvEsblCo3LZeyCCeC7h7T40XHFlcQbZd22N0CG84_PiWez7mARtsuWyl4QVL49z2DufHCTubJ7oCq66RytmBbBiAejYdaqZH57LtppEJ6GVBFCAwj7MWpStSPdSspAEXCWlyuFhTjaJAZNF_NE179bywUAOc5PEPfpaUFbBPPxzKJ9AUtZGBHLVkRDBtpCIj4BOZ8TDa68CsaeVMK2zeTYE7soZ57H_qIIAepDQjbC2vr7y-Vxo7MO57VJbVGkA1E9A_-50ZhbyXWfyfKZD9_AxnHvBwmG7EqrtvRoS7LKOOToWmvXC8nTwAezaxWtItflhJ7jy8o-XR_lC_fEffvO-4jblcxe7llwjIrkWb2N2i-FuqVUSs_8HmNJpK0rPCGoR0oOwpEAmOU4CemMDFGCeY9AL_8ErXpmKGaPhWsIOqx_vLkRXlZGGbOookI3wiCbL_6M5s532V-q6o7ZhP4keg_Z2nlRkqTmSSpToekNnzIR93Tc9Cef2G2Aeej-qsKKxZIhO9WEVayg04b7n3wo8re7H621g3t4UJ-xgn08jHt8L1YocRX8nR8PGNYiyk_n982AUXd1peuw2mAiSg=w800-h600-no\" alt=\"\"   \/>\n        <\/a>        <div class=\"slideshow_description_box slideshow_transparent\">\n                                        <\/div>\n<\/div>\n\t\n<div class=\"slideshow_slide slideshow_slide_image\">\n        <a href=\"https:\/\/photos.google.com\/share\/AF1QipNe9OKvonsWT_f7RQTBZLYcqq2e2yq0EjtYjuxjVN1z564os6AP7DBLW15b0cc8kw\/photo\/AF1QipMPHwpypQtl07UCoj6lOF5b2znQ3MUcAcoTMP7h?key=X21qcjBlSXZKd2FfUUhNZnJPWGo1bUpmN0JyRk53\" target=\"_blank\">        <img src=\"https:\/\/lh3.googleusercontent.com\/E21kR3lAMuxLgkkkqbTtYt6qB0JNd274xPJuLpwpg3JL2EgeqXsrINea2yjaGhyZz_UX3io1hKWosn2_npiViZKiOsfo5QIowYYONZhdtlBUloCOOzrECAFE4YtNxCd4ngPajz6XRNiQ6jjGmji9mR5IiLmXgviX9QqYYvTtnSlYYP9rBmjCaEzOP9_o-sYDQ37k8R_w_dpBLpGG7zIYWfkyu2_QHBS47B7HrkT8YcalP9_UhTPXlysd-rjkS_dz24DKmtnld0co-gIjUlRxk6GzaCJSuQHntCYjql0VD_YYnTHAd-bksQC0MKwfm6nMPWM-9-nfpBQbTh38oBiBWRZIJ1NGGEbuwZ6AiHApXQ_lMihRrL53VqDF_guBE08Gx3017KRMVLoaFZZ42jSG-MsYgsZmF70PbWcHWJmFFIR_CuLcVas3_wmKAxBIjuLq54F_nyMuN8EO6nLnxY0eNt9LZtXxyGCa8IqCi4y5gCGfD2VciZzJtPfAc1sI4cQmQjOtcDZyOolp5Jp36PdDgw5HZJHn6YY4TrBcSw8xEYjJ-SmCGs4qVEw7ZPUwW4IQwhMhCOvfSC5aaJ6S1w9cUaIhrYUpBchKLBchOpVOznQw5X9cQEe45Ki0pObajVMcHDItgTerVy91UwooTzet-flKV6MoshrSBtIljjMVcw=w800-h600-no\" alt=\"\"   \/>\n        <\/a>        <div class=\"slideshow_description_box slideshow_transparent\">\n                                        <\/div>\n<\/div>\n\t\n<div style=\"clear: both;\"><\/div><\/div><div class=\"slideshow_view\"><div class=\"slideshow_slide slideshow_slide_image\">\n        <a href=\"https:\/\/photos.google.com\/share\/AF1QipNe9OKvonsWT_f7RQTBZLYcqq2e2yq0EjtYjuxjVN1z564os6AP7DBLW15b0cc8kw\/photo\/AF1QipNlTDrGSMIbM6MfgnKN4xoerbgxhjqudyV7xjpE?key=X21qcjBlSXZKd2FfUUhNZnJPWGo1bUpmN0JyRk53\" target=\"_blank\">        <img src=\"https:\/\/lh3.googleusercontent.com\/2MucJQ1sb_e-KQ-aWbMmGWE3sNc93I_xn21-Dk18uFNwG3j2vs0tgS1JgKYRobsI3zrWeDQExrN1DSBSnpjgZn_TJa1DzMsCW9yItLRRyUyM4zZQu0gLHfvooXKKiHu7SGm6Ze8EFqsBdnxyQrpJTn8euTgGsO4iHX5bAEjgYL_kdvGn_inHDBJM-nj00_Me2bgudRqb8LmTPDmb3Q7WZFJmGeXPpCMBWG-fGvX81bnYt7PlML0dLGv8HpGr5V__UAhsHCrty4WmVrav9EzsBAAFmI1PGpZB6iZNQ18rH881cIuHHAFj_9rt1voxpD8KkuKFfvcZ5X_ko_Op8SiHChNczUQgPxAnNZldcJf38wFVfRoi5oS29aXXJDwSqTu0P43U69NvAMp27dJuSuQxObY_F20iznKqYXkVImmXIRbP6GpXQdMvysnDqJsC-h-kIE42cfRXKRgBBoWH8ySmwhfJKpP2DW13v64OPpK1WFNfGGzQCmCPLEGA9er-79VgssYlNRKkTfdiAh7NUfDy9E1QzyJDOLgwZauXufZ-5nOYdAzr50lygHHKRh2tPdfk59IWBUa__eELrbWN7mC83ZCKG52LCHVXE3ptohgkqueZLanaZcxnSnHzvT9BswIHho-zTQ2vOTetIKqZU4AwztMY-3NEHA__00Sd5eFrbA=w800-h600-no\" alt=\"\"   \/>\n        <\/a>        <div class=\"slideshow_description_box slideshow_transparent\">\n                                        <\/div>\n<\/div>\n\t\n<div class=\"slideshow_slide slideshow_slide_image\">\n        <a href=\"https:\/\/photos.google.com\/share\/AF1QipNe9OKvonsWT_f7RQTBZLYcqq2e2yq0EjtYjuxjVN1z564os6AP7DBLW15b0cc8kw\/photo\/AF1QipMy31v6oSSNnbZtE9vOvIpFUrhFLX0CPT6r4kiK?key=X21qcjBlSXZKd2FfUUhNZnJPWGo1bUpmN0JyRk53\" target=\"_blank\">        <img src=\"https:\/\/lh3.googleusercontent.com\/ra_zneQd7ORQL1ADeZWlcbspQgudB78Y-scjSGgXj44BwOxACAbqWHtpLzJEr0YHbAr17iuEO2jzUNc7Zpl7uqxXxF1JNK_N23oNI44qt6AU9Q2IkUquwBA2ONL3loTxOsL2uuXw2C-qdGVgJTt6CoOKHoGp5Vrdiy4FcZXrpA5pjPoJt2R8Wv_G9O4-9oj61GBaVT_4xPE_dicMLIZn-LPfFSYM-UBlZJUlgcpZfsIvT-e7Ke1sGf1PtLNdDRMa17fPLxe4bdUMWL55utVbvkkF7AqFCr9vL0gqCB66ctv1wXy5jtt5HRIcxjd0Z-lkHRT7FwddsEpqRIgCMGKrfr5eTkF2e1ErutcrPzZ0roUQ4yh1n_fbPozgDzS04Pc80UVPGFSn2ZgfzvMuiLKfSJ9dGxckib9F_iJsh9o4BDBUvqPFAnmnciZrsbDqe4dWI706afRwirwG_VKF-HIe_5RLhnqq2sVxeS4bAj4_XSWV0lSd88_pzHqiZ9nAHNI6wc1evJna8w9S0eYknIMjds18KgXKF7tkP4sh3qvTunMkVrF_uzFKMVPiinL4i5WBYQZx5WFBHDVP2-_BkvsuPosG2eKZ6lPKFPs1YBW1ggspM5pCjU0rBjp8o6x4OIUP1JsYhHn2zVlk5ErQPtzgUYXNzkAxJSuA1svqydSkYg=w800-h600-no\" alt=\"\"   \/>\n        <\/a>        <div class=\"slideshow_description_box slideshow_transparent\">\n                                        <\/div>\n<\/div>\n\t\n<div style=\"clear: both;\"><\/div><\/div><div class=\"slideshow_view\"><div class=\"slideshow_slide slideshow_slide_image\">\n        <a href=\"https:\/\/photos.google.com\/share\/AF1QipNe9OKvonsWT_f7RQTBZLYcqq2e2yq0EjtYjuxjVN1z564os6AP7DBLW15b0cc8kw\/photo\/AF1QipNcgf3TBEUWX_Yj99A7Nm0WC0kZOSsu4milO6-2?key=X21qcjBlSXZKd2FfUUhNZnJPWGo1bUpmN0JyRk53\" target=\"_blank\">        <img src=\"https:\/\/lh3.googleusercontent.com\/4yaYzeTvI5e_jUnF32XrpwLaz9nakFhKK-MtyNFvQagGsaAF8XA1jHfFXo18L2IwJdrhyLwMGxYus1B0nJJSSbRvOG1cSwqYpagVWP9NeCfMxpo_0DgnlX3lPh4eErHnt3zjlmsbzTM2vtyEapwEkR1tqyWwDpwgK1vBfPwx11SyVDvu_Tr3o8aaOGyY0C2j4jF1PL62PnfF_G1DOIKNlnQfZxuFMRCvwYKzPFTMzNV_VSyjBvgGWAp-mA_qRLcMq5wNZ_9CPks5CFvP7iTTgCJmA6v26JI0D_D5O9DPWWRNy8YM_LnOMGCxUKymTuOsklHr4-06w0iNzZZJhhAsESUOt6lcztmf5Q-E8JG3pPoxLc7O9pFGgu8qN1c69OzmE4wHckNby81Ss_zjbpMzK8DdBmZYsgxZ1FNIdU_USseRFloZRpYTt_bgDh2d7YbMw7gASGfYRtSbKJB6EhhtsThrAYgsmIBHesdZrXuBNeVxLVR2gnDusk9KCDlAiNlk-bM3_CVBO4dGmn7yN3IOG97UQGe_RDl-D513E03d1p-KV4VCYQ8mPtByi65pnK_m3wrHxI_Su5S6GKP_1WiAM2zDTHrgefssxPsGDQAC7xkFp6iTdJOLsZ0PlRRle_YhIhVo81yt1o2bnqcTKVxF1PmfeKrDJkyEiTPQSWC9jw=w800-h600-no\" alt=\"\"   \/>\n        <\/a>        <div class=\"slideshow_description_box slideshow_transparent\">\n                                        <\/div>\n<\/div>\n\t\n<div class=\"slideshow_slide slideshow_slide_image\">\n        <a href=\"https:\/\/photos.google.com\/share\/AF1QipNe9OKvonsWT_f7RQTBZLYcqq2e2yq0EjtYjuxjVN1z564os6AP7DBLW15b0cc8kw\/photo\/AF1QipPZ2gpSUZ_JhxphRpPFPoqAacOa-GKc8GpL4VoG?key=X21qcjBlSXZKd2FfUUhNZnJPWGo1bUpmN0JyRk53\" target=\"_blank\">        <img src=\"https:\/\/lh3.googleusercontent.com\/aXi-KnPDBVl68d12Irg68rITWV3gjWem5kJKBsws97GVwSMD9qFHgFEP0Rk2XGihs68xBdNaeiuenVisAtPW0ilSe6UtRknVhl372bpQ1ukYGwBPVrs2ABBS0XiLGYM7Rt4kh1cnZtuaFWRDjGgoS_bLbXrYqlQpN8_2rT7ljK8ymyxD4CjUJEBRWYPoPFY1kOOMVStWwb1I3aqcR7UKJ6x81dHx10wW2E_xkGJ86xBoO3TbN1yyqHnIZBM8qlsxz06Cc_akJWXUaR8pBWKtJ43p5cG_MfK4DYTbc0sAi41NsLZJuppKumPAUY8ccX0MbIgEfIAe5tn_iREf4sdjb7MxkOICnqit02ISbWsZYa4TEkoKNDXrQVYjsaCi82u1qeRcZ6ykILoFhn9czuwmo-m02iYdbhhyaMMNUp_-oeeWNXeOLUmlyxYgjWbTDQFkoA5mTJrsMbr_h-rcCQh-IqHLHcjnCNqeyKbS_O9tZBLHrssb11Qp8zkxa7RWmuojdaPCCuueRcgIWRxylNqnQmeoAshvKFEhD_KHzGecQPvk6OeP_3UtEATtbFJgHBb4eHxkdnr8oxMZ4goDQ3_yWtMO3zD9vqJsGLcuz3neGCFeYoFaLqnYutetpl5zQ7FIS-wzLR4onFJUT8OTs9MA1cFMB44Vabejs2NQo9UZuQ=w800-h600-no\" alt=\"\"   \/>\n        <\/a>        <div class=\"slideshow_description_box slideshow_transparent\">\n                                        <\/div>\n<\/div>\n\t\n<div style=\"clear: both;\"><\/div><\/div>\r\n\t\t<\/div>\r\n\r\n\t\t<div class=\"slideshow_controlPanel slideshow_transparent\" style=\"display: none;\"><ul><li class=\"slideshow_togglePlay\" data-play-text=\"Visualitza\" data-pause-text=\"Pausa\"><\/li><\/ul><\/div>\r\n\r\n\t\t<div class=\"slideshow_button slideshow_previous slideshow_transparent\" role=\"button\" data-previous-text=\"Anterior\" style=\"display: none;\"><\/div>\r\n\t\t<div class=\"slideshow_button slideshow_next slideshow_transparent\" role=\"button\" data-next-text=\"Seg\u00fcent\" style=\"display: none;\"><\/div>\r\n\r\n\t\t<div class=\"slideshow_pagination\" style=\"display: none;\" data-go-to-text=\"V\u00e9s a la diapositiva\"><div class=\"slideshow_pagination_center\"><\/div><\/div>\r\n\r\n\t\t<!-- WordPress Slideshow Version 2.3.1 -->\r\n\r\n\t\t\t<\/div>\r\n\r\n\n","protected":false},"excerpt":{"rendered":"<p>A m\u00e9s a m\u00e9s de treballar amb\u00a0llibres, la sisena hora di\u00e0ria que tenim la dediquem a treballar fent tallers a tots els nivells:<\/p>\n<ul>\n<li>Els tallers es fan a les 4 aules de tutoria d&#8217;un cicle, l&#8217;aula de ci\u00e8ncies i l&#8217;aula de m\u00fasica.<\/li>\n<li>Les sessions dels 6 tallers&hellip;  <a href=\"https:\/\/agora.xtec.cat\/escolalarjau\/metodologia\/tallers\/\" title=\"Read Els Tallers\">Llegeix m\u00e9s\u00bb<\/a><br \/>\n","protected":false},"author":1,"featured_media":0,"parent":691,"menu_order":0,"comment_status":"closed","ping_status":"closed","template":"","meta":{"_bbp_topic_count":0,"_bbp_reply_count":0,"_bbp_total_topic_count":0,"_bbp_total_reply_count":0,"_bbp_voice_count":0,"_bbp_anonymous_reply_count":0,"_bbp_topic_count_hidden":0,"_bbp_reply_count_hidden":0,"_bbp_forum_subforum_count":0,"footnotes":""},"class_list":["post-632","page","type-page","status-publish","hentry"],"post_mailing_queue_ids":[],"_links":{"self":[{"href":"https:\/\/agora.xtec.cat\/escolalarjau\/wp-json\/wp\/v2\/pages\/632","targetHints":{"allow":["GET"]}}],"collection":[{"href":"https:\/\/agora.xtec.cat\/escolalarjau\/wp-json\/wp\/v2\/pages"}],"about":[{"href":"https:\/\/agora.xtec.cat\/escolalarjau\/wp-json\/wp\/v2\/types\/page"}],"author":[{"embeddable":true,"href":"https:\/\/agora.xtec.cat\/escolalarjau\/wp-json\/wp\/v2\/users\/1"}],"replies":[{"embeddable":true,"href":"https:\/\/agora.xtec.cat\/escolalarjau\/wp-json\/wp\/v2\/comments?post=632"}],"version-history":[{"count":4,"href":"https:\/\/agora.xtec.cat\/escolalarjau\/wp-json\/wp\/v2\/pages\/632\/revisions"}],"predecessor-version":[{"id":2291,"href":"https:\/\/agora.xtec.cat\/escolalarjau\/wp-json\/wp\/v2\/pages\/632\/revisions\/2291"}],"up":[{"embeddable":true,"href":"https:\/\/agora.xtec.cat\/escolalarjau\/wp-json\/wp\/v2\/pages\/691"}],"wp:attachment":[{"href":"https:\/\/agora.xtec.cat\/escolalarjau\/wp-json\/wp\/v2\/media?parent=632"}],"curies":[{"name":"wp","href":"https:\/\/api.w.org\/{rel}","templated":true}]}}