{"id":3758,"date":"2023-03-28T16:08:10","date_gmt":"2023-03-28T14:08:10","guid":{"rendered":"https:\/\/agora.xtec.cat\/escolalarjau\/?page_id=3758"},"modified":"2023-06-02T15:35:30","modified_gmt":"2023-06-02T13:35:30","slug":"objectius","status":"publish","type":"page","link":"https:\/\/agora.xtec.cat\/escolalarjau\/estrategia-digital-de-centres\/pla-estrategic\/objectius\/","title":{"rendered":"Objectius"},"content":{"rendered":"<p><span style=\"font-weight: 400;\">Els objectius de l\u2019Escola l\u2019Arjau, d\u2019acord amb les dades obtingudes al proc\u00e9s de diagnosi i en coher\u00e8ncia amb el Projecte Educatiu de Centre (PEC), s\u00f3n els seg\u00fcents:<\/span><\/p>\n<ol>\n<li>Dissenyar el pla de comunicaci\u00f3 i \u00fas de tecnologia del centre<\/li>\n<li>Fomentar la millora cont\u00ednua i avaluaci\u00f3 de l&#8217;\u00fas de la tecnologia al centre a trav\u00e9s de la compartici\u00f3 d&#8217;experi\u00e8ncies.<\/li>\n<li>Definir la seq\u00fcenciaci\u00f3 de la compet\u00e8ncia digital a les \u00e0rees curriculars<\/li>\n<li>Implementar les eines digitals de l&#8217;avaluaci\u00f3 i la retroalimentaci\u00f3 per millorar el proc\u00e9s d&#8217;aprenentatge<\/li>\n<\/ol>\n<table>\n<tbody>\n<tr>\n<td><b>OBJECTIU<\/b><\/td>\n<td><b>INDICADOR<\/b><\/td>\n<td><b>CRITERI D\u2019ACOMPLIMENT<\/b><\/td>\n<\/tr>\n<tr>\n<td>\n<ol>\n<li><span style=\"font-weight: 400;\">Dissenyar el pla de comunicaci\u00f3 i \u00fas de tecnologia del centre<\/span><\/li>\n<\/ol>\n<\/td>\n<td><span style=\"font-weight: 400;\">El pla de comunicaci\u00f3 est\u00e0 publicat a l&#8217;espai de cultura digital.<\/span><\/p>\n<p><span style=\"font-weight: 400;\">% dels destinataris contesten l&#8217;enquesta de forma satisfact\u00f2ria.<\/span><\/td>\n<td><span style=\"font-weight: 400;\">Fet<\/span><\/p>\n<p><span style=\"font-weight: 400;\">60%<\/span><\/td>\n<\/tr>\n<tr>\n<td><span style=\"font-weight: 400;\">2. Fomentar la millora cont\u00ednua i l\u2019avaluaci\u00f3 de l&#8217;\u00fas de la tecnologia al centre a trav\u00e9s de la compartici\u00f3 d&#8217;experi\u00e8ncies.<\/span><\/td>\n<td><span style=\"font-weight: 400;\">% dels mestres valoren positivament la utilitat i l\u2019aprofitament d\u2019aquests espais.<\/span><\/p>\n<p><span style=\"font-weight: 400;\">Nombre de trobades\/cicle<\/span><\/td>\n<td><span style=\"font-weight: 400;\">80%<\/span><\/p>\n<p><span style=\"font-weight: 400;\">3<\/span><\/td>\n<\/tr>\n<tr>\n<td><span style=\"font-weight: 400;\">3. Definir la seq\u00fcenciaci\u00f3 de la compet\u00e8ncia digital a les \u00e0rees curriculars<\/span><\/td>\n<td><span style=\"font-weight: 400;\">% de les programacions inclouen el desplegament de la compet\u00e8ncia digital.<\/span><\/td>\n<td><span style=\"font-weight: 400;\">80%<\/span><\/td>\n<\/tr>\n<tr>\n<td><span style=\"font-weight: 400;\">4. Implementar les eines digitals de l&#8217;avaluaci\u00f3 i la retroalimentaci\u00f3 per millorar el proc\u00e9s d&#8217;aprenentatge<\/span><\/td>\n<td><span style=\"font-weight: 400;\">% del professorat compleix els acords de cada cicle.<\/span><\/td>\n<td><span style=\"font-weight: 400;\">80%<\/span><\/td>\n<\/tr>\n<\/tbody>\n<\/table>\n","protected":false},"excerpt":{"rendered":"<p>Els objectius de l\u2019Escola l\u2019Arjau, d\u2019acord amb les dades obtingudes al proc\u00e9s de diagnosi i en coher\u00e8ncia amb el Projecte Educatiu de Centre (PEC), s\u00f3n els seg\u00fcents:<\/p>\n<ol>\n<li>Dissenyar el pla de comunicaci\u00f3 i \u00fas de tecnologia del centre<\/li>\n<li>Fomentar la millora cont\u00ednua i avaluaci\u00f3 de l&#8217;\u00fas de&hellip;  <a href=\"https:\/\/agora.xtec.cat\/escolalarjau\/estrategia-digital-de-centres\/pla-estrategic\/objectius\/\" title=\"Read Objectius\">Llegeix m\u00e9s\u00bb<\/a><br \/>\n","protected":false},"author":1,"featured_media":0,"parent":3750,"menu_order":0,"comment_status":"closed","ping_status":"closed","template":"page-templates\/side-menu.php","meta":{"_bbp_topic_count":0,"_bbp_reply_count":0,"_bbp_total_topic_count":0,"_bbp_total_reply_count":0,"_bbp_voice_count":0,"_bbp_anonymous_reply_count":0,"_bbp_topic_count_hidden":0,"_bbp_reply_count_hidden":0,"_bbp_forum_subforum_count":0,"footnotes":""},"class_list":["post-3758","page","type-page","status-publish","hentry"],"post_mailing_queue_ids":[],"_links":{"self":[{"href":"https:\/\/agora.xtec.cat\/escolalarjau\/wp-json\/wp\/v2\/pages\/3758","targetHints":{"allow":["GET"]}}],"collection":[{"href":"https:\/\/agora.xtec.cat\/escolalarjau\/wp-json\/wp\/v2\/pages"}],"about":[{"href":"https:\/\/agora.xtec.cat\/escolalarjau\/wp-json\/wp\/v2\/types\/page"}],"author":[{"embeddable":true,"href":"https:\/\/agora.xtec.cat\/escolalarjau\/wp-json\/wp\/v2\/users\/1"}],"replies":[{"embeddable":true,"href":"https:\/\/agora.xtec.cat\/escolalarjau\/wp-json\/wp\/v2\/comments?post=3758"}],"version-history":[{"count":3,"href":"https:\/\/agora.xtec.cat\/escolalarjau\/wp-json\/wp\/v2\/pages\/3758\/revisions"}],"predecessor-version":[{"id":3826,"href":"https:\/\/agora.xtec.cat\/escolalarjau\/wp-json\/wp\/v2\/pages\/3758\/revisions\/3826"}],"up":[{"embeddable":true,"href":"https:\/\/agora.xtec.cat\/escolalarjau\/wp-json\/wp\/v2\/pages\/3750"}],"wp:attachment":[{"href":"https:\/\/agora.xtec.cat\/escolalarjau\/wp-json\/wp\/v2\/media?parent=3758"}],"curies":[{"name":"wp","href":"https:\/\/api.w.org\/{rel}","templated":true}]}}