{"id":3756,"date":"2023-03-28T16:07:35","date_gmt":"2023-03-28T14:07:35","guid":{"rendered":"https:\/\/agora.xtec.cat\/escolalarjau\/?page_id=3756"},"modified":"2023-04-17T13:27:56","modified_gmt":"2023-04-17T11:27:56","slug":"diagnosi","status":"publish","type":"page","link":"https:\/\/agora.xtec.cat\/escolalarjau\/estrategia-digital-de-centres\/pla-estrategic\/diagnosi\/","title":{"rendered":"Diagnosi"},"content":{"rendered":"<p><span style=\"font-weight: 400;\">Per a poder elaborar l&#8217;Estrat\u00e8gia Digital de Centre, el primer pas va ser realitzar la diagnosi, per la qual la comissi\u00f3 digital del centre va optar per emprar diverses eines diagn\u00f2stiques:<\/span><\/p>\n<ul>\n<li style=\"font-weight: 400;\" aria-level=\"1\"><b>Eina Selfie<\/b><span style=\"font-weight: 400;\">: una eina gratu\u00efta, creada per la Comissi\u00f3 Europea, per ajudar als centres educatius a fer una diagnosi del seu grau d\u2019implementaci\u00f3 de les tecnologies digitals. Aquesta enquesta es va realitzar en el per\u00edode del <\/span><span style=\"font-weight: 400;\">del 24 de maig de 2022 &#8211; 13 Juny de 2022.\u00a0<\/span><span style=\"font-weight: 400;\">Ha donat resposta al q\u00fcestionari Selfie el 100% de l\u2019equip directiu, el 100% de l\u2019equip docent i el 90% de l\u2019alumnat (s\u2019ha passat a l\u2019alumnat de 4t, 5\u00e8 i 6\u00e8).<\/span><\/li>\n<li style=\"font-weight: 400;\" aria-level=\"1\"><b>Enquesta a les fam\u00edlies<\/b><span style=\"font-weight: 400;\"> per poder recollir la seva visi\u00f3 sobre la maduresa digital del centre. En aquest cas han respost un total de 52 fam\u00edlies de l\u2019escola.<\/span><\/li>\n<\/ul>\n<p><span style=\"font-weight: 400;\">Reunida la comissi\u00f3 d\u2019estrat\u00e8gia digital de centre, a partir dels punts forts i oportunitats de millora que van quedar reflectides a les enquestes, es van definir un objectius de millora, fruits de la reflexi\u00f3 i el consens.<\/span><\/p>\n","protected":false},"excerpt":{"rendered":"<p>Per a poder elaborar l&#8217;Estrat\u00e8gia Digital de Centre, el primer pas va ser realitzar la diagnosi, per la qual la comissi\u00f3 digital del centre va optar per emprar diverses eines diagn\u00f2stiques:<\/p>\n<ul>\n<li style=\"font-weight: 400;\" aria-level=\"1\">Eina Selfie: una eina gratu\u00efta, creada per la Comissi\u00f3 Europea, per ajudar&hellip;  <a href=\"https:\/\/agora.xtec.cat\/escolalarjau\/estrategia-digital-de-centres\/pla-estrategic\/diagnosi\/\" title=\"Read Diagnosi\">Llegeix m\u00e9s\u00bb<\/a><br \/>\n","protected":false},"author":1,"featured_media":0,"parent":3750,"menu_order":0,"comment_status":"closed","ping_status":"closed","template":"page-templates\/side-menu.php","meta":{"_bbp_topic_count":0,"_bbp_reply_count":0,"_bbp_total_topic_count":0,"_bbp_total_reply_count":0,"_bbp_voice_count":0,"_bbp_anonymous_reply_count":0,"_bbp_topic_count_hidden":0,"_bbp_reply_count_hidden":0,"_bbp_forum_subforum_count":0,"footnotes":""},"class_list":["post-3756","page","type-page","status-publish","hentry"],"post_mailing_queue_ids":[],"_links":{"self":[{"href":"https:\/\/agora.xtec.cat\/escolalarjau\/wp-json\/wp\/v2\/pages\/3756","targetHints":{"allow":["GET"]}}],"collection":[{"href":"https:\/\/agora.xtec.cat\/escolalarjau\/wp-json\/wp\/v2\/pages"}],"about":[{"href":"https:\/\/agora.xtec.cat\/escolalarjau\/wp-json\/wp\/v2\/types\/page"}],"author":[{"embeddable":true,"href":"https:\/\/agora.xtec.cat\/escolalarjau\/wp-json\/wp\/v2\/users\/1"}],"replies":[{"embeddable":true,"href":"https:\/\/agora.xtec.cat\/escolalarjau\/wp-json\/wp\/v2\/comments?post=3756"}],"version-history":[{"count":3,"href":"https:\/\/agora.xtec.cat\/escolalarjau\/wp-json\/wp\/v2\/pages\/3756\/revisions"}],"predecessor-version":[{"id":3797,"href":"https:\/\/agora.xtec.cat\/escolalarjau\/wp-json\/wp\/v2\/pages\/3756\/revisions\/3797"}],"up":[{"embeddable":true,"href":"https:\/\/agora.xtec.cat\/escolalarjau\/wp-json\/wp\/v2\/pages\/3750"}],"wp:attachment":[{"href":"https:\/\/agora.xtec.cat\/escolalarjau\/wp-json\/wp\/v2\/media?parent=3756"}],"curies":[{"name":"wp","href":"https:\/\/api.w.org\/{rel}","templated":true}]}}