{"id":3746,"date":"2023-03-28T15:52:43","date_gmt":"2023-03-28T13:52:43","guid":{"rendered":"https:\/\/agora.xtec.cat\/escolalarjau\/?page_id=3746"},"modified":"2024-04-03T09:21:09","modified_gmt":"2024-04-03T07:21:09","slug":"estrategia-digital-de-centres","status":"publish","type":"page","link":"https:\/\/agora.xtec.cat\/escolalarjau\/estrategia-digital-de-centres\/","title":{"rendered":"Estrat\u00e8gia digital de centre"},"content":{"rendered":"<p><span style=\"font-size: 13pt; font-family: Arial; color: #000000; background-color: #ffffff; font-weight: 400; font-style: normal; font-variant: normal; text-decoration: none; vertical-align: baseline; white-space: pre-wrap;\">L&#8217;<\/span><span style=\"font-size: 13pt; font-family: Arial; color: #000000; background-color: #ffffff; font-weight: bold; font-style: normal; font-variant: normal; text-decoration: none; vertical-align: baseline; white-space: pre-wrap;\">Estrat\u00e8gia Digital de Centre<\/span><span style=\"font-size: 13pt; font-family: Arial; color: #000000; background-color: #ffffff; font-weight: 400; font-style: normal; font-variant: normal; text-decoration: none; vertical-align: baseline; white-space: pre-wrap;\"> (EDC) delimita les estrat\u00e8gies que <\/span><span style=\"font-size: 13pt; font-family: Arial; color: #000000; background-color: #ffffff; font-weight: bold; font-style: normal; font-variant: normal; text-decoration: none; vertical-align: baseline; white-space: pre-wrap;\">l&#8217;Escola Arjau <\/span><span style=\"font-size: 13pt; font-family: Arial; color: #000000; background-color: #ffffff; font-weight: 400; font-style: normal; font-variant: normal; text-decoration: none; vertical-align: baseline; white-space: pre-wrap;\">ha de seguir perqu\u00e8 els seus docents, alumnes i el centre en general puguin assolir la <\/span><span style=\"font-size: 13pt; font-family: Arial; color: #000000; background-color: #ffffff; font-weight: bold; font-style: normal; font-variant: normal; text-decoration: none; vertical-align: baseline; white-space: pre-wrap;\">compet\u00e8ncia digital<\/span><span style=\"font-size: 13pt; font-family: Arial; color: #000000; background-color: #ffffff; font-weight: 400; font-style: normal; font-variant: normal; text-decoration: none; vertical-align: baseline; white-space: pre-wrap;\">. Aquesta estrat\u00e8gia abasta tots els \u00e0mbits del centre: organitzatius, metodol\u00f2gics, curriculars i comunicatius, que han de ser involucrats i, si \u00e9s necessari, transformats, des d&#8217;una perspectiva d&#8217;innovaci\u00f3 i de millora cont\u00ednua.<\/span><\/p>\n<p><a href=\"https:\/\/agora.xtec.cat\/escolalarjau\/estrategia-digital-de-centres\/pla-estrategic\/diagnosi\/\">DIAGNOSI<\/a><\/p>\n<p><a href=\"https:\/\/agora.xtec.cat\/escolalarjau\/estrategia-digital-de-centres\/pla-estrategic\/objectius\/\">OBJECTIUS<\/a><\/p>\n<p><a href=\"https:\/\/agora.xtec.cat\/escolalarjau\/estrategia-digital-de-centres\/pla-estrategic\/planificacio-i-seguiment\/\">PLANIFICACI\u00d3 I SEGUIMENT<\/a><\/p>\n<p><a href=\"https:\/\/agora.xtec.cat\/escolalarjau\/estrategia-digital-de-centres\/pla-estrategic\/avaluacio-i-millora\/\">AVALUACI\u00d3 I MILLORA<\/a><\/p>\n","protected":false},"excerpt":{"rendered":"<p>L&#8217;Estrat\u00e8gia Digital de Centre (EDC) delimita les estrat\u00e8gies que l&#8217;Escola Arjau ha de seguir perqu\u00e8 els seus docents, alumnes i el centre en general puguin assolir la compet\u00e8ncia digital. Aquesta estrat\u00e8gia abasta tots els \u00e0mbits del centre: organitzatius, metodol\u00f2gics, curriculars i comunicatius, que han de&hellip;  <a href=\"https:\/\/agora.xtec.cat\/escolalarjau\/estrategia-digital-de-centres\/\" title=\"Read Estrat\u00e8gia digital de centre\">Llegeix m\u00e9s\u00bb<\/a><\/p>\n","protected":false},"author":1,"featured_media":0,"parent":0,"menu_order":0,"comment_status":"closed","ping_status":"closed","template":"page-templates\/side-menu.php","meta":{"_bbp_topic_count":0,"_bbp_reply_count":0,"_bbp_total_topic_count":0,"_bbp_total_reply_count":0,"_bbp_voice_count":0,"_bbp_anonymous_reply_count":0,"_bbp_topic_count_hidden":0,"_bbp_reply_count_hidden":0,"_bbp_forum_subforum_count":0,"footnotes":""},"class_list":["post-3746","page","type-page","status-publish","hentry"],"post_mailing_queue_ids":[],"_links":{"self":[{"href":"https:\/\/agora.xtec.cat\/escolalarjau\/wp-json\/wp\/v2\/pages\/3746","targetHints":{"allow":["GET"]}}],"collection":[{"href":"https:\/\/agora.xtec.cat\/escolalarjau\/wp-json\/wp\/v2\/pages"}],"about":[{"href":"https:\/\/agora.xtec.cat\/escolalarjau\/wp-json\/wp\/v2\/types\/page"}],"author":[{"embeddable":true,"href":"https:\/\/agora.xtec.cat\/escolalarjau\/wp-json\/wp\/v2\/users\/1"}],"replies":[{"embeddable":true,"href":"https:\/\/agora.xtec.cat\/escolalarjau\/wp-json\/wp\/v2\/comments?post=3746"}],"version-history":[{"count":4,"href":"https:\/\/agora.xtec.cat\/escolalarjau\/wp-json\/wp\/v2\/pages\/3746\/revisions"}],"predecessor-version":[{"id":3951,"href":"https:\/\/agora.xtec.cat\/escolalarjau\/wp-json\/wp\/v2\/pages\/3746\/revisions\/3951"}],"wp:attachment":[{"href":"https:\/\/agora.xtec.cat\/escolalarjau\/wp-json\/wp\/v2\/media?parent=3746"}],"curies":[{"name":"wp","href":"https:\/\/api.w.org\/{rel}","templated":true}]}}