{"id":30,"date":"2014-09-18T12:30:23","date_gmt":"2014-09-18T11:30:23","guid":{"rendered":"http:\/\/agora.xtec.cat\/escolalarjau\/?page_id=30"},"modified":"2025-01-15T13:52:15","modified_gmt":"2025-01-15T12:52:15","slug":"instal%c2%b7lacions","status":"publish","type":"page","link":"https:\/\/agora.xtec.cat\/escolalarjau\/lescola\/instal%c2%b7lacions\/","title":{"rendered":"Instal\u00b7lacions"},"content":{"rendered":"<p>A la nostra escola tenim:<\/p>\n<p>2 pistes de futbol i un gran pati, un pati diferencial per Educaci\u00f3 Infantil, 1 aula de psicomotricitat, 1 sala d&#8217;actes, 1 aula tecnologia i rob\u00f2tica, 1 aula de m\u00fasica, 1 biblioteca, 6 aules d&#8217;educaci\u00f3 infantil, 12 aules de prim\u00e0ria, 3 aules de refor\u00e7, 1 menjador amb cuina pr\u00f2pia, sala de mestres i els despatxos de direcci\u00f3, secretaria, AFA i EAP.<\/p>\n<div id=\"1C565\" style=\"width: 600px; height: 400px; display: none;\"><img decoding=\"async\" src=\"https:\/\/lh3.googleusercontent.com\/QFl9c8YJxsCSS7BxB4VUythb9D4OcFS1uDrBq-_QqO3G-to3nSx4wjLcmojdt2OyBysE6wvDk1b_sb8GoDcH-8QCm3kkJH4zCUdwzwt5PtUzSo5BbBm-gZ01XTeNi_yCBBimUU9YR4JJi2IGHIizqHYQVk0PJdIcyg0Wdyi7DiRkFB5iBTBy4_HL2kFRIiQ6X1ROjIfn4zb9FR58hJhITGARhXbmwUa2EL2TwKkQ4LCmjEhSqYQJmPBlqFFYDpwnDS0PnaCpxFwgbK_xk3X-BGJrsC5NSqrKLKf3QvMZ7pGhtBUgFuAdLKikT6y93O0Xi1rNfMyBPfzlOH_hL4x44ln-PleYxjFx2G6zM47ZbKw5mdVaNytKY8xA9JM1nehtNTiKbCX8lkNQaQveEG81WKZUamXGuvqKjCr748tUoOsXZVT9vG1M76_2JJVkpVb2mLGnkrIP3n5Br4goGyJAQiE6kCIyLqn5STS1TbtOoXFZZE3K9V5pNm4k5JCxeX05liDpyhyIszx73UnonzxMf1-a9iJC67EO53AddlcpyHlbDnYtnlpJUF9WX6Qb0J_gclGPaxHDeCUmO8XrglZ4a-u6VGKWbsoHyB4OwKXTVrPw9_eRT7SbM93W4PcAqIf_aZ7zIcnxG0q1xcULOVnQxMAkRc8W3kdwswL9LefCFw=w1200-h800-no\" data-link=\"https:\/\/photos.google.com\/share\/AF1QipMF9zisfRSDHsCg66rpI1kSFrOxVFDj8sHqG1vWbRawy_BRV-8bZrUIqHqa892jJQ\/photo\/AF1QipPLZPHdFp7MlymaLi0csqjNYM922BRPowgY2ht5?key=MmhDd0FqQm1xaDZ3MWhLdkc3eVVHeDF5NGtGOTNn\" \/><br \/>\n<img decoding=\"async\" src=\"https:\/\/lh3.googleusercontent.com\/1W_W-ZWP21xc1PDM3Mqhfo3kSrukAqkE7KJr1Sahh_chS7j1a98gSNjE9_ws1ImWWqIYocY8Id5_uy0QX25R2DUGTbp2mO4WBrCO3aMxeATo_fhm5zwOx_FHVhJXT4KwKeS0Lk0bJnxLAcQVWf3x-3av9b_zGwcJdW5WROqmTN-snMBCG0KiF_eRCKA6RWAwZqRINDM7sAqgqlEqL0xjp3dxrQQDarjJn-p-lNejkF4zsQy1WP754vh42RXgdFBwvjfTS1Jr-jD2BGT73YrnjlVMyNcU_MCW9rdebbewL5t2UvDdkRVg2Ac059z-3KrDDgG_8W4n2_bytCF0fVW6ay3jYx9l6ffudLZkH5HPihH1g08hu7MmmBeAi47Nlg6RxJCipwtSIDszpT17ZZYvJzYOuBcLHSIF7w6_wbUjpgw-8cuboIrCe2Bc2EBzziyH7tp2FAuUtPfXqbm4fSic1TU43gWyFW20oiU3e4Zg54v-jOMOjQSGNX1fC9X1mhWZjXPzRpZmxN5S7l_4_DJVkCDYDWApO_sHFeXulAKbLlo9rlHEzgu6vOQAlR__NgGDbBwfqvfyZEfBBrGVS_XxD6a5avM4Q-zMLb1WeEi6-ZVM-wqxHmUJJIja1cc8OVmjqAQFiEiFClEHFAC7R-REBZkS7vWLfSH6RhPpgu8YsQ=w1200-h800-no\" data-link=\"https:\/\/photos.google.com\/share\/AF1QipMF9zisfRSDHsCg66rpI1kSFrOxVFDj8sHqG1vWbRawy_BRV-8bZrUIqHqa892jJQ\/photo\/AF1QipO6cKjN-mwEifcQx2Mn7LKwdQ-_5UyX4rdvkNmV?key=MmhDd0FqQm1xaDZ3MWhLdkc3eVVHeDF5NGtGOTNn\" \/><br \/>\n<img decoding=\"async\" src=\"https:\/\/lh3.googleusercontent.com\/8eY_iG4rpW1hGd6BBqF9k9d4ngk2H90pUi16syxKCNTFY-9oMtXRBtp5EfBu5Zy7RuIk1Si_-n_owYmzsKM5Xljk3FxceS4qs3NDO5QnlcUWauV4bSPjSrR9omyLu6ndrSPbDVAAWYBPBp1DepOPvZZgNqKRc9IzdfRNtJXay3Rf8HclsKjAHE0sMT3YzBwyMhdK0i8_CPQBdN7WWglpDnXpTuRFJ1HWqNfMIl0qEqsirS5wRIgOTbvXlnqOtoWrY-vQR9E-cEO8PPR9ZL3j7PovKCFQfhyNdHqbe74sZ4-CiFD0sz7N56ufInghFOe-0cZaLxN76q3YgnlXZfYZZHPhNj8tx6d_ts7SGP8G5pcmemnEL8q_0Ndu9Rg8S9rRQ43GMBBnHN93RBjncB4ZhJcKhEUJEBCdf5xtnODUjpGIkqHo2nxq4kR7nDFc6EahKonDOZ_5yYokP2nso3izrZELOJ0C_fGrdtF9QHFI8hZmId9ZmilW4FVxsiIpCsKHid4xZJfccZhyUsaDj41NntWxqnBgCxXNjn02S9xa0DQIjklnxqgZo6scVeO0a8QwRk1XbFhlLmyWNadf2dE1lLHWOmmsru9klOY_WEo1DxlwSKR510w6kCkl92ZvLASHGhPhVqbqoNSbhqbhhsFBYLuSTHY55DIgCvfsUa50og=w1200-h800-no\" data-link=\"https:\/\/photos.google.com\/share\/AF1QipMF9zisfRSDHsCg66rpI1kSFrOxVFDj8sHqG1vWbRawy_BRV-8bZrUIqHqa892jJQ\/photo\/AF1QipPVW_Mre6Kbx_6IMAR2l8ZwPkPqRbSaFd4kuVt_?key=MmhDd0FqQm1xaDZ3MWhLdkc3eVVHeDF5NGtGOTNn\" \/><br \/>\n<img decoding=\"async\" src=\"https:\/\/lh3.googleusercontent.com\/3DNLx5n4wHxXviMnOZ9anGZFVmSlENR6d_Vp6iuKvxG1e18pYQGUGJmAvL7N0MwCaHzPDicnatlmyobrAQkmeW9ynIJYXIR2cDzkdeJfI7BbcKw6FIHeojB97GZ-Rk0cYyOcT8wIeQmVghwm_-Id1evdsiMRc-WZKCIaAAcHrfzYi7BH4CKMnz97RnM_sk70rn2-8zOHp5PtA1akkjrFcUFBPxLSzbe4FO-Gf5wmC1uvwpdMvxMXCw7Hod5vR3x-0unO93jbdftR_4E8pnRiusRjQSej_qJsrAi31-MK5rw_--E4aXmTFAuLdsUAoaKoLTRDRU4nN3cb_sLt4Yd7lS5tIs0wCPNNToXTN8orTV46dMXYVkof7st1ShVNWeL2QZxGYgeVePQYZ_pwa5jicCDkJ_MYtKksFBafZ195NV3-ryczM_EAEzS2zae3mpjRQaBKjJpp5Z_T77DbcTgdSBcLD50kpRljYBVOeoZ8t54B5s8D-2ucznQ-1xVE3r2OhlcDzDJEE5Lg-4d6vjFSFFfpGkJ_eMWXx8rYmMRIlWHDenyQ4tbNEuZNA29tKunUcDLMuHUhmdFwv6hfx_WJExVOouofQlF6H34aqbnh2s8i18uvLFsQs-0FQwbRRxUt_folllOHNws3htN1dQx8eOaSSsEN4n9FEGqthOmSFg=w1200-h800-no\" data-link=\"https:\/\/photos.google.com\/share\/AF1QipMF9zisfRSDHsCg66rpI1kSFrOxVFDj8sHqG1vWbRawy_BRV-8bZrUIqHqa892jJQ\/photo\/AF1QipNWannkWdRg9jPjHpQi_IREzK18U_Ref3e3RmMt?key=MmhDd0FqQm1xaDZ3MWhLdkc3eVVHeDF5NGtGOTNn\" \/><br \/>\n<img decoding=\"async\" src=\"https:\/\/lh3.googleusercontent.com\/XQ4LalhCosymWI07Ly47n2cg7iDb3N1SlyT5EuythVNiVGEBghoC5cxl3G6PjN2eemGLFLXVZrw7vQj7phK3J0Y5p9TqLIemQeWpJdLiURP2RDg9lowfIBtml58y8CVaEEiaegFkiR81KP-3mVS4IPdeN7zIkKk7Jpu-e1RlRI3un2vxsf6Ru7QXfoYj7QIOJ9xXzi2APH7Ttu_wPAkvsOiLTULP4A1cUHG51HWmrPaVE7nLeqWrFkaxs5yUlq0-_Jt4UcGgEZdscYjuxZQ64ptAwHbGNsGFxovDoXsB9Fn6rB1oPhmQ4P6jlQVkwUvzTsnOosTYX7O6PLcE7Ar6mxLhbgUfqkJqzLM8jbW4XmUr_E9NsU73VBSYRkVbjkSr76DinjL9gOtoobzKfuoGkQcZDb9Th4x6jO45vvumYfc_oMxNkivVMEAtkxcfRM82pgQb9XwmqJtOpqNegoK8rrMSszNsIPGYVA9JvNHzq4EV0OCzEqcQc20fL7z3J-95UokM3zkCkF1eDx3oN6Y9XRU5ro_N0gAhX5V4vOeQFzDC6Q1UoOOiEoEBLNfQ2jFEM-gr9h9Rt-Z-LxuRsWDqV_xzf-ymkmP_AHsqm6BdHaroHxbL9srgTzeuGVSCQZwghiq7PLy9zrJsouCu1Rlgn4jbunjxmTzEgLRRaxmR=w1200-h800-no\" data-link=\"https:\/\/photos.google.com\/share\/AF1QipMF9zisfRSDHsCg66rpI1kSFrOxVFDj8sHqG1vWbRawy_BRV-8bZrUIqHqa892jJQ\/photo\/AF1QipO2CsD1l-whGQNWrkHG0Zdl387ScyEEn4HGRWtB?key=MmhDd0FqQm1xaDZ3MWhLdkc3eVVHeDF5NGtGOTNn\" \/><br \/>\n<img decoding=\"async\" src=\"https:\/\/lh3.googleusercontent.com\/ShVN5XnShoRlMlfJLNAi33opUVnyNZOGt1MiztzbMg7aD4Xwam7Rd4eiGTwGOF2Zx0dcuRHSe84zfp59ybY8porB4IvbZgEOb4d7dv-CKaJ31L_R3HOy2EE5jI90fLpoOcx_GCgVlFxUHwVr8BKWo3AQR9FvqyDQM94O5j6hHfxW9Y24nH746klwADk7r31yilsxbzO5oI0x1UvGNl_MC99xzQRHafTalCQbGaNI14BNJs_ajahWYnoRuvnC9mgiXZyJFm0aJo8b9WH556dqri6luCeELAo3fY8eijr62mxnGZyiFlOAtM6NpKo535faZ2f3w8wGYZysg-14Wuk8imOZQzJuKYcTgkX9FzV8BFNei-ZZ5bUnz3_s8RTmeqFDYXXSMUsN83lqC6I173GQEFnSU5QENm9-oNV1MZApfi0UgCiiRhubWiE3OzGlbXBTnrxBSeWMulo9HVb5yi_ysWUU8Gsdq3QqfoQhBf6m2xXtF8fVPd8TPnmcamqF_1m8I93d3BElBDG-TE6P2sebkIYmyald5IRCRKVVNdYDdrL2wq4A4GlokBLtkmTdzmg4fOf-STL22FiRu5Py7AURj8AM-od45TEE6Oo4k2hCL5qYgcYOz4FTM-_oQugOycGkxcEIw9Phrxibtr4fXopz6AeRAnC9Di9Bokl3kSRS=w1200-h800-no\" data-link=\"https:\/\/photos.google.com\/share\/AF1QipMF9zisfRSDHsCg66rpI1kSFrOxVFDj8sHqG1vWbRawy_BRV-8bZrUIqHqa892jJQ\/photo\/AF1QipOa0Rk1j8VcR7HozdzZHSZRkkBBTqrSnMXdmQTT?key=MmhDd0FqQm1xaDZ3MWhLdkc3eVVHeDF5NGtGOTNn\" \/><br \/>\n<img decoding=\"async\" src=\"https:\/\/lh3.googleusercontent.com\/oXgjcCQMr0jYF1prayrZ5LzYzY_S01stEwbjilfHKohdzXK1wKbYmKHGln9bAS-ZzQtjAN5Btx_8DDOQFe-O77mSNepgp-v7pPJXmeYIdrxUdtF54fFd6xbb30O5vwpy28Ad6tnX4b4exbg0hy901cq0qgdhM9-nS3ifdnAPIxqrWPN0Ypeje1bMbjlbMDnOtlzK0M1drvL8bdqLTjYhUuzFdmLg7FLQ0FMhKm24_O5Bv6y53mBXQR2RGOVeSm1i1DpWy0bt-QseWdWI_P9sXT9mqzyZXl5LT66GAnn_nNwnXz4xBYsmaLjzk_ZirQMOaR0cUpXqXfYtegHsOaDRrmx8mU7ZoJATwqDSlrMDNzDUY8WPjdpOgCkj9qJqE8rhMwE14QFOxFhRbGnG6UvU83s8PSm58DprIaM7aV67pp7dbIuL_C7_3Y3kgbrygbTIIChOG8VN_wzYu48gPKbcWsCzyfriEpe5hFxRJNCXuRCrr9pRlVJt3tnkvsOW9HHy3XHD4nm5mzOkmPe_TaHeE8DOCxeRGfmzgsoq4UV7HtDrmCyfiLh2wDCGFOZJpbYM1hjDa3Jm6UW_XB-8Mj-KDrzPkF_kZhNpC1z9ecUo5d7AwMe2WwIfczO5-Fb4QwnfkZZidtl7mzsx12G7YFt3pX7q3NFu--R61xeusyB3=w1200-h800-no\" data-link=\"https:\/\/photos.google.com\/share\/AF1QipMF9zisfRSDHsCg66rpI1kSFrOxVFDj8sHqG1vWbRawy_BRV-8bZrUIqHqa892jJQ\/photo\/AF1QipMKuAQ6MtzwH6ILsYnKXGCO42qve_frvCMzPDYi?key=MmhDd0FqQm1xaDZ3MWhLdkc3eVVHeDF5NGtGOTNn\" \/><br \/>\n<img decoding=\"async\" src=\"https:\/\/lh3.googleusercontent.com\/cL0hV1GJ41AFVDyFE_dCoF7v_ON7wfqw8n7GuIZf_a5IndFJPt-6c-i4wEAq5ZpYrTrBRNoBOmc3AqTduqP848vOKk0uZCkEm7fPKOvWUgirQfRrt5ziM2YsIj79GQazqPX47461FfVNBy3N4t011d24LrFYI6qNjK_knsOp53hRdi3QHzjbeG2C1Qrl0F2nNc4ASZlm988XDmjCpzOrbvNwZrY4J5xbH07wBpBXGumMDJoHcQShjSuwgHAg1iyOwH7cjcbygcXD3Wy_2zFSDcuuyv74ZVSPW9OXbFEqyX8BOYnXvLJjjRxuOfRgfiMCvts8SJ0B6fAg8rDeAX-Xs5SBxDqW2qdjQNXJkXKSBXOrEn_wsfNOASuF1XSbjtwHAx2n3rZoO3liUUZnUl_zRwnD_d5tkLJpjcIijV6oERQ5yFmNethJ_aGteHgBp1LH2XeHhCNQQT81F77iKwKYfPyJZDg55WGhizmlLkneVpH4xcZxR9nsOVcV2hxbjX9nYWyoaOAEeP--dFFFF23pDGyPgaYtAgkNTVM1EAp4syLedY_egLrqu4AsTF4u-bESrEbBmQQFBPw1eL4oO8Otzg3eiLalFhg4mptBPosRNOlKNN_jkXsRoXFbWBBvjGQ5p0BDk2J7y7b3W1CZwgxRhZyqGwT0HrJP2qabK3RS=w1200-h800-no\" data-link=\"https:\/\/photos.google.com\/share\/AF1QipMF9zisfRSDHsCg66rpI1kSFrOxVFDj8sHqG1vWbRawy_BRV-8bZrUIqHqa892jJQ\/photo\/AF1QipMzqM6UM98mRPYSJ9P_79DrWsFCIF36VyAlh7kQ?key=MmhDd0FqQm1xaDZ3MWhLdkc3eVVHeDF5NGtGOTNn\" \/><br \/>\n<img decoding=\"async\" src=\"https:\/\/lh3.googleusercontent.com\/GMLhfoNeOwLHqdRKpFfBaLetdAr37zes8riCgCa78zHZ94Q78e_HVM0hJxQttUpGvyCXKGcPF3QNz0iVRkfOhIIw82IdtvdFU5GtU_seZBCVlRSFP9KoTVNkpoQ1O3wQj2CxoIo-RailWWPNUww0copNhi0piokxTCIUG1ulJopvayDSDyMXAu8vg9kaMo2bH3Dd4plXhRz29EJgRb7Gy5UYazPPGUjFGim8OkHEJJEt6-pb2fupTUUG8BPcM9E6yZF2hRYMpvdC-TcEtLeijsxeEpycngoo1vZcl3myyqimH31gF3xcS9IFgNadm1rGNqlharjQZj3mqF4F0Bzfsp77AwKiTiZIDVdeF17edAyi2UEYpbJ3aWGW9lTD6-7XQqVagpGepLXS9uF3uygZWOeEZMJMWMsaCRP3Lf3gb55mL4KDm6krv2q1k7z5tEJCbK9m8Kxbj-eIJpLh9ZFjyXopj8pwuJLHDhr5W3bxNn-SohH3Qu0APOHKEl34JqUW54Ff3EpnqpUEiGbwZnVuWKgQdPJFhvmSgXRu5NzokRHyAs8CZJkWm9BNxqgHjq1Pv9Zx5dQgdVfD9RHzfYgiDe5PRlCJNVKY2KnkRh_F6CEhSQKZ2HNY4_nNYK62-T67FT6Hx66qDgTlXeGRyiM4T69xaa4NO_D7F08cymmj=w1200-h800-no\" data-link=\"https:\/\/photos.google.com\/share\/AF1QipMF9zisfRSDHsCg66rpI1kSFrOxVFDj8sHqG1vWbRawy_BRV-8bZrUIqHqa892jJQ\/photo\/AF1QipPkk42ga28AsryV--xcG_OTSUt2AL_P3KqJPQgc?key=MmhDd0FqQm1xaDZ3MWhLdkc3eVVHeDF5NGtGOTNn\" \/><br \/>\n<img decoding=\"async\" src=\"https:\/\/lh3.googleusercontent.com\/kjfJH-H7eEeKNYzsDDuTPo6O4qXFBtfcroHvP0Bo4c7EURtB1YklfX-mkgp6AQvKes0UWpmEFKJdsqLG39BcRBEKZiAvbGVfb56v9yqWLCW1B9LnI8scaCn2D6bDpquVQOMhaucCKY20c_oxt2eXgMw5fe9bcmEJA8-IA2wfO-u62bl5y9V7A5IDPTMc8pD9_k3DbqVzTs8PMHtqqfc4QoqYh69Pz8q2kmExUFuBNTejK2LK2I_FCbFyw2VXjLwLWQgzQ3lDxgyfmxUz-wlmOIqmEok_RcK8X0Sj2lCa-RhGBCRRxZUgeAD0ubE3jIfZlOS8tgWfSidnmWZqS7XVJQOmq9nC6Y0KSQO-OvqEbBkl5YihKbs8FwQI3QBdO6rEQOCXl6Zn0z8bSfLsNnw0JEM8kWh2lLQqRaU2q2C5d1c9za6FQdpgtheATctPJJI62h-eu2OwoV8yyPyM-lQ_nU5UB7L9X_Ef5Yw5XJioqf4FbL95xMz-yeUKYXoONXmoMinWhAfmKRYHy6ITAv4MzmNn-V9g0Q8wJy0wpx4RWpiQFaa65n1SseowA2xn02N_0_Nj-S0oleN55yBnhXwVALPQYeaXa9Uv5iWAZzZxAEqcV9w1Cv-IwJCRUiONr4fY_hw4qXcCbRFk6Fvlh_-xQMQYNYz95Gb7UDccTXjc=w1200-h800-no\" data-link=\"https:\/\/photos.google.com\/share\/AF1QipMF9zisfRSDHsCg66rpI1kSFrOxVFDj8sHqG1vWbRawy_BRV-8bZrUIqHqa892jJQ\/photo\/AF1QipP5MzvArPhNIDzl4oMEqcZV9AZ68Q37N29-OvjA?key=MmhDd0FqQm1xaDZ3MWhLdkc3eVVHeDF5NGtGOTNn\" \/><br \/>\n<img decoding=\"async\" src=\"https:\/\/lh3.googleusercontent.com\/H4WiKeOwjGbksLZzXannQXVtWbIe-2EDdV2nsvhcO7CQjia4wuAWhQes5M3vLefUjv-Ahyxa8MSxTyQBlH4yOabWBZcwyZcuUdVUXkDsfgFQGxIp7r2blfid4tRaPxOv78ajaeh9ih3Qz4zJleuQ286B20PPqAyrVPWre3oB07Zq3KN9iTRN-dTMl4eqz60XUO84sDcp5d-op2MqsW5Y2EokjMx3zsUeMt1H4KBLgA8X4W7arhQwGY4Fffl8dRkjvhXg9SbYNkabe40dXZHOwr97leLVgxRVyqxblXlslysb-urC0VRKc3UqIPgilEs8EMR6g1viE3Qhmcjm9-MnlUgkEDW3jo0pHIv7alCfc22LTlsmCzjF0ratpdmGIQFDIeSJUcCwspVVTE12C4PoZqQMF5cLAQ6jTdR7qSAiIAWQefzSzCdl2SpT8kiJB3K5KrjIvFjGxfvurEtiLU9GLD1aadAC5bbKZGsi-5GQg6v4ckaDJsVg6HlcRVTspiEJDX-6dFFo3MvChhMp2yFPo1G7xbIklyOZnAaKD6f6x_B7R8WwRbNUatQjEeqgY9b-3tjIm3Aam22Ajx84VIk7RuVE_Zw-3MQLlOkeA_0QSZ6wPBnCa0BqAC99TRlySsVnIJRm0MOrz9omcxJeaDlhWpOpUS4sCuDyqzQb77I-qQ=w1200-h800-no\" data-link=\"https:\/\/photos.google.com\/share\/AF1QipMF9zisfRSDHsCg66rpI1kSFrOxVFDj8sHqG1vWbRawy_BRV-8bZrUIqHqa892jJQ\/photo\/AF1QipOtQ0xVbRLhFj7XB17td-nTFRgREKJ_wZ24uJM4?key=MmhDd0FqQm1xaDZ3MWhLdkc3eVVHeDF5NGtGOTNn\" \/><br \/>\n<img decoding=\"async\" src=\"https:\/\/lh3.googleusercontent.com\/MWMH7fEx39TFi18skgBNn01byi4xiIESEuEXKcMoMsBkLp3U_2r6SUdVbRXwEKRnUr-q1ibpVrlf8c1vDch7RwCkK8XlF6Q5lqlqtCxElcy4_g-Z1WdqUm0zrgNd8EEaLEn7WW8Yxz3Y-m2nqYMfDnIbw4167shnzaXPWnI7iVCENmIikdLH9x-aD8vuYbLBzuj9urTU4-XblDteyJU8AfxqUD6hpdp-yb7rcPrBoBNO6Dpvbq6m-iBL_GgZjDeOdeR6yfHKeH3LBMgyLZM-JLLavd4FajbWXnSLnjSRtvG-bjpyRCiS2-ecaxfjtf3tiR1ir72aaFJRNAjFdyZ_yd1KMCP5rf1Sov4IJZAG9AK_E1UIetxZW0ufH_M72ajPvuKciZVi9fbmEG-iByShiCDHC9u-9ry7DGDsM_SzNIKvSMXLUy4dkYBoQIG0FGp8BydxOtQE3UpYoEOlcgwdyh614Vt9zWNheERsaEI_WB7mqitanXXIYqshFCAEf8ojrWe5HzS7cQGjxQSsXKZQTrfTItr-e5-wdbn6abA_twE5Qv2R3oleKD4RN4fCMpPx_I0zDOUmTAYm_zBk0WKn7cxDV4Zwi54fDasIpNRdQD1s31PxP3tFJQZWhD2pQ3C_PY9oJig_X9t21UCbnl1NViaFcC3ps5EkAXcol70ikw=w1200-h800-no\" data-link=\"https:\/\/photos.google.com\/share\/AF1QipMF9zisfRSDHsCg66rpI1kSFrOxVFDj8sHqG1vWbRawy_BRV-8bZrUIqHqa892jJQ\/photo\/AF1QipORVrbm10O9LBTz0I3Cbl2aszJ_YXy4SbbU1dOP?key=MmhDd0FqQm1xaDZ3MWhLdkc3eVVHeDF5NGtGOTNn\" \/><br \/>\n<img decoding=\"async\" src=\"https:\/\/lh3.googleusercontent.com\/iXLvGdmnMdkH22TSrG6ZAh89k6-sqnEabeqoWM-NKS96I9H3MotYnA9ETHh3GE9-FSfoc-6sINnsRosEYy5gBg5fYT2x5JRi9vtc8CCtgh-ZuwjZo0uk8m88Xa0Mn6-zeIPxOiHx0YI7ThChXb7LlvoqG_p2_mE6y6_hiAis-azEAlFB3xnmxwW0aOxKFMOkMy7yA6sfd9uiGG3IXIN47dAXFFZXIAicJhu_mk2ci7UAHn-7sUoAy8gJ8w9d37QS9InfPIpvDYUPvYhbrNPSA-K7B06fW_LpSZ5NKKoaqGI5_ESMG7vXVKuKxSXUZusM4aEszjp6_waFaCsqAaqzSaJArBOqwiw2RE5J-YU6il9nz3RSN5Jg4r0v4H--Q-D5iUoZYw6mdi6kh3R3MRbiyAb1s1mpXCIn4JjqwuUL2Y3k4ANtQSuA0nhbKB4LxFLxGfJ89ZbjorHgIWqtXldzOLgCUMw37pGSofToH-JA8uDGBrxRA1_nVEfMKXZawJKxwPSez0kcia8oK18MKsgi4_I6pkyeA5Hpyo-sRRdjVgROn_ZEk85NgycJsHpn6xl0psWyH3PzyOsYVLdvFmXfNQOTB1VFurA5jih8JS34LX0B5kNW7r1qutEOvNYarhOwDMZvkuejsdnLrR5PU9cLq0sFIr-e152zIOQftzKQ=w1200-h800-no\" data-link=\"https:\/\/photos.google.com\/share\/AF1QipMF9zisfRSDHsCg66rpI1kSFrOxVFDj8sHqG1vWbRawy_BRV-8bZrUIqHqa892jJQ\/photo\/AF1QipNxsitYO4H1-jU29mM_akEBgqkCdmnTcaeSv0Z4?key=MmhDd0FqQm1xaDZ3MWhLdkc3eVVHeDF5NGtGOTNn\" \/><br \/>\n<img decoding=\"async\" src=\"https:\/\/lh3.googleusercontent.com\/Sma1HzQSD21Ald96a71Bmubu1ZafBt4vnDpaDuOCiL5QXl1r6_8HgzW5yxJjmb7u25s0jFcOca3FVYXZaty6UwK2nlDmort3fG2H4jWvwl3jG-HgU_aQXDA5gxY59bUFgABehjnjlLjYnhKX5yOE2EWiGDyQ-DmQTiyT6_bz4zvyQ-y8ZPx2_6INSw7wzVHik9vGfzQSE3XRv7GXNgrGO5G0StNu3paocKGSsUAfFOmuKzAevDGMUxgfgrtWfcbVIOPbRas0Osa5JijYQGYMrQT6nBP7nwVS4QvXMkZ8WgeDyg_TDZ5QfkE6forw_VOqULTSg1_mNA4IqbGttZjxQJH8F6Q1JOfHuhxQS7qw-uv_973j1AVx93Zytb12Sk0ijJwFx0AwV3EiiwIhAkAD6TLuRnebywVPCIs162hyj7Eo6lx5Akrgc1lx8nHq42kNuQZDRjtEQD7pfqF20_HjsaebJqtyqIyHDsIlsDfYPhmL28xhCUVoouYCRITvX_BM8Q3EQ1DyI1on2GjsiVW9E0VVTFdEhk3rzgUnbac_RIQhhZwuj8QjfLbDkYnY0TZc4t5TMX-ZShjoGLfCBgHQeGf-YRJ8qRcxPulgx9pOtYkuUqcP4jtEx3kwYo01CJl4_gyeiVn1eEpXOojjQa58T7eDg0aZFMHlbrulc_ta=w1200-h800-no\" data-link=\"https:\/\/photos.google.com\/share\/AF1QipMF9zisfRSDHsCg66rpI1kSFrOxVFDj8sHqG1vWbRawy_BRV-8bZrUIqHqa892jJQ\/photo\/AF1QipPS8pBR4eeFLVKJYgeB8wKJcV7RrYdRHBxeXB6G?key=MmhDd0FqQm1xaDZ3MWhLdkc3eVVHeDF5NGtGOTNn\" \/><br \/>\n<img decoding=\"async\" src=\"https:\/\/lh3.googleusercontent.com\/0pvJY4uwEnNlpVH1akqGZl0SLGwXONZ_RZePIJP89FpHiSU1WJ7aNv1MMWtFqa_FUXoXDbeMc2DoyAvdKCPJX425JHh9V92dz1tJOQ3P4S68JfIQzEq4KyRYbiebl-k94fiKUiW7B9t51EUpxUt7PDx_nueN9R1csQGgtU1AiLhjpY2kY04_3RFvVX6bqRtyESF9KGlXokfHxi5tf4Ujhh47jBHZXiuQjfXba7BjffAyP6eF-5kzJz3qIySfJo-Q7CmI3UwWZseZrtMocEd29F3m5qj1ccADP1CsWwzJKiJjEYAmIkIXRNNQKFnVK-sh3AWhYX8TdLiHqa1YoyUa1sHhROgF6Q7dJjnlpqsJCt0QIjdEVF-anD1q7PGFMnZRq0LVcK9W1FNuYtTkP8pRTygrJeGnBMIJXYb38dUuzrn65vUED3R_vqQUXGh362DqRB7L906L_u7GdV34kn20FxFZwHMFBLOMujihLmmAFpQFICy4XSu6OHnJYpqDiQrF_2nPHG1oTEeSK1KJyJBGnJ6q-FPmo0cUZx35zC0cHHfM1qiPrGlNPHp0NGQolvvPK6rpxnfCzb78RECZsO_qvDQXGgcTnnx_ZPOZ6yFlT_vFw1NAc-0k7Bvdy7iP9COf8Unr94ezXH-xZxnNal2a9U_a5lmDx6HFp6PR_5Q-=w1200-h800-no\" data-link=\"https:\/\/photos.google.com\/share\/AF1QipMF9zisfRSDHsCg66rpI1kSFrOxVFDj8sHqG1vWbRawy_BRV-8bZrUIqHqa892jJQ\/photo\/AF1QipP1diFeknohXmMTfM4ADh7OCaRBDtfdTG0HWtYV?key=MmhDd0FqQm1xaDZ3MWhLdkc3eVVHeDF5NGtGOTNn\" \/><br \/>\n<img decoding=\"async\" src=\"https:\/\/lh3.googleusercontent.com\/KBjjncKhBuH4Py0LqjzO9t0KAlfoj5JP24LL0o4JVtT8_J6kWOL-wIZKdoHI92A4gIFMGwY5q_8XLe9rOyb7vfXpDK5NlBqnHNWYnn49kXSOj8VwacyHJpqINkB3VVqVtaU0ggpwIPGpji0N0nth8rJiuCwCyTLL-a7WHlJQaWdIT2HnWb17PAsE1Ch01fzCCQVngK3xxKyBd8nsKX1zx5qie0DqroajMuwkRiThc7_JIbMs4HQtLnfa1BINbN-5tt1gcCwJ7k51nxdXb8iGe_ViRaXMryv6zsNxYq_x2L9ozj6pa0p6x7fy60sgcAapMX_sg8QhQWk6HrIPLPiL6L3vI-SnWOzFm4s2NTkMLx3YNxb-yKmti0IcjTHw8HaMhH2JgrS4KQDrgtaQerGMy_ZsIT-iWdj4RD08sexgv0dHiiahS0gLQMiPzJ61za6SF1amhdmHHuw1VMwYcmf-OSmYy_2dDq_LKrJc5_DUHhNV88U3aoYwKKIHQYG24QeU6fLBxe9ueT7J6xfFiC1WjE8mxsex5cFxqbFanKeII_8Yaza251g3eTih_IPIfgAzO5q6IAHWaM6IWFj_uV6zneAY9D6ZUevBJVkgQKQlAh9mFzRBjRe_zWTr4ZQUz4DMdaUx7JUzi0rByudlLf2h2K6B-CHBp8LVn-ZyU77l=w1200-h800-no\" data-link=\"https:\/\/photos.google.com\/share\/AF1QipMF9zisfRSDHsCg66rpI1kSFrOxVFDj8sHqG1vWbRawy_BRV-8bZrUIqHqa892jJQ\/photo\/AF1QipPw91fi5aNhNff6qlkhaqgGel-cjoelKmW1xXdx?key=MmhDd0FqQm1xaDZ3MWhLdkc3eVVHeDF5NGtGOTNn\" \/><br \/>\n<img decoding=\"async\" src=\"https:\/\/lh3.googleusercontent.com\/VXZFEl5BO_OVqPJDJ9I5A7k3iHD3yLOmqT1xLE2w85ooDX90B0ZEMV-cD0yzEcyNtF8QX4lgAxcIIT7ZsDNXPQb1DDtxocqpzM-weBs1y3UupoFxctoPlKok8iwCp0aD4yMA61xl1XRZ5tNmaKW9yjMjd3tS7xMB8u0jf5vkrVXcumWtzy0YC2z8mtjF3mqaefv7zj7OQ-pZ8jhFijZ5g7XzGe_iwZvUlIHrCOXjCinILMOZYiciX2Od5oUpB9YrjE2wCpdaERV6H6H3l0f5qqBO5_U1iie0krtWGdeoqJOfrAo_W5Jk5KIzFA5n8MHcxdHOOv-zrqaZK4xLIS6oWiXsPPUjGSplNP83njLNvl2ZvsEHG9rMybZjIhRv8WAnJD4d2xf6AmyCpiOzMZNEDM7BXXqZbf0MKm1iFbR8SaPuYg5X7Iemxvu0SoFYGbK8Z13K_lq1QB4c69ri9sMhfNAcJkAmLb6-uYApH3IvdyAmf9POHTvN3AdyjO9r8lh4lKJg5_SgcxN0f9pBKyOJvB2GT-Vlye27ECgZugOlSDRYvwed48K7i6GzVzkHqtRKUyfgWgXXrKLHZUmuJsQ3aF5xkXJ6Igv8p9E11ZSFIfCk29CryWD-7rJ-Q373NohbarBuB1xIKm9h6Fgo4rgfKWUeOMA2J1Kfi4MyR-18=w1200-h800-no\" data-link=\"https:\/\/photos.google.com\/share\/AF1QipMF9zisfRSDHsCg66rpI1kSFrOxVFDj8sHqG1vWbRawy_BRV-8bZrUIqHqa892jJQ\/photo\/AF1QipM0BO3YVXuAEW4MR9a_p_AtqFGZn4cW_YcGv2M7?key=MmhDd0FqQm1xaDZ3MWhLdkc3eVVHeDF5NGtGOTNn\" \/><br \/>\n<img decoding=\"async\" src=\"https:\/\/lh3.googleusercontent.com\/OHIiqSfS4LMOHKMK1-yKUFBA9c68hxd2ggpfTm1I-hmiY_kzoJ9T_u76-2BVGBVKAt1L2lt01XExo0_SwhyT4gKSzjwacTHRogX8HpzSHsVoUN638pg0639LpB06yEFXS_xgmixTyQMAWdHCEfO5mn_xR4zHzszNv4DrnCUvQQGZSUQ5KKDpbwmS1JTvm_5uWU3DeGry1JYEoF01mugQbqNWa4nhScUl5jx63xpVu30z803ZLR-AyQmucULzqBe5BkZWZOHIy8QOB0UkoSqm1bXDs8QGuDIS7qNhB2dUdjqisvIU4hTo3uvAPVWt-9J7G09IfFgCSm-XtY9t1D260OgdAdF8ZL5yWur2fK3PCkhSvzpNXIeasa9hrL0L_hlc974uAsdk-W64f1iLoH8boCGH7PW_H_NzAzrvs5wgY4kfoaoXud6hZqSzSGdEiOMCkXQhvDTKa5YNomnlhBw91Tk-Q-fPjaHKB_Pkg0vvUlOMCLNqhDQu2WCtsfp1pU--ZfiwsxBWq300H1pMAs6nMBMXk2qfLgacZlpZxeS8enE5QH5KMyofMFMXTRyWpXsNocgCIYygnursSHlLVH9-poTfMGCnnbZ7ItX__382-5uSiy_A2T0CuPmlTbId2DKxP4lPHS7gJbtrQWlo8wCx0v_cxm9WcjIQyHgRIHtcjQ=w1200-h800-no\" data-link=\"https:\/\/photos.google.com\/share\/AF1QipMF9zisfRSDHsCg66rpI1kSFrOxVFDj8sHqG1vWbRawy_BRV-8bZrUIqHqa892jJQ\/photo\/AF1QipMRCiHEuZfQHg4jR41PXQmfBLJIDbRIzJX1YQDV?key=MmhDd0FqQm1xaDZ3MWhLdkc3eVVHeDF5NGtGOTNn\" \/><\/div>\n<p><a href=\"https:\/\/photos.app.goo.gl\/3BabyuGYqNkC7s736\">FOTOS D&#8217;ALGUNS DELS\u00a0 ESPAIS<\/a><\/p>\n","protected":false},"excerpt":{"rendered":"<p>A la nostra escola tenim:<br \/>\n2 pistes de futbol i un gran pati, un pati diferencial per Educaci\u00f3 Infantil, 1 aula de psicomotricitat, 1 sala d&#8217;actes, 1 aula tecnologia i rob\u00f2tica, 1 aula de m\u00fasica, 1 biblioteca, 6 aules d&#8217;educaci\u00f3 infantil, 12 aules de prim\u00e0ria, 3&hellip;  <a href=\"https:\/\/agora.xtec.cat\/escolalarjau\/lescola\/instal%c2%b7lacions\/\" title=\"Read Instal\u00b7lacions\">Llegeix m\u00e9s\u00bb<\/a><\/p>\n","protected":false},"author":1,"featured_media":0,"parent":22,"menu_order":40,"comment_status":"closed","ping_status":"closed","template":"page-templates\/side-menu.php","meta":{"_bbp_topic_count":0,"_bbp_reply_count":0,"_bbp_total_topic_count":0,"_bbp_total_reply_count":0,"_bbp_voice_count":0,"_bbp_anonymous_reply_count":0,"_bbp_topic_count_hidden":0,"_bbp_reply_count_hidden":0,"_bbp_forum_subforum_count":0,"footnotes":""},"class_list":["post-30","page","type-page","status-publish","hentry"],"post_mailing_queue_ids":[],"_links":{"self":[{"href":"https:\/\/agora.xtec.cat\/escolalarjau\/wp-json\/wp\/v2\/pages\/30","targetHints":{"allow":["GET"]}}],"collection":[{"href":"https:\/\/agora.xtec.cat\/escolalarjau\/wp-json\/wp\/v2\/pages"}],"about":[{"href":"https:\/\/agora.xtec.cat\/escolalarjau\/wp-json\/wp\/v2\/types\/page"}],"author":[{"embeddable":true,"href":"https:\/\/agora.xtec.cat\/escolalarjau\/wp-json\/wp\/v2\/users\/1"}],"replies":[{"embeddable":true,"href":"https:\/\/agora.xtec.cat\/escolalarjau\/wp-json\/wp\/v2\/comments?post=30"}],"version-history":[{"count":5,"href":"https:\/\/agora.xtec.cat\/escolalarjau\/wp-json\/wp\/v2\/pages\/30\/revisions"}],"predecessor-version":[{"id":4099,"href":"https:\/\/agora.xtec.cat\/escolalarjau\/wp-json\/wp\/v2\/pages\/30\/revisions\/4099"}],"up":[{"embeddable":true,"href":"https:\/\/agora.xtec.cat\/escolalarjau\/wp-json\/wp\/v2\/pages\/22"}],"wp:attachment":[{"href":"https:\/\/agora.xtec.cat\/escolalarjau\/wp-json\/wp\/v2\/media?parent=30"}],"curies":[{"name":"wp","href":"https:\/\/api.w.org\/{rel}","templated":true}]}}