{"id":1999,"date":"2018-01-31T18:49:42","date_gmt":"2018-01-31T17:49:42","guid":{"rendered":"http:\/\/agora.xtec.cat\/escolalarjau\/?page_id=1999"},"modified":"2020-01-14T12:35:04","modified_gmt":"2020-01-14T11:35:04","slug":"projecte-tecnologic","status":"publish","type":"page","link":"https:\/\/agora.xtec.cat\/escolalarjau\/projecte-tecnologic\/","title":{"rendered":"Projecte Tecnol\u00f2gic"},"content":{"rendered":"<p>Aquest 2018 hem comen\u00e7at l&#8217;any millorant les noves tecnologies. Ja tenim projectors a totes les classes de prim\u00e0ria i a tots els nivells d&#8217;infantil.<br \/>\nTamb\u00e9 hem comen\u00e7at a treballar la rob\u00f2tica al taller de tecnologia estrenant tauletes digitals, blue-bots i pro-bots, aquests robots motiven als nens i nenes a treballar familiaritzant-se amb la tecnologia des de ben petits; s&#8217;engresquen, desenvolupen el pensament l\u00f2gic, creen, programen i es diverteixen treballant en equip.<\/p>\n<p>&nbsp;<br \/>\n<iframe loading=\"lazy\" src=\"https:\/\/drive.google.com\/file\/d\/1DGEXPPvDmtwGWZmGqBebHRKJ-t6jLFBx\/preview\" width=\"940\" height=\"780\"><\/iframe><\/p>\n","protected":false},"excerpt":{"rendered":"<p>Aquest 2018 hem comen\u00e7at l&#8217;any millorant les noves tecnologies. Ja tenim projectors a totes les classes de prim\u00e0ria i a tots els nivells d&#8217;infantil.<br \/>\nTamb\u00e9 hem comen\u00e7at a treballar la rob\u00f2tica al taller de tecnologia estrenant tauletes digitals, blue-bots i pro-bots, aquests robots motiven als nens&hellip;  <a href=\"https:\/\/agora.xtec.cat\/escolalarjau\/projecte-tecnologic\/\" title=\"Read Projecte Tecnol\u00f2gic\">Llegeix m\u00e9s\u00bb<\/a><\/p>\n","protected":false},"author":1,"featured_media":0,"parent":0,"menu_order":0,"comment_status":"closed","ping_status":"closed","template":"","meta":{"_bbp_topic_count":0,"_bbp_reply_count":0,"_bbp_total_topic_count":0,"_bbp_total_reply_count":0,"_bbp_voice_count":0,"_bbp_anonymous_reply_count":0,"_bbp_topic_count_hidden":0,"_bbp_reply_count_hidden":0,"_bbp_forum_subforum_count":0,"footnotes":""},"class_list":["post-1999","page","type-page","status-publish","hentry"],"post_mailing_queue_ids":[],"_links":{"self":[{"href":"https:\/\/agora.xtec.cat\/escolalarjau\/wp-json\/wp\/v2\/pages\/1999","targetHints":{"allow":["GET"]}}],"collection":[{"href":"https:\/\/agora.xtec.cat\/escolalarjau\/wp-json\/wp\/v2\/pages"}],"about":[{"href":"https:\/\/agora.xtec.cat\/escolalarjau\/wp-json\/wp\/v2\/types\/page"}],"author":[{"embeddable":true,"href":"https:\/\/agora.xtec.cat\/escolalarjau\/wp-json\/wp\/v2\/users\/1"}],"replies":[{"embeddable":true,"href":"https:\/\/agora.xtec.cat\/escolalarjau\/wp-json\/wp\/v2\/comments?post=1999"}],"version-history":[{"count":2,"href":"https:\/\/agora.xtec.cat\/escolalarjau\/wp-json\/wp\/v2\/pages\/1999\/revisions"}],"predecessor-version":[{"id":2863,"href":"https:\/\/agora.xtec.cat\/escolalarjau\/wp-json\/wp\/v2\/pages\/1999\/revisions\/2863"}],"wp:attachment":[{"href":"https:\/\/agora.xtec.cat\/escolalarjau\/wp-json\/wp\/v2\/media?parent=1999"}],"curies":[{"name":"wp","href":"https:\/\/api.w.org\/{rel}","templated":true}]}}