{"id":677,"date":"2020-02-02T22:01:01","date_gmt":"2020-02-02T21:01:01","guid":{"rendered":"https:\/\/agora.xtec.cat\/escolalarenaldellevant\/?page_id=677"},"modified":"2020-02-21T12:44:28","modified_gmt":"2020-02-21T11:44:28","slug":"projectes-i-programes-dinnovacio","status":"publish","type":"page","link":"https:\/\/agora.xtec.cat\/escolalarenaldellevant\/com-treballem\/projectes-i-programes-dinnovacio\/","title":{"rendered":"Projectes i programes d&#8217;innovaci\u00f3"},"content":{"rendered":"<p><a href=\"https:\/\/agora.xtec.cat\/escolalarenaldellevant\/wp-content\/uploads\/usu1505\/2020\/02\/1-2.png\"><img loading=\"lazy\" decoding=\"async\" class=\"size-large wp-image-686 alignleft\" src=\"https:\/\/agora.xtec.cat\/escolalarenaldellevant\/wp-content\/uploads\/usu1505\/2020\/02\/1-2-410x1024.png\" alt=\"\" width=\"410\" height=\"1024\" srcset=\"https:\/\/agora.xtec.cat\/escolalarenaldellevant\/wp-content\/uploads\/usu1505\/2020\/02\/1-2-410x1024.png 410w, https:\/\/agora.xtec.cat\/escolalarenaldellevant\/wp-content\/uploads\/usu1505\/2020\/02\/1-2-120x300.png 120w, https:\/\/agora.xtec.cat\/escolalarenaldellevant\/wp-content\/uploads\/usu1505\/2020\/02\/1-2-768x1920.png 768w, https:\/\/agora.xtec.cat\/escolalarenaldellevant\/wp-content\/uploads\/usu1505\/2020\/02\/1-2.png 800w\" sizes=\"auto, (max-width: 410px) 100vw, 410px\" \/><\/a><\/p>\n<p>&nbsp;<\/p>\n<p>&nbsp;<\/p>\n<p>&nbsp;<\/p>\n<p><a href=\"https:\/\/agora.xtec.cat\/escolalarenaldellevant\/wp-content\/uploads\/usu1505\/2020\/02\/106226.png\"><img loading=\"lazy\" decoding=\"async\" class=\"wp-image-802 alignleft\" src=\"https:\/\/agora.xtec.cat\/escolalarenaldellevant\/wp-content\/uploads\/usu1505\/2020\/02\/106226.png\" alt=\"\" width=\"93\" height=\"93\" srcset=\"https:\/\/agora.xtec.cat\/escolalarenaldellevant\/wp-content\/uploads\/usu1505\/2020\/02\/106226.png 512w, https:\/\/agora.xtec.cat\/escolalarenaldellevant\/wp-content\/uploads\/usu1505\/2020\/02\/106226-150x150.png 150w, https:\/\/agora.xtec.cat\/escolalarenaldellevant\/wp-content\/uploads\/usu1505\/2020\/02\/106226-300x300.png 300w\" sizes=\"auto, (max-width: 93px) 100vw, 93px\" \/><\/a> \u00a0A continuaci\u00f3 trobareu les recerques realitzades pels infants de L&#8217;Arenal de Llevant\u00a0 i algunes publicacions on s&#8217;explica l&#8217;experi\u00e8ncia de participar-hi.<\/p>\n<p><a href=\"https:\/\/drive.google.com\/file\/d\/1Fz_1bnkR6SdFGnr6C3NX7_xZk4540-sy\/view?usp=sharing\">Com afecta la temperatura ambiental a les formigues? (curs 18-19)<\/a><\/p>\n<p><a href=\"https:\/\/agora.xtec.cat\/escolalarenaldellevant\/wp-content\/uploads\/usu1505\/2020\/02\/2627_arenal_ll_3r.pdf\">Com \u00e9s que hi ha pa\u00efsos on sempre fa calor? (curs 17-18)<\/a><\/p>\n<p><a href=\"https:\/\/agora.xtec.cat\/escolalarenaldellevant\/wp-content\/uploads\/usu1505\/2020\/02\/2626_arenal_ll_4t.pdf\">Anem de viatge a Brasil, qu\u00e8 poso a la maleta? (curs 17-18)<\/a><\/p>\n<p><a href=\"https:\/\/media-edg.barcelona.cat\/wp-content\/uploads\/2018\/12\/14202724\/investiguem_com_funciona_el_cos_humae_web.pdf\">Investiguem com funciona el cos hum\u00e0 (p\u00e0g. 71) (curs 16-17)<\/a><\/p>\n<p><a href=\"https:\/\/drive.google.com\/file\/d\/1teSPBO5RrUAEaPqu8r7lmzMHq5gZDMrG\/view?usp=sharing\">Sures o t&#8217;enfonses? (curs 16-17)<\/a><\/p>\n<p><a href=\"https:\/\/www.youtube.com\/watch?v=nmU3XAli2yE&amp;feature=youtu.be\">Com s&#8217;ho fa el cos per portar oxigen als m\u00fasculs? (curs 16-17)<\/a><\/p>\n<p><a href=\"https:\/\/www.youtube.com\/watch?v=Gc8Yw0-F5Cc&amp;feature=youtu.be\">Com \u00e9s que tenim pessigolles en algunes parts del cos?(curs16-17)<\/a><\/p>\n<p><a href=\"https:\/\/drive.google.com\/file\/d\/1DzprP16O5q5sUzlm3JMT6irOj0DjWjy6\/view?usp=sharing\">Podem escoltar la r\u00e0dio sota l&#8217;aigua? (curs 15-16)<\/a><\/p>\n<p><a href=\"https:\/\/www.youtube.com\/watch?time_continue=58&amp;v=cSUquLP_jN4\">Qu\u00e8 \u00e9s Petits Talents Cient\u00edfics?<\/a><\/p>\n<p>&nbsp;<\/p>\n<p>&nbsp;<\/p>\n<p>&nbsp;<\/p>\n<p>&nbsp;<\/p>\n<p>&nbsp;<\/p>\n<p>&nbsp;<\/p>\n<p>&nbsp;<\/p>\n<p>&nbsp;<\/p>\n<p>&nbsp;<\/p>\n<p>&nbsp;<\/p>\n<p><a href=\"https:\/\/agora.xtec.cat\/escolalarenaldellevant\/wp-content\/uploads\/usu1505\/2020\/02\/3.png\"><img loading=\"lazy\" decoding=\"async\" class=\"size-large wp-image-701 alignleft\" src=\"https:\/\/agora.xtec.cat\/escolalarenaldellevant\/wp-content\/uploads\/usu1505\/2020\/02\/3-410x1024.png\" alt=\"\" width=\"410\" height=\"1024\" srcset=\"https:\/\/agora.xtec.cat\/escolalarenaldellevant\/wp-content\/uploads\/usu1505\/2020\/02\/3-410x1024.png 410w, https:\/\/agora.xtec.cat\/escolalarenaldellevant\/wp-content\/uploads\/usu1505\/2020\/02\/3-120x300.png 120w, https:\/\/agora.xtec.cat\/escolalarenaldellevant\/wp-content\/uploads\/usu1505\/2020\/02\/3-768x1920.png 768w, https:\/\/agora.xtec.cat\/escolalarenaldellevant\/wp-content\/uploads\/usu1505\/2020\/02\/3.png 800w\" sizes=\"auto, (max-width: 410px) 100vw, 410px\" \/><\/a><\/p>\n<p>&nbsp;<\/p>\n<p>&nbsp;<\/p>\n<p>&nbsp;<\/p>\n<p><a href=\"https:\/\/agora.xtec.cat\/escolalarenaldellevant\/wp-content\/uploads\/usu1505\/2020\/02\/47288.png\"><img loading=\"lazy\" decoding=\"async\" class=\"wp-image-801 alignleft\" src=\"https:\/\/agora.xtec.cat\/escolalarenaldellevant\/wp-content\/uploads\/usu1505\/2020\/02\/47288.png\" alt=\"\" width=\"77\" height=\"77\" srcset=\"https:\/\/agora.xtec.cat\/escolalarenaldellevant\/wp-content\/uploads\/usu1505\/2020\/02\/47288.png 512w, https:\/\/agora.xtec.cat\/escolalarenaldellevant\/wp-content\/uploads\/usu1505\/2020\/02\/47288-150x150.png 150w, https:\/\/agora.xtec.cat\/escolalarenaldellevant\/wp-content\/uploads\/usu1505\/2020\/02\/47288-300x300.png 300w\" sizes=\"auto, (max-width: 77px) 100vw, 77px\" \/><\/a><a href=\"https:\/\/formiguescooperatives.cat\/\" target=\"_blank\" rel=\"noopener noreferrer\">FORMIGUES COOPERATIVES<\/a><\/p>\n<p>&nbsp;<\/p>\n<p>&nbsp;<\/p>\n<p>&nbsp;<\/p>\n<p><iframe loading=\"lazy\" src=\"\/\/player.vimeo.com\/video\/296732168?title=0&amp;byline=0&amp;portrait=0&amp;color=8dc7dc\" width=\"425\" height=\"350\" allowfullscreen=\"allowfullscreen\"><\/iframe><\/p>\n<p>&nbsp;<\/p>\n<p>&nbsp;<\/p>\n<p>&nbsp;<\/p>\n<p>&nbsp;<\/p>\n<p>&nbsp;<\/p>\n<p>&nbsp;<\/p>\n<p>&nbsp;<\/p>\n<p>&nbsp;<\/p>\n<p>&nbsp;<\/p>\n<p><a href=\"https:\/\/agora.xtec.cat\/escolalarenaldellevant\/wp-content\/uploads\/usu1505\/2020\/02\/4.png\"><img loading=\"lazy\" decoding=\"async\" class=\"size-large wp-image-702 alignleft\" src=\"https:\/\/agora.xtec.cat\/escolalarenaldellevant\/wp-content\/uploads\/usu1505\/2020\/02\/4-410x1024.png\" alt=\"\" width=\"410\" height=\"1024\" srcset=\"https:\/\/agora.xtec.cat\/escolalarenaldellevant\/wp-content\/uploads\/usu1505\/2020\/02\/4-410x1024.png 410w, https:\/\/agora.xtec.cat\/escolalarenaldellevant\/wp-content\/uploads\/usu1505\/2020\/02\/4-120x300.png 120w, https:\/\/agora.xtec.cat\/escolalarenaldellevant\/wp-content\/uploads\/usu1505\/2020\/02\/4-768x1920.png 768w, https:\/\/agora.xtec.cat\/escolalarenaldellevant\/wp-content\/uploads\/usu1505\/2020\/02\/4.png 800w\" sizes=\"auto, (max-width: 410px) 100vw, 410px\" \/> <\/a><\/p>\n<p>&nbsp;<\/p>\n<p>&nbsp;<\/p>\n<p>&nbsp;<\/p>\n<p><a href=\"https:\/\/agora.xtec.cat\/escolalarenaldellevant\/wp-content\/uploads\/usu1505\/2020\/02\/66585.png\"><img loading=\"lazy\" decoding=\"async\" class=\"wp-image-803 alignleft\" src=\"https:\/\/agora.xtec.cat\/escolalarenaldellevant\/wp-content\/uploads\/usu1505\/2020\/02\/66585.png\" alt=\"\" width=\"100\" height=\"100\" srcset=\"https:\/\/agora.xtec.cat\/escolalarenaldellevant\/wp-content\/uploads\/usu1505\/2020\/02\/66585.png 512w, https:\/\/agora.xtec.cat\/escolalarenaldellevant\/wp-content\/uploads\/usu1505\/2020\/02\/66585-150x150.png 150w, https:\/\/agora.xtec.cat\/escolalarenaldellevant\/wp-content\/uploads\/usu1505\/2020\/02\/66585-300x300.png 300w\" sizes=\"auto, (max-width: 100px) 100vw, 100px\" \/><\/a><a href=\"https:\/\/sites.google.com\/a\/xtec.cat\/aex\/home\" target=\"_blank\" rel=\"noopener noreferrer\">APRENEM EN XARXA<\/a><\/p>\n<p>&nbsp;<\/p>\n<p>&nbsp;<\/p>\n<p>&nbsp;<\/p>\n<p>&nbsp;<\/p>\n<p>&nbsp;<\/p>\n<p>&nbsp;<\/p>\n<p>&nbsp;<\/p>\n<p>&nbsp;<\/p>\n<p>&nbsp;<\/p>\n<p>&nbsp;<\/p>\n<p>&nbsp;<\/p>\n<p>&nbsp;<\/p>\n<p>&nbsp;<\/p>\n<p>&nbsp;<\/p>\n<p>&nbsp;<\/p>\n<p>&nbsp;<\/p>\n<p>&nbsp;<\/p>\n<p>&nbsp;<\/p>\n<p>&nbsp;<\/p>\n<p>&nbsp;<\/p>\n<p><a href=\"https:\/\/agora.xtec.cat\/escolalarenaldellevant\/wp-content\/uploads\/usu1505\/2020\/02\/makers-redimensiona.png\"><img loading=\"lazy\" decoding=\"async\" class=\"size-large wp-image-688 alignleft\" src=\"https:\/\/agora.xtec.cat\/escolalarenaldellevant\/wp-content\/uploads\/usu1505\/2020\/02\/makers-redimensiona-410x1024.png\" alt=\"\" width=\"410\" height=\"1024\" srcset=\"https:\/\/agora.xtec.cat\/escolalarenaldellevant\/wp-content\/uploads\/usu1505\/2020\/02\/makers-redimensiona-410x1024.png 410w, https:\/\/agora.xtec.cat\/escolalarenaldellevant\/wp-content\/uploads\/usu1505\/2020\/02\/makers-redimensiona-120x300.png 120w, https:\/\/agora.xtec.cat\/escolalarenaldellevant\/wp-content\/uploads\/usu1505\/2020\/02\/makers-redimensiona.png 500w\" sizes=\"auto, (max-width: 410px) 100vw, 410px\" \/>\u00a0<\/a><\/p>\n<p>&nbsp;<\/p>\n<p>&nbsp;<\/p>\n<p>&nbsp;<\/p>\n<p><a href=\"https:\/\/agora.xtec.cat\/escolalarenaldellevant\/wp-content\/uploads\/usu1505\/2020\/02\/ipad_icon-icons.com_49914.png\"><img loading=\"lazy\" decoding=\"async\" class=\"wp-image-810 alignleft\" src=\"https:\/\/agora.xtec.cat\/escolalarenaldellevant\/wp-content\/uploads\/usu1505\/2020\/02\/ipad_icon-icons.com_49914.png\" alt=\"\" width=\"105\" height=\"105\" srcset=\"https:\/\/agora.xtec.cat\/escolalarenaldellevant\/wp-content\/uploads\/usu1505\/2020\/02\/ipad_icon-icons.com_49914.png 512w, https:\/\/agora.xtec.cat\/escolalarenaldellevant\/wp-content\/uploads\/usu1505\/2020\/02\/ipad_icon-icons.com_49914-150x150.png 150w, https:\/\/agora.xtec.cat\/escolalarenaldellevant\/wp-content\/uploads\/usu1505\/2020\/02\/ipad_icon-icons.com_49914-300x300.png 300w\" sizes=\"auto, (max-width: 105px) 100vw, 105px\" \/><\/a><\/p>\n<p><a href=\"https:\/\/ildeplus.upf.edu\/makersalesaules\/\" target=\"_blank\" rel=\"noopener noreferrer\">MAKERS A LES AULES<\/a><\/p>\n<p>&nbsp;<\/p>\n<p>&nbsp;<\/p>\n<p>&nbsp;<\/p>\n<p>&nbsp;<\/p>\n<p>&nbsp;<\/p>\n<p>&nbsp;<\/p>\n<p>&nbsp;<\/p>\n<p>&nbsp;<\/p>\n<p>&nbsp;<\/p>\n<p>&nbsp;<\/p>\n<p>&nbsp;<\/p>\n<p>&nbsp;<\/p>\n<p>&nbsp;<\/p>\n<p>&nbsp;<\/p>\n<p>&nbsp;<\/p>\n<p>&nbsp;<\/p>\n<p>&nbsp;<\/p>\n<p>&nbsp;<\/p>\n<p>&nbsp;<\/p>\n<p style=\"text-align: center;\"><a href=\"https:\/\/agora.xtec.cat\/escolalarenaldellevant\/com-treballem\/projectes-i-programes-dinnovacio\/attachment\/grayscale-grid-birthday-poster\/\" rel=\"attachment wp-att-1009\"><img loading=\"lazy\" decoding=\"async\" class=\"alignnone size-large wp-image-1009\" src=\"https:\/\/agora.xtec.cat\/escolalarenaldellevant\/wp-content\/uploads\/usu1505\/2020\/02\/Grayscale-Grid-Birthday-Poster-724x1024.png\" alt=\"\" width=\"724\" height=\"1024\" srcset=\"https:\/\/agora.xtec.cat\/escolalarenaldellevant\/wp-content\/uploads\/usu1505\/2020\/02\/Grayscale-Grid-Birthday-Poster-724x1024.png 724w, https:\/\/agora.xtec.cat\/escolalarenaldellevant\/wp-content\/uploads\/usu1505\/2020\/02\/Grayscale-Grid-Birthday-Poster-212x300.png 212w, https:\/\/agora.xtec.cat\/escolalarenaldellevant\/wp-content\/uploads\/usu1505\/2020\/02\/Grayscale-Grid-Birthday-Poster-768x1086.png 768w, https:\/\/agora.xtec.cat\/escolalarenaldellevant\/wp-content\/uploads\/usu1505\/2020\/02\/Grayscale-Grid-Birthday-Poster.png 1587w\" sizes=\"auto, (max-width: 724px) 100vw, 724px\" \/><\/a><\/p>\n","protected":false},"excerpt":{"rendered":"<p>&nbsp; &nbsp; &nbsp; \u00a0A continuaci\u00f3 trobareu les recerques realitzades pels infants de L&#8217;Arenal de Llevant\u00a0 i algunes publicacions on s&#8217;explica l&#8217;experi\u00e8ncia de participar-hi. Com afecta la temperatura ambiental a les formigues? (curs 18-19) Com \u00e9s que hi ha pa\u00efsos on sempre fa calor? (curs 17-18) Anem de viatge a Brasil, qu\u00e8 poso a la maleta? [&hellip;]<\/p>\n","protected":false},"author":1,"featured_media":0,"parent":64,"menu_order":11,"comment_status":"closed","ping_status":"closed","template":"page-templates\/side-menu.php","meta":{"_bbp_topic_count":0,"_bbp_reply_count":0,"_bbp_total_topic_count":0,"_bbp_total_reply_count":0,"_bbp_voice_count":0,"_bbp_anonymous_reply_count":0,"_bbp_topic_count_hidden":0,"_bbp_reply_count_hidden":0,"_bbp_forum_subforum_count":0,"site-sidebar-layout":"default","site-content-layout":"","ast-site-content-layout":"","site-content-style":"default","site-sidebar-style":"default","ast-global-header-display":"","ast-banner-title-visibility":"","ast-main-header-display":"","ast-hfb-above-header-display":"","ast-hfb-below-header-display":"","ast-hfb-mobile-header-display":"","site-post-title":"","ast-breadcrumbs-content":"","ast-featured-img":"","footer-sml-layout":"","theme-transparent-header-meta":"","adv-header-id-meta":"","stick-header-meta":"","header-above-stick-meta":"","header-main-stick-meta":"","header-below-stick-meta":"","astra-migrate-meta-layouts":"default","ast-page-background-enabled":"default","ast-page-background-meta":{"desktop":{"background-color":"var(--ast-global-color-4)","background-image":"","background-repeat":"repeat","background-position":"center center","background-size":"auto","background-attachment":"scroll","background-type":"","background-media":"","overlay-type":"","overlay-color":"","overlay-opacity":"","overlay-gradient":""},"tablet":{"background-color":"","background-image":"","background-repeat":"repeat","background-position":"center center","background-size":"auto","background-attachment":"scroll","background-type":"","background-media":"","overlay-type":"","overlay-color":"","overlay-opacity":"","overlay-gradient":""},"mobile":{"background-color":"","background-image":"","background-repeat":"repeat","background-position":"center center","background-size":"auto","background-attachment":"scroll","background-type":"","background-media":"","overlay-type":"","overlay-color":"","overlay-opacity":"","overlay-gradient":""}},"ast-content-background-meta":{"desktop":{"background-color":"var(--ast-global-color-5)","background-image":"","background-repeat":"repeat","background-position":"center center","background-size":"auto","background-attachment":"scroll","background-type":"","background-media":"","overlay-type":"","overlay-color":"","overlay-opacity":"","overlay-gradient":""},"tablet":{"background-color":"var(--ast-global-color-5)","background-image":"","background-repeat":"repeat","background-position":"center center","background-size":"auto","background-attachment":"scroll","background-type":"","background-media":"","overlay-type":"","overlay-color":"","overlay-opacity":"","overlay-gradient":""},"mobile":{"background-color":"var(--ast-global-color-5)","background-image":"","background-repeat":"repeat","background-position":"center center","background-size":"auto","background-attachment":"scroll","background-type":"","background-media":"","overlay-type":"","overlay-color":"","overlay-opacity":"","overlay-gradient":""}},"footnotes":""},"class_list":["post-677","page","type-page","status-publish","hentry"],"post_mailing_queue_ids":[],"_links":{"self":[{"href":"https:\/\/agora.xtec.cat\/escolalarenaldellevant\/wp-json\/wp\/v2\/pages\/677","targetHints":{"allow":["GET"]}}],"collection":[{"href":"https:\/\/agora.xtec.cat\/escolalarenaldellevant\/wp-json\/wp\/v2\/pages"}],"about":[{"href":"https:\/\/agora.xtec.cat\/escolalarenaldellevant\/wp-json\/wp\/v2\/types\/page"}],"author":[{"embeddable":true,"href":"https:\/\/agora.xtec.cat\/escolalarenaldellevant\/wp-json\/wp\/v2\/users\/1"}],"replies":[{"embeddable":true,"href":"https:\/\/agora.xtec.cat\/escolalarenaldellevant\/wp-json\/wp\/v2\/comments?post=677"}],"version-history":[{"count":3,"href":"https:\/\/agora.xtec.cat\/escolalarenaldellevant\/wp-json\/wp\/v2\/pages\/677\/revisions"}],"predecessor-version":[{"id":1010,"href":"https:\/\/agora.xtec.cat\/escolalarenaldellevant\/wp-json\/wp\/v2\/pages\/677\/revisions\/1010"}],"up":[{"embeddable":true,"href":"https:\/\/agora.xtec.cat\/escolalarenaldellevant\/wp-json\/wp\/v2\/pages\/64"}],"wp:attachment":[{"href":"https:\/\/agora.xtec.cat\/escolalarenaldellevant\/wp-json\/wp\/v2\/media?parent=677"}],"curies":[{"name":"wp","href":"https:\/\/api.w.org\/{rel}","templated":true}]}}