{"id":565,"date":"2020-01-20T20:57:48","date_gmt":"2020-01-20T19:57:48","guid":{"rendered":"https:\/\/agora.xtec.cat\/escolalarenaldellevant\/?page_id=565"},"modified":"2026-01-15T10:03:42","modified_gmt":"2026-01-15T09:03:42","slug":"documents","status":"publish","type":"page","link":"https:\/\/agora.xtec.cat\/escolalarenaldellevant\/lescola\/documents\/","title":{"rendered":"Documents d&#8217;escola"},"content":{"rendered":"\n<h2 class=\"wp-block-heading\"><strong>&nbsp;<\/strong><\/h2>\n\n\n\n<p><a href=\"https:\/\/agora.xtec.cat\/escolalarenaldellevant\/wp-content\/uploads\/usu1505\/2020\/02\/file_icon_128862.png\"><img loading=\"lazy\" decoding=\"async\" width=\"30\" height=\"30\" class=\"alignnone wp-image-815\" src=\"https:\/\/agora.xtec.cat\/escolalarenaldellevant\/wp-content\/uploads\/usu1505\/2020\/02\/file_icon_128862.png\" alt=\"\" srcset=\"https:\/\/agora.xtec.cat\/escolalarenaldellevant\/wp-content\/uploads\/usu1505\/2020\/02\/file_icon_128862.png 512w, https:\/\/agora.xtec.cat\/escolalarenaldellevant\/wp-content\/uploads\/usu1505\/2020\/02\/file_icon_128862-150x150.png 150w, https:\/\/agora.xtec.cat\/escolalarenaldellevant\/wp-content\/uploads\/usu1505\/2020\/02\/file_icon_128862-300x300.png 300w\" sizes=\"auto, (max-width: 30px) 100vw, 30px\" \/><\/a>&nbsp; &nbsp;&nbsp; Descarrega el <span style=\"color: #000080;\"><a style=\"color: #000080;\" href=\"https:\/\/drive.google.com\/file\/d\/1oxz4QA60zMgOUOokU_t-0r9rofsaVkTI\/view\">PROJECTE EDUCATIU DE CENTRE (PEC)<\/a><\/span><\/p>\n\n\n\n<iframe loading=\"lazy\" src=\"https:\/\/drive.google.com\/file\/d\/1oxz4QA60zMgOUOokU_t-0r9rofsaVkTI\/preview\" width=\"320\" height=\"240\"><\/iframe>\n\n\n\n<p><span style=\"color: #000080;\"><img loading=\"lazy\" decoding=\"async\" class=\"\" src=\"https:\/\/agora.xtec.cat\/escolalarenaldellevant\/wp-content\/uploads\/usu1505\/2020\/02\/file_icon_128862.png\" width=\"30\" height=\"30\">&nbsp; &nbsp; &nbsp;&nbsp; <a style=\"color: #000080;\" href=\"https:\/\/agora.xtec.cat\/escolalarenaldellevant\/wp-content\/uploads\/usu1505\/2023\/01\/NOFC-LARENAL-22-23.pdf\">NORMES D&#8217;ORGANITZACI\u00d3 I FUNCIONAMENT DE CENTRE (NOFC)<\/a><\/span><\/p>\n\n\n\n<p><span style=\"color: #000080;\"><img loading=\"lazy\" decoding=\"async\" class=\"\" src=\"https:\/\/agora.xtec.cat\/escolalarenaldellevant\/wp-content\/uploads\/usu1505\/2020\/02\/file_icon_128862.png\" width=\"30\" height=\"30\"> &nbsp; &nbsp; <a style=\"color: #000080;\" href=\"https:\/\/agora.xtec.cat\/escolalarenaldellevant\/wp-content\/uploads\/usu1505\/2022\/07\/Projecte-Linguistic-2022.pdf\">&nbsp;PROJECTE LING\u00dc\u00cdSTIC (PL)<\/a><\/span><\/p>\n\n\n\n<p><span style=\"font-size: 16px; color: #000080;\"><img loading=\"lazy\" decoding=\"async\" class=\"\" src=\"https:\/\/agora.xtec.cat\/escolalarenaldellevant\/wp-content\/uploads\/usu1505\/2020\/02\/file_icon_128862.png\" width=\"31\" height=\"31\">&nbsp; &nbsp;&nbsp; &nbsp;<a style=\"color: #000080;\" href=\"https:\/\/agora.xtec.cat\/escolalarenaldellevant\/wp-content\/uploads\/usu1505\/2022\/01\/Projecte-de-convivencia-2022.pdf\">PROJECTE DE CONVIV\u00c8NCIA<\/a><\/span><\/p>\n\n\n\n<p><span style=\"color: #000080;\"><img loading=\"lazy\" decoding=\"async\" width=\"30\" height=\"30\" class=\"\" src=\"https:\/\/agora.xtec.cat\/escolalarenaldellevant\/wp-content\/uploads\/usu1505\/2020\/02\/file_icon_128862.png\"> \u00a0 \u00a0 Descarregar el\u00a0<a style=\"color: #000080;\" href=\"https:\/\/agora.xtec.cat\/escolalarenaldellevant\/wp-content\/uploads\/usu1505\/2023\/01\/Pla-de-funcionament-menjador-22-23-Arenal.pdf\">PLA DE FUNCIONAMENT DE MENJADOR<\/a><\/span><\/p>\n\n\n\n<p><span style=\"color: #000080;\"><img loading=\"lazy\" decoding=\"async\" class=\"\" src=\"https:\/\/agora.xtec.cat\/escolalarenaldellevant\/wp-content\/uploads\/usu1505\/2020\/02\/file_icon_128862.png\" width=\"30\" height=\"30\">&nbsp; &nbsp; &nbsp;<a style=\"color: #000080;\" href=\"https:\/\/drive.google.com\/file\/d\/1P6QaCWNxSLpF3sNaxsanxFsX_gauXVjv\/view?usp=sharing\"> PLA DE COMUNICACI\u00d3<\/a><\/span><\/p>\n\n\n\n<iframe loading=\"lazy\" src=\"https:\/\/drive.google.com\/file\/d\/1oxz4QA60zMgOUOokU_t-0r9rofsaVkTI\/preview\" width=\"320\" height=\"240\"><\/iframe>\n\n\n\n<p><\/p>\n","protected":false},"excerpt":{"rendered":"<p>&nbsp; &nbsp; &nbsp;&nbsp; Descarrega el PROJECTE EDUCATIU DE CENTRE (PEC) &nbsp; &nbsp; &nbsp;&nbsp; NORMES D&#8217;ORGANITZACI\u00d3 I FUNCIONAMENT DE CENTRE (NOFC) &nbsp; &nbsp; &nbsp;PROJECTE LING\u00dc\u00cdSTIC (PL) &nbsp; &nbsp;&nbsp; &nbsp;PROJECTE DE CONVIV\u00c8NCIA \u00a0 \u00a0 Descarregar el\u00a0PLA DE FUNCIONAMENT DE MENJADOR &nbsp; &nbsp; &nbsp; PLA DE COMUNICACI\u00d3<\/p>\n","protected":false},"author":1,"featured_media":0,"parent":22,"menu_order":5,"comment_status":"closed","ping_status":"closed","template":"","meta":{"_bbp_topic_count":0,"_bbp_reply_count":0,"_bbp_total_topic_count":0,"_bbp_total_reply_count":0,"_bbp_voice_count":0,"_bbp_anonymous_reply_count":0,"_bbp_topic_count_hidden":0,"_bbp_reply_count_hidden":0,"_bbp_forum_subforum_count":0,"site-sidebar-layout":"default","site-content-layout":"","ast-site-content-layout":"default","site-content-style":"default","site-sidebar-style":"default","ast-global-header-display":"","ast-banner-title-visibility":"","ast-main-header-display":"","ast-hfb-above-header-display":"","ast-hfb-below-header-display":"","ast-hfb-mobile-header-display":"","site-post-title":"","ast-breadcrumbs-content":"","ast-featured-img":"","footer-sml-layout":"","theme-transparent-header-meta":"default","adv-header-id-meta":"","stick-header-meta":"","header-above-stick-meta":"","header-main-stick-meta":"","header-below-stick-meta":"","astra-migrate-meta-layouts":"set","ast-page-background-enabled":"default","ast-page-background-meta":{"desktop":{"background-color":"var(--ast-global-color-4)","background-image":"","background-repeat":"repeat","background-position":"center center","background-size":"auto","background-attachment":"scroll","background-type":"","background-media":"","overlay-type":"","overlay-color":"","overlay-opacity":"","overlay-gradient":""},"tablet":{"background-color":"","background-image":"","background-repeat":"repeat","background-position":"center center","background-size":"auto","background-attachment":"scroll","background-type":"","background-media":"","overlay-type":"","overlay-color":"","overlay-opacity":"","overlay-gradient":""},"mobile":{"background-color":"","background-image":"","background-repeat":"repeat","background-position":"center center","background-size":"auto","background-attachment":"scroll","background-type":"","background-media":"","overlay-type":"","overlay-color":"","overlay-opacity":"","overlay-gradient":""}},"ast-content-background-meta":{"desktop":{"background-color":"var(--ast-global-color-5)","background-image":"","background-repeat":"repeat","background-position":"center center","background-size":"auto","background-attachment":"scroll","background-type":"","background-media":"","overlay-type":"","overlay-color":"","overlay-opacity":"","overlay-gradient":""},"tablet":{"background-color":"var(--ast-global-color-5)","background-image":"","background-repeat":"repeat","background-position":"center center","background-size":"auto","background-attachment":"scroll","background-type":"","background-media":"","overlay-type":"","overlay-color":"","overlay-opacity":"","overlay-gradient":""},"mobile":{"background-color":"var(--ast-global-color-5)","background-image":"","background-repeat":"repeat","background-position":"center center","background-size":"auto","background-attachment":"scroll","background-type":"","background-media":"","overlay-type":"","overlay-color":"","overlay-opacity":"","overlay-gradient":""}},"footnotes":""},"class_list":["post-565","page","type-page","status-publish","hentry"],"post_mailing_queue_ids":[],"_links":{"self":[{"href":"https:\/\/agora.xtec.cat\/escolalarenaldellevant\/wp-json\/wp\/v2\/pages\/565","targetHints":{"allow":["GET"]}}],"collection":[{"href":"https:\/\/agora.xtec.cat\/escolalarenaldellevant\/wp-json\/wp\/v2\/pages"}],"about":[{"href":"https:\/\/agora.xtec.cat\/escolalarenaldellevant\/wp-json\/wp\/v2\/types\/page"}],"author":[{"embeddable":true,"href":"https:\/\/agora.xtec.cat\/escolalarenaldellevant\/wp-json\/wp\/v2\/users\/1"}],"replies":[{"embeddable":true,"href":"https:\/\/agora.xtec.cat\/escolalarenaldellevant\/wp-json\/wp\/v2\/comments?post=565"}],"version-history":[{"count":6,"href":"https:\/\/agora.xtec.cat\/escolalarenaldellevant\/wp-json\/wp\/v2\/pages\/565\/revisions"}],"predecessor-version":[{"id":2620,"href":"https:\/\/agora.xtec.cat\/escolalarenaldellevant\/wp-json\/wp\/v2\/pages\/565\/revisions\/2620"}],"up":[{"embeddable":true,"href":"https:\/\/agora.xtec.cat\/escolalarenaldellevant\/wp-json\/wp\/v2\/pages\/22"}],"wp:attachment":[{"href":"https:\/\/agora.xtec.cat\/escolalarenaldellevant\/wp-json\/wp\/v2\/media?parent=565"}],"curies":[{"name":"wp","href":"https:\/\/api.w.org\/{rel}","templated":true}]}}