{"id":1921,"date":"2022-06-29T22:05:25","date_gmt":"2022-06-29T20:05:25","guid":{"rendered":"https:\/\/agora.xtec.cat\/escolalarenaldellevant\/?page_id=1921"},"modified":"2024-02-26T10:28:05","modified_gmt":"2024-02-26T09:28:05","slug":"estrategia-digital","status":"publish","type":"page","link":"https:\/\/agora.xtec.cat\/escolalarenaldellevant\/estrategia-digital\/","title":{"rendered":"Estrat\u00e8gia Digital de Centre"},"content":{"rendered":"<p><b>A l\u2019escola l\u2019Arenal de Llevant iniciem el Pla per elaborar la nostra Estrat\u00e8gia Digital de Centre (EDC)<\/b><\/p>\n<p><span style=\"font-weight: 400;\">L\u2019Estrat\u00e8gia Digital de Centre (EDC) defineix i concreta les l\u00ednies d\u2019actuaci\u00f3 d\u2019un centre que fan possible que docents, alumnat i centre assoleixin la compet\u00e8ncia digital. Per aconseguir aquesta compet\u00e8ncia digital, l\u2019EDC compr\u00e8n tots els \u00e0mbits del centre: organitzatius, metodol\u00f2gics, curriculars i comunicatius, els quals s\u2019han de veure necess\u00e0riament implicats i, si escau, transformats, des d\u2019una perspectiva d\u2019innovaci\u00f3 i de millora cont\u00ednua.<\/span><\/p>\n<p><span style=\"font-weight: 400;\">Els objectius de l\u2019EDC es poden agrupar en cinc \u00e0mbits, que tenen com a fita el m\u00e0xim assoliment de la compet\u00e8ncia digital de l\u2019alumnat, del professorat i del centre:<\/span><\/p>\n<ul>\n<li style=\"list-style-type: none;\">\n<ul>\n<li style=\"font-weight: 400;\" aria-level=\"1\"><span style=\"font-weight: 400;\">Assoliment de la compet\u00e8ncia digital<\/span><\/li>\n<li style=\"font-weight: 400;\" aria-level=\"1\"><span style=\"font-weight: 400;\">Planificaci\u00f3 estrat\u00e8gica i organitzaci\u00f3<\/span><\/li>\n<li style=\"font-weight: 400;\" aria-level=\"1\"><span style=\"font-weight: 400;\">Metodologies did\u00e0ctiques i innovaci\u00f3<\/span><\/li>\n<li style=\"font-weight: 400;\" aria-level=\"1\"><span style=\"font-weight: 400;\">Inclusi\u00f3 digital i de g\u00e8nere<\/span><\/li>\n<li style=\"font-weight: 400;\" aria-level=\"1\"><span style=\"font-weight: 400;\">Seguretat i protecci\u00f3 de dades<\/span><\/li>\n<\/ul>\n<\/li>\n<\/ul>\n<p>&nbsp;<\/p>\n<p><a href=\"https:\/\/agora.xtec.cat\/escolalarenaldellevant\/wp-content\/uploads\/usu1505\/2023\/05\/EDC-ESTRATEGIA-DIGITAL-DE-CENTRE.pdf\"><img loading=\"lazy\" decoding=\"async\" class=\"wp-image-2098 aligncenter\" src=\"https:\/\/agora.xtec.cat\/escolalarenaldellevant\/wp-content\/uploads\/usu1505\/2023\/05\/EDC-ESTRATEGIA-DIGITAL-DE-CENTRE-scaled.jpg\" alt=\"\" width=\"750\" height=\"422\" srcset=\"https:\/\/agora.xtec.cat\/escolalarenaldellevant\/wp-content\/uploads\/usu1505\/2023\/05\/EDC-ESTRATEGIA-DIGITAL-DE-CENTRE-scaled.jpg 2560w, https:\/\/agora.xtec.cat\/escolalarenaldellevant\/wp-content\/uploads\/usu1505\/2023\/05\/EDC-ESTRATEGIA-DIGITAL-DE-CENTRE-300x169.jpg 300w, https:\/\/agora.xtec.cat\/escolalarenaldellevant\/wp-content\/uploads\/usu1505\/2023\/05\/EDC-ESTRATEGIA-DIGITAL-DE-CENTRE-1024x576.jpg 1024w, https:\/\/agora.xtec.cat\/escolalarenaldellevant\/wp-content\/uploads\/usu1505\/2023\/05\/EDC-ESTRATEGIA-DIGITAL-DE-CENTRE-150x84.jpg 150w, https:\/\/agora.xtec.cat\/escolalarenaldellevant\/wp-content\/uploads\/usu1505\/2023\/05\/EDC-ESTRATEGIA-DIGITAL-DE-CENTRE-768x432.jpg 768w, https:\/\/agora.xtec.cat\/escolalarenaldellevant\/wp-content\/uploads\/usu1505\/2023\/05\/EDC-ESTRATEGIA-DIGITAL-DE-CENTRE-1536x864.jpg 1536w, https:\/\/agora.xtec.cat\/escolalarenaldellevant\/wp-content\/uploads\/usu1505\/2023\/05\/EDC-ESTRATEGIA-DIGITAL-DE-CENTRE-2048x1152.jpg 2048w\" sizes=\"auto, (max-width: 750px) 100vw, 750px\" \/><\/a><\/p>\n<h3><\/h3>\n<h3 style=\"text-align: center;\"><strong>PLANIFICACI\u00d3 I SEGUIMENT<\/strong><\/h3>\n<p><span style=\"font-weight: 400;\">La <\/span><b>planificaci\u00f3<\/b><span style=\"font-weight: 400;\"> i el <\/span><b>seguiment<\/b><span style=\"font-weight: 400;\"> de Les activitats per al desenvolupament de l&#8217;Estrat\u00e8gia Digital del centre s&#8217;han programat en un cronograma detallat, establint objectius estrat\u00e8gics i assignant-los a cada trimestre de realitzaci\u00f3, de manera clara i realista.<\/span><\/p>\n<p><span style=\"font-weight: 400;\">El <\/span><b>cronograma<\/b><span style=\"font-weight: 400;\"> proporciona una eina valuosa per a la planificaci\u00f3, assegurant una acci\u00f3 efectiva per aconseguir els objectius en els terminis establerts i permetent ajustar-los segons sigui necessari.<\/span><\/p>\n<p><iframe loading=\"lazy\" src=\"https:\/\/docs.google.com\/spreadsheets\/d\/e\/2PACX-1vSnXdMAq1FU3qqqoVvJWn8G9O4CZA_-nVdXko8ixWjkZoXS1irlI8-oBNf0akp4GLVmSeotco3Czd0d\/pubhtml?gid=1434021148&amp;single=true\" width=\"960\" height=\"720\"><\/iframe><\/p>\n<p>&nbsp;<\/p>\n<h3 style=\"text-align: center;\"><strong>AVALUACI\u00d3 I MILLORA<\/strong><\/h3>\n<p><span style=\"font-weight: 400;\">Per tal d&#8217;<\/span><b>avaluar<\/b><span style=\"font-weight: 400;\"> la implementaci\u00f3 de l&#8217;Estrat\u00e8gia digital al nostre centre, amb la realitzaci\u00f3 de la Mem\u00f2ria Anual de Centre la comissi\u00f3 digital \u00e9s on recollir\u00e0 la valoraci\u00f3 de l&#8217;assoliment dels criteris, dels indicadors, de les activitats i dels objectius previstos per a cada curs en el qual desenvoluparem el desplegament de la nostra Estrat\u00e8gia Digital de Centre.<\/span><\/p>\n<p><span style=\"font-weight: 400;\">Cada responsable \u00e9s qui far\u00e0 la mem\u00f2ria del que s&#8217;ha assolit i del que no s&#8217;ha assolit, i redactar\u00e0 les propostes de millora. A partir d&#8217;aqu\u00ed, la comissi\u00f3 modificar\u00e0 l&#8217;ECD pel que queda de temps d&#8217;implementaci\u00f3, si s&#8217;escau, per tal de garantir una veritable implantaci\u00f3 dels criteris, les activitats i els objectius previstos.<\/span><\/p>\n<p><span style=\"font-weight: 400;\">Per fer la valoraci\u00f3 dels<\/span><b> criteris d&#8217;assoliment<\/b><span style=\"font-weight: 400;\">, s&#8217;utilitz\u00e0 en el seg\u00fcent document:<\/span><\/p>\n<p><iframe loading=\"lazy\" src=\"https:\/\/docs.google.com\/spreadsheets\/d\/e\/2PACX-1vSnXdMAq1FU3qqqoVvJWn8G9O4CZA_-nVdXko8ixWjkZoXS1irlI8-oBNf0akp4GLVmSeotco3Czd0d\/pubhtml?gid=1593972112&amp;single=true\" width=\"960\" height=\"720\"><\/iframe><\/p>\n","protected":false},"excerpt":{"rendered":"<p>A l\u2019escola l\u2019Arenal de Llevant iniciem el Pla per elaborar la nostra Estrat\u00e8gia Digital de Centre (EDC) L\u2019Estrat\u00e8gia Digital de Centre (EDC) defineix i concreta les l\u00ednies d\u2019actuaci\u00f3 d\u2019un centre que fan possible que docents, alumnat i centre assoleixin la compet\u00e8ncia digital. Per aconseguir aquesta compet\u00e8ncia digital, l\u2019EDC compr\u00e8n tots els \u00e0mbits del centre: organitzatius, [&hellip;]<\/p>\n","protected":false},"author":1,"featured_media":0,"parent":0,"menu_order":0,"comment_status":"closed","ping_status":"closed","template":"","meta":{"_bbp_topic_count":0,"_bbp_reply_count":0,"_bbp_total_topic_count":0,"_bbp_total_reply_count":0,"_bbp_voice_count":0,"_bbp_anonymous_reply_count":0,"_bbp_topic_count_hidden":0,"_bbp_reply_count_hidden":0,"_bbp_forum_subforum_count":0,"site-sidebar-layout":"default","site-content-layout":"","ast-site-content-layout":"","site-content-style":"default","site-sidebar-style":"default","ast-global-header-display":"","ast-banner-title-visibility":"","ast-main-header-display":"","ast-hfb-above-header-display":"","ast-hfb-below-header-display":"","ast-hfb-mobile-header-display":"","site-post-title":"","ast-breadcrumbs-content":"","ast-featured-img":"","footer-sml-layout":"","theme-transparent-header-meta":"","adv-header-id-meta":"","stick-header-meta":"","header-above-stick-meta":"","header-main-stick-meta":"","header-below-stick-meta":"","astra-migrate-meta-layouts":"default","ast-page-background-enabled":"default","ast-page-background-meta":{"desktop":{"background-color":"var(--ast-global-color-4)","background-image":"","background-repeat":"repeat","background-position":"center center","background-size":"auto","background-attachment":"scroll","background-type":"","background-media":"","overlay-type":"","overlay-color":"","overlay-opacity":"","overlay-gradient":""},"tablet":{"background-color":"","background-image":"","background-repeat":"repeat","background-position":"center center","background-size":"auto","background-attachment":"scroll","background-type":"","background-media":"","overlay-type":"","overlay-color":"","overlay-opacity":"","overlay-gradient":""},"mobile":{"background-color":"","background-image":"","background-repeat":"repeat","background-position":"center center","background-size":"auto","background-attachment":"scroll","background-type":"","background-media":"","overlay-type":"","overlay-color":"","overlay-opacity":"","overlay-gradient":""}},"ast-content-background-meta":{"desktop":{"background-color":"var(--ast-global-color-5)","background-image":"","background-repeat":"repeat","background-position":"center center","background-size":"auto","background-attachment":"scroll","background-type":"","background-media":"","overlay-type":"","overlay-color":"","overlay-opacity":"","overlay-gradient":""},"tablet":{"background-color":"var(--ast-global-color-5)","background-image":"","background-repeat":"repeat","background-position":"center center","background-size":"auto","background-attachment":"scroll","background-type":"","background-media":"","overlay-type":"","overlay-color":"","overlay-opacity":"","overlay-gradient":""},"mobile":{"background-color":"var(--ast-global-color-5)","background-image":"","background-repeat":"repeat","background-position":"center center","background-size":"auto","background-attachment":"scroll","background-type":"","background-media":"","overlay-type":"","overlay-color":"","overlay-opacity":"","overlay-gradient":""}},"footnotes":""},"class_list":["post-1921","page","type-page","status-publish","hentry"],"post_mailing_queue_ids":[],"_links":{"self":[{"href":"https:\/\/agora.xtec.cat\/escolalarenaldellevant\/wp-json\/wp\/v2\/pages\/1921","targetHints":{"allow":["GET"]}}],"collection":[{"href":"https:\/\/agora.xtec.cat\/escolalarenaldellevant\/wp-json\/wp\/v2\/pages"}],"about":[{"href":"https:\/\/agora.xtec.cat\/escolalarenaldellevant\/wp-json\/wp\/v2\/types\/page"}],"author":[{"embeddable":true,"href":"https:\/\/agora.xtec.cat\/escolalarenaldellevant\/wp-json\/wp\/v2\/users\/1"}],"replies":[{"embeddable":true,"href":"https:\/\/agora.xtec.cat\/escolalarenaldellevant\/wp-json\/wp\/v2\/comments?post=1921"}],"version-history":[{"count":5,"href":"https:\/\/agora.xtec.cat\/escolalarenaldellevant\/wp-json\/wp\/v2\/pages\/1921\/revisions"}],"predecessor-version":[{"id":2187,"href":"https:\/\/agora.xtec.cat\/escolalarenaldellevant\/wp-json\/wp\/v2\/pages\/1921\/revisions\/2187"}],"wp:attachment":[{"href":"https:\/\/agora.xtec.cat\/escolalarenaldellevant\/wp-json\/wp\/v2\/media?parent=1921"}],"curies":[{"name":"wp","href":"https:\/\/api.w.org\/{rel}","templated":true}]}}