{"id":1047,"date":"2020-02-12T12:36:06","date_gmt":"2020-02-12T11:36:06","guid":{"rendered":"https:\/\/agora.xtec.cat\/escolalarenaldellevant\/?page_id=1047"},"modified":"2020-02-14T14:55:56","modified_gmt":"2020-02-14T13:55:56","slug":"tac","status":"publish","type":"page","link":"https:\/\/agora.xtec.cat\/escolalarenaldellevant\/com-treballem\/tac\/","title":{"rendered":"TAC"},"content":{"rendered":"<p style=\"text-align: center;\"><a href=\"https:\/\/agora.xtec.cat\/escolalarenaldellevant\/wp-content\/uploads\/usu1505\/2020\/02\/Pastel-Shapes-Design-General-Proposal.png\"><img loading=\"lazy\" decoding=\"async\" class=\"alignnone size-large wp-image-1050\" src=\"https:\/\/agora.xtec.cat\/escolalarenaldellevant\/wp-content\/uploads\/usu1505\/2020\/02\/Pastel-Shapes-Design-General-Proposal-724x1024.png\" alt=\"\" width=\"724\" height=\"1024\" srcset=\"https:\/\/agora.xtec.cat\/escolalarenaldellevant\/wp-content\/uploads\/usu1505\/2020\/02\/Pastel-Shapes-Design-General-Proposal-724x1024.png 724w, https:\/\/agora.xtec.cat\/escolalarenaldellevant\/wp-content\/uploads\/usu1505\/2020\/02\/Pastel-Shapes-Design-General-Proposal-212x300.png 212w, https:\/\/agora.xtec.cat\/escolalarenaldellevant\/wp-content\/uploads\/usu1505\/2020\/02\/Pastel-Shapes-Design-General-Proposal-768x1086.png 768w, https:\/\/agora.xtec.cat\/escolalarenaldellevant\/wp-content\/uploads\/usu1505\/2020\/02\/Pastel-Shapes-Design-General-Proposal.png 1414w\" sizes=\"auto, (max-width: 724px) 100vw, 724px\" \/><\/a><\/p>\n<p>&nbsp;<\/p>\n<p><a href=\"https:\/\/agora.xtec.cat\/escolalarenaldellevant\/wp-content\/uploads\/usu1505\/2020\/02\/baixa.png\"><img loading=\"lazy\" decoding=\"async\" class=\" wp-image-1074 alignleft\" src=\"https:\/\/agora.xtec.cat\/escolalarenaldellevant\/wp-content\/uploads\/usu1505\/2020\/02\/baixa.png\" alt=\"\" width=\"83\" height=\"83\" srcset=\"https:\/\/agora.xtec.cat\/escolalarenaldellevant\/wp-content\/uploads\/usu1505\/2020\/02\/baixa.png 225w, https:\/\/agora.xtec.cat\/escolalarenaldellevant\/wp-content\/uploads\/usu1505\/2020\/02\/baixa-150x150.png 150w\" sizes=\"auto, (max-width: 83px) 100vw, 83px\" \/><\/a><\/p>\n<p>&nbsp;<\/p>\n<p>L&#8217;escola ha participat en totes les edicions del concurs de bones pr\u00e0ctiques TIC del Consorci d&#8217;educaci\u00f3 de Barcelona guanyant el premi en m\u00e9s d&#8217;una ocasi\u00f3.<\/p>\n<p>Us deixem els enlla\u00e7os als treballs presentats:<\/p>\n<ul>\n<li style=\"text-align: left;\"><a href=\"https:\/\/www.edubcn.cat\/rcs_gene\/extra\/00_tecnologia_educativa\/bones_practiques_2015_2016\/presentats\/09_15_16_F.pdf\" target=\"_blank\" rel=\"noopener noreferrer\">B-learning a L&#8217;Arenal<\/a><\/li>\n<li style=\"text-align: left;\"><a href=\"https:\/\/www.edubcn.cat\/rcs_gene\/extra\/00_tecnologia_educativa\/bones_practiques_2015_2016\/presentats\/09_15_16_F.pdf\" target=\"_blank\" rel=\"noopener noreferrer\">Les plantes medicinals del nostre hort<\/a><\/li>\n<li style=\"text-align: left;\"><a href=\"https:\/\/www.edubcn.cat\/rcs_gene\/extra\/00_tecnologia_educativa\/bones_practiques_2014_2015\/treballs_individuals\/25I_T.pdf\" target=\"_blank\" rel=\"noopener noreferrer\">L\u2019\u00fas de les tauletes t\u00e0ctils per millorar la producci\u00f3 oral en Angl\u00e8s: gravaci\u00f3 i codis QR<\/a><\/li>\n<li style=\"text-align: left;\"><a href=\"https:\/\/www.edubcn.cat\/rcs_gene\/extra\/00_tecnologia_educativa\/bones_practiques_2013_2014\/fitxes_individuals\/26I.pdf\" target=\"_blank\" rel=\"noopener noreferrer\">Aprenem a treballar al n\u00favol<\/a><\/li>\n<li style=\"text-align: left;\"><a href=\"https:\/\/www.edubcn.cat\/rcs_gene\/extra\/00_tecnologia_educativa\/bones_practiques_2012_2013\/fitxes_individuals\/13I.pdf\" target=\"_blank\" rel=\"noopener noreferrer\">Webquest &#8220;mamuts i tigres de sabre&#8221;<\/a><\/li>\n<li style=\"text-align: left;\"><a href=\"https:\/\/www.edubcn.cat\/rcs_gene\/extra\/00_tecnologia_educativa\/bones_practiques_2012_2013\/fitxes_individuals\/22I.pdf\" target=\"_blank\" rel=\"noopener noreferrer\">Fem una presentaci\u00f3 compartida amb el drive<\/a><\/li>\n<li style=\"text-align: left;\"><a href=\"https:\/\/www.edubcn.cat\/rcs_gene\/extra\/00_tecnologia_educativa\/bones_practiques\/individual\/04_TREBALLEM_LES_TIC_AMB_LA_LLIBRETA_DE_LHORT.pdf\" target=\"_blank\" rel=\"noopener noreferrer\">Treballem les TIC amb la llibreta de l&#8217;hort<\/a><\/li>\n<\/ul>\n","protected":false},"excerpt":{"rendered":"<p>&nbsp; &nbsp; L&#8217;escola ha participat en totes les edicions del concurs de bones pr\u00e0ctiques TIC del Consorci d&#8217;educaci\u00f3 de Barcelona guanyant el premi en m\u00e9s d&#8217;una ocasi\u00f3. Us deixem els enlla\u00e7os als treballs presentats: B-learning a L&#8217;Arenal Les plantes medicinals del nostre hort L\u2019\u00fas de les tauletes t\u00e0ctils per millorar la producci\u00f3 oral en Angl\u00e8s: [&hellip;]<\/p>\n","protected":false},"author":1,"featured_media":0,"parent":64,"menu_order":4,"comment_status":"closed","ping_status":"closed","template":"page-templates\/side-menu.php","meta":{"_bbp_topic_count":0,"_bbp_reply_count":0,"_bbp_total_topic_count":0,"_bbp_total_reply_count":0,"_bbp_voice_count":0,"_bbp_anonymous_reply_count":0,"_bbp_topic_count_hidden":0,"_bbp_reply_count_hidden":0,"_bbp_forum_subforum_count":0,"site-sidebar-layout":"default","site-content-layout":"","ast-site-content-layout":"","site-content-style":"default","site-sidebar-style":"default","ast-global-header-display":"","ast-banner-title-visibility":"","ast-main-header-display":"","ast-hfb-above-header-display":"","ast-hfb-below-header-display":"","ast-hfb-mobile-header-display":"","site-post-title":"","ast-breadcrumbs-content":"","ast-featured-img":"","footer-sml-layout":"","theme-transparent-header-meta":"","adv-header-id-meta":"","stick-header-meta":"","header-above-stick-meta":"","header-main-stick-meta":"","header-below-stick-meta":"","astra-migrate-meta-layouts":"default","ast-page-background-enabled":"default","ast-page-background-meta":{"desktop":{"background-color":"var(--ast-global-color-4)","background-image":"","background-repeat":"repeat","background-position":"center center","background-size":"auto","background-attachment":"scroll","background-type":"","background-media":"","overlay-type":"","overlay-color":"","overlay-opacity":"","overlay-gradient":""},"tablet":{"background-color":"","background-image":"","background-repeat":"repeat","background-position":"center center","background-size":"auto","background-attachment":"scroll","background-type":"","background-media":"","overlay-type":"","overlay-color":"","overlay-opacity":"","overlay-gradient":""},"mobile":{"background-color":"","background-image":"","background-repeat":"repeat","background-position":"center center","background-size":"auto","background-attachment":"scroll","background-type":"","background-media":"","overlay-type":"","overlay-color":"","overlay-opacity":"","overlay-gradient":""}},"ast-content-background-meta":{"desktop":{"background-color":"var(--ast-global-color-5)","background-image":"","background-repeat":"repeat","background-position":"center center","background-size":"auto","background-attachment":"scroll","background-type":"","background-media":"","overlay-type":"","overlay-color":"","overlay-opacity":"","overlay-gradient":""},"tablet":{"background-color":"var(--ast-global-color-5)","background-image":"","background-repeat":"repeat","background-position":"center center","background-size":"auto","background-attachment":"scroll","background-type":"","background-media":"","overlay-type":"","overlay-color":"","overlay-opacity":"","overlay-gradient":""},"mobile":{"background-color":"var(--ast-global-color-5)","background-image":"","background-repeat":"repeat","background-position":"center center","background-size":"auto","background-attachment":"scroll","background-type":"","background-media":"","overlay-type":"","overlay-color":"","overlay-opacity":"","overlay-gradient":""}},"footnotes":""},"class_list":["post-1047","page","type-page","status-publish","hentry"],"post_mailing_queue_ids":[],"_links":{"self":[{"href":"https:\/\/agora.xtec.cat\/escolalarenaldellevant\/wp-json\/wp\/v2\/pages\/1047","targetHints":{"allow":["GET"]}}],"collection":[{"href":"https:\/\/agora.xtec.cat\/escolalarenaldellevant\/wp-json\/wp\/v2\/pages"}],"about":[{"href":"https:\/\/agora.xtec.cat\/escolalarenaldellevant\/wp-json\/wp\/v2\/types\/page"}],"author":[{"embeddable":true,"href":"https:\/\/agora.xtec.cat\/escolalarenaldellevant\/wp-json\/wp\/v2\/users\/1"}],"replies":[{"embeddable":true,"href":"https:\/\/agora.xtec.cat\/escolalarenaldellevant\/wp-json\/wp\/v2\/comments?post=1047"}],"version-history":[{"count":3,"href":"https:\/\/agora.xtec.cat\/escolalarenaldellevant\/wp-json\/wp\/v2\/pages\/1047\/revisions"}],"predecessor-version":[{"id":1075,"href":"https:\/\/agora.xtec.cat\/escolalarenaldellevant\/wp-json\/wp\/v2\/pages\/1047\/revisions\/1075"}],"up":[{"embeddable":true,"href":"https:\/\/agora.xtec.cat\/escolalarenaldellevant\/wp-json\/wp\/v2\/pages\/64"}],"wp:attachment":[{"href":"https:\/\/agora.xtec.cat\/escolalarenaldellevant\/wp-json\/wp\/v2\/media?parent=1047"}],"curies":[{"name":"wp","href":"https:\/\/api.w.org\/{rel}","templated":true}]}}