{"id":1022,"date":"2020-02-12T09:01:37","date_gmt":"2020-02-12T08:01:37","guid":{"rendered":"https:\/\/agora.xtec.cat\/escolalarenaldellevant\/?page_id=1022"},"modified":"2020-02-12T13:52:59","modified_gmt":"2020-02-12T12:52:59","slug":"lescola-a-les-xarxes","status":"publish","type":"page","link":"https:\/\/agora.xtec.cat\/escolalarenaldellevant\/blocs\/lescola-a-les-xarxes\/","title":{"rendered":"Sortim als mitjans"},"content":{"rendered":"<p>&nbsp;<\/p>\n<p><a href=\"https:\/\/agora.xtec.cat\/escolalarenaldellevant\/wp-content\/uploads\/usu1505\/2020\/02\/beteve-logo.jpg\"><img loading=\"lazy\" decoding=\"async\" class=\"wp-image-1033 alignleft\" src=\"https:\/\/agora.xtec.cat\/escolalarenaldellevant\/wp-content\/uploads\/usu1505\/2020\/02\/beteve-logo.jpg\" alt=\"\" width=\"118\" height=\"118\" srcset=\"https:\/\/agora.xtec.cat\/escolalarenaldellevant\/wp-content\/uploads\/usu1505\/2020\/02\/beteve-logo.jpg 500w, https:\/\/agora.xtec.cat\/escolalarenaldellevant\/wp-content\/uploads\/usu1505\/2020\/02\/beteve-logo-150x150.jpg 150w, https:\/\/agora.xtec.cat\/escolalarenaldellevant\/wp-content\/uploads\/usu1505\/2020\/02\/beteve-logo-300x300.jpg 300w\" sizes=\"auto, (max-width: 118px) 100vw, 118px\" \/><\/a><\/p>\n<p>&nbsp;<\/p>\n<p><a href=\"https:\/\/beteve.cat\/btv-noticies-migdia\/connexio-amb-el-gall-despertador-del-poblenou\/\" target=\"_blank\" rel=\"noopener noreferrer\">Connexi\u00f3 amb el gall despertador del Poblenou<\/a><\/p>\n<p>&nbsp;<\/p>\n<p>&nbsp;<\/p>\n<p><a href=\"https:\/\/agora.xtec.cat\/escolalarenaldellevant\/wp-content\/uploads\/usu1505\/2020\/02\/Logo-La-Vanguardia.png\"><img loading=\"lazy\" decoding=\"async\" class=\"wp-image-1034 alignleft\" src=\"https:\/\/agora.xtec.cat\/escolalarenaldellevant\/wp-content\/uploads\/usu1505\/2020\/02\/Logo-La-Vanguardia.png\" alt=\"\" width=\"119\" height=\"79\" srcset=\"https:\/\/agora.xtec.cat\/escolalarenaldellevant\/wp-content\/uploads\/usu1505\/2020\/02\/Logo-La-Vanguardia.png 900w, https:\/\/agora.xtec.cat\/escolalarenaldellevant\/wp-content\/uploads\/usu1505\/2020\/02\/Logo-La-Vanguardia-300x200.png 300w, https:\/\/agora.xtec.cat\/escolalarenaldellevant\/wp-content\/uploads\/usu1505\/2020\/02\/Logo-La-Vanguardia-768x512.png 768w\" sizes=\"auto, (max-width: 119px) 100vw, 119px\" \/><\/a><\/p>\n<p>&nbsp;<\/p>\n<p><a href=\"https:\/\/www.lavanguardia.com\/vida\/20160521\/401945737314\/escuela-construye-rocodromo-y-planta-barco-en-el-patio-para-contentar-alumnos.html\" target=\"_blank\" rel=\"noopener noreferrer\"><span style=\"font-weight: 400;\">Escola construeix roc\u00f2drom i planta vaixell al pati<\/span><\/a><\/p>\n<p>&nbsp;<\/p>\n<p><a href=\"https:\/\/agora.xtec.cat\/escolalarenaldellevant\/wp-content\/uploads\/usu1505\/2020\/02\/tv3.jpg\"><img loading=\"lazy\" decoding=\"async\" class=\"wp-image-1035 alignleft\" src=\"https:\/\/agora.xtec.cat\/escolalarenaldellevant\/wp-content\/uploads\/usu1505\/2020\/02\/tv3-1024x538.jpg\" alt=\"\" width=\"127\" height=\"67\" srcset=\"https:\/\/agora.xtec.cat\/escolalarenaldellevant\/wp-content\/uploads\/usu1505\/2020\/02\/tv3-1024x538.jpg 1024w, https:\/\/agora.xtec.cat\/escolalarenaldellevant\/wp-content\/uploads\/usu1505\/2020\/02\/tv3-300x158.jpg 300w, https:\/\/agora.xtec.cat\/escolalarenaldellevant\/wp-content\/uploads\/usu1505\/2020\/02\/tv3-768x403.jpg 768w, https:\/\/agora.xtec.cat\/escolalarenaldellevant\/wp-content\/uploads\/usu1505\/2020\/02\/tv3.jpg 1200w\" sizes=\"auto, (max-width: 127px) 100vw, 127px\" \/><\/a><\/p>\n<p>&nbsp;<\/p>\n<p><a href=\"https:\/\/www.ccma.cat\/tv3\/alacarta\/Els-matins\/Aprendre-a-traves-de-lexperimentacio\/video\/5357271\/\" target=\"_blank\" rel=\"noopener noreferrer\"><span style=\"font-weight: 400;\">Aprendre a trav\u00e9s de l&#8217;experimentaci\u00f3<\/span><\/a><\/p>\n<p>&nbsp;<\/p>\n<p><a href=\"https:\/\/agora.xtec.cat\/escolalarenaldellevant\/wp-content\/uploads\/usu1505\/2020\/02\/el-periodico.jpg\"><img loading=\"lazy\" decoding=\"async\" class=\"alignnone wp-image-1036 alignleft\" src=\"https:\/\/agora.xtec.cat\/escolalarenaldellevant\/wp-content\/uploads\/usu1505\/2020\/02\/el-periodico-1024x575.jpg\" alt=\"\" width=\"130\" height=\"73\" srcset=\"https:\/\/agora.xtec.cat\/escolalarenaldellevant\/wp-content\/uploads\/usu1505\/2020\/02\/el-periodico-1024x575.jpg 1024w, https:\/\/agora.xtec.cat\/escolalarenaldellevant\/wp-content\/uploads\/usu1505\/2020\/02\/el-periodico-300x169.jpg 300w, https:\/\/agora.xtec.cat\/escolalarenaldellevant\/wp-content\/uploads\/usu1505\/2020\/02\/el-periodico-768x432.jpg 768w, https:\/\/agora.xtec.cat\/escolalarenaldellevant\/wp-content\/uploads\/usu1505\/2020\/02\/el-periodico.jpg 1260w\" sizes=\"auto, (max-width: 130px) 100vw, 130px\" \/>\u00a0<\/a><\/p>\n<p><a href=\"https:\/\/www.elperiodico.cat\/ca\/barcelona\/20140205\/el-menjar-no-es-llenca-3076137\" target=\"_blank\" rel=\"noopener noreferrer\">El menjar no es llen\u00e7a<\/a><\/p>\n<p>&nbsp;<\/p>\n<p><a href=\"https:\/\/agora.xtec.cat\/escolalarenaldellevant\/wp-content\/uploads\/usu1505\/2020\/02\/palau-robert-exposicio-1714-historia-catalunya3-600x393.jpg\"><img loading=\"lazy\" decoding=\"async\" class=\" wp-image-1076 alignleft\" src=\"https:\/\/agora.xtec.cat\/escolalarenaldellevant\/wp-content\/uploads\/usu1505\/2020\/02\/palau-robert-exposicio-1714-historia-catalunya3-600x393.jpg\" alt=\"\" width=\"139\" height=\"91\" srcset=\"https:\/\/agora.xtec.cat\/escolalarenaldellevant\/wp-content\/uploads\/usu1505\/2020\/02\/palau-robert-exposicio-1714-historia-catalunya3-600x393.jpg 600w, https:\/\/agora.xtec.cat\/escolalarenaldellevant\/wp-content\/uploads\/usu1505\/2020\/02\/palau-robert-exposicio-1714-historia-catalunya3-600x393-300x197.jpg 300w\" sizes=\"auto, (max-width: 139px) 100vw, 139px\" \/><\/a><a href=\"https:\/\/www.youtube.com\/watch?v=O29C8SWG8Hw&amp;feature=youtu.be\" target=\"_blank\" rel=\"noopener noreferrer\">\u00a0<\/a><\/p>\n<p><a href=\"https:\/\/www.youtube.com\/watch?v=O29C8SWG8Hw&amp;feature=youtu.be\" target=\"_blank\" rel=\"noopener noreferrer\">La Barcelona de 1714<\/a><\/p>\n<p>&nbsp;<\/p>\n<p>&nbsp;<\/p>\n<p><a href=\"https:\/\/agora.xtec.cat\/escolalarenaldellevant\/wp-content\/uploads\/usu1505\/2020\/02\/logo_blog1.png\"><img loading=\"lazy\" decoding=\"async\" class=\" wp-image-1041 alignleft\" src=\"https:\/\/agora.xtec.cat\/escolalarenaldellevant\/wp-content\/uploads\/usu1505\/2020\/02\/logo_blog1.png\" alt=\"\" width=\"100\" height=\"11\" srcset=\"https:\/\/agora.xtec.cat\/escolalarenaldellevant\/wp-content\/uploads\/usu1505\/2020\/02\/logo_blog1.png 960w, https:\/\/agora.xtec.cat\/escolalarenaldellevant\/wp-content\/uploads\/usu1505\/2020\/02\/logo_blog1-300x33.png 300w, https:\/\/agora.xtec.cat\/escolalarenaldellevant\/wp-content\/uploads\/usu1505\/2020\/02\/logo_blog1-768x85.png 768w\" sizes=\"auto, (max-width: 100px) 100vw, 100px\" \/><\/a><\/p>\n<p><a href=\"https:\/\/bloc.edubcn.cat\/2016\/04\/passejada-pel-modernisme-de-lescola-larenal-de-llevant\/#.XkPXo1VKiUk\" target=\"_blank\" rel=\"noopener noreferrer\">\u00a0 \u00a0 \u00a0 Passejada pel modernisme\u00a0<\/a><\/p>\n<p>&nbsp;<\/p>\n<p><a href=\"https:\/\/agora.xtec.cat\/escolalarenaldellevant\/wp-content\/uploads\/usu1505\/2020\/02\/camp_aprenentatge_logo.jpg\"><img loading=\"lazy\" decoding=\"async\" class=\"wp-image-1039 alignleft\" src=\"https:\/\/agora.xtec.cat\/escolalarenaldellevant\/wp-content\/uploads\/usu1505\/2020\/02\/camp_aprenentatge_logo.jpg\" alt=\"\" width=\"136\" height=\"58\" srcset=\"https:\/\/agora.xtec.cat\/escolalarenaldellevant\/wp-content\/uploads\/usu1505\/2020\/02\/camp_aprenentatge_logo.jpg 201w, https:\/\/agora.xtec.cat\/escolalarenaldellevant\/wp-content\/uploads\/usu1505\/2020\/02\/camp_aprenentatge_logo-200x86.jpg 200w\" sizes=\"auto, (max-width: 136px) 100vw, 136px\" \/><\/a><\/p>\n<div class=\"ast-oembed-container \" style=\"height: 100%;\"><iframe loading=\"lazy\" title=\"Expliquem el barri: Escola L&#039;Arenal de Llevant (Barcelona)\" src=\"https:\/\/www.slideshare.net\/slideshow\/embed_code\/key\/qKbioetbebkVAj\" width=\"427\" height=\"356\" frameborder=\"0\" marginwidth=\"0\" marginheight=\"0\" scrolling=\"no\" style=\"border:1px solid #CCC; border-width:1px; margin-bottom:5px; max-width: 100%;\" allowfullscreen> <\/iframe> <\/p>\n<div style=\"margin-bottom:5px\"> <strong> <a href=\"https:\/\/www.slideshare.net\/slideshow\/expliquem-el-barri-escola-larenal-de-llevant-barcelona\/44113454\" title=\"Expliquem el barri: Escola L&#39;Arenal de Llevant (Barcelona)\" target=\"_blank\">Expliquem el barri: Escola L&#39;Arenal de Llevant (Barcelona)<\/a> <\/strong> from <strong><a href=\"https:\/\/www.slideshare.net\/cdabcn\" target=\"_blank\">CdA Barcelona<\/a><\/strong> <\/div>\n<\/div>\n<p>&nbsp;<\/p>\n","protected":false},"excerpt":{"rendered":"<p>&nbsp; &nbsp; Connexi\u00f3 amb el gall despertador del Poblenou &nbsp; &nbsp; &nbsp; Escola construeix roc\u00f2drom i planta vaixell al pati &nbsp; &nbsp; Aprendre a trav\u00e9s de l&#8217;experimentaci\u00f3 &nbsp; \u00a0 El menjar no es llen\u00e7a &nbsp; \u00a0 La Barcelona de 1714 &nbsp; &nbsp; \u00a0 \u00a0 \u00a0 Passejada pel modernisme\u00a0 &nbsp; Expliquem el barri: Escola L&#39;Arenal de [&hellip;]<\/p>\n","protected":false},"author":1,"featured_media":0,"parent":87,"menu_order":6,"comment_status":"closed","ping_status":"closed","template":"","meta":{"_bbp_topic_count":0,"_bbp_reply_count":0,"_bbp_total_topic_count":0,"_bbp_total_reply_count":0,"_bbp_voice_count":0,"_bbp_anonymous_reply_count":0,"_bbp_topic_count_hidden":0,"_bbp_reply_count_hidden":0,"_bbp_forum_subforum_count":0,"site-sidebar-layout":"default","site-content-layout":"","ast-site-content-layout":"","site-content-style":"default","site-sidebar-style":"default","ast-global-header-display":"","ast-banner-title-visibility":"","ast-main-header-display":"","ast-hfb-above-header-display":"","ast-hfb-below-header-display":"","ast-hfb-mobile-header-display":"","site-post-title":"","ast-breadcrumbs-content":"","ast-featured-img":"","footer-sml-layout":"","theme-transparent-header-meta":"","adv-header-id-meta":"","stick-header-meta":"","header-above-stick-meta":"","header-main-stick-meta":"","header-below-stick-meta":"","astra-migrate-meta-layouts":"default","ast-page-background-enabled":"default","ast-page-background-meta":{"desktop":{"background-color":"var(--ast-global-color-4)","background-image":"","background-repeat":"repeat","background-position":"center center","background-size":"auto","background-attachment":"scroll","background-type":"","background-media":"","overlay-type":"","overlay-color":"","overlay-opacity":"","overlay-gradient":""},"tablet":{"background-color":"","background-image":"","background-repeat":"repeat","background-position":"center center","background-size":"auto","background-attachment":"scroll","background-type":"","background-media":"","overlay-type":"","overlay-color":"","overlay-opacity":"","overlay-gradient":""},"mobile":{"background-color":"","background-image":"","background-repeat":"repeat","background-position":"center center","background-size":"auto","background-attachment":"scroll","background-type":"","background-media":"","overlay-type":"","overlay-color":"","overlay-opacity":"","overlay-gradient":""}},"ast-content-background-meta":{"desktop":{"background-color":"var(--ast-global-color-5)","background-image":"","background-repeat":"repeat","background-position":"center center","background-size":"auto","background-attachment":"scroll","background-type":"","background-media":"","overlay-type":"","overlay-color":"","overlay-opacity":"","overlay-gradient":""},"tablet":{"background-color":"var(--ast-global-color-5)","background-image":"","background-repeat":"repeat","background-position":"center center","background-size":"auto","background-attachment":"scroll","background-type":"","background-media":"","overlay-type":"","overlay-color":"","overlay-opacity":"","overlay-gradient":""},"mobile":{"background-color":"var(--ast-global-color-5)","background-image":"","background-repeat":"repeat","background-position":"center center","background-size":"auto","background-attachment":"scroll","background-type":"","background-media":"","overlay-type":"","overlay-color":"","overlay-opacity":"","overlay-gradient":""}},"footnotes":""},"class_list":["post-1022","page","type-page","status-publish","hentry"],"post_mailing_queue_ids":[],"_links":{"self":[{"href":"https:\/\/agora.xtec.cat\/escolalarenaldellevant\/wp-json\/wp\/v2\/pages\/1022","targetHints":{"allow":["GET"]}}],"collection":[{"href":"https:\/\/agora.xtec.cat\/escolalarenaldellevant\/wp-json\/wp\/v2\/pages"}],"about":[{"href":"https:\/\/agora.xtec.cat\/escolalarenaldellevant\/wp-json\/wp\/v2\/types\/page"}],"author":[{"embeddable":true,"href":"https:\/\/agora.xtec.cat\/escolalarenaldellevant\/wp-json\/wp\/v2\/users\/1"}],"replies":[{"embeddable":true,"href":"https:\/\/agora.xtec.cat\/escolalarenaldellevant\/wp-json\/wp\/v2\/comments?post=1022"}],"version-history":[{"count":3,"href":"https:\/\/agora.xtec.cat\/escolalarenaldellevant\/wp-json\/wp\/v2\/pages\/1022\/revisions"}],"predecessor-version":[{"id":1077,"href":"https:\/\/agora.xtec.cat\/escolalarenaldellevant\/wp-json\/wp\/v2\/pages\/1022\/revisions\/1077"}],"up":[{"embeddable":true,"href":"https:\/\/agora.xtec.cat\/escolalarenaldellevant\/wp-json\/wp\/v2\/pages\/87"}],"wp:attachment":[{"href":"https:\/\/agora.xtec.cat\/escolalarenaldellevant\/wp-json\/wp\/v2\/media?parent=1022"}],"curies":[{"name":"wp","href":"https:\/\/api.w.org\/{rel}","templated":true}]}}