{"id":1020,"date":"2020-02-11T21:32:39","date_gmt":"2020-02-11T20:32:39","guid":{"rendered":"https:\/\/agora.xtec.cat\/escolalarenaldellevant\/?page_id=1020"},"modified":"2020-02-12T13:27:49","modified_gmt":"2020-02-12T12:27:49","slug":"revista-el-taulat","status":"publish","type":"page","link":"https:\/\/agora.xtec.cat\/escolalarenaldellevant\/blocs\/revista-el-taulat\/","title":{"rendered":"Revista El Taulat"},"content":{"rendered":"<p>&nbsp;<\/p>\n<p style=\"text-align: center;\"><a href=\"https:\/\/agora.xtec.cat\/escolalarenaldellevant\/wp-content\/uploads\/usu1505\/2020\/02\/Revista-El-Taulat.png\"><img loading=\"lazy\" decoding=\"async\" class=\"alignnone wp-image-1069 size-large\" src=\"https:\/\/agora.xtec.cat\/escolalarenaldellevant\/wp-content\/uploads\/usu1505\/2020\/02\/Revista-El-Taulat-1024x683.png\" alt=\"\" width=\"1024\" height=\"683\" srcset=\"https:\/\/agora.xtec.cat\/escolalarenaldellevant\/wp-content\/uploads\/usu1505\/2020\/02\/Revista-El-Taulat-1024x683.png 1024w, https:\/\/agora.xtec.cat\/escolalarenaldellevant\/wp-content\/uploads\/usu1505\/2020\/02\/Revista-El-Taulat-300x200.png 300w, https:\/\/agora.xtec.cat\/escolalarenaldellevant\/wp-content\/uploads\/usu1505\/2020\/02\/Revista-El-Taulat-768x512.png 768w, https:\/\/agora.xtec.cat\/escolalarenaldellevant\/wp-content\/uploads\/usu1505\/2020\/02\/Revista-El-Taulat.png 1800w\" sizes=\"auto, (max-width: 1024px) 100vw, 1024px\" \/><\/a><\/p>\n<p>&nbsp;<\/p>\n<h1><a href=\"https:\/\/agora.xtec.cat\/escolalarenaldellevant\/wp-content\/uploads\/usu1505\/2020\/02\/kisspng-computer-icons-magazine-share-icon-clip-art-5b3bda4b5f5f68.8338598215306491633907.png\"><img loading=\"lazy\" decoding=\"async\" class=\"alignnone wp-image-1071\" src=\"https:\/\/agora.xtec.cat\/escolalarenaldellevant\/wp-content\/uploads\/usu1505\/2020\/02\/kisspng-computer-icons-magazine-share-icon-clip-art-5b3bda4b5f5f68.8338598215306491633907.png\" alt=\"\" width=\"67\" height=\"67\" srcset=\"https:\/\/agora.xtec.cat\/escolalarenaldellevant\/wp-content\/uploads\/usu1505\/2020\/02\/kisspng-computer-icons-magazine-share-icon-clip-art-5b3bda4b5f5f68.8338598215306491633907.png 512w, https:\/\/agora.xtec.cat\/escolalarenaldellevant\/wp-content\/uploads\/usu1505\/2020\/02\/kisspng-computer-icons-magazine-share-icon-clip-art-5b3bda4b5f5f68.8338598215306491633907-150x150.png 150w, https:\/\/agora.xtec.cat\/escolalarenaldellevant\/wp-content\/uploads\/usu1505\/2020\/02\/kisspng-computer-icons-magazine-share-icon-clip-art-5b3bda4b5f5f68.8338598215306491633907-300x300.png 300w\" sizes=\"auto, (max-width: 67px) 100vw, 67px\" \/><\/a> Podeu consultar tots els n\u00fameros en els enlla\u00e7os seg\u00fcents:<\/h1>\n<p style=\"text-align: center;\"><a href=\"https:\/\/sites.google.com\/site\/eltaulat26\/\" target=\"_blank\" rel=\"noopener noreferrer\">El Taulat n26<\/a><\/p>\n<p style=\"text-align: center;\"><a href=\"https:\/\/sites.google.com\/site\/revistaeltaulatno27\/\" target=\"_blank\" rel=\"noopener noreferrer\">El Taulat n27<\/a><\/p>\n<p style=\"text-align: center;\"><a href=\"https:\/\/sites.google.com\/site\/revistaeltaulatno28\/\">El Taulat n28<\/a><\/p>\n<p style=\"text-align: center;\"><a href=\"https:\/\/sites.google.com\/site\/revistaeltaulatno29\/\" target=\"_blank\" rel=\"noopener noreferrer\">El Taulat n29<\/a><\/p>\n<p style=\"text-align: center;\"><a href=\"https:\/\/sites.google.com\/site\/revistaeltaulatno30\/\" target=\"_blank\" rel=\"noopener noreferrer\">El Taulat n30<\/a><\/p>\n<p style=\"text-align: center;\"><a href=\"https:\/\/sites.google.com\/site\/revistaeltaulatno31\/\" target=\"_blank\" rel=\"noopener noreferrer\">El Taulat n31<\/a><\/p>\n<p style=\"text-align: center;\"><a href=\"https:\/\/sites.google.com\/site\/revistaeltaulatno32\/\" target=\"_blank\" rel=\"noopener noreferrer\">El Taulat n32<\/a><\/p>\n<p style=\"text-align: center;\"><a href=\"https:\/\/sites.google.com\/site\/revistaeltaulatno33\/\" target=\"_blank\" rel=\"noopener noreferrer\">El Taulat n33<\/a><\/p>\n<p style=\"text-align: center;\"><a href=\"https:\/\/sites.google.com\/site\/revistaeltaulatno34\/\" target=\"_blank\" rel=\"noopener noreferrer\">El Taulat n34<\/a><\/p>\n<p style=\"text-align: center;\"><a href=\"https:\/\/sites.google.com\/site\/revistaeltaulatno35\/\" target=\"_blank\" rel=\"noopener noreferrer\">El taulat n35<\/a><\/p>\n<p style=\"text-align: center;\"><a href=\"https:\/\/sites.google.com\/site\/revistaeltaulatno36\/\" target=\"_blank\" rel=\"noopener noreferrer\">El Taulat n36<\/a><\/p>\n<p style=\"text-align: center;\"><a href=\"https:\/\/sites.google.com\/site\/revistaeltaulatno37\/\" target=\"_blank\" rel=\"noopener noreferrer\">El Taulat n37<\/a><\/p>\n<p style=\"text-align: center;\"><a href=\"https:\/\/sites.google.com\/site\/revistaeltaulatno38\/\" target=\"_blank\" rel=\"noopener noreferrer\">El Taulat n38<\/a><\/p>\n<p style=\"text-align: center;\"><a href=\"https:\/\/sites.google.com\/site\/revistano39\/\" target=\"_blank\" rel=\"noopener noreferrer\">El Taulat n39<\/a><\/p>\n","protected":false},"excerpt":{"rendered":"<p>&nbsp; &nbsp; Podeu consultar tots els n\u00fameros en els enlla\u00e7os seg\u00fcents: El Taulat n26 El Taulat n27 El Taulat n28 El Taulat n29 El Taulat n30 El Taulat n31 El Taulat n32 El Taulat n33 El Taulat n34 El taulat n35 El Taulat n36 El Taulat n37 El Taulat n38 El Taulat n39<\/p>\n","protected":false},"author":1,"featured_media":0,"parent":87,"menu_order":5,"comment_status":"closed","ping_status":"closed","template":"page-templates\/side-menu.php","meta":{"_bbp_topic_count":0,"_bbp_reply_count":0,"_bbp_total_topic_count":0,"_bbp_total_reply_count":0,"_bbp_voice_count":0,"_bbp_anonymous_reply_count":0,"_bbp_topic_count_hidden":0,"_bbp_reply_count_hidden":0,"_bbp_forum_subforum_count":0,"site-sidebar-layout":"default","site-content-layout":"","ast-site-content-layout":"","site-content-style":"default","site-sidebar-style":"default","ast-global-header-display":"","ast-banner-title-visibility":"","ast-main-header-display":"","ast-hfb-above-header-display":"","ast-hfb-below-header-display":"","ast-hfb-mobile-header-display":"","site-post-title":"","ast-breadcrumbs-content":"","ast-featured-img":"","footer-sml-layout":"","theme-transparent-header-meta":"","adv-header-id-meta":"","stick-header-meta":"","header-above-stick-meta":"","header-main-stick-meta":"","header-below-stick-meta":"","astra-migrate-meta-layouts":"default","ast-page-background-enabled":"default","ast-page-background-meta":{"desktop":{"background-color":"var(--ast-global-color-4)","background-image":"","background-repeat":"repeat","background-position":"center center","background-size":"auto","background-attachment":"scroll","background-type":"","background-media":"","overlay-type":"","overlay-color":"","overlay-opacity":"","overlay-gradient":""},"tablet":{"background-color":"","background-image":"","background-repeat":"repeat","background-position":"center center","background-size":"auto","background-attachment":"scroll","background-type":"","background-media":"","overlay-type":"","overlay-color":"","overlay-opacity":"","overlay-gradient":""},"mobile":{"background-color":"","background-image":"","background-repeat":"repeat","background-position":"center center","background-size":"auto","background-attachment":"scroll","background-type":"","background-media":"","overlay-type":"","overlay-color":"","overlay-opacity":"","overlay-gradient":""}},"ast-content-background-meta":{"desktop":{"background-color":"var(--ast-global-color-5)","background-image":"","background-repeat":"repeat","background-position":"center center","background-size":"auto","background-attachment":"scroll","background-type":"","background-media":"","overlay-type":"","overlay-color":"","overlay-opacity":"","overlay-gradient":""},"tablet":{"background-color":"var(--ast-global-color-5)","background-image":"","background-repeat":"repeat","background-position":"center center","background-size":"auto","background-attachment":"scroll","background-type":"","background-media":"","overlay-type":"","overlay-color":"","overlay-opacity":"","overlay-gradient":""},"mobile":{"background-color":"var(--ast-global-color-5)","background-image":"","background-repeat":"repeat","background-position":"center center","background-size":"auto","background-attachment":"scroll","background-type":"","background-media":"","overlay-type":"","overlay-color":"","overlay-opacity":"","overlay-gradient":""}},"footnotes":""},"class_list":["post-1020","page","type-page","status-publish","hentry"],"post_mailing_queue_ids":[],"_links":{"self":[{"href":"https:\/\/agora.xtec.cat\/escolalarenaldellevant\/wp-json\/wp\/v2\/pages\/1020","targetHints":{"allow":["GET"]}}],"collection":[{"href":"https:\/\/agora.xtec.cat\/escolalarenaldellevant\/wp-json\/wp\/v2\/pages"}],"about":[{"href":"https:\/\/agora.xtec.cat\/escolalarenaldellevant\/wp-json\/wp\/v2\/types\/page"}],"author":[{"embeddable":true,"href":"https:\/\/agora.xtec.cat\/escolalarenaldellevant\/wp-json\/wp\/v2\/users\/1"}],"replies":[{"embeddable":true,"href":"https:\/\/agora.xtec.cat\/escolalarenaldellevant\/wp-json\/wp\/v2\/comments?post=1020"}],"version-history":[{"count":2,"href":"https:\/\/agora.xtec.cat\/escolalarenaldellevant\/wp-json\/wp\/v2\/pages\/1020\/revisions"}],"predecessor-version":[{"id":1072,"href":"https:\/\/agora.xtec.cat\/escolalarenaldellevant\/wp-json\/wp\/v2\/pages\/1020\/revisions\/1072"}],"up":[{"embeddable":true,"href":"https:\/\/agora.xtec.cat\/escolalarenaldellevant\/wp-json\/wp\/v2\/pages\/87"}],"wp:attachment":[{"href":"https:\/\/agora.xtec.cat\/escolalarenaldellevant\/wp-json\/wp\/v2\/media?parent=1020"}],"curies":[{"name":"wp","href":"https:\/\/api.w.org\/{rel}","templated":true}]}}