{"id":8935,"date":"2020-03-16T19:43:14","date_gmt":"2020-03-16T18:43:14","guid":{"rendered":"http:\/\/agora.xtec.cat\/escolalapopa\/?page_id=8935"},"modified":"2020-03-18T10:35:00","modified_gmt":"2020-03-18T09:35:00","slug":"mestres","status":"publish","type":"page","link":"https:\/\/agora.xtec.cat\/escolalapopa\/biblioteca\/mestres\/","title":{"rendered":"Mestres"},"content":{"rendered":"<p>Informacions i\/o activitats adre\u00e7ades al professorat: articles i bibliografies d\u2019inter\u00e8s pedag\u00f2gic, propostes did\u00e0ctiques per a les \u00e0rees, recomanacions de llibres, etc<\/p>\n<p>Webs amb bibliorecomanacions i propostes per fomentar la lectura:<\/p>\n<p><img loading=\"lazy\" decoding=\"async\" class=\"\" src=\"https:\/\/www.clijcat.cat\/consell\/imagenes\/inici\/logoClijcat.png\" alt=\"CLIJCAT\" width=\"129\" height=\"90\" \/><\/p>\n<p><a href=\"https:\/\/www.clijcat.cat\/\">Con<\/a><a style=\"font-family: inherit; font-size: 1em;\" href=\"https:\/\/www.clijcat.cat\/\">se<\/a><a style=\"font-family: inherit; font-size: 1em;\" href=\"https:\/\/www.clijcat.cat\/\">ll Catal\u00e0 del Llibre Infantil i Juvenil<\/a><\/p>\n<p><img loading=\"lazy\" decoding=\"async\" class=\"\" src=\"https:\/\/www.clijcat.cat\/faristol\/img\/comunes\/logo_farisltol_social.jpg\" alt=\"Resultado de imagen de faristol clij\" width=\"92\" height=\"92\" \/><\/p>\n<p><a href=\"https:\/\/www.clijcat.cat\/faristol\/\">Faristol: revista del llibre infantil i juvenil<\/a><\/p>\n<p><img loading=\"lazy\" decoding=\"async\" class=\"\" src=\"https:\/\/jaumecentelles.files.wordpress.com\/2018\/12\/cropped-conte6.png\" width=\"358\" height=\"97\" \/><\/p>\n<p><a href=\"https:\/\/jaumecentelles.cat\">La invitaci\u00f3 a la lectura d&#8217;en Jaume Centelles<\/a><\/p>\n<p><img loading=\"lazy\" decoding=\"async\" class=\"\" src=\"http:\/\/4.bp.blogspot.com\/-LSOEf_-lcww\/WXemD7pj2yI\/AAAAAAAAEbo\/VD0M7t5BR9EwNxhA_WIZCB7FldQYOuxEQCK4BGAYYCw\/s1600\/GrupBBMwebLogo2.jpg\" alt=\"BIBLIOM\u00c8DIA\" width=\"375\" height=\"123\" \/><\/p>\n<p><a href=\"http:\/\/grupbibliomedia.blogspot.com\/\">http:\/\/grupbibliomedia.blogspot.com\/<\/a><\/p>\n<p><img loading=\"lazy\" decoding=\"async\" class=\"\" src=\"http:\/\/2.bp.blogspot.com\/-f4rJYJw9fkU\/WTAr-EnfYMI\/AAAAAAAAPeI\/tZZioF8kyVkc2aZzgFdB__OKaejCl4AkwCK4B\/s730\/disseny_versio%2Bhoritzontal.jpg\" alt=\"El bloc del Bib.Bot\u00f3\" width=\"376\" height=\"121\" \/><\/p>\n<p><a href=\"http:\/\/bibboto.blogspot.com\/\">Bib Bot\u00f3. Grup de treball de Biblioteques Infantils i Juvenils<\/a><\/p>\n<p><img decoding=\"async\" src=\"https:\/\/www.gretel.cat\/wp-content\/themes\/gretel\/images\/gretel.png\" alt=\"Gretel\" \/><\/p>\n<p><a href=\"https:\/\/www.gretel.cat\/\">Gretel:Grup de Recerca de literatura Infantil i Juventil (UAB)<\/a><\/p>\n<p><img decoding=\"async\" src=\"http:\/\/educalab.es\/documents\/10180\/571825\/leer.es\/\" alt=\"Ir a Web Leer.es\" \/><\/p>\n<p><a href=\"https:\/\/leer.es\/home\">Portal amb recursos per fomentar la compet\u00e8ncia ling\u00fc\u00edstica, medi\u00e0tica i informacional\u00a0 \u00a0<\/a><\/p>\n","protected":false},"excerpt":{"rendered":"<p>Informacions i\/o activitats adre\u00e7ades al professorat: articles i bibliografies d\u2019inter\u00e8s pedag\u00f2gic, propostes did\u00e0ctiques per a les \u00e0rees, recomanacions de llibres, etc Webs amb bibliorecomanacions i propostes per fomentar la lectura: Consell Catal\u00e0 del Llibre Infantil i Juvenil Faristol: revista del llibre infantil i juvenil La invitaci\u00f3 a la lectura d&#8217;en Jaume Centelles http:\/\/grupbibliomedia.blogspot.com\/ Bib Bot\u00f3. [&hellip;]<\/p>\n","protected":false},"author":1,"featured_media":0,"parent":8220,"menu_order":0,"comment_status":"closed","ping_status":"closed","template":"","meta":{"_bbp_topic_count":0,"_bbp_reply_count":0,"_bbp_total_topic_count":0,"_bbp_total_reply_count":0,"_bbp_voice_count":0,"_bbp_anonymous_reply_count":0,"_bbp_topic_count_hidden":0,"_bbp_reply_count_hidden":0,"_bbp_forum_subforum_count":0,"site-sidebar-layout":"default","site-content-layout":"","ast-site-content-layout":"","site-content-style":"default","site-sidebar-style":"default","ast-global-header-display":"","ast-banner-title-visibility":"","ast-main-header-display":"","ast-hfb-above-header-display":"","ast-hfb-below-header-display":"","ast-hfb-mobile-header-display":"","site-post-title":"","ast-breadcrumbs-content":"","ast-featured-img":"","footer-sml-layout":"","theme-transparent-header-meta":"","adv-header-id-meta":"","stick-header-meta":"","header-above-stick-meta":"","header-main-stick-meta":"","header-below-stick-meta":"","astra-migrate-meta-layouts":"default","ast-page-background-enabled":"default","ast-page-background-meta":{"desktop":{"background-color":"var(--ast-global-color-4)","background-image":"","background-repeat":"repeat","background-position":"center center","background-size":"auto","background-attachment":"scroll","background-type":"","background-media":"","overlay-type":"","overlay-color":"","overlay-opacity":"","overlay-gradient":""},"tablet":{"background-color":"","background-image":"","background-repeat":"repeat","background-position":"center center","background-size":"auto","background-attachment":"scroll","background-type":"","background-media":"","overlay-type":"","overlay-color":"","overlay-opacity":"","overlay-gradient":""},"mobile":{"background-color":"","background-image":"","background-repeat":"repeat","background-position":"center center","background-size":"auto","background-attachment":"scroll","background-type":"","background-media":"","overlay-type":"","overlay-color":"","overlay-opacity":"","overlay-gradient":""}},"ast-content-background-meta":{"desktop":{"background-color":"var(--ast-global-color-5)","background-image":"","background-repeat":"repeat","background-position":"center center","background-size":"auto","background-attachment":"scroll","background-type":"","background-media":"","overlay-type":"","overlay-color":"","overlay-opacity":"","overlay-gradient":""},"tablet":{"background-color":"var(--ast-global-color-5)","background-image":"","background-repeat":"repeat","background-position":"center center","background-size":"auto","background-attachment":"scroll","background-type":"","background-media":"","overlay-type":"","overlay-color":"","overlay-opacity":"","overlay-gradient":""},"mobile":{"background-color":"var(--ast-global-color-5)","background-image":"","background-repeat":"repeat","background-position":"center center","background-size":"auto","background-attachment":"scroll","background-type":"","background-media":"","overlay-type":"","overlay-color":"","overlay-opacity":"","overlay-gradient":""}},"footnotes":""},"class_list":["post-8935","page","type-page","status-publish","hentry"],"post_mailing_queue_ids":[],"_links":{"self":[{"href":"https:\/\/agora.xtec.cat\/escolalapopa\/wp-json\/wp\/v2\/pages\/8935","targetHints":{"allow":["GET"]}}],"collection":[{"href":"https:\/\/agora.xtec.cat\/escolalapopa\/wp-json\/wp\/v2\/pages"}],"about":[{"href":"https:\/\/agora.xtec.cat\/escolalapopa\/wp-json\/wp\/v2\/types\/page"}],"author":[{"embeddable":true,"href":"https:\/\/agora.xtec.cat\/escolalapopa\/wp-json\/wp\/v2\/users\/1"}],"replies":[{"embeddable":true,"href":"https:\/\/agora.xtec.cat\/escolalapopa\/wp-json\/wp\/v2\/comments?post=8935"}],"version-history":[{"count":3,"href":"https:\/\/agora.xtec.cat\/escolalapopa\/wp-json\/wp\/v2\/pages\/8935\/revisions"}],"predecessor-version":[{"id":8966,"href":"https:\/\/agora.xtec.cat\/escolalapopa\/wp-json\/wp\/v2\/pages\/8935\/revisions\/8966"}],"up":[{"embeddable":true,"href":"https:\/\/agora.xtec.cat\/escolalapopa\/wp-json\/wp\/v2\/pages\/8220"}],"wp:attachment":[{"href":"https:\/\/agora.xtec.cat\/escolalapopa\/wp-json\/wp\/v2\/media?parent=8935"}],"curies":[{"name":"wp","href":"https:\/\/api.w.org\/{rel}","templated":true}]}}