{"id":8933,"date":"2020-03-16T19:41:44","date_gmt":"2020-03-16T18:41:44","guid":{"rendered":"http:\/\/agora.xtec.cat\/escolalapopa\/?page_id=8933"},"modified":"2020-05-04T16:18:36","modified_gmt":"2020-05-04T14:18:36","slug":"pla-de-lectura-plec","status":"publish","type":"page","link":"https:\/\/agora.xtec.cat\/escolalapopa\/biblioteca\/pla-de-lectura-plec\/","title":{"rendered":"Pla de Lectura (PLEC)"},"content":{"rendered":"<p>El Pla de Lectura (PLEC) \u00e9s un projecte de centre que recull els objectius, les metodologies i les estrat\u00e8gies que s\u2019utilitzen per tal d\u2019assegurar l\u2019assoliment de la compet\u00e8ncia lectora i el foment de la lectura. Aix\u00ed doncs, esdev\u00e9 una eina que est\u00e0 vinculada al Projecte Educatiu de l&#8217;escola.<\/p>\n<p>Els tres eixos que articulen el PLEC s\u00f3n els seg\u00fcents:<\/p>\n<p><strong>Saber llegir<\/strong>: es procura millorar la comprensi\u00f3 lectora i la interpretaci\u00f3 de textos.<\/p>\n<p><strong>Llegir per aprendre<\/strong>: s\u2019adquireixen habilitats i destreses per tal de localitzar, avaluar, utilitzar i comunicar la informaci\u00f3 de manera efectiva. S\u2019hi distingeixen tres \u00e0mbits: la cerca de la informaci\u00f3, el tractament de la informaci\u00f3 i la comunicaci\u00f3 de la informaci\u00f3.<\/p>\n<p><strong>El gust per llegir<\/strong>: es fomenta el desig lector tot incentivant la lectura com a font de plaer. A m\u00e9s a m\u00e9s, es promou el valor de la lectura i \u00e9s aquest eix el que fomenta la dinamitzaci\u00f3 de la biblioteca.<\/p>\n<p><a href=\"https:\/\/agora.xtec.cat\/escolalapopa\/wp-content\/uploads\/usu979\/2020\/05\/epergam_203x75.png\"><img loading=\"lazy\" decoding=\"async\" class=\"aligncenter wp-image-9032 size-thumbnail\" src=\"https:\/\/agora.xtec.cat\/escolalapopa\/wp-content\/uploads\/usu979\/2020\/05\/epergam_203x75-150x75.png\" alt=\"\" width=\"150\" height=\"75\" \/><\/a><\/p>\n<p>L\u2019<strong>eP\u00e8rgam<\/strong>\u00a0\u00e9s l\u2019aplicaci\u00f3 de gesti\u00f3 de les biblioteques escolars que ofereix el Departament d\u2019Ensenyament. Serveix per localitzar i consultar els llibres del centre.\u00a0Si voleu consultar els llibres que tenim catalogats, ho podeu fer prement\u00a0<a href=\"https:\/\/aplicacions.gestioeducativa.gencat.cat\/epergam\/web\/biblioteca.jsp?codi=08015831\">aqu\u00ed<\/a>.<\/p>\n","protected":false},"excerpt":{"rendered":"<p>El Pla de Lectura (PLEC) \u00e9s un projecte de centre que recull els objectius, les metodologies i les estrat\u00e8gies que s\u2019utilitzen per tal d\u2019assegurar l\u2019assoliment de la compet\u00e8ncia lectora i el foment de la lectura. Aix\u00ed doncs, esdev\u00e9 una eina que est\u00e0 vinculada al Projecte Educatiu de l&#8217;escola. Els tres eixos que articulen el PLEC [&hellip;]<\/p>\n","protected":false},"author":1,"featured_media":0,"parent":8220,"menu_order":0,"comment_status":"closed","ping_status":"closed","template":"","meta":{"_bbp_topic_count":0,"_bbp_reply_count":0,"_bbp_total_topic_count":0,"_bbp_total_reply_count":0,"_bbp_voice_count":0,"_bbp_anonymous_reply_count":0,"_bbp_topic_count_hidden":0,"_bbp_reply_count_hidden":0,"_bbp_forum_subforum_count":0,"site-sidebar-layout":"default","site-content-layout":"","ast-site-content-layout":"","site-content-style":"default","site-sidebar-style":"default","ast-global-header-display":"","ast-banner-title-visibility":"","ast-main-header-display":"","ast-hfb-above-header-display":"","ast-hfb-below-header-display":"","ast-hfb-mobile-header-display":"","site-post-title":"","ast-breadcrumbs-content":"","ast-featured-img":"","footer-sml-layout":"","theme-transparent-header-meta":"","adv-header-id-meta":"","stick-header-meta":"","header-above-stick-meta":"","header-main-stick-meta":"","header-below-stick-meta":"","astra-migrate-meta-layouts":"default","ast-page-background-enabled":"default","ast-page-background-meta":{"desktop":{"background-color":"var(--ast-global-color-4)","background-image":"","background-repeat":"repeat","background-position":"center center","background-size":"auto","background-attachment":"scroll","background-type":"","background-media":"","overlay-type":"","overlay-color":"","overlay-opacity":"","overlay-gradient":""},"tablet":{"background-color":"","background-image":"","background-repeat":"repeat","background-position":"center center","background-size":"auto","background-attachment":"scroll","background-type":"","background-media":"","overlay-type":"","overlay-color":"","overlay-opacity":"","overlay-gradient":""},"mobile":{"background-color":"","background-image":"","background-repeat":"repeat","background-position":"center center","background-size":"auto","background-attachment":"scroll","background-type":"","background-media":"","overlay-type":"","overlay-color":"","overlay-opacity":"","overlay-gradient":""}},"ast-content-background-meta":{"desktop":{"background-color":"var(--ast-global-color-5)","background-image":"","background-repeat":"repeat","background-position":"center center","background-size":"auto","background-attachment":"scroll","background-type":"","background-media":"","overlay-type":"","overlay-color":"","overlay-opacity":"","overlay-gradient":""},"tablet":{"background-color":"var(--ast-global-color-5)","background-image":"","background-repeat":"repeat","background-position":"center center","background-size":"auto","background-attachment":"scroll","background-type":"","background-media":"","overlay-type":"","overlay-color":"","overlay-opacity":"","overlay-gradient":""},"mobile":{"background-color":"var(--ast-global-color-5)","background-image":"","background-repeat":"repeat","background-position":"center center","background-size":"auto","background-attachment":"scroll","background-type":"","background-media":"","overlay-type":"","overlay-color":"","overlay-opacity":"","overlay-gradient":""}},"footnotes":""},"class_list":["post-8933","page","type-page","status-publish","hentry"],"post_mailing_queue_ids":[],"_links":{"self":[{"href":"https:\/\/agora.xtec.cat\/escolalapopa\/wp-json\/wp\/v2\/pages\/8933","targetHints":{"allow":["GET"]}}],"collection":[{"href":"https:\/\/agora.xtec.cat\/escolalapopa\/wp-json\/wp\/v2\/pages"}],"about":[{"href":"https:\/\/agora.xtec.cat\/escolalapopa\/wp-json\/wp\/v2\/types\/page"}],"author":[{"embeddable":true,"href":"https:\/\/agora.xtec.cat\/escolalapopa\/wp-json\/wp\/v2\/users\/1"}],"replies":[{"embeddable":true,"href":"https:\/\/agora.xtec.cat\/escolalapopa\/wp-json\/wp\/v2\/comments?post=8933"}],"version-history":[{"count":2,"href":"https:\/\/agora.xtec.cat\/escolalapopa\/wp-json\/wp\/v2\/pages\/8933\/revisions"}],"predecessor-version":[{"id":9033,"href":"https:\/\/agora.xtec.cat\/escolalapopa\/wp-json\/wp\/v2\/pages\/8933\/revisions\/9033"}],"up":[{"embeddable":true,"href":"https:\/\/agora.xtec.cat\/escolalapopa\/wp-json\/wp\/v2\/pages\/8220"}],"wp:attachment":[{"href":"https:\/\/agora.xtec.cat\/escolalapopa\/wp-json\/wp\/v2\/media?parent=8933"}],"curies":[{"name":"wp","href":"https:\/\/api.w.org\/{rel}","templated":true}]}}