{"id":8171,"date":"2019-03-06T14:06:58","date_gmt":"2019-03-06T13:06:58","guid":{"rendered":"http:\/\/agora.xtec.cat\/escolalapopa\/?page_id=8171"},"modified":"2025-07-16T11:33:16","modified_gmt":"2025-07-16T09:33:16","slug":"robotica","status":"publish","type":"page","link":"https:\/\/agora.xtec.cat\/escolalapopa\/projecte-educatiu\/robotica\/","title":{"rendered":"Rob\u00f2tica"},"content":{"rendered":"<p>A l\u2019escola portem a terme el projecte de rob\u00f2tica de LEGO Education. Aquest projecte refor\u00e7a la comprensi\u00f3 dels alumnes sobre les vuit pr\u00e0ctiques de ci\u00e8ncia i enginyeria, incloent-hi fer preguntes i resoldre problemes, modelar prototips, investigar, analitzar i interpretar dades, pensar computacionalment, crear arguments basats en proves i obtenir, avaluar i comunicar informaci\u00f3.<\/p>\n<p><a href=\"https:\/\/agora.xtec.cat\/escolalapopa\/wp-content\/uploads\/usu979\/2025\/07\/PROJECTE-ROBOTICA.docx.pdf\">PROJECTE ROBOTICA.docx<\/a><\/p>\n<p><a href=\"https:\/\/agora.xtec.cat\/escolalapopa\/wp-content\/uploads\/usu979\/2021\/02\/BEE-BOOTS-9.jpg\"><img loading=\"lazy\" decoding=\"async\" class=\"size-full wp-image-9353\" src=\"https:\/\/agora.xtec.cat\/escolalapopa\/wp-content\/uploads\/usu979\/2021\/02\/BEE-BOOTS-9.jpg\" alt=\"\" width=\"448\" height=\"252\" srcset=\"https:\/\/agora.xtec.cat\/escolalapopa\/wp-content\/uploads\/usu979\/2021\/02\/BEE-BOOTS-9.jpg 448w, https:\/\/agora.xtec.cat\/escolalapopa\/wp-content\/uploads\/usu979\/2021\/02\/BEE-BOOTS-9-300x169.jpg 300w\" sizes=\"auto, (max-width: 448px) 100vw, 448px\" \/><\/a><\/p>\n<p><a href=\"https:\/\/agora.xtec.cat\/escolalapopa\/wp-content\/uploads\/usu979\/2021\/02\/PROJECTES-LEGO-12.jpg\"><img loading=\"lazy\" decoding=\"async\" class=\"size-large wp-image-9354\" src=\"https:\/\/agora.xtec.cat\/escolalapopa\/wp-content\/uploads\/usu979\/2021\/02\/PROJECTES-LEGO-12.jpg\" alt=\"\" width=\"448\" height=\"336\" srcset=\"https:\/\/agora.xtec.cat\/escolalapopa\/wp-content\/uploads\/usu979\/2021\/02\/PROJECTES-LEGO-12.jpg 448w, https:\/\/agora.xtec.cat\/escolalapopa\/wp-content\/uploads\/usu979\/2021\/02\/PROJECTES-LEGO-12-300x225.jpg 300w, https:\/\/agora.xtec.cat\/escolalapopa\/wp-content\/uploads\/usu979\/2021\/02\/PROJECTES-LEGO-12-200x150.jpg 200w\" sizes=\"auto, (max-width: 448px) 100vw, 448px\" \/><\/a><\/p>\n","protected":false},"excerpt":{"rendered":"<p>A l\u2019escola portem a terme el projecte de rob\u00f2tica de LEGO Education. Aquest projecte refor\u00e7a la comprensi\u00f3 dels alumnes sobre les vuit pr\u00e0ctiques de ci\u00e8ncia i enginyeria, incloent-hi fer preguntes i resoldre problemes, modelar prototips, investigar, analitzar i interpretar dades, pensar computacionalment, crear arguments basats en proves i obtenir, avaluar i comunicar informaci\u00f3. PROJECTE ROBOTICA.docx<\/p>\n","protected":false},"author":45,"featured_media":0,"parent":64,"menu_order":0,"comment_status":"closed","ping_status":"closed","template":"page-templates\/side-menu.php","meta":{"_bbp_topic_count":0,"_bbp_reply_count":0,"_bbp_total_topic_count":0,"_bbp_total_reply_count":0,"_bbp_voice_count":0,"_bbp_anonymous_reply_count":0,"_bbp_topic_count_hidden":0,"_bbp_reply_count_hidden":0,"_bbp_forum_subforum_count":0,"site-sidebar-layout":"default","site-content-layout":"","ast-site-content-layout":"","site-content-style":"default","site-sidebar-style":"default","ast-global-header-display":"","ast-banner-title-visibility":"","ast-main-header-display":"","ast-hfb-above-header-display":"","ast-hfb-below-header-display":"","ast-hfb-mobile-header-display":"","site-post-title":"","ast-breadcrumbs-content":"","ast-featured-img":"","footer-sml-layout":"","theme-transparent-header-meta":"","adv-header-id-meta":"","stick-header-meta":"","header-above-stick-meta":"","header-main-stick-meta":"","header-below-stick-meta":"","astra-migrate-meta-layouts":"default","ast-page-background-enabled":"default","ast-page-background-meta":{"desktop":{"background-color":"var(--ast-global-color-4)","background-image":"","background-repeat":"repeat","background-position":"center center","background-size":"auto","background-attachment":"scroll","background-type":"","background-media":"","overlay-type":"","overlay-color":"","overlay-opacity":"","overlay-gradient":""},"tablet":{"background-color":"","background-image":"","background-repeat":"repeat","background-position":"center center","background-size":"auto","background-attachment":"scroll","background-type":"","background-media":"","overlay-type":"","overlay-color":"","overlay-opacity":"","overlay-gradient":""},"mobile":{"background-color":"","background-image":"","background-repeat":"repeat","background-position":"center center","background-size":"auto","background-attachment":"scroll","background-type":"","background-media":"","overlay-type":"","overlay-color":"","overlay-opacity":"","overlay-gradient":""}},"ast-content-background-meta":{"desktop":{"background-color":"var(--ast-global-color-5)","background-image":"","background-repeat":"repeat","background-position":"center center","background-size":"auto","background-attachment":"scroll","background-type":"","background-media":"","overlay-type":"","overlay-color":"","overlay-opacity":"","overlay-gradient":""},"tablet":{"background-color":"var(--ast-global-color-5)","background-image":"","background-repeat":"repeat","background-position":"center center","background-size":"auto","background-attachment":"scroll","background-type":"","background-media":"","overlay-type":"","overlay-color":"","overlay-opacity":"","overlay-gradient":""},"mobile":{"background-color":"var(--ast-global-color-5)","background-image":"","background-repeat":"repeat","background-position":"center center","background-size":"auto","background-attachment":"scroll","background-type":"","background-media":"","overlay-type":"","overlay-color":"","overlay-opacity":"","overlay-gradient":""}},"footnotes":""},"class_list":["post-8171","page","type-page","status-publish","hentry"],"post_mailing_queue_ids":[],"_links":{"self":[{"href":"https:\/\/agora.xtec.cat\/escolalapopa\/wp-json\/wp\/v2\/pages\/8171","targetHints":{"allow":["GET"]}}],"collection":[{"href":"https:\/\/agora.xtec.cat\/escolalapopa\/wp-json\/wp\/v2\/pages"}],"about":[{"href":"https:\/\/agora.xtec.cat\/escolalapopa\/wp-json\/wp\/v2\/types\/page"}],"author":[{"embeddable":true,"href":"https:\/\/agora.xtec.cat\/escolalapopa\/wp-json\/wp\/v2\/users\/45"}],"replies":[{"embeddable":true,"href":"https:\/\/agora.xtec.cat\/escolalapopa\/wp-json\/wp\/v2\/comments?post=8171"}],"version-history":[{"count":5,"href":"https:\/\/agora.xtec.cat\/escolalapopa\/wp-json\/wp\/v2\/pages\/8171\/revisions"}],"predecessor-version":[{"id":10903,"href":"https:\/\/agora.xtec.cat\/escolalapopa\/wp-json\/wp\/v2\/pages\/8171\/revisions\/10903"}],"up":[{"embeddable":true,"href":"https:\/\/agora.xtec.cat\/escolalapopa\/wp-json\/wp\/v2\/pages\/64"}],"wp:attachment":[{"href":"https:\/\/agora.xtec.cat\/escolalapopa\/wp-json\/wp\/v2\/media?parent=8171"}],"curies":[{"name":"wp","href":"https:\/\/api.w.org\/{rel}","templated":true}]}}