{"id":73,"date":"2014-09-18T14:01:51","date_gmt":"2014-09-18T13:01:51","guid":{"rendered":"http:\/\/agora.xtec.cat\/escolalapopa\/?page_id=73"},"modified":"2025-09-04T15:38:56","modified_gmt":"2025-09-04T13:38:56","slug":"menjador-escolar","status":"publish","type":"page","link":"https:\/\/agora.xtec.cat\/escolalapopa\/serveis\/menjador-escolar\/","title":{"rendered":"Menjador escolar"},"content":{"rendered":"<p>El Consell comarcal gestiona el servei de menjador i aquest curs entoma el servei l\u2019empresa <a href=\"https:\/\/www.7itria.cat\/index.php\">SET I TRIA.<\/a><\/p>\n<p>Programa <strong><a href=\"https:\/\/www.7itria.cat\/index.php\/que-oferim\/menjadors-escolars\/servim-nos-com-a-casa.html\">Servir-nos com a casa<\/a>:<\/strong> La iniciativa ajuda els infants a tenir un major benestar emocional perqu\u00e8 esdevenen protagonistes de l\u2019acci\u00f3 educativa del menjador escolar. En primer lloc perqu\u00e8 servint-se ells mateixos<br \/>\nguanyen en autonomia i, en segon lloc, es fomenta la cohesi\u00f3 de grup i es potencia la relaci\u00f3 amb els companys i companyes.<\/p>\n<p><strong>Inscripci\u00f3:<\/strong> telem\u00e0tica a<a href=\"https:\/\/www.7itria.cat\/index.php\/component\/content\/article?id=190\"> l\u2019enlla\u00e7<\/a> (document adjunt amb instruccions)<\/p>\n<p><strong>Comunicaci\u00f3:<\/strong> Els alumnes s\u2019hauran d\u2019apuntar a l\u2019escola (perqu\u00e8 els professors s\u00e0piguen si es queden), per\u00f2 \u00e9s la fam\u00edlia qui avisa a cuina. (Si s\u00f3n fixes, nom\u00e9s el dia que no es queden i si s\u00f3n espor\u00e0dics, avisar quan es queden). El whatsapp ens el passaran m\u00e9s endavant.<\/p>\n<p><a href=\"https:\/\/agora.xtec.cat\/escolalapopa\/wp-content\/uploads\/usu979\/2025\/09\/APP-7iTria-o-Fundesplai-Manual-families-noves-inscripccions.pptx\">APP &#8211; 7iTria o Fundesplai &#8211; Manual families noves inscripccions<\/a><\/p>\n<p><a href=\"https:\/\/agora.xtec.cat\/escolalapopa\/wp-content\/uploads\/usu979\/2025\/09\/Menus-1r-trimestre-MOIANES.pdf\">Men\u00fas 1r trimestre MOIAN\u00c8S<\/a> (25-26)<\/p>\n<p>&nbsp;<\/p>\n","protected":false},"excerpt":{"rendered":"<p>El Consell comarcal gestiona el servei de menjador i aquest curs entoma el servei l\u2019empresa SET I TRIA. Programa Servir-nos com a casa: La iniciativa ajuda els infants a tenir un major benestar emocional perqu\u00e8 esdevenen protagonistes de l\u2019acci\u00f3 educativa del menjador escolar. En primer lloc perqu\u00e8 servint-se ells mateixos guanyen en autonomia i, en [&hellip;]<\/p>\n","protected":false},"author":1,"featured_media":0,"parent":66,"menu_order":30,"comment_status":"closed","ping_status":"closed","template":"page-templates\/side-menu.php","meta":{"_bbp_topic_count":0,"_bbp_reply_count":0,"_bbp_total_topic_count":0,"_bbp_total_reply_count":0,"_bbp_voice_count":0,"_bbp_anonymous_reply_count":0,"_bbp_topic_count_hidden":0,"_bbp_reply_count_hidden":0,"_bbp_forum_subforum_count":0,"site-sidebar-layout":"default","site-content-layout":"","ast-site-content-layout":"","site-content-style":"default","site-sidebar-style":"default","ast-global-header-display":"","ast-banner-title-visibility":"","ast-main-header-display":"","ast-hfb-above-header-display":"","ast-hfb-below-header-display":"","ast-hfb-mobile-header-display":"","site-post-title":"","ast-breadcrumbs-content":"","ast-featured-img":"","footer-sml-layout":"","theme-transparent-header-meta":"","adv-header-id-meta":"","stick-header-meta":"","header-above-stick-meta":"","header-main-stick-meta":"","header-below-stick-meta":"","astra-migrate-meta-layouts":"default","ast-page-background-enabled":"default","ast-page-background-meta":{"desktop":{"background-color":"var(--ast-global-color-4)","background-image":"","background-repeat":"repeat","background-position":"center center","background-size":"auto","background-attachment":"scroll","background-type":"","background-media":"","overlay-type":"","overlay-color":"","overlay-opacity":"","overlay-gradient":""},"tablet":{"background-color":"","background-image":"","background-repeat":"repeat","background-position":"center center","background-size":"auto","background-attachment":"scroll","background-type":"","background-media":"","overlay-type":"","overlay-color":"","overlay-opacity":"","overlay-gradient":""},"mobile":{"background-color":"","background-image":"","background-repeat":"repeat","background-position":"center center","background-size":"auto","background-attachment":"scroll","background-type":"","background-media":"","overlay-type":"","overlay-color":"","overlay-opacity":"","overlay-gradient":""}},"ast-content-background-meta":{"desktop":{"background-color":"var(--ast-global-color-5)","background-image":"","background-repeat":"repeat","background-position":"center center","background-size":"auto","background-attachment":"scroll","background-type":"","background-media":"","overlay-type":"","overlay-color":"","overlay-opacity":"","overlay-gradient":""},"tablet":{"background-color":"var(--ast-global-color-5)","background-image":"","background-repeat":"repeat","background-position":"center center","background-size":"auto","background-attachment":"scroll","background-type":"","background-media":"","overlay-type":"","overlay-color":"","overlay-opacity":"","overlay-gradient":""},"mobile":{"background-color":"var(--ast-global-color-5)","background-image":"","background-repeat":"repeat","background-position":"center center","background-size":"auto","background-attachment":"scroll","background-type":"","background-media":"","overlay-type":"","overlay-color":"","overlay-opacity":"","overlay-gradient":""}},"footnotes":""},"class_list":["post-73","page","type-page","status-publish","hentry"],"post_mailing_queue_ids":[],"_links":{"self":[{"href":"https:\/\/agora.xtec.cat\/escolalapopa\/wp-json\/wp\/v2\/pages\/73","targetHints":{"allow":["GET"]}}],"collection":[{"href":"https:\/\/agora.xtec.cat\/escolalapopa\/wp-json\/wp\/v2\/pages"}],"about":[{"href":"https:\/\/agora.xtec.cat\/escolalapopa\/wp-json\/wp\/v2\/types\/page"}],"author":[{"embeddable":true,"href":"https:\/\/agora.xtec.cat\/escolalapopa\/wp-json\/wp\/v2\/users\/1"}],"replies":[{"embeddable":true,"href":"https:\/\/agora.xtec.cat\/escolalapopa\/wp-json\/wp\/v2\/comments?post=73"}],"version-history":[{"count":8,"href":"https:\/\/agora.xtec.cat\/escolalapopa\/wp-json\/wp\/v2\/pages\/73\/revisions"}],"predecessor-version":[{"id":10906,"href":"https:\/\/agora.xtec.cat\/escolalapopa\/wp-json\/wp\/v2\/pages\/73\/revisions\/10906"}],"up":[{"embeddable":true,"href":"https:\/\/agora.xtec.cat\/escolalapopa\/wp-json\/wp\/v2\/pages\/66"}],"wp:attachment":[{"href":"https:\/\/agora.xtec.cat\/escolalapopa\/wp-json\/wp\/v2\/media?parent=73"}],"curies":[{"name":"wp","href":"https:\/\/api.w.org\/{rel}","templated":true}]}}