{"id":36,"date":"2014-09-18T12:33:11","date_gmt":"2014-09-18T11:33:11","guid":{"rendered":"http:\/\/agora.xtec.cat\/escolalapopa\/?page_id=36"},"modified":"2025-07-08T12:17:54","modified_gmt":"2025-07-08T10:17:54","slug":"material-escolar","status":"publish","type":"page","link":"https:\/\/agora.xtec.cat\/escolalapopa\/lescola\/material-escolar\/","title":{"rendered":"Material escolar i pagaments"},"content":{"rendered":"<p><a href=\"https:\/\/agora.xtec.cat\/escolalapopa\/wp-content\/uploads\/usu979\/2025\/07\/QUOTES-I-VAL-ESCOLAR-25-26.pdf\">QUOTES I VAL ESCOLAR 25-26<\/a><\/p>\n<p><span style=\"font-weight: 400;\">Tots els pagaments (materials, sortides, col\u00f2nies) es podran realitzar de tres maneres diferents:<\/span><\/p>\n<ol>\n<li style=\"font-weight: 400;\" aria-level=\"1\"><b>Mitjan\u00e7ant transfer\u00e8ncia <\/b><span style=\"font-weight: 400;\">banc\u00e0ria al nostre compte de la Caixa:<\/span><\/li>\n<\/ol>\n<p><span style=\"font-weight: 400;\">\u00a0\u00a0\u00a0\u00a0\u00a0\u00a0\u00a0\u00a0\u00a0\u00a0\u00a0\u00a0\u00a0\u00a0\u00a0\u00a0IBAN: <\/span><b>ES29 2100 0069 0702 0034 3360<\/b><\/p>\n<p><span style=\"font-weight: 400;\">* Si us demana un codi \u00e9s: 0526248<\/span><\/p>\n<p><span style=\"font-weight: 400;\">2. A trav\u00e9s del <\/span><b>caixer autom\u00e0tic<\/b><span style=\"font-weight: 400;\"> (amb codi de barres).<\/span><\/p>\n<p>3. <span style=\"font-weight: 400;\">En <\/span><b>met\u00e0l\u00b7lic <\/b><span style=\"font-weight: 400;\">a la secretaria de l\u2019escola. (Demanar cita pr\u00e8via)<\/span><\/p>\n<p><span style=\"font-weight: 400;\">Si alguna fam\u00edlia t\u00e9 dificultats econ\u00f2miques per afrontar les despeses escolars, ho comunicar\u00e0 al centre i es resoldr\u00e0 cada cas segons les possibilitats.<\/span><\/p>\n<p><strong><a href=\"https:\/\/drive.google.com\/file\/d\/17OJwhS14KhnVD_xyhZrDx5S2CpcmrAvy\/view?usp=sharing\">MATERIAL QUE HAN DE PORTAR ELS ALUMNES 25-26<\/a><\/strong><\/p>\n","protected":false},"excerpt":{"rendered":"<p>QUOTES I VAL ESCOLAR 25-26 Tots els pagaments (materials, sortides, col\u00f2nies) es podran realitzar de tres maneres diferents: Mitjan\u00e7ant transfer\u00e8ncia banc\u00e0ria al nostre compte de la Caixa: \u00a0\u00a0\u00a0\u00a0\u00a0\u00a0\u00a0\u00a0\u00a0\u00a0\u00a0\u00a0\u00a0\u00a0\u00a0\u00a0IBAN: ES29 2100 0069 0702 0034 3360 * Si us demana un codi \u00e9s: 0526248 2. A trav\u00e9s del caixer autom\u00e0tic (amb codi de barres). 3. En met\u00e0l\u00b7lic [&hellip;]<\/p>\n","protected":false},"author":1,"featured_media":0,"parent":22,"menu_order":70,"comment_status":"closed","ping_status":"closed","template":"page-templates\/side-menu.php","meta":{"_bbp_topic_count":0,"_bbp_reply_count":0,"_bbp_total_topic_count":0,"_bbp_total_reply_count":0,"_bbp_voice_count":0,"_bbp_anonymous_reply_count":0,"_bbp_topic_count_hidden":0,"_bbp_reply_count_hidden":0,"_bbp_forum_subforum_count":0,"site-sidebar-layout":"default","site-content-layout":"","ast-site-content-layout":"","site-content-style":"default","site-sidebar-style":"default","ast-global-header-display":"","ast-banner-title-visibility":"","ast-main-header-display":"","ast-hfb-above-header-display":"","ast-hfb-below-header-display":"","ast-hfb-mobile-header-display":"","site-post-title":"","ast-breadcrumbs-content":"","ast-featured-img":"","footer-sml-layout":"","theme-transparent-header-meta":"","adv-header-id-meta":"","stick-header-meta":"","header-above-stick-meta":"","header-main-stick-meta":"","header-below-stick-meta":"","astra-migrate-meta-layouts":"default","ast-page-background-enabled":"default","ast-page-background-meta":{"desktop":{"background-color":"var(--ast-global-color-4)","background-image":"","background-repeat":"repeat","background-position":"center center","background-size":"auto","background-attachment":"scroll","background-type":"","background-media":"","overlay-type":"","overlay-color":"","overlay-opacity":"","overlay-gradient":""},"tablet":{"background-color":"","background-image":"","background-repeat":"repeat","background-position":"center center","background-size":"auto","background-attachment":"scroll","background-type":"","background-media":"","overlay-type":"","overlay-color":"","overlay-opacity":"","overlay-gradient":""},"mobile":{"background-color":"","background-image":"","background-repeat":"repeat","background-position":"center center","background-size":"auto","background-attachment":"scroll","background-type":"","background-media":"","overlay-type":"","overlay-color":"","overlay-opacity":"","overlay-gradient":""}},"ast-content-background-meta":{"desktop":{"background-color":"var(--ast-global-color-5)","background-image":"","background-repeat":"repeat","background-position":"center center","background-size":"auto","background-attachment":"scroll","background-type":"","background-media":"","overlay-type":"","overlay-color":"","overlay-opacity":"","overlay-gradient":""},"tablet":{"background-color":"var(--ast-global-color-5)","background-image":"","background-repeat":"repeat","background-position":"center center","background-size":"auto","background-attachment":"scroll","background-type":"","background-media":"","overlay-type":"","overlay-color":"","overlay-opacity":"","overlay-gradient":""},"mobile":{"background-color":"var(--ast-global-color-5)","background-image":"","background-repeat":"repeat","background-position":"center center","background-size":"auto","background-attachment":"scroll","background-type":"","background-media":"","overlay-type":"","overlay-color":"","overlay-opacity":"","overlay-gradient":""}},"footnotes":""},"class_list":["post-36","page","type-page","status-publish","hentry"],"post_mailing_queue_ids":[],"_links":{"self":[{"href":"https:\/\/agora.xtec.cat\/escolalapopa\/wp-json\/wp\/v2\/pages\/36","targetHints":{"allow":["GET"]}}],"collection":[{"href":"https:\/\/agora.xtec.cat\/escolalapopa\/wp-json\/wp\/v2\/pages"}],"about":[{"href":"https:\/\/agora.xtec.cat\/escolalapopa\/wp-json\/wp\/v2\/types\/page"}],"author":[{"embeddable":true,"href":"https:\/\/agora.xtec.cat\/escolalapopa\/wp-json\/wp\/v2\/users\/1"}],"replies":[{"embeddable":true,"href":"https:\/\/agora.xtec.cat\/escolalapopa\/wp-json\/wp\/v2\/comments?post=36"}],"version-history":[{"count":6,"href":"https:\/\/agora.xtec.cat\/escolalapopa\/wp-json\/wp\/v2\/pages\/36\/revisions"}],"predecessor-version":[{"id":10890,"href":"https:\/\/agora.xtec.cat\/escolalapopa\/wp-json\/wp\/v2\/pages\/36\/revisions\/10890"}],"up":[{"embeddable":true,"href":"https:\/\/agora.xtec.cat\/escolalapopa\/wp-json\/wp\/v2\/pages\/22"}],"wp:attachment":[{"href":"https:\/\/agora.xtec.cat\/escolalapopa\/wp-json\/wp\/v2\/media?parent=36"}],"curies":[{"name":"wp","href":"https:\/\/api.w.org\/{rel}","templated":true}]}}