{"id":30,"date":"2014-09-18T12:30:23","date_gmt":"2014-09-18T11:30:23","guid":{"rendered":"http:\/\/agora.xtec.cat\/escolalapopa\/?page_id=30"},"modified":"2025-09-06T17:51:22","modified_gmt":"2025-09-06T15:51:22","slug":"equipdocent","status":"publish","type":"page","link":"https:\/\/agora.xtec.cat\/escolalapopa\/lescola\/equipdocent\/","title":{"rendered":"Equip docent"},"content":{"rendered":"<p style=\"text-align: center;\"><strong>Curs: 2025-26<\/strong><\/p>\n<p><strong>Equip Docent<\/strong><\/p>\n<table style=\"height: 346px; width: 83.0342%;\">\n<tbody>\n<tr style=\"height: 48px;\">\n<td style=\"width: 43.4914%; height: 48px;\"><strong>Comunitat dels Virolets (I1 i I2)<\/strong><\/td>\n<td style=\"width: 61.8242%; height: 48px;\"><span style=\"background-color: #f9f9f9;\">M\u00f2nica Hervas i Irene Roca<\/span><\/td>\n<\/tr>\n<tr style=\"height: 31px;\">\n<td style=\"height: 31px; width: 43.4914%;\"><strong>Comunitat de les Baldufes (I3 i I4)<\/strong><\/td>\n<td style=\"height: 31px; width: 61.8242%;\">Merc\u00e8 Soler i N\u00faria Vila<\/td>\n<\/tr>\n<tr style=\"height: 31px;\">\n<td style=\"height: 31px; width: 43.4914%;\"><b>Comunitat de la Mainada (I5, 1r i 2n)<\/b><\/td>\n<td style=\"height: 31px; width: 61.8242%;\">Clara Farr\u00f3 i Yolanda P\u00e9rez<\/td>\n<\/tr>\n<tr style=\"height: 31px;\">\n<td style=\"height: 31px; width: 43.4914%;\"><strong>Comunitat de les Enxanetes (3r i 4t)<\/strong><\/td>\n<td style=\"height: 31px; width: 61.8242%;\"><span style=\"background-color: #ffffff;\">Virg\u00ednia P\u00e9rez i Xavi \/ Anna<\/span><\/td>\n<\/tr>\n<tr style=\"height: 31px;\">\n<td style=\"height: 31px; width: 43.4914%;\"><strong>Comunitat dels Gan\u00e0pies (5\u00e8 i 6\u00e8)<\/strong><\/td>\n<td style=\"height: 31px; width: 61.8242%;\">Lourdes Cancho, Titos Piguillem i Eia Vilardell<\/td>\n<\/tr>\n<tr style=\"height: 174px;\">\n<td style=\"height: 174px; width: 43.4914%;\"><strong>Especialistes<\/strong><\/td>\n<td style=\"height: 174px; width: 61.8242%;\">M\u00fasica: Guim Alberch<\/p>\n<p>Angl\u00e8s: Lourdes Cancho i V\u00edctor Arrabal<\/p>\n<p>Educaci\u00f3 F\u00edsica: Miquel<\/p>\n<p>Educaci\u00f3 Especial: Virg\u00ednia P\u00e9rez<\/td>\n<\/tr>\n<\/tbody>\n<\/table>\n<p><strong>Vetlladora:<\/strong> Judith<\/p>\n<p><strong>Acollida:<\/strong> Narda<\/p>\n<p><strong>Equip Directiu<\/strong><\/p>\n<table style=\"height: 102px;\" width=\"268\">\n<tbody>\n<tr>\n<td style=\"width: 127px;\"><strong>Directora<\/strong><\/td>\n<td style=\"width: 133px;\">Eia Vilardell<\/td>\n<\/tr>\n<tr>\n<td style=\"width: 127px;\"><strong>Cap d&#8217;Estudis<\/strong><\/td>\n<td style=\"width: 133px;\">Yolanda P\u00e9rez<\/td>\n<\/tr>\n<tr>\n<td style=\"width: 127px;\"><strong>Secret\u00e0ria<\/strong><\/td>\n<td style=\"width: 133px;\">Clara Farr\u00f3<\/td>\n<\/tr>\n<\/tbody>\n<\/table>\n<p><strong>Especialistes externs que intervenen al centre:\u00a0<\/strong><\/p>\n<p>EAP del Bages (Eva) i CREDA Catalunya Central (Montse)<\/p>\n","protected":false},"excerpt":{"rendered":"<p>Curs: 2025-26 Equip Docent Comunitat dels Virolets (I1 i I2) M\u00f2nica Hervas i Irene Roca Comunitat de les Baldufes (I3 i I4) Merc\u00e8 Soler i N\u00faria Vila Comunitat de la Mainada (I5, 1r i 2n) Clara Farr\u00f3 i Yolanda P\u00e9rez Comunitat de les Enxanetes (3r i 4t) Virg\u00ednia P\u00e9rez i Xavi \/ Anna Comunitat dels [&hellip;]<\/p>\n","protected":false},"author":1,"featured_media":0,"parent":22,"menu_order":40,"comment_status":"closed","ping_status":"closed","template":"page-templates\/side-menu.php","meta":{"_bbp_topic_count":0,"_bbp_reply_count":0,"_bbp_total_topic_count":0,"_bbp_total_reply_count":0,"_bbp_voice_count":0,"_bbp_anonymous_reply_count":0,"_bbp_topic_count_hidden":0,"_bbp_reply_count_hidden":0,"_bbp_forum_subforum_count":0,"site-sidebar-layout":"default","site-content-layout":"","ast-site-content-layout":"","site-content-style":"default","site-sidebar-style":"default","ast-global-header-display":"","ast-banner-title-visibility":"","ast-main-header-display":"","ast-hfb-above-header-display":"","ast-hfb-below-header-display":"","ast-hfb-mobile-header-display":"","site-post-title":"","ast-breadcrumbs-content":"","ast-featured-img":"","footer-sml-layout":"","theme-transparent-header-meta":"","adv-header-id-meta":"","stick-header-meta":"","header-above-stick-meta":"","header-main-stick-meta":"","header-below-stick-meta":"","astra-migrate-meta-layouts":"default","ast-page-background-enabled":"default","ast-page-background-meta":{"desktop":{"background-color":"var(--ast-global-color-4)","background-image":"","background-repeat":"repeat","background-position":"center center","background-size":"auto","background-attachment":"scroll","background-type":"","background-media":"","overlay-type":"","overlay-color":"","overlay-opacity":"","overlay-gradient":""},"tablet":{"background-color":"","background-image":"","background-repeat":"repeat","background-position":"center center","background-size":"auto","background-attachment":"scroll","background-type":"","background-media":"","overlay-type":"","overlay-color":"","overlay-opacity":"","overlay-gradient":""},"mobile":{"background-color":"","background-image":"","background-repeat":"repeat","background-position":"center center","background-size":"auto","background-attachment":"scroll","background-type":"","background-media":"","overlay-type":"","overlay-color":"","overlay-opacity":"","overlay-gradient":""}},"ast-content-background-meta":{"desktop":{"background-color":"var(--ast-global-color-5)","background-image":"","background-repeat":"repeat","background-position":"center center","background-size":"auto","background-attachment":"scroll","background-type":"","background-media":"","overlay-type":"","overlay-color":"","overlay-opacity":"","overlay-gradient":""},"tablet":{"background-color":"var(--ast-global-color-5)","background-image":"","background-repeat":"repeat","background-position":"center center","background-size":"auto","background-attachment":"scroll","background-type":"","background-media":"","overlay-type":"","overlay-color":"","overlay-opacity":"","overlay-gradient":""},"mobile":{"background-color":"var(--ast-global-color-5)","background-image":"","background-repeat":"repeat","background-position":"center center","background-size":"auto","background-attachment":"scroll","background-type":"","background-media":"","overlay-type":"","overlay-color":"","overlay-opacity":"","overlay-gradient":""}},"footnotes":""},"class_list":["post-30","page","type-page","status-publish","hentry"],"post_mailing_queue_ids":[],"_links":{"self":[{"href":"https:\/\/agora.xtec.cat\/escolalapopa\/wp-json\/wp\/v2\/pages\/30","targetHints":{"allow":["GET"]}}],"collection":[{"href":"https:\/\/agora.xtec.cat\/escolalapopa\/wp-json\/wp\/v2\/pages"}],"about":[{"href":"https:\/\/agora.xtec.cat\/escolalapopa\/wp-json\/wp\/v2\/types\/page"}],"author":[{"embeddable":true,"href":"https:\/\/agora.xtec.cat\/escolalapopa\/wp-json\/wp\/v2\/users\/1"}],"replies":[{"embeddable":true,"href":"https:\/\/agora.xtec.cat\/escolalapopa\/wp-json\/wp\/v2\/comments?post=30"}],"version-history":[{"count":8,"href":"https:\/\/agora.xtec.cat\/escolalapopa\/wp-json\/wp\/v2\/pages\/30\/revisions"}],"predecessor-version":[{"id":10909,"href":"https:\/\/agora.xtec.cat\/escolalapopa\/wp-json\/wp\/v2\/pages\/30\/revisions\/10909"}],"up":[{"embeddable":true,"href":"https:\/\/agora.xtec.cat\/escolalapopa\/wp-json\/wp\/v2\/pages\/22"}],"wp:attachment":[{"href":"https:\/\/agora.xtec.cat\/escolalapopa\/wp-json\/wp\/v2\/media?parent=30"}],"curies":[{"name":"wp","href":"https:\/\/api.w.org\/{rel}","templated":true}]}}