{"id":26,"date":"2014-09-18T12:24:32","date_gmt":"2014-09-18T11:24:32","guid":{"rendered":"http:\/\/agora.xtec.cat\/escolalapopa\/?page_id=26"},"modified":"2022-11-08T17:59:21","modified_gmt":"2022-11-08T16:59:21","slug":"historia","status":"publish","type":"page","link":"https:\/\/agora.xtec.cat\/escolalapopa\/lescola\/historia\/","title":{"rendered":"Trets d&#8217;identitat"},"content":{"rendered":"<p>L\u2019Escola la Popa est\u00e0 situada al municipi de Castellcir a la comarca del Moian\u00e8s. \u00c9s una escola rural de set unitats, actualment at\u00e9n a 86 infants de 3 a 12 anys i t\u00e9 una plantilla de 10.5 docents. Els infants estan agrupats en aules multinivells a on conviuen alumnes de diferents edats i diferents capacitats.<\/p>\n<p>Els trets d&#8217;identitat de la nostra escola s\u00f3n:<\/p>\n<p>* L\u2019escola la Popa \u00e9s una <strong><em>escola p\u00fablica<\/em><\/strong>, petita i de poble,\u00a0 amb una identitat pr\u00f2pia. Est\u00e0 situada en un entorn rural molt ric i ple de recursos, a on els infants\u00a0 aprenen a con\u00e8ixer i respectar l\u2019entorn a on viuen, descobrint i gaudint del seu patrimoni natural i social.<\/p>\n<p>* Una escola <strong><em>catalana<\/em><\/strong> on el catal\u00e0 \u00e9s la llengua vehicular, d\u2019inclusi\u00f3 i de cohesi\u00f3 social, tenint en \u00a0compte i mostrant respecte per la parla pr\u00f2pia de cada un dels infants.<\/p>\n<p>*<strong><em>Compromesa <\/em><\/strong>amb el nostre poble, a on es treballa per ser un agent cohesionador i divulgador de la nostra cultura, festes i tradicions, tot respectant les altres realitats culturals amb les que convivim.<\/p>\n<p>*<strong><em>Oberta a la nostra comunitat<\/em><\/strong>, a on tothom \u00e9s molt ben benvingut per aportar el seu granet de sorra i enriquir els sabers\u00a0 dels nostres infants.<\/p>\n<p>* Una escola <strong>per a tothom<\/strong>, siguin quines siguin les seves capacitats i habilitats. Una escola <strong>inclusiva,<\/strong> <strong>acollidora, coeducativa. <\/strong><\/p>\n<p><strong><em>\u00a0<\/em><\/strong>* <strong><em>Democr\u00e0tica <\/em><\/strong>on els infants de <strong><em>diferents edats i capacitats comparteixen<\/em><\/strong> aules, sabers i diferents punts de vista; on es potencia la cohesi\u00f3, la cooperaci\u00f3 i el pensament cr\u00edtic a trav\u00e9s de l\u2019aprenentatge entre iguals.<\/p>\n<p>* Una escola que vetlla pel <strong><em>ben estar emocional <\/em><\/strong>dels infants, perqu\u00e8 aprenguin a recon\u00e8ixer les seves emocions i siguin capa\u00e7os de fer-ne una gesti\u00f3 positiva.<\/p>\n<p>* Una escola que potencia el <strong><em>desig de con\u00e8ixer<\/em><\/strong>, facilitant contextos on la curiositat, l\u2019experimentaci\u00f3 i l\u2019observaci\u00f3 tenen un paper molt important.<\/p>\n<p>* <strong><em>La rob\u00f2tica, la tecnologia, els ordinadors i els entorns virtuals<\/em><\/strong> son eines d\u2019aprenentatge. Que ens ajuden a entendre la societat a on vivim.<\/p>\n<p>* Una escola a on s\u2019utilitza <strong><em>la llengua com una eina funcional <\/em><\/strong>d\u2019aprenentatge en totes les \u00e0rees, apostant per una metodologia AICLE (<strong>A<\/strong>prenentatge <strong>I<\/strong>ntegrat de <strong>C<\/strong>ontinguts i <strong>L<\/strong>leng\u00fces <strong>E<\/strong>strangeres) per potenciar l\u2019aprenentatge de l\u2019angl\u00e8s.<\/p>\n<p>* Una escola amb una <strong><em>cultura emprenedora<\/em><\/strong>, on els infants aprenen a crear i a gestionar projectes.<\/p>\n","protected":false},"excerpt":{"rendered":"<p>L\u2019Escola la Popa est\u00e0 situada al municipi de Castellcir a la comarca del Moian\u00e8s. \u00c9s una escola rural de set unitats, actualment at\u00e9n a 86 infants de 3 a 12 anys i t\u00e9 una plantilla de 10.5 docents. Els infants estan agrupats en aules multinivells a on conviuen alumnes de diferents edats i diferents capacitats. [&hellip;]<\/p>\n","protected":false},"author":1,"featured_media":0,"parent":22,"menu_order":20,"comment_status":"closed","ping_status":"closed","template":"page-templates\/side-menu.php","meta":{"_bbp_topic_count":0,"_bbp_reply_count":0,"_bbp_total_topic_count":0,"_bbp_total_reply_count":0,"_bbp_voice_count":0,"_bbp_anonymous_reply_count":0,"_bbp_topic_count_hidden":0,"_bbp_reply_count_hidden":0,"_bbp_forum_subforum_count":0,"site-sidebar-layout":"default","site-content-layout":"","ast-site-content-layout":"","site-content-style":"default","site-sidebar-style":"default","ast-global-header-display":"","ast-banner-title-visibility":"","ast-main-header-display":"","ast-hfb-above-header-display":"","ast-hfb-below-header-display":"","ast-hfb-mobile-header-display":"","site-post-title":"","ast-breadcrumbs-content":"","ast-featured-img":"","footer-sml-layout":"","theme-transparent-header-meta":"","adv-header-id-meta":"","stick-header-meta":"","header-above-stick-meta":"","header-main-stick-meta":"","header-below-stick-meta":"","astra-migrate-meta-layouts":"default","ast-page-background-enabled":"default","ast-page-background-meta":{"desktop":{"background-color":"var(--ast-global-color-4)","background-image":"","background-repeat":"repeat","background-position":"center center","background-size":"auto","background-attachment":"scroll","background-type":"","background-media":"","overlay-type":"","overlay-color":"","overlay-opacity":"","overlay-gradient":""},"tablet":{"background-color":"","background-image":"","background-repeat":"repeat","background-position":"center center","background-size":"auto","background-attachment":"scroll","background-type":"","background-media":"","overlay-type":"","overlay-color":"","overlay-opacity":"","overlay-gradient":""},"mobile":{"background-color":"","background-image":"","background-repeat":"repeat","background-position":"center center","background-size":"auto","background-attachment":"scroll","background-type":"","background-media":"","overlay-type":"","overlay-color":"","overlay-opacity":"","overlay-gradient":""}},"ast-content-background-meta":{"desktop":{"background-color":"var(--ast-global-color-5)","background-image":"","background-repeat":"repeat","background-position":"center center","background-size":"auto","background-attachment":"scroll","background-type":"","background-media":"","overlay-type":"","overlay-color":"","overlay-opacity":"","overlay-gradient":""},"tablet":{"background-color":"var(--ast-global-color-5)","background-image":"","background-repeat":"repeat","background-position":"center center","background-size":"auto","background-attachment":"scroll","background-type":"","background-media":"","overlay-type":"","overlay-color":"","overlay-opacity":"","overlay-gradient":""},"mobile":{"background-color":"var(--ast-global-color-5)","background-image":"","background-repeat":"repeat","background-position":"center center","background-size":"auto","background-attachment":"scroll","background-type":"","background-media":"","overlay-type":"","overlay-color":"","overlay-opacity":"","overlay-gradient":""}},"footnotes":""},"class_list":["post-26","page","type-page","status-publish","hentry"],"post_mailing_queue_ids":[],"_links":{"self":[{"href":"https:\/\/agora.xtec.cat\/escolalapopa\/wp-json\/wp\/v2\/pages\/26","targetHints":{"allow":["GET"]}}],"collection":[{"href":"https:\/\/agora.xtec.cat\/escolalapopa\/wp-json\/wp\/v2\/pages"}],"about":[{"href":"https:\/\/agora.xtec.cat\/escolalapopa\/wp-json\/wp\/v2\/types\/page"}],"author":[{"embeddable":true,"href":"https:\/\/agora.xtec.cat\/escolalapopa\/wp-json\/wp\/v2\/users\/1"}],"replies":[{"embeddable":true,"href":"https:\/\/agora.xtec.cat\/escolalapopa\/wp-json\/wp\/v2\/comments?post=26"}],"version-history":[{"count":3,"href":"https:\/\/agora.xtec.cat\/escolalapopa\/wp-json\/wp\/v2\/pages\/26\/revisions"}],"predecessor-version":[{"id":9956,"href":"https:\/\/agora.xtec.cat\/escolalapopa\/wp-json\/wp\/v2\/pages\/26\/revisions\/9956"}],"up":[{"embeddable":true,"href":"https:\/\/agora.xtec.cat\/escolalapopa\/wp-json\/wp\/v2\/pages\/22"}],"wp:attachment":[{"href":"https:\/\/agora.xtec.cat\/escolalapopa\/wp-json\/wp\/v2\/media?parent=26"}],"curies":[{"name":"wp","href":"https:\/\/api.w.org\/{rel}","templated":true}]}}