{"id":24,"date":"2014-09-18T12:23:15","date_gmt":"2014-09-18T11:23:15","guid":{"rendered":"http:\/\/agora.xtec.cat\/escolalapopa\/?page_id=24"},"modified":"2024-08-30T10:42:40","modified_gmt":"2024-08-30T08:42:40","slug":"on-som","status":"publish","type":"page","link":"https:\/\/agora.xtec.cat\/escolalapopa\/lescola\/on-som\/","title":{"rendered":"On som"},"content":{"rendered":"<p>Actualment disposem de dues zones escolars, la Zona de l\u2019edifici situada al carrer major n\u00ba20, on hi ha l\u2019alumnat de cicle mitj\u00e0 i cicle superior i la Zona dels m\u00f2duls situada a l\u2019avinguda Sant Quirze n\u00ba 1, on hi ha els infants d\u2019educaci\u00f3 infantil i cicle inicial.<\/p>\n<p>Les nostres dades s\u00f3n:<\/p>\n<p><strong>ESCOLA LA POPA<\/strong><\/p>\n<p>C\/ Major,\u00a0 20<\/p>\n<p>08183 Castellcir<\/p>\n<p><strong>Tel\u00e8fons:\u00a0<\/strong><\/p>\n<p>Edifici:\u00a0\u00a0\u00a0 93 866 61 31 \u00f3 634791584<\/p>\n<p>M\u00f2duls: 93 866 64 88<\/p>\n<p><strong>Email:<\/strong><\/p>\n<p><a href=\"mailto:escola@escolalapopa.cat\">escola@escolalapopa.cat<\/a><\/p>\n<p><a href=\"http:\/\/&lt;iframe src=&quot;https:\/\/www.google.com\/maps\/embed?pb=!1m18!1m12!1m3!1d2976.1541584854754!2d2.1466013153829!3d41.760333980754865!2m3!1f0!2f0!3f0!3m2!1i1024!2i768!4f13.1!3m3!1m2!1s0x12a4dd5e1f0d61cd%3A0x7d8dc317a3e2d266!2sCarrer+Major%2C+20%2C+08183%2C+Barcelona!5e0!3m2!1sca!2ses!4v1455567859815&quot; width=&quot;600&quot; height=&quot;450&quot; frameborder=&quot;0&quot; style=&quot;border:0&quot; allowfullscreen&gt;&lt;\/iframe&gt;\"><iframe loading=\"lazy\" src=\"https:\/\/www.google.com\/maps\/embed?pb=!1m18!1m12!1m3!1d2976.1541584854754!2d2.1466013153829!3d41.760333980754865!2m3!1f0!2f0!3f0!3m2!1i1024!2i768!4f13.1!3m3!1m2!1s0x12a4dd5e1f0d61cd%3A0x7d8dc317a3e2d266!2sCarrer+Major%2C+20%2C+08183%2C+Barcelona!5e0!3m2!1sca!2ses!4v1455567859815\" width=\"600\" height=\"450\" frameborder=\"0\"><\/iframe><\/a><\/p>\n<p><strong>Com arribar-hi:<\/strong><br \/>\n<strong>Carretera: <\/strong>Per arribar a Castellcir venint de Barcelona, hem de seguir la carretera C-59 fins a Castellter\u00e7ol; aleshores, girarem a la dreta per la B-1310; despr\u00e9s d&#8217;un quil\u00f2metre, trobarem un trencant i tornarem a girar a la dreta. Ara nom\u00e9s ens falta trobar un edifici de color salm\u00f3 amb un gran rellotge.<\/p>\n","protected":false},"excerpt":{"rendered":"<p>Actualment disposem de dues zones escolars, la Zona de l\u2019edifici situada al carrer major n\u00ba20, on hi ha l\u2019alumnat de cicle mitj\u00e0 i cicle superior i la Zona dels m\u00f2duls situada a l\u2019avinguda Sant Quirze n\u00ba 1, on hi ha els infants d\u2019educaci\u00f3 infantil i cicle inicial. Les nostres dades s\u00f3n: ESCOLA LA POPA C\/ [&hellip;]<\/p>\n","protected":false},"author":1,"featured_media":0,"parent":22,"menu_order":10,"comment_status":"closed","ping_status":"closed","template":"page-templates\/side-menu.php","meta":{"_bbp_topic_count":0,"_bbp_reply_count":0,"_bbp_total_topic_count":0,"_bbp_total_reply_count":0,"_bbp_voice_count":0,"_bbp_anonymous_reply_count":0,"_bbp_topic_count_hidden":0,"_bbp_reply_count_hidden":0,"_bbp_forum_subforum_count":0,"site-sidebar-layout":"default","site-content-layout":"","ast-site-content-layout":"","site-content-style":"default","site-sidebar-style":"default","ast-global-header-display":"","ast-banner-title-visibility":"","ast-main-header-display":"","ast-hfb-above-header-display":"","ast-hfb-below-header-display":"","ast-hfb-mobile-header-display":"","site-post-title":"","ast-breadcrumbs-content":"","ast-featured-img":"","footer-sml-layout":"","theme-transparent-header-meta":"","adv-header-id-meta":"","stick-header-meta":"","header-above-stick-meta":"","header-main-stick-meta":"","header-below-stick-meta":"","astra-migrate-meta-layouts":"default","ast-page-background-enabled":"default","ast-page-background-meta":{"desktop":{"background-color":"var(--ast-global-color-4)","background-image":"","background-repeat":"repeat","background-position":"center center","background-size":"auto","background-attachment":"scroll","background-type":"","background-media":"","overlay-type":"","overlay-color":"","overlay-opacity":"","overlay-gradient":""},"tablet":{"background-color":"","background-image":"","background-repeat":"repeat","background-position":"center center","background-size":"auto","background-attachment":"scroll","background-type":"","background-media":"","overlay-type":"","overlay-color":"","overlay-opacity":"","overlay-gradient":""},"mobile":{"background-color":"","background-image":"","background-repeat":"repeat","background-position":"center center","background-size":"auto","background-attachment":"scroll","background-type":"","background-media":"","overlay-type":"","overlay-color":"","overlay-opacity":"","overlay-gradient":""}},"ast-content-background-meta":{"desktop":{"background-color":"var(--ast-global-color-5)","background-image":"","background-repeat":"repeat","background-position":"center center","background-size":"auto","background-attachment":"scroll","background-type":"","background-media":"","overlay-type":"","overlay-color":"","overlay-opacity":"","overlay-gradient":""},"tablet":{"background-color":"var(--ast-global-color-5)","background-image":"","background-repeat":"repeat","background-position":"center center","background-size":"auto","background-attachment":"scroll","background-type":"","background-media":"","overlay-type":"","overlay-color":"","overlay-opacity":"","overlay-gradient":""},"mobile":{"background-color":"var(--ast-global-color-5)","background-image":"","background-repeat":"repeat","background-position":"center center","background-size":"auto","background-attachment":"scroll","background-type":"","background-media":"","overlay-type":"","overlay-color":"","overlay-opacity":"","overlay-gradient":""}},"footnotes":""},"class_list":["post-24","page","type-page","status-publish","hentry"],"post_mailing_queue_ids":[],"_links":{"self":[{"href":"https:\/\/agora.xtec.cat\/escolalapopa\/wp-json\/wp\/v2\/pages\/24","targetHints":{"allow":["GET"]}}],"collection":[{"href":"https:\/\/agora.xtec.cat\/escolalapopa\/wp-json\/wp\/v2\/pages"}],"about":[{"href":"https:\/\/agora.xtec.cat\/escolalapopa\/wp-json\/wp\/v2\/types\/page"}],"author":[{"embeddable":true,"href":"https:\/\/agora.xtec.cat\/escolalapopa\/wp-json\/wp\/v2\/users\/1"}],"replies":[{"embeddable":true,"href":"https:\/\/agora.xtec.cat\/escolalapopa\/wp-json\/wp\/v2\/comments?post=24"}],"version-history":[{"count":4,"href":"https:\/\/agora.xtec.cat\/escolalapopa\/wp-json\/wp\/v2\/pages\/24\/revisions"}],"predecessor-version":[{"id":10689,"href":"https:\/\/agora.xtec.cat\/escolalapopa\/wp-json\/wp\/v2\/pages\/24\/revisions\/10689"}],"up":[{"embeddable":true,"href":"https:\/\/agora.xtec.cat\/escolalapopa\/wp-json\/wp\/v2\/pages\/22"}],"wp:attachment":[{"href":"https:\/\/agora.xtec.cat\/escolalapopa\/wp-json\/wp\/v2\/media?parent=24"}],"curies":[{"name":"wp","href":"https:\/\/api.w.org\/{rel}","templated":true}]}}