{"id":10233,"date":"2023-05-19T10:30:01","date_gmt":"2023-05-19T08:30:01","guid":{"rendered":"https:\/\/agora.xtec.cat\/escolalapopa\/?page_id=10233"},"modified":"2023-05-19T10:30:01","modified_gmt":"2023-05-19T08:30:01","slug":"competencia-professorat","status":"publish","type":"page","link":"https:\/\/agora.xtec.cat\/escolalapopa\/pla-tac\/cultura-digital\/competencia-professorat\/","title":{"rendered":"Compet\u00e8ncia professorat"},"content":{"rendered":"<p>Acollida digital<\/p>\n<p>Formaci\u00f3<\/p>\n<p>P\u00edndoles formatives<\/p>\n<p>Recursos professorat<\/p>\n<div>\n<p>Trasp\u00e0s dades<\/p>\n<\/div>\n<p>Quan un\/a professor\/a deixa el centre, \u00e9s important que pugui tenir c\u00f2pia del material que ha desenvolupat. A continuaci\u00f3 hi ha enlla\u00e7ats els documents que expliquen com fer aquest trasp\u00e0s.<\/p>\n<ul>\n<li><a href=\"https:\/\/docs.google.com\/document\/d\/15ldgxxfcsNVuAhTan866pIF0d6FDMWQ0oc60j7YYw2c\">Exportaci\u00f3 de Correu i Drive a un usuari de l\u2019XTEC<\/a><\/li>\n<li><a href=\"https:\/\/docs.google.com\/document\/d\/1WHhlfwyxJYo7GFPDl9Z76CUmmtC4YtRw8Uv_u7dZqMA\">Traspassar comptes de Classroom a l\u2019usuari de l\u2019XTEC<\/a><\/li>\n<\/ul>\n","protected":false},"excerpt":{"rendered":"<p>Acollida digital Formaci\u00f3 P\u00edndoles formatives Recursos professorat Trasp\u00e0s dades Quan un\/a professor\/a deixa el centre, \u00e9s important que pugui tenir c\u00f2pia del material que ha desenvolupat. A continuaci\u00f3 hi ha enlla\u00e7ats els documents que expliquen com fer aquest trasp\u00e0s. Exportaci\u00f3 de Correu i Drive a un usuari de l\u2019XTEC Traspassar comptes de Classroom a l\u2019usuari [&hellip;]<\/p>\n","protected":false},"author":45,"featured_media":0,"parent":10063,"menu_order":4,"comment_status":"closed","ping_status":"closed","template":"page-templates\/side-menu.php","meta":{"_bbp_topic_count":0,"_bbp_reply_count":0,"_bbp_total_topic_count":0,"_bbp_total_reply_count":0,"_bbp_voice_count":0,"_bbp_anonymous_reply_count":0,"_bbp_topic_count_hidden":0,"_bbp_reply_count_hidden":0,"_bbp_forum_subforum_count":0,"site-sidebar-layout":"default","site-content-layout":"","ast-site-content-layout":"","site-content-style":"default","site-sidebar-style":"default","ast-global-header-display":"","ast-banner-title-visibility":"","ast-main-header-display":"","ast-hfb-above-header-display":"","ast-hfb-below-header-display":"","ast-hfb-mobile-header-display":"","site-post-title":"","ast-breadcrumbs-content":"","ast-featured-img":"","footer-sml-layout":"","theme-transparent-header-meta":"","adv-header-id-meta":"","stick-header-meta":"","header-above-stick-meta":"","header-main-stick-meta":"","header-below-stick-meta":"","astra-migrate-meta-layouts":"default","ast-page-background-enabled":"default","ast-page-background-meta":{"desktop":{"background-color":"var(--ast-global-color-4)","background-image":"","background-repeat":"repeat","background-position":"center center","background-size":"auto","background-attachment":"scroll","background-type":"","background-media":"","overlay-type":"","overlay-color":"","overlay-opacity":"","overlay-gradient":""},"tablet":{"background-color":"","background-image":"","background-repeat":"repeat","background-position":"center center","background-size":"auto","background-attachment":"scroll","background-type":"","background-media":"","overlay-type":"","overlay-color":"","overlay-opacity":"","overlay-gradient":""},"mobile":{"background-color":"","background-image":"","background-repeat":"repeat","background-position":"center center","background-size":"auto","background-attachment":"scroll","background-type":"","background-media":"","overlay-type":"","overlay-color":"","overlay-opacity":"","overlay-gradient":""}},"ast-content-background-meta":{"desktop":{"background-color":"var(--ast-global-color-5)","background-image":"","background-repeat":"repeat","background-position":"center center","background-size":"auto","background-attachment":"scroll","background-type":"","background-media":"","overlay-type":"","overlay-color":"","overlay-opacity":"","overlay-gradient":""},"tablet":{"background-color":"var(--ast-global-color-5)","background-image":"","background-repeat":"repeat","background-position":"center center","background-size":"auto","background-attachment":"scroll","background-type":"","background-media":"","overlay-type":"","overlay-color":"","overlay-opacity":"","overlay-gradient":""},"mobile":{"background-color":"var(--ast-global-color-5)","background-image":"","background-repeat":"repeat","background-position":"center center","background-size":"auto","background-attachment":"scroll","background-type":"","background-media":"","overlay-type":"","overlay-color":"","overlay-opacity":"","overlay-gradient":""}},"footnotes":""},"class_list":["post-10233","page","type-page","status-publish","hentry"],"post_mailing_queue_ids":[],"_links":{"self":[{"href":"https:\/\/agora.xtec.cat\/escolalapopa\/wp-json\/wp\/v2\/pages\/10233","targetHints":{"allow":["GET"]}}],"collection":[{"href":"https:\/\/agora.xtec.cat\/escolalapopa\/wp-json\/wp\/v2\/pages"}],"about":[{"href":"https:\/\/agora.xtec.cat\/escolalapopa\/wp-json\/wp\/v2\/types\/page"}],"author":[{"embeddable":true,"href":"https:\/\/agora.xtec.cat\/escolalapopa\/wp-json\/wp\/v2\/users\/45"}],"replies":[{"embeddable":true,"href":"https:\/\/agora.xtec.cat\/escolalapopa\/wp-json\/wp\/v2\/comments?post=10233"}],"version-history":[{"count":1,"href":"https:\/\/agora.xtec.cat\/escolalapopa\/wp-json\/wp\/v2\/pages\/10233\/revisions"}],"predecessor-version":[{"id":10234,"href":"https:\/\/agora.xtec.cat\/escolalapopa\/wp-json\/wp\/v2\/pages\/10233\/revisions\/10234"}],"up":[{"embeddable":true,"href":"https:\/\/agora.xtec.cat\/escolalapopa\/wp-json\/wp\/v2\/pages\/10063"}],"wp:attachment":[{"href":"https:\/\/agora.xtec.cat\/escolalapopa\/wp-json\/wp\/v2\/media?parent=10233"}],"curies":[{"name":"wp","href":"https:\/\/api.w.org\/{rel}","templated":true}]}}