{"id":10204,"date":"2023-05-19T09:46:45","date_gmt":"2023-05-19T07:46:45","guid":{"rendered":"https:\/\/agora.xtec.cat\/escolalapopa\/?page_id=10204"},"modified":"2023-05-19T09:58:31","modified_gmt":"2023-05-19T07:58:31","slug":"planificacio-i-seguiment","status":"publish","type":"page","link":"https:\/\/agora.xtec.cat\/escolalapopa\/pla-tac\/part-estrategica\/planificacio-i-seguiment\/","title":{"rendered":"Planificaci\u00f3 i seguiment"},"content":{"rendered":"<p>Entenem per planificaci\u00f3 l&#8217;organitzaci\u00f3 i seguiment d&#8217;aquelles actuacions destinades a assolir els objectius que h\u00e0gim determinat en l&#8217;apartat anterior. La planificaci\u00f3 \u00e9s una tasca necess\u00e0ria per aconseguir avan\u00e7ar cap als objectius que ens hem marcat i que es pot dur a terme dins la\u00a0<strong>Comissi\u00f3 d&#8217;Estrat\u00e8gia Digital de Centre.<\/strong><\/p>\n<p>Per cada objectiu, ser\u00e0 necessari dissenyar activitats que permetin el seu assoliment. Igual que passava amb la selecci\u00f3 d&#8217;objectius, cal ser realista a l&#8217;hora de determinar les activitats que es realitzaran i cal prioritzar aquelles que m\u00e9s poden apropar-nos a l&#8217;objectiu.<\/p>\n<p><iframe src=\"https:\/\/docs.google.com\/spreadsheets\/d\/e\/2PACX-1vSABeLY5KKp0RTtCDnJ-SJtS6TmYP8e9QeOF8zbbKu22PQITi_BZxGCjQ8lfwuN5k62If8mdBlhhSxt\/pubhtml?gid=1019012944&amp;single=true&amp;widget=true&amp;headers=false\"><\/iframe><\/p>\n","protected":false},"excerpt":{"rendered":"<p>Entenem per planificaci\u00f3 l&#8217;organitzaci\u00f3 i seguiment d&#8217;aquelles actuacions destinades a assolir els objectius que h\u00e0gim determinat en l&#8217;apartat anterior. La planificaci\u00f3 \u00e9s una tasca necess\u00e0ria per aconseguir avan\u00e7ar cap als objectius que ens hem marcat i que es pot dur a terme dins la\u00a0Comissi\u00f3 d&#8217;Estrat\u00e8gia Digital de Centre. Per cada objectiu, ser\u00e0 necessari dissenyar activitats [&hellip;]<\/p>\n","protected":false},"author":45,"featured_media":0,"parent":10069,"menu_order":2,"comment_status":"closed","ping_status":"closed","template":"page-templates\/side-menu.php","meta":{"_bbp_topic_count":0,"_bbp_reply_count":0,"_bbp_total_topic_count":0,"_bbp_total_reply_count":0,"_bbp_voice_count":0,"_bbp_anonymous_reply_count":0,"_bbp_topic_count_hidden":0,"_bbp_reply_count_hidden":0,"_bbp_forum_subforum_count":0,"site-sidebar-layout":"default","site-content-layout":"","ast-site-content-layout":"","site-content-style":"default","site-sidebar-style":"default","ast-global-header-display":"","ast-banner-title-visibility":"","ast-main-header-display":"","ast-hfb-above-header-display":"","ast-hfb-below-header-display":"","ast-hfb-mobile-header-display":"","site-post-title":"","ast-breadcrumbs-content":"","ast-featured-img":"","footer-sml-layout":"","theme-transparent-header-meta":"","adv-header-id-meta":"","stick-header-meta":"","header-above-stick-meta":"","header-main-stick-meta":"","header-below-stick-meta":"","astra-migrate-meta-layouts":"default","ast-page-background-enabled":"default","ast-page-background-meta":{"desktop":{"background-color":"var(--ast-global-color-4)","background-image":"","background-repeat":"repeat","background-position":"center center","background-size":"auto","background-attachment":"scroll","background-type":"","background-media":"","overlay-type":"","overlay-color":"","overlay-opacity":"","overlay-gradient":""},"tablet":{"background-color":"","background-image":"","background-repeat":"repeat","background-position":"center center","background-size":"auto","background-attachment":"scroll","background-type":"","background-media":"","overlay-type":"","overlay-color":"","overlay-opacity":"","overlay-gradient":""},"mobile":{"background-color":"","background-image":"","background-repeat":"repeat","background-position":"center center","background-size":"auto","background-attachment":"scroll","background-type":"","background-media":"","overlay-type":"","overlay-color":"","overlay-opacity":"","overlay-gradient":""}},"ast-content-background-meta":{"desktop":{"background-color":"var(--ast-global-color-5)","background-image":"","background-repeat":"repeat","background-position":"center center","background-size":"auto","background-attachment":"scroll","background-type":"","background-media":"","overlay-type":"","overlay-color":"","overlay-opacity":"","overlay-gradient":""},"tablet":{"background-color":"var(--ast-global-color-5)","background-image":"","background-repeat":"repeat","background-position":"center center","background-size":"auto","background-attachment":"scroll","background-type":"","background-media":"","overlay-type":"","overlay-color":"","overlay-opacity":"","overlay-gradient":""},"mobile":{"background-color":"var(--ast-global-color-5)","background-image":"","background-repeat":"repeat","background-position":"center center","background-size":"auto","background-attachment":"scroll","background-type":"","background-media":"","overlay-type":"","overlay-color":"","overlay-opacity":"","overlay-gradient":""}},"footnotes":""},"class_list":["post-10204","page","type-page","status-publish","hentry"],"post_mailing_queue_ids":[],"_links":{"self":[{"href":"https:\/\/agora.xtec.cat\/escolalapopa\/wp-json\/wp\/v2\/pages\/10204","targetHints":{"allow":["GET"]}}],"collection":[{"href":"https:\/\/agora.xtec.cat\/escolalapopa\/wp-json\/wp\/v2\/pages"}],"about":[{"href":"https:\/\/agora.xtec.cat\/escolalapopa\/wp-json\/wp\/v2\/types\/page"}],"author":[{"embeddable":true,"href":"https:\/\/agora.xtec.cat\/escolalapopa\/wp-json\/wp\/v2\/users\/45"}],"replies":[{"embeddable":true,"href":"https:\/\/agora.xtec.cat\/escolalapopa\/wp-json\/wp\/v2\/comments?post=10204"}],"version-history":[{"count":3,"href":"https:\/\/agora.xtec.cat\/escolalapopa\/wp-json\/wp\/v2\/pages\/10204\/revisions"}],"predecessor-version":[{"id":10211,"href":"https:\/\/agora.xtec.cat\/escolalapopa\/wp-json\/wp\/v2\/pages\/10204\/revisions\/10211"}],"up":[{"embeddable":true,"href":"https:\/\/agora.xtec.cat\/escolalapopa\/wp-json\/wp\/v2\/pages\/10069"}],"wp:attachment":[{"href":"https:\/\/agora.xtec.cat\/escolalapopa\/wp-json\/wp\/v2\/media?parent=10204"}],"curies":[{"name":"wp","href":"https:\/\/api.w.org\/{rel}","templated":true}]}}