{"id":84,"date":"2014-09-18T14:11:31","date_gmt":"2014-09-18T13:11:31","guid":{"rendered":"http:\/\/agora.xtec.cat\/escolalapalmera\/?page_id=84"},"modified":"2025-07-10T00:14:43","modified_gmt":"2025-07-09T22:14:43","slug":"activitats-extraescolars","status":"publish","type":"page","link":"https:\/\/agora.xtec.cat\/escolalapalmera\/serveis\/activitats-extraescolars\/","title":{"rendered":"Activitats Extraescolars ( AFA )"},"content":{"rendered":"<p>&nbsp;<\/p>\n<p>Les activitats extraescolars s\u00f3n aquelles que es realitzen just quan acaba l&#8217;horari lectiu a l&#8217;Escola ( 16.20-16.30h ). <strong>S\u00f3n gestionades, contractades i organitzades per totes les fam\u00edlies de l&#8217;escola a trav\u00e9s dels representants de l&#8217;AFA. <\/strong><\/p>\n<p><strong>\u00c9s molt important la implicaci\u00f3 i la participaci\u00f3 de TOTES les fam\u00edlies de l&#8217;escola per poder continuar garantint aquest servei any rere any. <\/strong>Les oportunitats educatives fora del temps lectiu escolar s\u00f3n essencials en el desenvolupament social, intel\u00b7lectual i f\u00edsic dels infants.<\/p>\n<p>Actualment, l&#8217;empresa que s&#8217;encarrega de desenvolupar les activitats extraescolars a l&#8217;escola \u00e9s C10. A continuaci\u00f3 us deixem un quadre resum de les dades de contacte de les persones de refer\u00e8ncia de les extraescolars a l&#8217;escola, que s\u00f3n el coordinador i el mateix director de l&#8217;empresa:<\/p>\n<p>&nbsp;<\/p>\n<table class=\" aligncenter\" style=\"width: 83.0206%; border-collapse: collapse;\">\n<tbody>\n<tr>\n<td style=\"width: 13.616%; text-align: center; vertical-align: middle; background-color: #02f5d0;\"><\/td>\n<td style=\"width: 31.1185%; text-align: center; vertical-align: middle; background-color: #02f5d0;\"><span style=\"font-size: 20px;\">JAVI PEREIRA <\/span><\/p>\n<p><span style=\"font-size: 20px;\">( <strong>Coordinador Extraescolars Escola<\/strong> )<\/span><\/td>\n<td style=\"width: 39.7833%; text-align: center; vertical-align: middle; background-color: #02f5d0;\"><strong><span style=\"font-size: 20px;\">C10<\/span><\/strong><\/td>\n<\/tr>\n<tr>\n<td style=\"width: 13.616%; text-align: center; vertical-align: middle;\"><span style=\"font-size: 20px;\">TEL\u00c8FON CONTACTE<\/span><\/td>\n<td style=\"width: 31.1185%; text-align: center; vertical-align: middle;\"><span style=\"font-size: 24px;\"><b>673 79 54 08<\/b><\/span><\/td>\n<td style=\"width: 39.7833%; text-align: center; vertical-align: middle;\">\n<h3>932 78 31 35<\/h3>\n<\/td>\n<\/tr>\n<tr>\n<td style=\"width: 13.616%; text-align: center; vertical-align: middle;\"><span style=\"font-size: 20px;\">MAIL CONTACTE<\/span><\/td>\n<td style=\"width: 31.1185%; text-align: center; vertical-align: middle;\">\n<h3>extraescolarslapalmera@cet10.com<\/h3>\n<\/td>\n<td style=\"width: 39.7833%; text-align: center; vertical-align: middle;\">\n<h3><strong><a href=\"mailto:info@cet10.com\">info@cet10.com<\/a><\/strong><\/h3>\n<\/td>\n<\/tr>\n<\/tbody>\n<\/table>\n<p><a href=\"https:\/\/drive.google.com\/file\/d\/1O49z7L7ARZbe2O_G1MW5J5eWte-3u6rD\/view?usp=sharing\" target=\"_blank\" rel=\"noopener\"><img loading=\"lazy\" decoding=\"async\" class=\"aligncenter  wp-image-3497\" src=\"https:\/\/agora.xtec.cat\/escolalapalmera\/wp-content\/uploads\/usu1503\/2025\/07\/AFA-extra.jpg\" alt=\"\" width=\"690\" height=\"575\" srcset=\"https:\/\/agora.xtec.cat\/escolalapalmera\/wp-content\/uploads\/usu1503\/2025\/07\/AFA-extra.jpg 463w, https:\/\/agora.xtec.cat\/escolalapalmera\/wp-content\/uploads\/usu1503\/2025\/07\/AFA-extra-300x250.jpg 300w\" sizes=\"auto, (max-width: 690px) 100vw, 690px\" \/><\/a><\/p>\n<p style=\"text-align: center;\"><strong>CLICANT A LA IMATGE PODR\u00c0S ACCEDIR AL CONTINGUT<\/strong><\/p>\n<p>&nbsp;<\/p>\n<p>&nbsp;<\/p>\n<p>&nbsp;<\/p>\n<p>&nbsp;<\/p>\n<p>&nbsp;<\/p>\n<p>&nbsp;<\/p>\n<p>&nbsp;<\/p>\n","protected":false},"excerpt":{"rendered":"<p>&nbsp; Les activitats extraescolars s\u00f3n aquelles que es realitzen just quan acaba l&#8217;horari lectiu a l&#8217;Escola ( 16.20-16.30h ). S\u00f3n gestionades, contractades i organitzades per totes les fam\u00edlies de l&#8217;escola a trav\u00e9s dels representants de l&#8217;AFA. \u00c9s molt important la implicaci\u00f3 i la participaci\u00f3 de TOTES les fam\u00edlies de l&#8217;escola per poder continuar garantint aquest [&hellip;]<\/p>\n","protected":false},"author":1,"featured_media":0,"parent":66,"menu_order":60,"comment_status":"closed","ping_status":"closed","template":"page-templates\/side-menu.php","meta":{"_bbp_topic_count":0,"_bbp_reply_count":0,"_bbp_total_topic_count":0,"_bbp_total_reply_count":0,"_bbp_voice_count":0,"_bbp_anonymous_reply_count":0,"_bbp_topic_count_hidden":0,"_bbp_reply_count_hidden":0,"_bbp_forum_subforum_count":0,"site-sidebar-layout":"default","site-content-layout":"","ast-site-content-layout":"","site-content-style":"default","site-sidebar-style":"default","ast-global-header-display":"","ast-banner-title-visibility":"","ast-main-header-display":"","ast-hfb-above-header-display":"","ast-hfb-below-header-display":"","ast-hfb-mobile-header-display":"","site-post-title":"","ast-breadcrumbs-content":"","ast-featured-img":"","footer-sml-layout":"","theme-transparent-header-meta":"","adv-header-id-meta":"","stick-header-meta":"","header-above-stick-meta":"","header-main-stick-meta":"","header-below-stick-meta":"","astra-migrate-meta-layouts":"default","ast-page-background-enabled":"default","ast-page-background-meta":{"desktop":{"background-color":"var(--ast-global-color-4)","background-image":"","background-repeat":"repeat","background-position":"center center","background-size":"auto","background-attachment":"scroll","background-type":"","background-media":"","overlay-type":"","overlay-color":"","overlay-opacity":"","overlay-gradient":""},"tablet":{"background-color":"","background-image":"","background-repeat":"repeat","background-position":"center center","background-size":"auto","background-attachment":"scroll","background-type":"","background-media":"","overlay-type":"","overlay-color":"","overlay-opacity":"","overlay-gradient":""},"mobile":{"background-color":"","background-image":"","background-repeat":"repeat","background-position":"center center","background-size":"auto","background-attachment":"scroll","background-type":"","background-media":"","overlay-type":"","overlay-color":"","overlay-opacity":"","overlay-gradient":""}},"ast-content-background-meta":{"desktop":{"background-color":"var(--ast-global-color-5)","background-image":"","background-repeat":"repeat","background-position":"center center","background-size":"auto","background-attachment":"scroll","background-type":"","background-media":"","overlay-type":"","overlay-color":"","overlay-opacity":"","overlay-gradient":""},"tablet":{"background-color":"var(--ast-global-color-5)","background-image":"","background-repeat":"repeat","background-position":"center center","background-size":"auto","background-attachment":"scroll","background-type":"","background-media":"","overlay-type":"","overlay-color":"","overlay-opacity":"","overlay-gradient":""},"mobile":{"background-color":"var(--ast-global-color-5)","background-image":"","background-repeat":"repeat","background-position":"center center","background-size":"auto","background-attachment":"scroll","background-type":"","background-media":"","overlay-type":"","overlay-color":"","overlay-opacity":"","overlay-gradient":""}},"footnotes":""},"class_list":["post-84","page","type-page","status-publish","hentry"],"post_mailing_queue_ids":[],"_links":{"self":[{"href":"https:\/\/agora.xtec.cat\/escolalapalmera\/wp-json\/wp\/v2\/pages\/84","targetHints":{"allow":["GET"]}}],"collection":[{"href":"https:\/\/agora.xtec.cat\/escolalapalmera\/wp-json\/wp\/v2\/pages"}],"about":[{"href":"https:\/\/agora.xtec.cat\/escolalapalmera\/wp-json\/wp\/v2\/types\/page"}],"author":[{"embeddable":true,"href":"https:\/\/agora.xtec.cat\/escolalapalmera\/wp-json\/wp\/v2\/users\/1"}],"replies":[{"embeddable":true,"href":"https:\/\/agora.xtec.cat\/escolalapalmera\/wp-json\/wp\/v2\/comments?post=84"}],"version-history":[{"count":5,"href":"https:\/\/agora.xtec.cat\/escolalapalmera\/wp-json\/wp\/v2\/pages\/84\/revisions"}],"predecessor-version":[{"id":3498,"href":"https:\/\/agora.xtec.cat\/escolalapalmera\/wp-json\/wp\/v2\/pages\/84\/revisions\/3498"}],"up":[{"embeddable":true,"href":"https:\/\/agora.xtec.cat\/escolalapalmera\/wp-json\/wp\/v2\/pages\/66"}],"wp:attachment":[{"href":"https:\/\/agora.xtec.cat\/escolalapalmera\/wp-json\/wp\/v2\/media?parent=84"}],"curies":[{"name":"wp","href":"https:\/\/api.w.org\/{rel}","templated":true}]}}