{"id":82,"date":"2014-09-18T14:10:51","date_gmt":"2014-09-18T13:10:51","guid":{"rendered":"http:\/\/agora.xtec.cat\/escolalapalmera\/?page_id=82"},"modified":"2025-07-10T00:20:27","modified_gmt":"2025-07-09T22:20:27","slug":"casal-destiu","status":"publish","type":"page","link":"https:\/\/agora.xtec.cat\/escolalapalmera\/serveis\/casal-destiu\/","title":{"rendered":"Casal d&#8217;estiu ( AFA )"},"content":{"rendered":"<p data-start=\"135\" data-end=\"180\"><strong data-start=\"138\" data-end=\"177\">Casal d\u2019Estiu a l\u2019Escola La Palmera<\/strong><\/p>\n<p data-start=\"182\" data-end=\"282\">Un estiu ple d\u2019aventures, diversi\u00f3 i aprenentatges t\u2019espera al <strong data-start=\"245\" data-end=\"276\">casal d\u2019estiu de La Palmera<\/strong>!<\/p>\n<p data-start=\"284\" data-end=\"507\">Adre\u00e7at a infants d\u2019educaci\u00f3 infantil i prim\u00e0ria, el nostre casal ofereix activitats l\u00fadiques, tallers creatius, , sortides i molt m\u00e9s, en un entorn proper i segur, amb l\u2019equip educatiu de confian\u00e7a de CET10.<\/p>\n<ul>\n<li>Activitats tem\u00e0tiques setmanals<\/li>\n<li>Jocs cooperatius i esportius<\/li>\n<li>Estones a l\u2019aire lliure<\/li>\n<li>Diversi\u00f3 assegurada amb jocs d\u2019aigua<\/li>\n<li>Possibilitat de sortides i excursions<\/li>\n<\/ul>\n<p data-start=\"693\" data-end=\"883\">\ud83d\udcc5 <strong data-start=\"696\" data-end=\"705\">Quan?<\/strong> Del 23 de juny\u00a0 a l&#8217;1 d&#8217;agost, amb inscripci\u00f3 per setmanes<a href=\"https:\/\/drive.google.com\/file\/d\/1w87ipVV7N0RkjVKFbPY7qOjRvW-Ejh3d\/view?usp=sharing\" target=\"_blank\" rel=\"noopener\"><img loading=\"lazy\" decoding=\"async\" class=\"aligncenter wp-image-3499 size-full\" src=\"https:\/\/agora.xtec.cat\/escolalapalmera\/wp-content\/uploads\/usu1503\/2025\/07\/CASAL-ESTIU.jpg\" alt=\"\" width=\"393\" height=\"547\" srcset=\"https:\/\/agora.xtec.cat\/escolalapalmera\/wp-content\/uploads\/usu1503\/2025\/07\/CASAL-ESTIU.jpg 393w, https:\/\/agora.xtec.cat\/escolalapalmera\/wp-content\/uploads\/usu1503\/2025\/07\/CASAL-ESTIU-216x300.jpg 216w\" sizes=\"auto, (max-width: 393px) 100vw, 393px\" \/><\/a><br data-start=\"757\" data-end=\"760\" \/>\ud83d\udd57 <strong data-start=\"763\" data-end=\"774\">Horari:<\/strong> De 9 a 17 h (amb opcions d\u2019acollida i menjador)<br data-start=\"822\" data-end=\"825\" \/>\ud83d\udccd <strong data-start=\"828\" data-end=\"837\">Lloc:<\/strong> A les instal\u00b7lacions de l\u2019Escola La Palmera<\/p>\n<p data-start=\"885\" data-end=\"1028\">Inscripcions obertes! No et quedis sense pla\u00e7a!<\/p>\n<p>&nbsp;<\/p>\n<p style=\"text-align: center;\"><strong>CLIQUEU A SOBRE LA IMATGE PER ACCEDIR-HI!<\/strong><\/p>\n","protected":false},"excerpt":{"rendered":"<p>Casal d\u2019Estiu a l\u2019Escola La Palmera Un estiu ple d\u2019aventures, diversi\u00f3 i aprenentatges t\u2019espera al casal d\u2019estiu de La Palmera! Adre\u00e7at a infants d\u2019educaci\u00f3 infantil i prim\u00e0ria, el nostre casal ofereix activitats l\u00fadiques, tallers creatius, , sortides i molt m\u00e9s, en un entorn proper i segur, amb l\u2019equip educatiu de confian\u00e7a de CET10. Activitats tem\u00e0tiques [&hellip;]<\/p>\n","protected":false},"author":1,"featured_media":0,"parent":66,"menu_order":50,"comment_status":"closed","ping_status":"closed","template":"page-templates\/side-menu.php","meta":{"_bbp_topic_count":0,"_bbp_reply_count":0,"_bbp_total_topic_count":0,"_bbp_total_reply_count":0,"_bbp_voice_count":0,"_bbp_anonymous_reply_count":0,"_bbp_topic_count_hidden":0,"_bbp_reply_count_hidden":0,"_bbp_forum_subforum_count":0,"site-sidebar-layout":"default","site-content-layout":"","ast-site-content-layout":"","site-content-style":"default","site-sidebar-style":"default","ast-global-header-display":"","ast-banner-title-visibility":"","ast-main-header-display":"","ast-hfb-above-header-display":"","ast-hfb-below-header-display":"","ast-hfb-mobile-header-display":"","site-post-title":"","ast-breadcrumbs-content":"","ast-featured-img":"","footer-sml-layout":"","theme-transparent-header-meta":"","adv-header-id-meta":"","stick-header-meta":"","header-above-stick-meta":"","header-main-stick-meta":"","header-below-stick-meta":"","astra-migrate-meta-layouts":"default","ast-page-background-enabled":"default","ast-page-background-meta":{"desktop":{"background-color":"var(--ast-global-color-4)","background-image":"","background-repeat":"repeat","background-position":"center center","background-size":"auto","background-attachment":"scroll","background-type":"","background-media":"","overlay-type":"","overlay-color":"","overlay-opacity":"","overlay-gradient":""},"tablet":{"background-color":"","background-image":"","background-repeat":"repeat","background-position":"center center","background-size":"auto","background-attachment":"scroll","background-type":"","background-media":"","overlay-type":"","overlay-color":"","overlay-opacity":"","overlay-gradient":""},"mobile":{"background-color":"","background-image":"","background-repeat":"repeat","background-position":"center center","background-size":"auto","background-attachment":"scroll","background-type":"","background-media":"","overlay-type":"","overlay-color":"","overlay-opacity":"","overlay-gradient":""}},"ast-content-background-meta":{"desktop":{"background-color":"var(--ast-global-color-5)","background-image":"","background-repeat":"repeat","background-position":"center center","background-size":"auto","background-attachment":"scroll","background-type":"","background-media":"","overlay-type":"","overlay-color":"","overlay-opacity":"","overlay-gradient":""},"tablet":{"background-color":"var(--ast-global-color-5)","background-image":"","background-repeat":"repeat","background-position":"center center","background-size":"auto","background-attachment":"scroll","background-type":"","background-media":"","overlay-type":"","overlay-color":"","overlay-opacity":"","overlay-gradient":""},"mobile":{"background-color":"var(--ast-global-color-5)","background-image":"","background-repeat":"repeat","background-position":"center center","background-size":"auto","background-attachment":"scroll","background-type":"","background-media":"","overlay-type":"","overlay-color":"","overlay-opacity":"","overlay-gradient":""}},"footnotes":""},"class_list":["post-82","page","type-page","status-publish","hentry"],"post_mailing_queue_ids":[],"_links":{"self":[{"href":"https:\/\/agora.xtec.cat\/escolalapalmera\/wp-json\/wp\/v2\/pages\/82","targetHints":{"allow":["GET"]}}],"collection":[{"href":"https:\/\/agora.xtec.cat\/escolalapalmera\/wp-json\/wp\/v2\/pages"}],"about":[{"href":"https:\/\/agora.xtec.cat\/escolalapalmera\/wp-json\/wp\/v2\/types\/page"}],"author":[{"embeddable":true,"href":"https:\/\/agora.xtec.cat\/escolalapalmera\/wp-json\/wp\/v2\/users\/1"}],"replies":[{"embeddable":true,"href":"https:\/\/agora.xtec.cat\/escolalapalmera\/wp-json\/wp\/v2\/comments?post=82"}],"version-history":[{"count":6,"href":"https:\/\/agora.xtec.cat\/escolalapalmera\/wp-json\/wp\/v2\/pages\/82\/revisions"}],"predecessor-version":[{"id":3501,"href":"https:\/\/agora.xtec.cat\/escolalapalmera\/wp-json\/wp\/v2\/pages\/82\/revisions\/3501"}],"up":[{"embeddable":true,"href":"https:\/\/agora.xtec.cat\/escolalapalmera\/wp-json\/wp\/v2\/pages\/66"}],"wp:attachment":[{"href":"https:\/\/agora.xtec.cat\/escolalapalmera\/wp-json\/wp\/v2\/media?parent=82"}],"curies":[{"name":"wp","href":"https:\/\/api.w.org\/{rel}","templated":true}]}}