{"id":73,"date":"2014-09-18T14:01:51","date_gmt":"2014-09-18T13:01:51","guid":{"rendered":"http:\/\/agora.xtec.cat\/escolalapalmera\/?page_id=73"},"modified":"2025-07-11T08:26:40","modified_gmt":"2025-07-11T06:26:40","slug":"menjador-escolar","status":"publish","type":"page","link":"https:\/\/agora.xtec.cat\/escolalapalmera\/serveis\/menjador-escolar\/","title":{"rendered":"Menjador escolar"},"content":{"rendered":"<p style=\"text-align: left;\">L&#8217;Escola La Palmera disposa de cuina pr\u00f2pia gestionada per l\u2019empresa Alimentart i des de fa uns anys s\u2019aposta pel menjar de proximitat.<\/p>\n<p style=\"text-align: center;\"><a href=\"https:\/\/agora.xtec.cat\/escolalapalmera\/wp-content\/uploads\/usu1503\/2021\/12\/alim.png\"><img loading=\"lazy\" decoding=\"async\" class=\"alignnone size-full wp-image-678\" src=\"https:\/\/agora.xtec.cat\/escolalapalmera\/wp-content\/uploads\/usu1503\/2021\/12\/alim.png\" alt=\"\" width=\"193\" height=\"94\" \/><\/a><\/p>\n<p style=\"text-align: center;\">En la confecci\u00f3 dels men\u00fas s\u2019ha tingut en compte que els aliments siguin variats i els men\u00fas equilibrats.<\/p>\n<p style=\"text-align: left;\">L\u2019estructura b\u00e0sica del dinar est\u00e0 formada per:<br \/>\n\u00b7 Un primer plat a base de verdures amb patates, pasta, arr\u00f2s o llegums.<br \/>\n\u00b7 Un segon plat a base de carn, ou o peix, que assegura una aportaci\u00f3 correcta de prote\u00efnes, juntament amb una guarnici\u00f3 a base d\u2019amanides variades<br \/>\n\u00b7 Les postres que s\u00f3n, generalment, fruita pr\u00f2pia del temps o iogurt natural.<br \/>\n\u00b7 La beguda, que \u00e9s aigua.<\/p>\n<p style=\"text-align: left;\">Els dinars es programen per per\u00edodes trimestrals i ocasionalment hi pot haver algun canvi.<\/p>\n<p><span style=\"color: #0000ff;\"><a style=\"color: #0000ff;\" href=\"https:\/\/menjadorlapalmera.blogspot.com\/p\/menuns-curs.html\">MEN\u00da<\/a><\/span><\/p>\n<p>El seu equip de treball est\u00e0 format per:<\/p>\n<ul>\n<li style=\"text-align: left;\">Gemma G\u00f3mez &#8211; Coordinadora del Menjador\n<ul>\n<li style=\"text-align: left;\">663 830 036<\/li>\n<li>menjador@palm.ca<\/li>\n<\/ul>\n<\/li>\n<li>N\u00faria Castell\u00e0 &#8211; Supervisora<\/li>\n<li><span style=\"font-weight: 400;\">Max Harper- Cuinar<\/span><\/li>\n<li><span style=\"font-family: inherit; font-size: 1em;\">Telesfora Mart\u00edn &#8211; Auxiliar de Cuina<\/span><\/li>\n<li><span style=\"font-weight: 400;\">Roc\u00edo Oural &#8211; Auxiliar de Cuina.<\/span><\/li>\n<\/ul>\n<div style=\"display: flex; background-color: #0d868a; font-size: 24pt; font-family: verdana; height: 40pt; justify-content: center; margin-top: 4pt; margin-bottom: 4 pt; color: white!important;\">\n<p>PREU DEL MENJADOR 25-26<\/p>\n<\/div>\n<p>&nbsp;<\/p>\n<p>Els preus del menjador han estat aprovats pel Consell Escolar del 26\/06\/2025<\/p>\n<ul>\n<li><strong>ALUMNAT BECAT AL 100%: 7\u20ac<\/strong><\/li>\n<li><strong>ALUMNAT BECAT AL 70%: 2.30\u20ac<\/strong><\/li>\n<li><strong>ALUMNAT NO BECAT: 7.20\u202f\u20ac<\/strong><\/li>\n<li><strong>ALUMNAT ESPOR\u00c0DIC: 7.54\u202f\u20ac<\/strong><\/li>\n<\/ul>\n","protected":false},"excerpt":{"rendered":"<p>L&#8217;Escola La Palmera disposa de cuina pr\u00f2pia gestionada per l\u2019empresa Alimentart i des de fa uns anys s\u2019aposta pel menjar de proximitat. En la confecci\u00f3 dels men\u00fas s\u2019ha tingut en compte que els aliments siguin variats i els men\u00fas equilibrats. L\u2019estructura b\u00e0sica del dinar est\u00e0 formada per: \u00b7 Un primer plat a base de verdures [&hellip;]<\/p>\n","protected":false},"author":1,"featured_media":0,"parent":66,"menu_order":10,"comment_status":"closed","ping_status":"closed","template":"page-templates\/side-menu.php","meta":{"_bbp_topic_count":0,"_bbp_reply_count":0,"_bbp_total_topic_count":0,"_bbp_total_reply_count":0,"_bbp_voice_count":0,"_bbp_anonymous_reply_count":0,"_bbp_topic_count_hidden":0,"_bbp_reply_count_hidden":0,"_bbp_forum_subforum_count":0,"site-sidebar-layout":"default","site-content-layout":"","ast-site-content-layout":"","site-content-style":"default","site-sidebar-style":"default","ast-global-header-display":"","ast-banner-title-visibility":"","ast-main-header-display":"","ast-hfb-above-header-display":"","ast-hfb-below-header-display":"","ast-hfb-mobile-header-display":"","site-post-title":"","ast-breadcrumbs-content":"","ast-featured-img":"","footer-sml-layout":"","theme-transparent-header-meta":"","adv-header-id-meta":"","stick-header-meta":"","header-above-stick-meta":"","header-main-stick-meta":"","header-below-stick-meta":"","astra-migrate-meta-layouts":"default","ast-page-background-enabled":"default","ast-page-background-meta":{"desktop":{"background-color":"var(--ast-global-color-4)","background-image":"","background-repeat":"repeat","background-position":"center center","background-size":"auto","background-attachment":"scroll","background-type":"","background-media":"","overlay-type":"","overlay-color":"","overlay-opacity":"","overlay-gradient":""},"tablet":{"background-color":"","background-image":"","background-repeat":"repeat","background-position":"center center","background-size":"auto","background-attachment":"scroll","background-type":"","background-media":"","overlay-type":"","overlay-color":"","overlay-opacity":"","overlay-gradient":""},"mobile":{"background-color":"","background-image":"","background-repeat":"repeat","background-position":"center center","background-size":"auto","background-attachment":"scroll","background-type":"","background-media":"","overlay-type":"","overlay-color":"","overlay-opacity":"","overlay-gradient":""}},"ast-content-background-meta":{"desktop":{"background-color":"var(--ast-global-color-5)","background-image":"","background-repeat":"repeat","background-position":"center center","background-size":"auto","background-attachment":"scroll","background-type":"","background-media":"","overlay-type":"","overlay-color":"","overlay-opacity":"","overlay-gradient":""},"tablet":{"background-color":"var(--ast-global-color-5)","background-image":"","background-repeat":"repeat","background-position":"center center","background-size":"auto","background-attachment":"scroll","background-type":"","background-media":"","overlay-type":"","overlay-color":"","overlay-opacity":"","overlay-gradient":""},"mobile":{"background-color":"var(--ast-global-color-5)","background-image":"","background-repeat":"repeat","background-position":"center center","background-size":"auto","background-attachment":"scroll","background-type":"","background-media":"","overlay-type":"","overlay-color":"","overlay-opacity":"","overlay-gradient":""}},"footnotes":""},"class_list":["post-73","page","type-page","status-publish","hentry"],"post_mailing_queue_ids":[],"_links":{"self":[{"href":"https:\/\/agora.xtec.cat\/escolalapalmera\/wp-json\/wp\/v2\/pages\/73","targetHints":{"allow":["GET"]}}],"collection":[{"href":"https:\/\/agora.xtec.cat\/escolalapalmera\/wp-json\/wp\/v2\/pages"}],"about":[{"href":"https:\/\/agora.xtec.cat\/escolalapalmera\/wp-json\/wp\/v2\/types\/page"}],"author":[{"embeddable":true,"href":"https:\/\/agora.xtec.cat\/escolalapalmera\/wp-json\/wp\/v2\/users\/1"}],"replies":[{"embeddable":true,"href":"https:\/\/agora.xtec.cat\/escolalapalmera\/wp-json\/wp\/v2\/comments?post=73"}],"version-history":[{"count":6,"href":"https:\/\/agora.xtec.cat\/escolalapalmera\/wp-json\/wp\/v2\/pages\/73\/revisions"}],"predecessor-version":[{"id":3507,"href":"https:\/\/agora.xtec.cat\/escolalapalmera\/wp-json\/wp\/v2\/pages\/73\/revisions\/3507"}],"up":[{"embeddable":true,"href":"https:\/\/agora.xtec.cat\/escolalapalmera\/wp-json\/wp\/v2\/pages\/66"}],"wp:attachment":[{"href":"https:\/\/agora.xtec.cat\/escolalapalmera\/wp-json\/wp\/v2\/media?parent=73"}],"curies":[{"name":"wp","href":"https:\/\/api.w.org\/{rel}","templated":true}]}}