{"id":694,"date":"2021-12-29T16:07:33","date_gmt":"2021-12-29T15:07:33","guid":{"rendered":"https:\/\/agora.xtec.cat\/escolalapalmera\/?page_id=694"},"modified":"2025-07-10T00:27:20","modified_gmt":"2025-07-09T22:27:20","slug":"nofc-normes-dorganitzacio-i-funcionament-del-centre","status":"publish","type":"page","link":"https:\/\/agora.xtec.cat\/escolalapalmera\/projecte-educatiu\/nofc-normes-dorganitzacio-i-funcionament-del-centre\/","title":{"rendered":"NOFC ( Normes d&#8217;organitzaci\u00f3 i funcionament del centre )"},"content":{"rendered":"<p>Les Normes d\u2019Organitzaci\u00f3 i Funcionament del Centre, que formen part del projecte educatiu, \u00e9s el document que recull de manera ordenada els preceptes que regeixen la nostra organitzaci\u00f3 i les interrelacions de la vida escolar: explicita l\u2019estructura; defineix els vincles; recull les funcions, els drets i els deures dels diferents sectors que formen l\u2019escola; fixa els procediments; adapta la normativa general a la nostra realitat i estableix l\u2019espec\u00edfica pel nostre centre educatiu.<\/p>\n<p><a href=\"https:\/\/docs.google.com\/document\/d\/1O-Wl-jgpoE4csxkmhZ9eEZJX2IexqWWu\/edit?usp=sharing&amp;ouid=110216346827668045703&amp;rtpof=true&amp;sd=true\" target=\"_blank\" rel=\"noopener\"><img loading=\"lazy\" decoding=\"async\" class=\"aligncenter size-full wp-image-3505\" src=\"https:\/\/agora.xtec.cat\/escolalapalmera\/wp-content\/uploads\/usu1503\/2025\/07\/NOFC.jpg\" alt=\"\" width=\"392\" height=\"488\" srcset=\"https:\/\/agora.xtec.cat\/escolalapalmera\/wp-content\/uploads\/usu1503\/2025\/07\/NOFC.jpg 392w, https:\/\/agora.xtec.cat\/escolalapalmera\/wp-content\/uploads\/usu1503\/2025\/07\/NOFC-241x300.jpg 241w\" sizes=\"auto, (max-width: 392px) 100vw, 392px\" \/><\/a><\/p>\n","protected":false},"excerpt":{"rendered":"<p>Les Normes d\u2019Organitzaci\u00f3 i Funcionament del Centre, que formen part del projecte educatiu, \u00e9s el document que recull de manera ordenada els preceptes que regeixen la nostra organitzaci\u00f3 i les interrelacions de la vida escolar: explicita l\u2019estructura; defineix els vincles; recull les funcions, els drets i els deures dels diferents sectors que formen l\u2019escola; fixa [&hellip;]<\/p>\n","protected":false},"author":1,"featured_media":0,"parent":64,"menu_order":20,"comment_status":"closed","ping_status":"closed","template":"page-templates\/side-menu.php","meta":{"_bbp_topic_count":0,"_bbp_reply_count":0,"_bbp_total_topic_count":0,"_bbp_total_reply_count":0,"_bbp_voice_count":0,"_bbp_anonymous_reply_count":0,"_bbp_topic_count_hidden":0,"_bbp_reply_count_hidden":0,"_bbp_forum_subforum_count":0,"site-sidebar-layout":"default","site-content-layout":"","ast-site-content-layout":"","site-content-style":"default","site-sidebar-style":"default","ast-global-header-display":"","ast-banner-title-visibility":"","ast-main-header-display":"","ast-hfb-above-header-display":"","ast-hfb-below-header-display":"","ast-hfb-mobile-header-display":"","site-post-title":"","ast-breadcrumbs-content":"","ast-featured-img":"","footer-sml-layout":"","theme-transparent-header-meta":"","adv-header-id-meta":"","stick-header-meta":"","header-above-stick-meta":"","header-main-stick-meta":"","header-below-stick-meta":"","astra-migrate-meta-layouts":"default","ast-page-background-enabled":"default","ast-page-background-meta":{"desktop":{"background-color":"var(--ast-global-color-4)","background-image":"","background-repeat":"repeat","background-position":"center center","background-size":"auto","background-attachment":"scroll","background-type":"","background-media":"","overlay-type":"","overlay-color":"","overlay-opacity":"","overlay-gradient":""},"tablet":{"background-color":"","background-image":"","background-repeat":"repeat","background-position":"center center","background-size":"auto","background-attachment":"scroll","background-type":"","background-media":"","overlay-type":"","overlay-color":"","overlay-opacity":"","overlay-gradient":""},"mobile":{"background-color":"","background-image":"","background-repeat":"repeat","background-position":"center center","background-size":"auto","background-attachment":"scroll","background-type":"","background-media":"","overlay-type":"","overlay-color":"","overlay-opacity":"","overlay-gradient":""}},"ast-content-background-meta":{"desktop":{"background-color":"var(--ast-global-color-5)","background-image":"","background-repeat":"repeat","background-position":"center center","background-size":"auto","background-attachment":"scroll","background-type":"","background-media":"","overlay-type":"","overlay-color":"","overlay-opacity":"","overlay-gradient":""},"tablet":{"background-color":"var(--ast-global-color-5)","background-image":"","background-repeat":"repeat","background-position":"center center","background-size":"auto","background-attachment":"scroll","background-type":"","background-media":"","overlay-type":"","overlay-color":"","overlay-opacity":"","overlay-gradient":""},"mobile":{"background-color":"var(--ast-global-color-5)","background-image":"","background-repeat":"repeat","background-position":"center center","background-size":"auto","background-attachment":"scroll","background-type":"","background-media":"","overlay-type":"","overlay-color":"","overlay-opacity":"","overlay-gradient":""}},"footnotes":""},"class_list":["post-694","page","type-page","status-publish","hentry"],"post_mailing_queue_ids":[],"_links":{"self":[{"href":"https:\/\/agora.xtec.cat\/escolalapalmera\/wp-json\/wp\/v2\/pages\/694","targetHints":{"allow":["GET"]}}],"collection":[{"href":"https:\/\/agora.xtec.cat\/escolalapalmera\/wp-json\/wp\/v2\/pages"}],"about":[{"href":"https:\/\/agora.xtec.cat\/escolalapalmera\/wp-json\/wp\/v2\/types\/page"}],"author":[{"embeddable":true,"href":"https:\/\/agora.xtec.cat\/escolalapalmera\/wp-json\/wp\/v2\/users\/1"}],"replies":[{"embeddable":true,"href":"https:\/\/agora.xtec.cat\/escolalapalmera\/wp-json\/wp\/v2\/comments?post=694"}],"version-history":[{"count":5,"href":"https:\/\/agora.xtec.cat\/escolalapalmera\/wp-json\/wp\/v2\/pages\/694\/revisions"}],"predecessor-version":[{"id":3506,"href":"https:\/\/agora.xtec.cat\/escolalapalmera\/wp-json\/wp\/v2\/pages\/694\/revisions\/3506"}],"up":[{"embeddable":true,"href":"https:\/\/agora.xtec.cat\/escolalapalmera\/wp-json\/wp\/v2\/pages\/64"}],"wp:attachment":[{"href":"https:\/\/agora.xtec.cat\/escolalapalmera\/wp-json\/wp\/v2\/media?parent=694"}],"curies":[{"name":"wp","href":"https:\/\/api.w.org\/{rel}","templated":true}]}}