{"id":593,"date":"2021-12-21T09:38:02","date_gmt":"2021-12-21T08:38:02","guid":{"rendered":"https:\/\/agora.xtec.cat\/escolalapalmera\/?page_id=593"},"modified":"2022-09-21T23:29:01","modified_gmt":"2022-09-21T21:29:01","slug":"escola-de-practicum","status":"publish","type":"page","link":"https:\/\/agora.xtec.cat\/escolalapalmera\/projecte-educatiu\/escola-de-practicum\/","title":{"rendered":"Escola de Practicum"},"content":{"rendered":"<p><span style=\"font-family: helvetica, arial, sans-serif; font-size: 16px;\">A l&#8217;escola creiem que \u00e9s important donar la oportunitat als joves estudiants de con\u00e8ixer el nostre projecte educatiu per poder compaginar i enriquir la seva formaci\u00f3 de car\u00e0cter pr\u00e0ctic i te\u00f2ric. Tamb\u00e9 considerem que aporten un valor afegit a l&#8217;escola sumant les seves idees, habilitats i capacitats.<\/span><\/p>\n<p><span style=\"font-family: helvetica, arial, sans-serif; font-size: 16px;\">La\u00a0<strong>funci\u00f3 principal<\/strong>\u00a0d\u2019aquesta formaci\u00f3 \u00e9s orientar i acompanyar els estudiants de forma personalitzada al llarg d\u2019aquesta etapa d\u2019incorporaci\u00f3 en una comunitat amb unes funcions socials i valors per l\u2019exercici de l\u2019educaci\u00f3. Aquest acompanyament s\u2019encamina a l\u2019adquisici\u00f3 i desenvolupament de les compet\u00e8ncies docents a partir dels models i pr\u00e0ctiques, de la immersi\u00f3 en la realitat del centre formador i, sobretot, de l\u2019ajuda en l\u2019an\u00e0lisi i reflexi\u00f3 conjunta sobre la pr\u00e0ctica i les compet\u00e8ncies professionals.<\/span><\/p>\n<p><span style=\"font-family: helvetica, arial, sans-serif; font-size: 16px;\">D&#8217;aquesta manera acollim als alumnes universitaris, cicles formatius i alumnes de l&#8217;ESO que vulguin compartir la seva formaci\u00f3 amb nosatres.<\/span><\/p>\n<p><a href=\"https:\/\/agora.xtec.cat\/escolalapalmera\/wp-content\/uploads\/usu1503\/2021\/12\/bq.jpg\"><img loading=\"lazy\" decoding=\"async\" class=\"alignnone size-full wp-image-632\" src=\"https:\/\/agora.xtec.cat\/escolalapalmera\/wp-content\/uploads\/usu1503\/2021\/12\/bq.jpg\" alt=\"\" width=\"318\" height=\"159\" srcset=\"https:\/\/agora.xtec.cat\/escolalapalmera\/wp-content\/uploads\/usu1503\/2021\/12\/bq.jpg 318w, https:\/\/agora.xtec.cat\/escolalapalmera\/wp-content\/uploads\/usu1503\/2021\/12\/bq-300x150.jpg 300w\" sizes=\"auto, (max-width: 318px) 100vw, 318px\" \/><\/a>\u00a0<a href=\"https:\/\/agora.xtec.cat\/escolalapalmera\/wp-content\/uploads\/usu1503\/2021\/12\/UNIR.jpg\"><img loading=\"lazy\" decoding=\"async\" class=\"alignnone wp-image-627\" src=\"https:\/\/agora.xtec.cat\/escolalapalmera\/wp-content\/uploads\/usu1503\/2021\/12\/UNIR.jpg\" alt=\"\" width=\"254\" height=\"129\" srcset=\"https:\/\/agora.xtec.cat\/escolalapalmera\/wp-content\/uploads\/usu1503\/2021\/12\/UNIR.jpg 315w, https:\/\/agora.xtec.cat\/escolalapalmera\/wp-content\/uploads\/usu1503\/2021\/12\/UNIR-300x152.jpg 300w\" sizes=\"auto, (max-width: 254px) 100vw, 254px\" \/><\/a><a href=\"https:\/\/agora.xtec.cat\/escolalapalmera\/wp-content\/uploads\/usu1503\/2021\/12\/UB.png\"><img loading=\"lazy\" decoding=\"async\" class=\"wp-image-633 alignright\" src=\"https:\/\/agora.xtec.cat\/escolalapalmera\/wp-content\/uploads\/usu1503\/2021\/12\/UB.png\" alt=\"\" width=\"208\" height=\"125\" \/><\/a> <a href=\"https:\/\/agora.xtec.cat\/escolalapalmera\/wp-content\/uploads\/usu1503\/2021\/12\/MONLAU.png\"><img loading=\"lazy\" decoding=\"async\" class=\"alignnone wp-image-629\" src=\"https:\/\/agora.xtec.cat\/escolalapalmera\/wp-content\/uploads\/usu1503\/2021\/12\/MONLAU.png\" alt=\"\" width=\"239\" height=\"79\" srcset=\"https:\/\/agora.xtec.cat\/escolalapalmera\/wp-content\/uploads\/usu1503\/2021\/12\/MONLAU.png 390w, https:\/\/agora.xtec.cat\/escolalapalmera\/wp-content\/uploads\/usu1503\/2021\/12\/MONLAU-300x99.png 300w\" sizes=\"auto, (max-width: 239px) 100vw, 239px\" \/><\/a><a href=\"https:\/\/agora.xtec.cat\/escolalapalmera\/wp-content\/uploads\/usu1503\/2021\/12\/INFANTA.jpg\"><img loading=\"lazy\" decoding=\"async\" class=\"alignnone wp-image-628\" src=\"https:\/\/agora.xtec.cat\/escolalapalmera\/wp-content\/uploads\/usu1503\/2021\/12\/INFANTA.jpg\" alt=\"\" width=\"124\" height=\"164\" \/> \u00a0 \u00a0 \u00a0<\/a><\/p>\n<p>&nbsp;<\/p>\n","protected":false},"excerpt":{"rendered":"<p>A l&#8217;escola creiem que \u00e9s important donar la oportunitat als joves estudiants de con\u00e8ixer el nostre projecte educatiu per poder compaginar i enriquir la seva formaci\u00f3 de car\u00e0cter pr\u00e0ctic i te\u00f2ric. Tamb\u00e9 considerem que aporten un valor afegit a l&#8217;escola sumant les seves idees, habilitats i capacitats. La\u00a0funci\u00f3 principal\u00a0d\u2019aquesta formaci\u00f3 \u00e9s orientar i acompanyar els [&hellip;]<\/p>\n","protected":false},"author":1,"featured_media":0,"parent":64,"menu_order":100,"comment_status":"closed","ping_status":"closed","template":"page-templates\/side-menu.php","meta":{"_bbp_topic_count":0,"_bbp_reply_count":0,"_bbp_total_topic_count":0,"_bbp_total_reply_count":0,"_bbp_voice_count":0,"_bbp_anonymous_reply_count":0,"_bbp_topic_count_hidden":0,"_bbp_reply_count_hidden":0,"_bbp_forum_subforum_count":0,"site-sidebar-layout":"default","site-content-layout":"","ast-site-content-layout":"","site-content-style":"default","site-sidebar-style":"default","ast-global-header-display":"","ast-banner-title-visibility":"","ast-main-header-display":"","ast-hfb-above-header-display":"","ast-hfb-below-header-display":"","ast-hfb-mobile-header-display":"","site-post-title":"","ast-breadcrumbs-content":"","ast-featured-img":"","footer-sml-layout":"","theme-transparent-header-meta":"","adv-header-id-meta":"","stick-header-meta":"","header-above-stick-meta":"","header-main-stick-meta":"","header-below-stick-meta":"","astra-migrate-meta-layouts":"default","ast-page-background-enabled":"default","ast-page-background-meta":{"desktop":{"background-color":"var(--ast-global-color-4)","background-image":"","background-repeat":"repeat","background-position":"center center","background-size":"auto","background-attachment":"scroll","background-type":"","background-media":"","overlay-type":"","overlay-color":"","overlay-opacity":"","overlay-gradient":""},"tablet":{"background-color":"","background-image":"","background-repeat":"repeat","background-position":"center center","background-size":"auto","background-attachment":"scroll","background-type":"","background-media":"","overlay-type":"","overlay-color":"","overlay-opacity":"","overlay-gradient":""},"mobile":{"background-color":"","background-image":"","background-repeat":"repeat","background-position":"center center","background-size":"auto","background-attachment":"scroll","background-type":"","background-media":"","overlay-type":"","overlay-color":"","overlay-opacity":"","overlay-gradient":""}},"ast-content-background-meta":{"desktop":{"background-color":"var(--ast-global-color-5)","background-image":"","background-repeat":"repeat","background-position":"center center","background-size":"auto","background-attachment":"scroll","background-type":"","background-media":"","overlay-type":"","overlay-color":"","overlay-opacity":"","overlay-gradient":""},"tablet":{"background-color":"var(--ast-global-color-5)","background-image":"","background-repeat":"repeat","background-position":"center center","background-size":"auto","background-attachment":"scroll","background-type":"","background-media":"","overlay-type":"","overlay-color":"","overlay-opacity":"","overlay-gradient":""},"mobile":{"background-color":"var(--ast-global-color-5)","background-image":"","background-repeat":"repeat","background-position":"center center","background-size":"auto","background-attachment":"scroll","background-type":"","background-media":"","overlay-type":"","overlay-color":"","overlay-opacity":"","overlay-gradient":""}},"footnotes":""},"class_list":["post-593","page","type-page","status-publish","hentry"],"post_mailing_queue_ids":[],"_links":{"self":[{"href":"https:\/\/agora.xtec.cat\/escolalapalmera\/wp-json\/wp\/v2\/pages\/593","targetHints":{"allow":["GET"]}}],"collection":[{"href":"https:\/\/agora.xtec.cat\/escolalapalmera\/wp-json\/wp\/v2\/pages"}],"about":[{"href":"https:\/\/agora.xtec.cat\/escolalapalmera\/wp-json\/wp\/v2\/types\/page"}],"author":[{"embeddable":true,"href":"https:\/\/agora.xtec.cat\/escolalapalmera\/wp-json\/wp\/v2\/users\/1"}],"replies":[{"embeddable":true,"href":"https:\/\/agora.xtec.cat\/escolalapalmera\/wp-json\/wp\/v2\/comments?post=593"}],"version-history":[{"count":3,"href":"https:\/\/agora.xtec.cat\/escolalapalmera\/wp-json\/wp\/v2\/pages\/593\/revisions"}],"predecessor-version":[{"id":1845,"href":"https:\/\/agora.xtec.cat\/escolalapalmera\/wp-json\/wp\/v2\/pages\/593\/revisions\/1845"}],"up":[{"embeddable":true,"href":"https:\/\/agora.xtec.cat\/escolalapalmera\/wp-json\/wp\/v2\/pages\/64"}],"wp:attachment":[{"href":"https:\/\/agora.xtec.cat\/escolalapalmera\/wp-json\/wp\/v2\/media?parent=593"}],"curies":[{"name":"wp","href":"https:\/\/api.w.org\/{rel}","templated":true}]}}