{"id":574,"date":"2021-12-16T11:27:59","date_gmt":"2021-12-16T10:27:59","guid":{"rendered":"https:\/\/agora.xtec.cat\/escolalapalmera\/?page_id=574"},"modified":"2022-09-21T23:30:01","modified_gmt":"2022-09-21T21:30:01","slug":"araaqui-les-escoles-per-una-alimentacio-sostenible","status":"publish","type":"page","link":"https:\/\/agora.xtec.cat\/escolalapalmera\/projecte-educatiu\/araaqui-les-escoles-per-una-alimentacio-sostenible\/","title":{"rendered":"Ara,aqui les escoles per una alimentaci\u00f3 sostenible"},"content":{"rendered":"<p><a href=\"https:\/\/agora.xtec.cat\/escolalapalmera\/wp-content\/uploads\/usu1503\/2021\/12\/Ara-aqui.jpeg\"><img loading=\"lazy\" decoding=\"async\" class=\"size-full wp-image-575 aligncenter\" src=\"https:\/\/agora.xtec.cat\/escolalapalmera\/wp-content\/uploads\/usu1503\/2021\/12\/Ara-aqui.jpeg\" alt=\"\" width=\"318\" height=\"159\" srcset=\"https:\/\/agora.xtec.cat\/escolalapalmera\/wp-content\/uploads\/usu1503\/2021\/12\/Ara-aqui.jpeg 318w, https:\/\/agora.xtec.cat\/escolalapalmera\/wp-content\/uploads\/usu1503\/2021\/12\/Ara-aqui-300x150.jpeg 300w\" sizes=\"auto, (max-width: 318px) 100vw, 318px\" \/><\/a><\/p>\n<p>&nbsp;<\/p>\n<p><span style=\"font-family: helvetica, arial, sans-serif;\">En el marc de l&#8217;elecci\u00f3 de Barcelona com a capital mundial de l&#8217;alimentaci\u00f3 sostenible, l&#8217;ajuntament impulsa un projecte per fer una transici\u00f3 aliment\u00e0ria cap a la sostenibilitat, amb la qual s&#8217;aconsegueixi millorar la salut de les persones, fer front a l&#8217;emerg\u00e8ncia clim\u00e0tica i enfortir les economies locals sostenibles.<\/span><\/p>\n<p><span style=\"font-family: helvetica, arial, sans-serif;\">En aquest context a trav\u00e9s de la iniciativa &#8220;Ara, aqu\u00ed les escoles&#8221; des de la Palmera ens sumem a aquest repte i intentarem pensar actuacions per afavorir una alimentaci\u00f3 m\u00e9s sana, justa i sostenible.<\/span><\/p>\n<p><span style=\"font-family: helvetica, arial, sans-serif;\"><strong>REPTE 1 DE L&#8217;ESCOLA<\/strong><\/span><\/p>\n<ul>\n<li><span style=\"font-family: helvetica, arial, sans-serif;\"><strong>ACONSEGUIR QUE ELS DIMECRES EL 100% DE L&#8217;ALUMNAT PORTI FRUITA.<\/strong><\/span>\n<ul>\n<li><span style=\"font-family: helvetica, arial, sans-serif;\">HO ACONSEGUIREM?<\/span><\/li>\n<\/ul>\n<\/li>\n<\/ul>\n","protected":false},"excerpt":{"rendered":"<p>&nbsp; En el marc de l&#8217;elecci\u00f3 de Barcelona com a capital mundial de l&#8217;alimentaci\u00f3 sostenible, l&#8217;ajuntament impulsa un projecte per fer una transici\u00f3 aliment\u00e0ria cap a la sostenibilitat, amb la qual s&#8217;aconsegueixi millorar la salut de les persones, fer front a l&#8217;emerg\u00e8ncia clim\u00e0tica i enfortir les economies locals sostenibles. En aquest context a trav\u00e9s de [&hellip;]<\/p>\n","protected":false},"author":1,"featured_media":0,"parent":64,"menu_order":70,"comment_status":"closed","ping_status":"closed","template":"page-templates\/side-menu.php","meta":{"_bbp_topic_count":0,"_bbp_reply_count":0,"_bbp_total_topic_count":0,"_bbp_total_reply_count":0,"_bbp_voice_count":0,"_bbp_anonymous_reply_count":0,"_bbp_topic_count_hidden":0,"_bbp_reply_count_hidden":0,"_bbp_forum_subforum_count":0,"site-sidebar-layout":"default","site-content-layout":"","ast-site-content-layout":"","site-content-style":"default","site-sidebar-style":"default","ast-global-header-display":"","ast-banner-title-visibility":"","ast-main-header-display":"","ast-hfb-above-header-display":"","ast-hfb-below-header-display":"","ast-hfb-mobile-header-display":"","site-post-title":"","ast-breadcrumbs-content":"","ast-featured-img":"","footer-sml-layout":"","theme-transparent-header-meta":"","adv-header-id-meta":"","stick-header-meta":"","header-above-stick-meta":"","header-main-stick-meta":"","header-below-stick-meta":"","astra-migrate-meta-layouts":"default","ast-page-background-enabled":"default","ast-page-background-meta":{"desktop":{"background-color":"var(--ast-global-color-4)","background-image":"","background-repeat":"repeat","background-position":"center center","background-size":"auto","background-attachment":"scroll","background-type":"","background-media":"","overlay-type":"","overlay-color":"","overlay-opacity":"","overlay-gradient":""},"tablet":{"background-color":"","background-image":"","background-repeat":"repeat","background-position":"center center","background-size":"auto","background-attachment":"scroll","background-type":"","background-media":"","overlay-type":"","overlay-color":"","overlay-opacity":"","overlay-gradient":""},"mobile":{"background-color":"","background-image":"","background-repeat":"repeat","background-position":"center center","background-size":"auto","background-attachment":"scroll","background-type":"","background-media":"","overlay-type":"","overlay-color":"","overlay-opacity":"","overlay-gradient":""}},"ast-content-background-meta":{"desktop":{"background-color":"var(--ast-global-color-5)","background-image":"","background-repeat":"repeat","background-position":"center center","background-size":"auto","background-attachment":"scroll","background-type":"","background-media":"","overlay-type":"","overlay-color":"","overlay-opacity":"","overlay-gradient":""},"tablet":{"background-color":"var(--ast-global-color-5)","background-image":"","background-repeat":"repeat","background-position":"center center","background-size":"auto","background-attachment":"scroll","background-type":"","background-media":"","overlay-type":"","overlay-color":"","overlay-opacity":"","overlay-gradient":""},"mobile":{"background-color":"var(--ast-global-color-5)","background-image":"","background-repeat":"repeat","background-position":"center center","background-size":"auto","background-attachment":"scroll","background-type":"","background-media":"","overlay-type":"","overlay-color":"","overlay-opacity":"","overlay-gradient":""}},"footnotes":""},"class_list":["post-574","page","type-page","status-publish","hentry"],"post_mailing_queue_ids":[],"_links":{"self":[{"href":"https:\/\/agora.xtec.cat\/escolalapalmera\/wp-json\/wp\/v2\/pages\/574","targetHints":{"allow":["GET"]}}],"collection":[{"href":"https:\/\/agora.xtec.cat\/escolalapalmera\/wp-json\/wp\/v2\/pages"}],"about":[{"href":"https:\/\/agora.xtec.cat\/escolalapalmera\/wp-json\/wp\/v2\/types\/page"}],"author":[{"embeddable":true,"href":"https:\/\/agora.xtec.cat\/escolalapalmera\/wp-json\/wp\/v2\/users\/1"}],"replies":[{"embeddable":true,"href":"https:\/\/agora.xtec.cat\/escolalapalmera\/wp-json\/wp\/v2\/comments?post=574"}],"version-history":[{"count":3,"href":"https:\/\/agora.xtec.cat\/escolalapalmera\/wp-json\/wp\/v2\/pages\/574\/revisions"}],"predecessor-version":[{"id":1846,"href":"https:\/\/agora.xtec.cat\/escolalapalmera\/wp-json\/wp\/v2\/pages\/574\/revisions\/1846"}],"up":[{"embeddable":true,"href":"https:\/\/agora.xtec.cat\/escolalapalmera\/wp-json\/wp\/v2\/pages\/64"}],"wp:attachment":[{"href":"https:\/\/agora.xtec.cat\/escolalapalmera\/wp-json\/wp\/v2\/media?parent=574"}],"curies":[{"name":"wp","href":"https:\/\/api.w.org\/{rel}","templated":true}]}}