{"id":535,"date":"2021-12-14T12:30:18","date_gmt":"2021-12-14T11:30:18","guid":{"rendered":"https:\/\/agora.xtec.cat\/escolalapalmera\/?page_id=535"},"modified":"2023-07-11T12:57:55","modified_gmt":"2023-07-11T10:57:55","slug":"documents","status":"publish","type":"page","link":"https:\/\/agora.xtec.cat\/escolalapalmera\/lescola\/documents\/","title":{"rendered":"Documents i Autoritzacions"},"content":{"rendered":"<p><strong>Fent clic a la imatge<\/strong> podeu accedir a tots els documents i autoritzacions del centre d&#8217;enguany:<\/p>\n<p><span style=\"font-size: 14px;\"><strong><a href=\"https:\/\/apdcat.gencat.cat\/ca\/drets_i_obligacions\/responsables\/obligacions\/registre-activitats_tractament\/\">Registre de les activitats del tractament<\/a><\/strong>\u00a0 \u00a0 &#8212;\u00a0 <a href=\"https:\/\/educacio.gencat.cat\/ca\/Detall\/alumnes-centres-departament\">\u00a0<\/a><\/span><strong><a href=\"https:\/\/educacio.gencat.cat\/ca\/Detall\/alumnes-centres-departament\"><span style=\"font-size: 14px;\">Alumnes de centres educatius de titularitat del Departament d&#8217;Educaci\u00f3<\/span><\/a><\/strong><\/p>\n<table style=\"height: 3840px; width: 100%; border-collapse: collapse; border-style: solid; border-color: #000000;\">\n<tbody>\n<tr style=\"height: 33px;\">\n<td style=\"width: 50%; background-color: #20e3c9; height: 33px; text-align: center; border-style: solid; border-color: #000000;\"><strong><span style=\"color: #ffffff; font-family: verdana, geneva, sans-serif; font-size: 16px;\">ADMINISTRACI\u00d3 MEDICACI\u00d3<\/span><\/strong><\/td>\n<td style=\"width: 50%; background-color: #107d6e; height: 33px; text-align: center; border-style: solid; border-color: #000000;\"><span style=\"font-size: 16px;\"><strong><span style=\"color: #ffffff; font-family: verdana, geneva, sans-serif;\">RECOLLIDA ALUMNE\/A<\/span><\/strong><\/span><\/td>\n<\/tr>\n<tr style=\"height: 720px;\">\n<td style=\"width: 50%; height: 720px; text-align: center; border-style: solid; border-color: #000000;\"><a href=\"https:\/\/drive.google.com\/file\/d\/1fLTvtn0g7VofGEqdcGi6yDP5qAoFyQCC\/view?usp=sharing\" target=\"_blank\" rel=\"noopener\"><img loading=\"lazy\" decoding=\"async\" class=\"alignleft wp-image-1794 size-full\" src=\"https:\/\/agora.xtec.cat\/escolalapalmera\/wp-content\/uploads\/usu1503\/2022\/08\/medicacio.jpg\" alt=\"\" width=\"754\" height=\"690\" srcset=\"https:\/\/agora.xtec.cat\/escolalapalmera\/wp-content\/uploads\/usu1503\/2022\/08\/medicacio.jpg 754w, https:\/\/agora.xtec.cat\/escolalapalmera\/wp-content\/uploads\/usu1503\/2022\/08\/medicacio-300x275.jpg 300w\" sizes=\"auto, (max-width: 754px) 100vw, 754px\" \/><\/a><\/td>\n<td style=\"width: 50%; height: 720px; text-align: center; border-style: solid; border-color: #000000;\"><a href=\"https:\/\/drive.google.com\/file\/d\/1CnICxbN5EtYFqS02rIFUp2hiArvMRjco\/view?usp=sharing\" target=\"_blank\" rel=\"noopener\"><img loading=\"lazy\" decoding=\"async\" class=\"alignleft wp-image-1788 size-full\" src=\"https:\/\/agora.xtec.cat\/escolalapalmera\/wp-content\/uploads\/usu1503\/2022\/08\/AUTO-RECOLLIDA.jpg\" alt=\"\" width=\"675\" height=\"680\" srcset=\"https:\/\/agora.xtec.cat\/escolalapalmera\/wp-content\/uploads\/usu1503\/2022\/08\/AUTO-RECOLLIDA.jpg 675w, https:\/\/agora.xtec.cat\/escolalapalmera\/wp-content\/uploads\/usu1503\/2022\/08\/AUTO-RECOLLIDA-298x300.jpg 298w, https:\/\/agora.xtec.cat\/escolalapalmera\/wp-content\/uploads\/usu1503\/2022\/08\/AUTO-RECOLLIDA-150x150.jpg 150w\" sizes=\"auto, (max-width: 675px) 100vw, 675px\" \/><\/a><\/td>\n<\/tr>\n<tr style=\"height: 33px;\">\n<td style=\"width: 50%; height: 33px; background-color: #20e3c9; text-align: center; border-style: solid; border-color: #000000;\"><span style=\"font-family: verdana, geneva, sans-serif; font-size: 16px; color: #ffffff;\"><strong>PARTICIPACI\u00d3 SORTIDES<\/strong><\/span><\/td>\n<td style=\"width: 50%; height: 33px; background-color: #107d6e; text-align: center; border-style: solid; border-color: #000000;\"><span style=\"font-family: verdana, geneva, sans-serif; font-size: 16px; color: #ffffff;\"><strong>AUTORITZACI\u00d3 PARACETAMOL<\/strong><\/span><\/td>\n<\/tr>\n<tr style=\"height: 821px;\">\n<td style=\"width: 50%; height: 821px; text-align: center; border-style: solid; border-color: #000000;\"><a href=\"https:\/\/drive.google.com\/file\/d\/1YttMckYugAWzbcyf3MoGangM1SC8AdEI\/view?usp=sharing\" target=\"_blank\" rel=\"noopener\"><img loading=\"lazy\" decoding=\"async\" class=\"alignleft wp-image-1807 size-full\" src=\"https:\/\/agora.xtec.cat\/escolalapalmera\/wp-content\/uploads\/usu1503\/2022\/09\/SORTIDES.jpg\" alt=\"\" width=\"683\" height=\"638\" srcset=\"https:\/\/agora.xtec.cat\/escolalapalmera\/wp-content\/uploads\/usu1503\/2022\/09\/SORTIDES.jpg 683w, https:\/\/agora.xtec.cat\/escolalapalmera\/wp-content\/uploads\/usu1503\/2022\/09\/SORTIDES-300x280.jpg 300w\" sizes=\"auto, (max-width: 683px) 100vw, 683px\" \/><\/a><\/td>\n<td style=\"width: 50%; height: 821px; text-align: center; border-style: solid; border-color: #000000;\"><a href=\"https:\/\/drive.google.com\/file\/d\/1qTEUTN3cKGU0ciLzTshWGk-2OvdFiEsR\/view?usp=sharing\" target=\"_blank\" rel=\"noopener\"><img loading=\"lazy\" decoding=\"async\" class=\"alignleft wp-image-1638 size-full\" src=\"https:\/\/agora.xtec.cat\/escolalapalmera\/wp-content\/uploads\/usu1503\/2022\/06\/Autoritzacio-Paracetamol.png\" alt=\"\" width=\"1187\" height=\"765\" srcset=\"https:\/\/agora.xtec.cat\/escolalapalmera\/wp-content\/uploads\/usu1503\/2022\/06\/Autoritzacio-Paracetamol.png 1187w, https:\/\/agora.xtec.cat\/escolalapalmera\/wp-content\/uploads\/usu1503\/2022\/06\/Autoritzacio-Paracetamol-300x193.png 300w, https:\/\/agora.xtec.cat\/escolalapalmera\/wp-content\/uploads\/usu1503\/2022\/06\/Autoritzacio-Paracetamol-1024x660.png 1024w, https:\/\/agora.xtec.cat\/escolalapalmera\/wp-content\/uploads\/usu1503\/2022\/06\/Autoritzacio-Paracetamol-768x495.png 768w\" sizes=\"auto, (max-width: 1187px) 100vw, 1187px\" \/><\/a><\/td>\n<\/tr>\n<tr style=\"height: 33px;\">\n<td style=\"width: 50%; height: 33px; background-color: #20e3c9; text-align: center; border-style: solid; border-color: #000000;\"><span style=\"color: #ffffff; font-family: verdana, geneva, sans-serif; font-size: 16px;\"><strong>AUTORITZACI\u00d3 D&#8217;\u00daS D&#8217;IMATGES<\/strong><\/span><\/td>\n<td style=\"width: 50%; height: 33px; background-color: #107d6e; text-align: center; border-style: solid; border-color: #000000;\"><span style=\"color: #ffffff; font-family: verdana, geneva, sans-serif; font-size: 16px;\"><strong>SORTIDA SOLS DE L&#8217;ESCOLA<\/strong><\/span><\/td>\n<\/tr>\n<tr style=\"height: 770px;\">\n<td style=\"width: 50%; height: 770px; text-align: center; border-style: solid; border-color: #000000;\"><a href=\"https:\/\/drive.google.com\/file\/d\/1VeKcm_GNnkG7rjXYLyuuJSiGwtk_HjFL\/view?usp=sharing\" target=\"_blank\" rel=\"noopener\"><img loading=\"lazy\" decoding=\"async\" class=\"alignleft wp-image-1639 size-full\" src=\"https:\/\/agora.xtec.cat\/escolalapalmera\/wp-content\/uploads\/usu1503\/2022\/06\/Autoritzacio-us-dimatges.png\" alt=\"\" width=\"1183\" height=\"776\" srcset=\"https:\/\/agora.xtec.cat\/escolalapalmera\/wp-content\/uploads\/usu1503\/2022\/06\/Autoritzacio-us-dimatges.png 1183w, https:\/\/agora.xtec.cat\/escolalapalmera\/wp-content\/uploads\/usu1503\/2022\/06\/Autoritzacio-us-dimatges-300x197.png 300w, https:\/\/agora.xtec.cat\/escolalapalmera\/wp-content\/uploads\/usu1503\/2022\/06\/Autoritzacio-us-dimatges-1024x672.png 1024w, https:\/\/agora.xtec.cat\/escolalapalmera\/wp-content\/uploads\/usu1503\/2022\/06\/Autoritzacio-us-dimatges-768x504.png 768w\" sizes=\"auto, (max-width: 1183px) 100vw, 1183px\" \/><\/a><\/td>\n<td style=\"width: 50%; height: 770px; text-align: center; border-style: solid; border-color: #000000;\"><a href=\"https:\/\/drive.google.com\/file\/d\/1niLoaCyd8TnnAHVo2YZqgvFveQA1WdrJ\/view?usp=sharing\" target=\"_blank\" rel=\"noopener\"><img loading=\"lazy\" decoding=\"async\" class=\"alignleft wp-image-1742 size-full\" src=\"https:\/\/agora.xtec.cat\/escolalapalmera\/wp-content\/uploads\/usu1503\/2022\/08\/Sortida-sols.png\" alt=\"\" width=\"792\" height=\"755\" srcset=\"https:\/\/agora.xtec.cat\/escolalapalmera\/wp-content\/uploads\/usu1503\/2022\/08\/Sortida-sols.png 792w, https:\/\/agora.xtec.cat\/escolalapalmera\/wp-content\/uploads\/usu1503\/2022\/08\/Sortida-sols-300x286.png 300w, https:\/\/agora.xtec.cat\/escolalapalmera\/wp-content\/uploads\/usu1503\/2022\/08\/Sortida-sols-768x732.png 768w\" sizes=\"auto, (max-width: 792px) 100vw, 792px\" \/><\/a><\/td>\n<\/tr>\n<tr style=\"height: 32px;\">\n<td style=\"width: 50%; height: 32px; background-color: #20e3c9; text-align: center; border-style: solid; border-color: #000000;\"><span style=\"color: #ffffff;\"><strong><span style=\"font-family: verdana, geneva, sans-serif; font-size: 16px;\">DECLARACI\u00d3 RESPONSABLE ACOMPANYANTS ACTIVITATS<\/span><\/strong><\/span><\/td>\n<td style=\"width: 50%; height: 32px; background-color: #107d6e; text-align: center; border-style: solid; border-color: #000000;\"><strong><span style=\"color: #ffffff; font-family: verdana, geneva, sans-serif; font-size: 16px;\">COMUNICACI\u00d3 DE DESPLA\u00c7AMENT FAMILIAR TEMPORAL<\/span><\/strong><\/td>\n<\/tr>\n<tr style=\"height: 775px;\">\n<td style=\"width: 50%; height: 775px; text-align: center; border-style: solid; border-color: #000000;\"><a href=\"https:\/\/drive.google.com\/file\/d\/1POSjyQj4WzxA0U861v-6uGOsVYaA9cLG\/view?usp=sharing\" target=\"_blank\" rel=\"noopener\"><img loading=\"lazy\" decoding=\"async\" class=\"aligncenter size-full wp-image-2290\" src=\"https:\/\/agora.xtec.cat\/escolalapalmera\/wp-content\/uploads\/usu1503\/2023\/03\/Declaracio-resp.png\" alt=\"\" width=\"801\" height=\"885\" srcset=\"https:\/\/agora.xtec.cat\/escolalapalmera\/wp-content\/uploads\/usu1503\/2023\/03\/Declaracio-resp.png 801w, https:\/\/agora.xtec.cat\/escolalapalmera\/wp-content\/uploads\/usu1503\/2023\/03\/Declaracio-resp-272x300.png 272w, https:\/\/agora.xtec.cat\/escolalapalmera\/wp-content\/uploads\/usu1503\/2023\/03\/Declaracio-resp-768x849.png 768w\" sizes=\"auto, (max-width: 801px) 100vw, 801px\" \/><\/a><\/td>\n<td style=\"width: 50%; height: 775px; text-align: center; border-style: solid; border-color: #000000;\"><a href=\"https:\/\/docs.google.com\/document\/d\/16HRuC7kvYcb0FTL25xC4vgP7P4qx_dDL\/edit?usp=sharing&amp;ouid=116025943830014499963&amp;rtpof=true&amp;sd=true\" target=\"_blank\" rel=\"noopener\"><img loading=\"lazy\" decoding=\"async\" class=\"aligncenter wp-image-1852 size-full\" src=\"https:\/\/agora.xtec.cat\/escolalapalmera\/wp-content\/uploads\/usu1503\/2022\/09\/Comunicacio-Desplacament-familiar.png\" alt=\"\" width=\"797\" height=\"911\" srcset=\"https:\/\/agora.xtec.cat\/escolalapalmera\/wp-content\/uploads\/usu1503\/2022\/09\/Comunicacio-Desplacament-familiar.png 797w, https:\/\/agora.xtec.cat\/escolalapalmera\/wp-content\/uploads\/usu1503\/2022\/09\/Comunicacio-Desplacament-familiar-262x300.png 262w, https:\/\/agora.xtec.cat\/escolalapalmera\/wp-content\/uploads\/usu1503\/2022\/09\/Comunicacio-Desplacament-familiar-768x878.png 768w\" sizes=\"auto, (max-width: 797px) 100vw, 797px\" \/><\/a><\/td>\n<\/tr>\n<\/tbody>\n<\/table>\n","protected":false},"excerpt":{"rendered":"<p>Fent clic a la imatge podeu accedir a tots els documents i autoritzacions del centre d&#8217;enguany: Registre de les activitats del tractament\u00a0 \u00a0 &#8212;\u00a0 \u00a0Alumnes de centres educatius de titularitat del Departament d&#8217;Educaci\u00f3 ADMINISTRACI\u00d3 MEDICACI\u00d3 RECOLLIDA ALUMNE\/A PARTICIPACI\u00d3 SORTIDES AUTORITZACI\u00d3 PARACETAMOL AUTORITZACI\u00d3 D&#8217;\u00daS D&#8217;IMATGES SORTIDA SOLS DE L&#8217;ESCOLA DECLARACI\u00d3 RESPONSABLE ACOMPANYANTS ACTIVITATS COMUNICACI\u00d3 DE DESPLA\u00c7AMENT [&hellip;]<\/p>\n","protected":false},"author":1,"featured_media":0,"parent":22,"menu_order":10,"comment_status":"closed","ping_status":"closed","template":"page-templates\/side-menu.php","meta":{"_bbp_topic_count":0,"_bbp_reply_count":0,"_bbp_total_topic_count":0,"_bbp_total_reply_count":0,"_bbp_voice_count":0,"_bbp_anonymous_reply_count":0,"_bbp_topic_count_hidden":0,"_bbp_reply_count_hidden":0,"_bbp_forum_subforum_count":0,"site-sidebar-layout":"default","site-content-layout":"","ast-site-content-layout":"","site-content-style":"default","site-sidebar-style":"default","ast-global-header-display":"","ast-banner-title-visibility":"","ast-main-header-display":"","ast-hfb-above-header-display":"","ast-hfb-below-header-display":"","ast-hfb-mobile-header-display":"","site-post-title":"","ast-breadcrumbs-content":"","ast-featured-img":"","footer-sml-layout":"","theme-transparent-header-meta":"","adv-header-id-meta":"","stick-header-meta":"","header-above-stick-meta":"","header-main-stick-meta":"","header-below-stick-meta":"","astra-migrate-meta-layouts":"default","ast-page-background-enabled":"default","ast-page-background-meta":{"desktop":{"background-color":"var(--ast-global-color-4)","background-image":"","background-repeat":"repeat","background-position":"center center","background-size":"auto","background-attachment":"scroll","background-type":"","background-media":"","overlay-type":"","overlay-color":"","overlay-opacity":"","overlay-gradient":""},"tablet":{"background-color":"","background-image":"","background-repeat":"repeat","background-position":"center center","background-size":"auto","background-attachment":"scroll","background-type":"","background-media":"","overlay-type":"","overlay-color":"","overlay-opacity":"","overlay-gradient":""},"mobile":{"background-color":"","background-image":"","background-repeat":"repeat","background-position":"center center","background-size":"auto","background-attachment":"scroll","background-type":"","background-media":"","overlay-type":"","overlay-color":"","overlay-opacity":"","overlay-gradient":""}},"ast-content-background-meta":{"desktop":{"background-color":"var(--ast-global-color-5)","background-image":"","background-repeat":"repeat","background-position":"center center","background-size":"auto","background-attachment":"scroll","background-type":"","background-media":"","overlay-type":"","overlay-color":"","overlay-opacity":"","overlay-gradient":""},"tablet":{"background-color":"var(--ast-global-color-5)","background-image":"","background-repeat":"repeat","background-position":"center center","background-size":"auto","background-attachment":"scroll","background-type":"","background-media":"","overlay-type":"","overlay-color":"","overlay-opacity":"","overlay-gradient":""},"mobile":{"background-color":"var(--ast-global-color-5)","background-image":"","background-repeat":"repeat","background-position":"center center","background-size":"auto","background-attachment":"scroll","background-type":"","background-media":"","overlay-type":"","overlay-color":"","overlay-opacity":"","overlay-gradient":""}},"footnotes":""},"class_list":["post-535","page","type-page","status-publish","hentry"],"post_mailing_queue_ids":[],"_links":{"self":[{"href":"https:\/\/agora.xtec.cat\/escolalapalmera\/wp-json\/wp\/v2\/pages\/535","targetHints":{"allow":["GET"]}}],"collection":[{"href":"https:\/\/agora.xtec.cat\/escolalapalmera\/wp-json\/wp\/v2\/pages"}],"about":[{"href":"https:\/\/agora.xtec.cat\/escolalapalmera\/wp-json\/wp\/v2\/types\/page"}],"author":[{"embeddable":true,"href":"https:\/\/agora.xtec.cat\/escolalapalmera\/wp-json\/wp\/v2\/users\/1"}],"replies":[{"embeddable":true,"href":"https:\/\/agora.xtec.cat\/escolalapalmera\/wp-json\/wp\/v2\/comments?post=535"}],"version-history":[{"count":3,"href":"https:\/\/agora.xtec.cat\/escolalapalmera\/wp-json\/wp\/v2\/pages\/535\/revisions"}],"predecessor-version":[{"id":2525,"href":"https:\/\/agora.xtec.cat\/escolalapalmera\/wp-json\/wp\/v2\/pages\/535\/revisions\/2525"}],"up":[{"embeddable":true,"href":"https:\/\/agora.xtec.cat\/escolalapalmera\/wp-json\/wp\/v2\/pages\/22"}],"wp:attachment":[{"href":"https:\/\/agora.xtec.cat\/escolalapalmera\/wp-json\/wp\/v2\/media?parent=535"}],"curies":[{"name":"wp","href":"https:\/\/api.w.org\/{rel}","templated":true}]}}