{"id":502,"date":"2021-12-14T11:23:00","date_gmt":"2021-12-14T10:23:00","guid":{"rendered":"https:\/\/agora.xtec.cat\/escolalapalmera\/?page_id=502"},"modified":"2022-01-04T23:04:03","modified_gmt":"2022-01-04T22:04:03","slug":"projecte-biblioteca","status":"publish","type":"page","link":"https:\/\/agora.xtec.cat\/escolalapalmera\/projecte-educatiu\/projecte-biblioteca\/","title":{"rendered":"Pla de Lectura de Centre (PLEC)"},"content":{"rendered":"<p><span style=\"color: #666699;\"><i><span style=\"font-weight: 400;\">&#8220;Veure que els petits lectors de l\u2019aula s\u2019han anat consolidant com a tals dia rere <\/span><\/i><i><span style=\"font-weight: 400;\">dia i que han estat capa\u00e7os de crear entre ells debats tan rics en arguments, <\/span><\/i><i><span style=\"font-weight: 400;\">reflexions i valoracions, demostra que els nens i les nenes s\u00f3n constructors <\/span><\/i><i><span style=\"font-weight: 400;\">actius de significats i que, a mesura que la seva experi\u00e8ncia lectora creix i es <\/span><\/i><i><span style=\"font-weight: 400;\">propicien moments de trobada i discussi\u00f3 entre lectors i llibres, milloren el <\/span><\/i><i><span style=\"font-weight: 400;\">vocabulari, les estructures ling\u00fc\u00edstiques, el respecte cap a les opinions alienes, <\/span><\/i><i><span style=\"font-weight: 400;\">la construcci\u00f3 col\u00b7lectiva de significats, la interpretaci\u00f3 de les imatges en relaci\u00f3 <\/span><\/i><i><span style=\"font-weight: 400;\">amb el text&#8230;, entre altres aspectes.&#8221; \u2013 Lara Reyes, 2011<\/span><\/i><\/span><\/p>\n<p><span style=\"font-weight: 400;\">Per aquest motiu iniciem l\u2019elaboraci\u00f3 del Pla de Lectura de Centre (PLEC), perqu\u00e8 considerem que la lectura \u00e9s cabdal en l\u2019educaci\u00f3 dels infants, perqu\u00e8 facilita l\u2019emancipaci\u00f3 de la persona, possibilita l\u2019acc\u00e9s al coneixement i \u00e9s font de plaer, d\u2019emoci\u00f3 i d\u2019evasi\u00f3. Aix\u00ed, doncs, entenem que el PLEC \u00e9s el conjunt d\u2019objectius, metodologies i estrat\u00e8gies que ens permeten aprofitar tot el potencial que t\u00e9 l\u2019escola per afavorir l\u2019assoliment de la compet\u00e8ncia lectora i el desenvolupament dels seus tres eixos: saber llegir, llegir per aprendre i gust per llegir.<\/span><\/p>\n","protected":false},"excerpt":{"rendered":"<p>&#8220;Veure que els petits lectors de l\u2019aula s\u2019han anat consolidant com a tals dia rere dia i que han estat capa\u00e7os de crear entre ells debats tan rics en arguments, reflexions i valoracions, demostra que els nens i les nenes s\u00f3n constructors actius de significats i que, a mesura que la seva experi\u00e8ncia lectora creix [&hellip;]<\/p>\n","protected":false},"author":1,"featured_media":0,"parent":64,"menu_order":30,"comment_status":"closed","ping_status":"closed","template":"page-templates\/side-menu.php","meta":{"_bbp_topic_count":0,"_bbp_reply_count":0,"_bbp_total_topic_count":0,"_bbp_total_reply_count":0,"_bbp_voice_count":0,"_bbp_anonymous_reply_count":0,"_bbp_topic_count_hidden":0,"_bbp_reply_count_hidden":0,"_bbp_forum_subforum_count":0,"site-sidebar-layout":"default","site-content-layout":"","ast-site-content-layout":"","site-content-style":"default","site-sidebar-style":"default","ast-global-header-display":"","ast-banner-title-visibility":"","ast-main-header-display":"","ast-hfb-above-header-display":"","ast-hfb-below-header-display":"","ast-hfb-mobile-header-display":"","site-post-title":"","ast-breadcrumbs-content":"","ast-featured-img":"","footer-sml-layout":"","theme-transparent-header-meta":"","adv-header-id-meta":"","stick-header-meta":"","header-above-stick-meta":"","header-main-stick-meta":"","header-below-stick-meta":"","astra-migrate-meta-layouts":"default","ast-page-background-enabled":"default","ast-page-background-meta":{"desktop":{"background-color":"var(--ast-global-color-4)","background-image":"","background-repeat":"repeat","background-position":"center center","background-size":"auto","background-attachment":"scroll","background-type":"","background-media":"","overlay-type":"","overlay-color":"","overlay-opacity":"","overlay-gradient":""},"tablet":{"background-color":"","background-image":"","background-repeat":"repeat","background-position":"center center","background-size":"auto","background-attachment":"scroll","background-type":"","background-media":"","overlay-type":"","overlay-color":"","overlay-opacity":"","overlay-gradient":""},"mobile":{"background-color":"","background-image":"","background-repeat":"repeat","background-position":"center center","background-size":"auto","background-attachment":"scroll","background-type":"","background-media":"","overlay-type":"","overlay-color":"","overlay-opacity":"","overlay-gradient":""}},"ast-content-background-meta":{"desktop":{"background-color":"var(--ast-global-color-5)","background-image":"","background-repeat":"repeat","background-position":"center center","background-size":"auto","background-attachment":"scroll","background-type":"","background-media":"","overlay-type":"","overlay-color":"","overlay-opacity":"","overlay-gradient":""},"tablet":{"background-color":"var(--ast-global-color-5)","background-image":"","background-repeat":"repeat","background-position":"center center","background-size":"auto","background-attachment":"scroll","background-type":"","background-media":"","overlay-type":"","overlay-color":"","overlay-opacity":"","overlay-gradient":""},"mobile":{"background-color":"var(--ast-global-color-5)","background-image":"","background-repeat":"repeat","background-position":"center center","background-size":"auto","background-attachment":"scroll","background-type":"","background-media":"","overlay-type":"","overlay-color":"","overlay-opacity":"","overlay-gradient":""}},"footnotes":""},"class_list":["post-502","page","type-page","status-publish","hentry"],"post_mailing_queue_ids":[],"_links":{"self":[{"href":"https:\/\/agora.xtec.cat\/escolalapalmera\/wp-json\/wp\/v2\/pages\/502","targetHints":{"allow":["GET"]}}],"collection":[{"href":"https:\/\/agora.xtec.cat\/escolalapalmera\/wp-json\/wp\/v2\/pages"}],"about":[{"href":"https:\/\/agora.xtec.cat\/escolalapalmera\/wp-json\/wp\/v2\/types\/page"}],"author":[{"embeddable":true,"href":"https:\/\/agora.xtec.cat\/escolalapalmera\/wp-json\/wp\/v2\/users\/1"}],"replies":[{"embeddable":true,"href":"https:\/\/agora.xtec.cat\/escolalapalmera\/wp-json\/wp\/v2\/comments?post=502"}],"version-history":[{"count":4,"href":"https:\/\/agora.xtec.cat\/escolalapalmera\/wp-json\/wp\/v2\/pages\/502\/revisions"}],"predecessor-version":[{"id":754,"href":"https:\/\/agora.xtec.cat\/escolalapalmera\/wp-json\/wp\/v2\/pages\/502\/revisions\/754"}],"up":[{"embeddable":true,"href":"https:\/\/agora.xtec.cat\/escolalapalmera\/wp-json\/wp\/v2\/pages\/64"}],"wp:attachment":[{"href":"https:\/\/agora.xtec.cat\/escolalapalmera\/wp-json\/wp\/v2\/media?parent=502"}],"curies":[{"name":"wp","href":"https:\/\/api.w.org\/{rel}","templated":true}]}}