{"id":500,"date":"2021-12-14T11:22:12","date_gmt":"2021-12-14T10:22:12","guid":{"rendered":"https:\/\/agora.xtec.cat\/escolalapalmera\/?page_id=500"},"modified":"2023-03-22T10:10:47","modified_gmt":"2023-03-22T09:10:47","slug":"projecte-emo","status":"publish","type":"page","link":"https:\/\/agora.xtec.cat\/escolalapalmera\/projecte-educatiu\/projecte-emo\/","title":{"rendered":"Cultura Emocional de Centre"},"content":{"rendered":"<p><span style=\"font-family: inherit; font-size: 1em;\">El curs 19\/20 vam iniciar un projecte al nostre centre amb l&#8217;objectiu de fer el salt de l&#8217;educaci\u00f3 de les emocions a la <\/span><strong style=\"font-family: inherit; font-size: 1em;\">cultura emocional de centre<\/strong><span style=\"font-family: inherit; font-size: 1em;\"> per sensibilitzar a tots els agents de la comunitat educativa sobre la import\u00e0ncia de gestionar les emocions, partint d&#8217;una <\/span><strong style=\"font-family: inherit; font-size: 1em;\">comunicaci\u00f3 afectiva, positiva i assertiva.<\/strong><\/p>\n<p><span style=\"font-weight: 400;\">Aquest projecte t\u00e9 com punt de partida l&#8217;<strong>\u00e0mbit d&#8217;educaci\u00f3 en valors<\/strong>. Les activitats i din\u00e0miques, adaptades a cada nivell des de P3 fins a 6\u00e8, es treballen de manera espec\u00edfica a les sessions d&#8217;EMO i de manera <strong>transversal<\/strong> a la resta d&#8217;\u00e0rees curriculars i en qualsevol context escolar (sortides, patis, reuni\u00f3 de fam\u00edlies,&#8230;).<\/span><\/p>\n<p><span style=\"font-weight: 400;\">Els continguts seleccionats estan distribu\u00efts per centres d\u2019inter\u00e8s que canvien cada mes. El tret de sortida que inicia la tem\u00e0tica mensual \u00e9s \u201c<strong>La frase del mes<\/strong>\u201d, un lema com\u00fa, proper i significatiu. Mitjan\u00e7ant una infografia en catal\u00e0, castell\u00e0, angl\u00e8s i pictogrames, la donem a con\u00e8ixer a tots els infants de l\u2019escola.\u00a0<\/span><\/p>\n<p><span style=\"font-weight: 400;\">Estem treballant en l\u2019elaboraci\u00f3 d\u2019un dec\u00e0leg de cultura emocional que ens identifiqui com a centre. Amb l\u2019objectiu d\u2019aconseguir petits canvis a nivell comunicatiu i relacional que promoguin el <strong>benestar emocional<\/strong> de tota la <strong>comunitat educativa<\/strong> en el nostre dia a dia a l&#8217;escola.<\/span><\/p>\n<p><span style=\"font-weight: 400;\">Recordeu que en aquest apartat anirem actualitzant, juntament amb les frases del mes, algunes de les activitats realitzades fent <strong>clic<\/strong>\u00a0en les <strong>icones seg\u00fcents<\/strong>.<\/span><\/p>\n<table style=\"width: 80%; border-collapse: collapse; border-style: none;\">\n<tbody>\n<tr>\n<td style=\"width: 50%; border-style: none;\"><a href=\"https:\/\/agora.xtec.cat\/escolalapalmera\/categoria\/frase-del-mes\/\" target=\"_blank\" rel=\"noopener\"><img loading=\"lazy\" decoding=\"async\" class=\"aligncenter wp-image-1013\" src=\"https:\/\/agora.xtec.cat\/escolalapalmera\/wp-content\/uploads\/usu1503\/2022\/02\/retol-frase-mes-1-1024x953.png\" alt=\"\" width=\"162\" height=\"151\" srcset=\"https:\/\/agora.xtec.cat\/escolalapalmera\/wp-content\/uploads\/usu1503\/2022\/02\/retol-frase-mes-1-1024x953.png 1024w, https:\/\/agora.xtec.cat\/escolalapalmera\/wp-content\/uploads\/usu1503\/2022\/02\/retol-frase-mes-1-300x279.png 300w, https:\/\/agora.xtec.cat\/escolalapalmera\/wp-content\/uploads\/usu1503\/2022\/02\/retol-frase-mes-1-768x714.png 768w, https:\/\/agora.xtec.cat\/escolalapalmera\/wp-content\/uploads\/usu1503\/2022\/02\/retol-frase-mes-1.png 1333w\" sizes=\"auto, (max-width: 162px) 100vw, 162px\" \/><\/a><\/td>\n<td style=\"width: 50%; border-style: none;\"><a href=\"https:\/\/agora.xtec.cat\/escolalapalmera\/categoria\/noticies-emo\/\"><img loading=\"lazy\" decoding=\"async\" class=\"aligncenter wp-image-1017\" src=\"https:\/\/agora.xtec.cat\/escolalapalmera\/wp-content\/uploads\/usu1503\/2022\/02\/Captura-de-Pantalla-2022-02-17-a-les-17.39.24.png\" alt=\"\" width=\"161\" height=\"140\" srcset=\"https:\/\/agora.xtec.cat\/escolalapalmera\/wp-content\/uploads\/usu1503\/2022\/02\/Captura-de-Pantalla-2022-02-17-a-les-17.39.24.png 815w, https:\/\/agora.xtec.cat\/escolalapalmera\/wp-content\/uploads\/usu1503\/2022\/02\/Captura-de-Pantalla-2022-02-17-a-les-17.39.24-300x260.png 300w, https:\/\/agora.xtec.cat\/escolalapalmera\/wp-content\/uploads\/usu1503\/2022\/02\/Captura-de-Pantalla-2022-02-17-a-les-17.39.24-768x665.png 768w\" sizes=\"auto, (max-width: 161px) 100vw, 161px\" \/><\/a><\/td>\n<\/tr>\n<\/tbody>\n<\/table>\n<p>&nbsp;<\/p>\n","protected":false},"excerpt":{"rendered":"<p>El curs 19\/20 vam iniciar un projecte al nostre centre amb l&#8217;objectiu de fer el salt de l&#8217;educaci\u00f3 de les emocions a la cultura emocional de centre per sensibilitzar a tots els agents de la comunitat educativa sobre la import\u00e0ncia de gestionar les emocions, partint d&#8217;una comunicaci\u00f3 afectiva, positiva i assertiva. Aquest projecte t\u00e9 com [&hellip;]<\/p>\n","protected":false},"author":1,"featured_media":0,"parent":64,"menu_order":50,"comment_status":"closed","ping_status":"closed","template":"page-templates\/side-menu.php","meta":{"_bbp_topic_count":0,"_bbp_reply_count":0,"_bbp_total_topic_count":0,"_bbp_total_reply_count":0,"_bbp_voice_count":0,"_bbp_anonymous_reply_count":0,"_bbp_topic_count_hidden":0,"_bbp_reply_count_hidden":0,"_bbp_forum_subforum_count":0,"site-sidebar-layout":"default","site-content-layout":"","ast-site-content-layout":"","site-content-style":"default","site-sidebar-style":"default","ast-global-header-display":"","ast-banner-title-visibility":"","ast-main-header-display":"","ast-hfb-above-header-display":"","ast-hfb-below-header-display":"","ast-hfb-mobile-header-display":"","site-post-title":"","ast-breadcrumbs-content":"","ast-featured-img":"","footer-sml-layout":"","theme-transparent-header-meta":"","adv-header-id-meta":"","stick-header-meta":"","header-above-stick-meta":"","header-main-stick-meta":"","header-below-stick-meta":"","astra-migrate-meta-layouts":"default","ast-page-background-enabled":"default","ast-page-background-meta":{"desktop":{"background-color":"var(--ast-global-color-4)","background-image":"","background-repeat":"repeat","background-position":"center center","background-size":"auto","background-attachment":"scroll","background-type":"","background-media":"","overlay-type":"","overlay-color":"","overlay-opacity":"","overlay-gradient":""},"tablet":{"background-color":"","background-image":"","background-repeat":"repeat","background-position":"center center","background-size":"auto","background-attachment":"scroll","background-type":"","background-media":"","overlay-type":"","overlay-color":"","overlay-opacity":"","overlay-gradient":""},"mobile":{"background-color":"","background-image":"","background-repeat":"repeat","background-position":"center center","background-size":"auto","background-attachment":"scroll","background-type":"","background-media":"","overlay-type":"","overlay-color":"","overlay-opacity":"","overlay-gradient":""}},"ast-content-background-meta":{"desktop":{"background-color":"var(--ast-global-color-5)","background-image":"","background-repeat":"repeat","background-position":"center center","background-size":"auto","background-attachment":"scroll","background-type":"","background-media":"","overlay-type":"","overlay-color":"","overlay-opacity":"","overlay-gradient":""},"tablet":{"background-color":"var(--ast-global-color-5)","background-image":"","background-repeat":"repeat","background-position":"center center","background-size":"auto","background-attachment":"scroll","background-type":"","background-media":"","overlay-type":"","overlay-color":"","overlay-opacity":"","overlay-gradient":""},"mobile":{"background-color":"var(--ast-global-color-5)","background-image":"","background-repeat":"repeat","background-position":"center center","background-size":"auto","background-attachment":"scroll","background-type":"","background-media":"","overlay-type":"","overlay-color":"","overlay-opacity":"","overlay-gradient":""}},"footnotes":""},"class_list":["post-500","page","type-page","status-publish","hentry"],"post_mailing_queue_ids":[],"_links":{"self":[{"href":"https:\/\/agora.xtec.cat\/escolalapalmera\/wp-json\/wp\/v2\/pages\/500","targetHints":{"allow":["GET"]}}],"collection":[{"href":"https:\/\/agora.xtec.cat\/escolalapalmera\/wp-json\/wp\/v2\/pages"}],"about":[{"href":"https:\/\/agora.xtec.cat\/escolalapalmera\/wp-json\/wp\/v2\/types\/page"}],"author":[{"embeddable":true,"href":"https:\/\/agora.xtec.cat\/escolalapalmera\/wp-json\/wp\/v2\/users\/1"}],"replies":[{"embeddable":true,"href":"https:\/\/agora.xtec.cat\/escolalapalmera\/wp-json\/wp\/v2\/comments?post=500"}],"version-history":[{"count":5,"href":"https:\/\/agora.xtec.cat\/escolalapalmera\/wp-json\/wp\/v2\/pages\/500\/revisions"}],"predecessor-version":[{"id":2326,"href":"https:\/\/agora.xtec.cat\/escolalapalmera\/wp-json\/wp\/v2\/pages\/500\/revisions\/2326"}],"up":[{"embeddable":true,"href":"https:\/\/agora.xtec.cat\/escolalapalmera\/wp-json\/wp\/v2\/pages\/64"}],"wp:attachment":[{"href":"https:\/\/agora.xtec.cat\/escolalapalmera\/wp-json\/wp\/v2\/media?parent=500"}],"curies":[{"name":"wp","href":"https:\/\/api.w.org\/{rel}","templated":true}]}}