{"id":28,"date":"2014-09-18T12:29:35","date_gmt":"2014-09-18T11:29:35","guid":{"rendered":"http:\/\/agora.xtec.cat\/escolalapalmera\/?page_id=28"},"modified":"2026-04-29T13:48:49","modified_gmt":"2026-04-29T11:48:49","slug":"consell-escolar","status":"publish","type":"page","link":"https:\/\/agora.xtec.cat\/escolalapalmera\/lescola\/consell-escolar\/","title":{"rendered":"Consell Escolar"},"content":{"rendered":"<p style=\"text-align: justify;\"><strong><span style=\"color: #000000;\" data-ss-id=\"rwTH48ebc00fedac97afdccad6c750a1eeff\">Qu\u00e8 \u00e9s el consell escolar?<\/span><\/strong><\/p>\n<p style=\"text-align: justify;\">El consell escolar del centre \u00e9s l\u2019\u00f2rgan col\u00b7legiat de participaci\u00f3 de la comunitat escolar en el govern del centre. En el consell escolar hi ha representats tots els col\u00b7lectius que intervenen en la comunitat educativa: instituci\u00f3, directius, professorat, personal d\u2019administraci\u00f3 i serveis, i pares i mares.<br \/>\nEls membres del consell escolar s\u00f3n elegits per un per\u00edode de quatre anys i es renoven per meitats cada dos anys.<\/p>\n<p style=\"text-align: justify;\"><span style=\"color: #000000;\"><strong data-ss-id=\"rwTH16f81f02e06b6133a5a886fc0f4551f0\">Quina \u00e9s la funci\u00f3 del consell escolar als centres concertats?<\/strong><\/span><\/p>\n<p style=\"text-align: justify;\" data-ss-id=\"rwTH782e851f5e7dc33bdf310cef3962560c\">La funci\u00f3 principal \u00e9s debatre, analitzar, avaluar i prendre decisions sobres els temes proposats pel titular del centre.<\/p>\n<p style=\"text-align: justify;\"><span style=\"color: #000000;\"><strong data-ss-id=\"rwTH81880c73dd47d2dfadb0a2076e929176\">Qu\u00e8 vol dir ser representant dels pares i mares al consell escolar?<\/strong><\/span><\/p>\n<p style=\"text-align: justify;\">Les mares i pares representants al consell opinen, avaluen i elaboren propostes per a la millora del funcionament del centre educatiu.<br \/>\nLa seva participaci\u00f3 en el consell escolar vol dir, tamb\u00e9, fer una tasca de representaci\u00f3. Aix\u00f2 significa que, com a membres del consell, la seva participaci\u00f3 no \u00e9s a t\u00edtol individual sin\u00f3 en representaci\u00f3 de totes les fam\u00edlies, donant veu a les seves peticions, preocupacions i iniciatives.<br \/>\nPer representar de manera efica\u00e7 totes les fam\u00edlies del centre, s\u2019han de recollir les seves propostes i opinions i portar-les al consell escolar. D\u2019altra banda, tamb\u00e9 cal que els representats informin de tots els assumptes que es tracten en el consell escolar.<\/p>\n<p style=\"text-align: justify;\"><span style=\"color: #000000;\"><strong data-ss-id=\"rwTHa062e9575e81b5b0b2c363ab5d83b15b\">Per qu\u00e8 \u00e9s important que les fam\u00edlies participeu en el consell escolar?<\/strong><\/span><\/p>\n<p style=\"text-align: justify;\">Els professionals dels centres i les fam\u00edlies compartim un objectiu: l\u2019\u00e8xit social i personal dels fills. Les decisions que es prenen al consell escolar s\u00f3n claus per al funcionament i la millora del centre i, per tant, tamb\u00e9 per a l\u2019\u00e8xit educatiu de tots els infants. \u00c9s per aquest motiu que la participaci\u00f3 i implicaci\u00f3 de fam\u00edlies en les eleccions al consell escolar \u00e9s tan important.<\/p>\n<div style=\"display: flex; background-color: #0d868a; font-size: 24pt; font-family: verdana; height: 40pt; justify-content: center; margin-top: 4pt; margin-bottom: 4 pt; color: white!important;\">\n<p data-ss-id=\"rwTHe91d63442fcfce9845d6f1483a0103aa\">ACTES CONSELL ESCOLAR<\/p>\n<\/div>\n<table style=\"height: 89px; width: 99.9275%; border-collapse: collapse; border-color: #000000; border-style: solid;\">\n<tbody>\n<tr style=\"height: 32px;\">\n<td style=\"width: 71.4285%; height: 32px; border-color: #000000;\" colspan=\"5\"><strong><span style=\"font-family: verdana, geneva, sans-serif; font-size: 24px;\">CONSELL ESCOLAR 25-26<\/span><\/strong><\/td>\n<\/tr>\n<tr style=\"height: 14px;\">\n<td style=\"width: 14.2857%; height: 14px; border-color: #000000;\"><a href=\"https:\/\/drive.google.com\/file\/d\/1FVBO7apuBol2i3sJaIpecHTTdU9ZcG4m\/view?usp=sharing\" target=\"_blank\" rel=\"noopener\"><strong><span style=\"font-family: verdana, geneva, sans-serif; font-size: 24px;\">ACTA 1<\/span><\/strong><\/a><\/td>\n<td style=\"width: 14.2857%; height: 14px; border-color: #000000;\"><a href=\"https:\/\/drive.google.com\/file\/d\/1cNXEGHCZraYQE835xwlQG34fWnX-C_sQ\/view?usp=sharing\" target=\"_blank\" rel=\"noopener\"><strong><span style=\"font-family: verdana, geneva, sans-serif; font-size: 24px;\">ACTA 2<\/span><\/strong><\/a><\/td>\n<td style=\"width: 14.2857%; height: 14px; border-color: #000000;\"><a href=\"https:\/\/drive.google.com\/file\/d\/1w7Eflewt2HseVCbmL1KNSRpi5R87DDAY\/view?usp=sharing\" target=\"_blank\" rel=\"noopener\"><strong><span style=\"font-family: verdana, geneva, sans-serif; font-size: 24px;\">ACTA 3<\/span><\/strong><\/a><\/td>\n<td style=\"width: 14.2857%; height: 14px; border-color: #000000;\"><strong><span style=\"font-family: verdana, geneva, sans-serif; font-size: 24px;\">ACTA 4<\/span><\/strong><\/td>\n<td style=\"width: 14.2857%; height: 14px; border-color: #000000;\"><strong><span style=\"font-family: verdana, geneva, sans-serif; font-size: 24px;\">ACTA 5<\/span><\/strong><\/td>\n<\/tr>\n<\/tbody>\n<\/table>\n<p>&nbsp;<\/p>\n<table style=\"height: 89px; width: 99.9275%; border-collapse: collapse; border-color: #000000; border-style: solid;\">\n<tbody>\n<tr style=\"height: 32px;\">\n<td style=\"width: 71.4285%; height: 32px; border-color: #000000;\" colspan=\"5\"><strong><span style=\"font-family: verdana, geneva, sans-serif; font-size: 24px;\">CONSELL ESCOLAR 24-25<\/span><\/strong><\/td>\n<\/tr>\n<tr style=\"height: 14px;\">\n<td style=\"width: 14.2857%; height: 14px; border-color: #000000;\"><a href=\"https:\/\/drive.google.com\/file\/d\/1mktPMf0RKGOCO3NkezTgwiHyd_vjONaN\/view?usp=sharing\"><strong><span style=\"font-family: verdana, geneva, sans-serif; font-size: 24px;\">ACTA 1<\/span><\/strong><\/a><\/td>\n<td style=\"width: 14.2857%; height: 14px; border-color: #000000;\"><a href=\"https:\/\/drive.google.com\/file\/d\/13A_a__bYemZedynHf02sPWH-5E8cQSQm\/view?usp=drive_link\"><strong><span style=\"font-family: verdana, geneva, sans-serif; font-size: 24px;\">ACTA 2<\/span><\/strong><\/a><\/td>\n<td style=\"width: 14.2857%; height: 14px; border-color: #000000;\"><a href=\"https:\/\/drive.google.com\/file\/d\/1ZFwVmju-XN37m4NpA-lF94WNO-p86TKl\/view\" target=\"_blank\" rel=\"noopener\"><strong><span style=\"font-family: verdana, geneva, sans-serif; font-size: 24px;\">ACTA 3<\/span><\/strong><\/a><\/td>\n<td style=\"width: 14.2857%; height: 14px; border-color: #000000;\"><strong><span style=\"font-family: verdana, geneva, sans-serif; font-size: 24px;\">ACTA 4<\/span><\/strong><\/td>\n<td style=\"width: 14.2857%; height: 14px; border-color: #000000;\"><strong><span style=\"font-family: verdana, geneva, sans-serif; font-size: 24px;\">ACTA 5<\/span><\/strong><\/td>\n<\/tr>\n<\/tbody>\n<\/table>\n<p>&nbsp;<\/p>\n<table style=\"height: 135px; width: 100.135%; border-collapse: collapse; border-style: solid; border-color: #000000;\">\n<tbody>\n<tr style=\"height: 67px;\">\n<td style=\"width: 71.4285%; height: 67px; border-color: #000000;\" colspan=\"5\"><strong><span style=\"font-family: verdana, geneva, sans-serif; font-size: 24px;\" data-ss-id=\"rwTHbe7d1152a886dae81ab7460f9a4eb374\">CONSELL ESCOLAR 23-24<\/span><\/strong><\/td>\n<\/tr>\n<tr style=\"height: 68px;\">\n<td style=\"width: 14.2857%; border-style: solid; border-color: #000000; height: 68px;\"><span style=\"font-size: 24px;\"><a href=\"https:\/\/docs.google.com\/document\/d\/1Og1JXmlU3Fk13wn6NuRt9EDtaCEs3ARHIvTizeJcCzo\/edit?usp=sharing\" target=\"_blank\" rel=\"noopener\"><strong><span style=\"font-family: verdana, geneva, sans-serif;\" data-ss-id=\"rwTH4b929f1d1973ad735896465e4300b114\">ACTA 1<\/span><\/strong><\/a><\/span><\/td>\n<td style=\"width: 14.2857%; border-style: solid; border-color: #000000; height: 68px;\"><a href=\"https:\/\/docs.google.com\/document\/d\/17E_T6skybEUP7w3bFZ9MP4cGJDoL1E_6KEpZH0tngVg\/\" target=\"_blank\" rel=\"noopener\"><span style=\"font-size: 24px;\"><strong><span style=\"font-family: verdana, geneva, sans-serif;\" data-ss-id=\"rwTH15ae8b47e3169645afe135ed4d72aee8\">ACTA 2<\/span><\/strong><\/span><\/a><\/td>\n<td style=\"width: 14.2857%; border-style: solid; border-color: #000000; height: 68px;\"><a href=\"https:\/\/docs.google.com\/document\/d\/1rMqcgDyq1HpqGZRtAl7PDzjgGZChbPo_iLFza0DYO5I\/edit?usp=sharing\" target=\"_blank\" rel=\"noopener\"><span style=\"font-size: 24px;\"><strong><span style=\"font-family: verdana, geneva, sans-serif;\" data-ss-id=\"rwTH1d6f061a290fbe28ade9c05ea716fc46\">ACTA 3<\/span><\/strong><\/span><\/a><\/td>\n<td style=\"width: 14.2857%; border-style: solid; border-color: #000000; height: 68px;\"><a href=\"https:\/\/docs.google.com\/document\/d\/11tfBQLW_9j7DKRYbHwfhp6ChJnxcTzs538lgADa9A4k\/edit?usp=sharing\" target=\"_blank\" rel=\"noopener\"><span style=\"font-size: 24px;\"><strong><span style=\"font-family: verdana, geneva, sans-serif;\" data-ss-id=\"rwTH3ec75216028d459dd47f1bbc5728ef32\">ACTA 4<\/span><\/strong><\/span><\/a><\/td>\n<td style=\"width: 14.2857%; border-style: solid; border-color: #000000; height: 68px;\"><span style=\"font-size: 24px;\"><strong><span style=\"font-family: verdana, geneva, sans-serif;\" data-ss-id=\"rwTHaaf829beb65580a07309337429bf715a\">ACTA 5<\/span><\/strong><\/span><\/td>\n<\/tr>\n<\/tbody>\n<\/table>\n<p>&nbsp;<\/p>\n<table style=\"height: 90px; width: 100.158%; border-collapse: collapse; border-style: solid; border-color: #000000;\">\n<tbody>\n<tr>\n<td style=\"width: 71.4285%; border-style: solid; border-color: #000000;\" colspan=\"5\"><strong><span style=\"font-family: verdana, geneva, sans-serif; font-size: 24px;\" data-ss-id=\"rwTHc64c5995a34edf3df888c6eccc646a87\">CONSELL ESCOLAR 22-23<\/span><\/strong><\/td>\n<\/tr>\n<tr>\n<td style=\"width: 14.2857%; border-style: solid; border-color: #000000;\"><strong><span style=\"font-size: 24px;\"><a href=\"https:\/\/docs.google.com\/document\/d\/12E3nZ4dTK4m7Jd9J-exGREV5KzYKQYEkj1TytdzmToA\/edit?usp=sharing\" target=\"_blank\" rel=\"noopener\"><span style=\"font-family: verdana, geneva, sans-serif;\" data-ss-id=\"rwTH4b929f1d1973ad735896465e4300b1141\">ACTA 1<\/span><\/a><\/span><\/strong><\/td>\n<td style=\"width: 14.2857%; border-style: solid; border-color: #000000;\"><strong><a href=\"https:\/\/docs.google.com\/document\/d\/1UGIB_KBN8hh6Ct763UTok5JO3V75uO-xwa0-YFhC9IU\/edit?usp=sharing\" target=\"_blank\" rel=\"noopener\"><span style=\"font-family: verdana, geneva, sans-serif; font-size: 24px;\" data-ss-id=\"rwTH15ae8b47e3169645afe135ed4d72aee81\">ACTA 2<\/span><\/a><\/strong><\/td>\n<td style=\"width: 14.2857%; border-style: solid; border-color: #000000;\"><strong><a href=\"https:\/\/docs.google.com\/document\/d\/1bgQQpMYE6AQ6LMPZLMIap8Jh9WG9h18z97iSCPbevWQ\/edit?usp=sharing\"><span style=\"font-family: verdana, geneva, sans-serif; font-size: 24px;\" data-ss-id=\"rwTH1d6f061a290fbe28ade9c05ea716fc461\">ACTA 3<\/span><\/a><\/strong><\/td>\n<td style=\"width: 14.2857%; border-style: solid; border-color: #000000;\"><strong><a href=\"https:\/\/docs.google.com\/document\/d\/1HUX9nUWpxlIL_TUlikV3itRysaAynmZgbIPcWAvrq2Q\/edit?usp=sharing\" target=\"_blank\" rel=\"noopener\"><span style=\"font-family: verdana, geneva, sans-serif; font-size: 24px;\" data-ss-id=\"rwTH3ec75216028d459dd47f1bbc5728ef321\">ACTA 4<\/span><\/a><\/strong><\/td>\n<td style=\"width: 14.2857%; border-style: solid; border-color: #000000;\"><strong><span style=\"font-family: verdana, geneva, sans-serif; font-size: 24px;\" data-ss-id=\"rwTHaaf829beb65580a07309337429bf715a1\">ACTA 5<\/span><\/strong><\/td>\n<\/tr>\n<\/tbody>\n<\/table>\n<div><\/div>\n<div><\/div>\n<div style=\"display: flex; background-color: #0d868a; font-size: 24pt; font-family: verdana; height: 40pt; justify-content: center; margin-top: 4pt; margin-bottom: 4 pt; color: white!important;\">\n<p data-ss-id=\"rwTH7d59ae23ce6906a8a6ea31be0c837910\">COMISSIONS<\/p>\n<\/div>\n<p>&nbsp;<\/p>\n<table style=\"height: 215px; width: 100.135%; border-collapse: collapse; border-style: solid; border-color: #000000;\">\n<tbody>\n<tr style=\"height: 32px;\">\n<td style=\"width: 100%; height: 32px; border-style: solid; text-align: center; border-color: #000000;\" colspan=\"2\"><span style=\"font-size: 24px;\"><strong><span style=\"font-family: verdana, geneva, sans-serif;\" data-ss-id=\"rwTH66df60d234cb9631db75e8e614cebf0c\">COMISSIONS CONSELL ESCOLAR<\/span><\/strong><\/span><\/td>\n<\/tr>\n<tr style=\"height: 32px;\">\n<td style=\"width: 19.5535%; height: 32px; border-style: solid; background-color: #20e3c9; border-color: #000000;\"><span style=\"color: #ffffff;\"><strong><span style=\"font-family: verdana, geneva, sans-serif;\" data-ss-id=\"rwTHbec7e224ee548a04b4a7b92f72f22edf\">C.BIBLIOTECA<\/span><\/strong><\/span><\/td>\n<td style=\"width: 80.4465%; height: 32px; border-style: solid; border-color: #000000;\"><span style=\"font-weight: 400;\">Conchi Calvo, Cristina G\u00f3mez, Jessica Labordeta, Marta Lloret, Yolanda P\u00e9rez.<\/span><\/td>\n<\/tr>\n<tr style=\"height: 32px;\">\n<td style=\"width: 19.5535%; height: 32px; border-style: solid; background-color: #107d6e; border-color: #000000;\"><span style=\"color: #ffffff;\"><strong><span style=\"font-family: verdana, geneva, sans-serif;\" data-ss-id=\"rwTHb26bb0dd54c6f982e0a958044784f227\">C.ECON\u00d2MICA<\/span><\/strong><\/span><\/td>\n<td style=\"width: 80.4465%; height: 32px; border-style: solid; border-color: #000000;\"><span style=\"font-weight: 400;\">Conchi Calvo, Ana Mart\u00ednez, Andrea Tuset, N\u00faria Torres, Laura Morales, Nekane Hueltes.<\/span><\/td>\n<\/tr>\n<tr style=\"height: 32px;\">\n<td style=\"width: 19.5535%; height: 32px; border-style: solid; border-color: #000000; background-color: #20e3c9;\"><span style=\"color: #ffffff;\"><strong><span style=\"font-family: verdana, geneva, sans-serif;\" data-ss-id=\"rwTH103babcf3250c6c2d14995e5421b6fe4\">C.MENJADOR<\/span><\/strong><\/span><\/td>\n<td style=\"width: 80.4465%; height: 32px; border-style: solid; border-color: #000000;\"><span style=\"font-weight: 400;\">Conchi Calvo, Mar\u00eda Martin, Gl\u00f2ria Mejias, Javi Cabezas, Ana Mart\u00ednez.<\/span><\/td>\n<\/tr>\n<tr style=\"height: 32px;\">\n<td style=\"width: 19.5535%; height: 32px; border-style: solid; border-color: #000000; background-color: #107d6e;\"><span style=\"color: #ffffff;\"><strong><span style=\"font-family: verdana, geneva, sans-serif;\" data-ss-id=\"rwTH95e915273639ec87bce1ee81efaaf01c\">C.CONVIV\u00c8NCIA<\/span><\/strong><\/span><\/td>\n<td style=\"width: 80.4465%; height: 32px; border-style: solid; border-color: #000000;\"><span style=\"font-family: helvetica, arial, sans-serif;\" data-ss-id=\"rwTH40892bda213facee781697be20f15662\">Conchi Calvo, Marta Lloret<span style=\"font-weight: 400;\">, J\u00falia Pereira, Maria Mart\u00edn.<\/span><\/span><\/td>\n<\/tr>\n<tr style=\"height: 32px;\">\n<td style=\"width: 19.5535%; height: 32px; border-style: solid; border-color: #000000; background-color: #20e3c9;\"><span style=\"color: #ffffff;\"><strong><span style=\"font-family: verdana, geneva, sans-serif;\" data-ss-id=\"rwTHb3b15fd695d117caee0d0a524391255f\">C.PERMANENT<\/span><\/strong><\/span><\/td>\n<td style=\"width: 80.4465%; height: 32px; border-style: solid; border-color: #000000;\"><span style=\"font-weight: 400;\">Conchi Calvo, Melani Domingo, Gemma Casals, Tere Boix, Mar\u00eda Martin.<\/span><\/td>\n<\/tr>\n<\/tbody>\n<\/table>\n","protected":false},"excerpt":{"rendered":"<p>Qu\u00e8 \u00e9s el consell escolar? El consell escolar del centre \u00e9s l\u2019\u00f2rgan col\u00b7legiat de participaci\u00f3 de la comunitat escolar en el govern del centre. En el consell escolar hi ha representats tots els col\u00b7lectius que intervenen en la comunitat educativa: instituci\u00f3, directius, professorat, personal d\u2019administraci\u00f3 i serveis, i pares i mares. Els membres del consell [&hellip;]<\/p>\n","protected":false},"author":1,"featured_media":0,"parent":22,"menu_order":40,"comment_status":"closed","ping_status":"closed","template":"","meta":{"_bbp_topic_count":0,"_bbp_reply_count":0,"_bbp_total_topic_count":0,"_bbp_total_reply_count":0,"_bbp_voice_count":0,"_bbp_anonymous_reply_count":0,"_bbp_topic_count_hidden":0,"_bbp_reply_count_hidden":0,"_bbp_forum_subforum_count":0,"site-sidebar-layout":"default","site-content-layout":"","ast-site-content-layout":"default","site-content-style":"default","site-sidebar-style":"default","ast-global-header-display":"","ast-banner-title-visibility":"","ast-main-header-display":"","ast-hfb-above-header-display":"","ast-hfb-below-header-display":"","ast-hfb-mobile-header-display":"","site-post-title":"","ast-breadcrumbs-content":"","ast-featured-img":"","footer-sml-layout":"","theme-transparent-header-meta":"default","adv-header-id-meta":"","stick-header-meta":"","header-above-stick-meta":"","header-main-stick-meta":"","header-below-stick-meta":"","astra-migrate-meta-layouts":"set","ast-page-background-enabled":"default","ast-page-background-meta":{"desktop":{"background-color":"var(--ast-global-color-4)","background-image":"","background-repeat":"repeat","background-position":"center center","background-size":"auto","background-attachment":"scroll","background-type":"","background-media":"","overlay-type":"","overlay-color":"","overlay-opacity":"","overlay-gradient":""},"tablet":{"background-color":"","background-image":"","background-repeat":"repeat","background-position":"center center","background-size":"auto","background-attachment":"scroll","background-type":"","background-media":"","overlay-type":"","overlay-color":"","overlay-opacity":"","overlay-gradient":""},"mobile":{"background-color":"","background-image":"","background-repeat":"repeat","background-position":"center center","background-size":"auto","background-attachment":"scroll","background-type":"","background-media":"","overlay-type":"","overlay-color":"","overlay-opacity":"","overlay-gradient":""}},"ast-content-background-meta":{"desktop":{"background-color":"var(--ast-global-color-5)","background-image":"","background-repeat":"repeat","background-position":"center center","background-size":"auto","background-attachment":"scroll","background-type":"","background-media":"","overlay-type":"","overlay-color":"","overlay-opacity":"","overlay-gradient":""},"tablet":{"background-color":"var(--ast-global-color-5)","background-image":"","background-repeat":"repeat","background-position":"center center","background-size":"auto","background-attachment":"scroll","background-type":"","background-media":"","overlay-type":"","overlay-color":"","overlay-opacity":"","overlay-gradient":""},"mobile":{"background-color":"var(--ast-global-color-5)","background-image":"","background-repeat":"repeat","background-position":"center center","background-size":"auto","background-attachment":"scroll","background-type":"","background-media":"","overlay-type":"","overlay-color":"","overlay-opacity":"","overlay-gradient":""}},"footnotes":""},"class_list":["post-28","page","type-page","status-publish","hentry"],"post_mailing_queue_ids":[],"_links":{"self":[{"href":"https:\/\/agora.xtec.cat\/escolalapalmera\/wp-json\/wp\/v2\/pages\/28","targetHints":{"allow":["GET"]}}],"collection":[{"href":"https:\/\/agora.xtec.cat\/escolalapalmera\/wp-json\/wp\/v2\/pages"}],"about":[{"href":"https:\/\/agora.xtec.cat\/escolalapalmera\/wp-json\/wp\/v2\/types\/page"}],"author":[{"embeddable":true,"href":"https:\/\/agora.xtec.cat\/escolalapalmera\/wp-json\/wp\/v2\/users\/1"}],"replies":[{"embeddable":true,"href":"https:\/\/agora.xtec.cat\/escolalapalmera\/wp-json\/wp\/v2\/comments?post=28"}],"version-history":[{"count":7,"href":"https:\/\/agora.xtec.cat\/escolalapalmera\/wp-json\/wp\/v2\/pages\/28\/revisions"}],"predecessor-version":[{"id":3870,"href":"https:\/\/agora.xtec.cat\/escolalapalmera\/wp-json\/wp\/v2\/pages\/28\/revisions\/3870"}],"up":[{"embeddable":true,"href":"https:\/\/agora.xtec.cat\/escolalapalmera\/wp-json\/wp\/v2\/pages\/22"}],"wp:attachment":[{"href":"https:\/\/agora.xtec.cat\/escolalapalmera\/wp-json\/wp\/v2\/media?parent=28"}],"curies":[{"name":"wp","href":"https:\/\/api.w.org\/{rel}","templated":true}]}}