{"id":26,"date":"2014-09-18T12:24:32","date_gmt":"2014-09-18T11:24:32","guid":{"rendered":"http:\/\/agora.xtec.cat\/escolalapalmera\/?page_id=26"},"modified":"2023-01-31T14:47:14","modified_gmt":"2023-01-31T13:47:14","slug":"historia","status":"publish","type":"page","link":"https:\/\/agora.xtec.cat\/escolalapalmera\/lescola\/historia\/","title":{"rendered":"Hist\u00f2ria"},"content":{"rendered":"<p>L&#8217;escola La Palmera est\u00e0 situada entre els carrers de Puigcerd\u00e0, Maresme, Guip\u00fascoa i Concili de Trento, en el districte de Sant Mart\u00ed de Proven\u00e7als.<a href=\"https:\/\/agora.xtec.cat\/escolalapalmera\/wp-content\/uploads\/usu1503\/2021\/12\/La-Palmera.jpg\"><img loading=\"lazy\" decoding=\"async\" class=\"alignright wp-image-488 size-medium\" src=\"https:\/\/agora.xtec.cat\/escolalapalmera\/wp-content\/uploads\/usu1503\/2021\/12\/La-Palmera-300x234.jpg\" alt=\"\" width=\"300\" height=\"234\" srcset=\"https:\/\/agora.xtec.cat\/escolalapalmera\/wp-content\/uploads\/usu1503\/2021\/12\/La-Palmera-300x234.jpg 300w, https:\/\/agora.xtec.cat\/escolalapalmera\/wp-content\/uploads\/usu1503\/2021\/12\/La-Palmera.jpg 700w\" sizes=\"auto, (max-width: 300px) 100vw, 300px\" \/><\/a><\/p>\n<p>Segons hem recollit de la gent gran del barri, els terrenys que avui en dia ocupa el pati d&#8217;infantil de l&#8217;escola havien estat antigament camps de conreu, presumiblemente de la masia de &#8220;Can Canals&#8221;, mentre que la resta de l&#8217;escola formava part dels terrenys d&#8217;una f\u00e0brica anomenada &#8220;Can Mas&#8221;, que tenia com a activitat la fabricaci\u00f3 de peces de cotxes.<\/p>\n<p>&nbsp;<\/p>\n<p>&nbsp;<\/p>\n<p>La nostra escola pren el nom de &#8220;La Palmera&#8221;, igual al de la pla\u00e7a situada al davant, degut a l&#8217;exist\u00e8ncia d&#8217;una palmera antiga que pertanyia al pati d&#8217;una masia, &#8220;Can Matras&#8221; que primer fou casa de conreu, i que el seu darrer pag\u00e8s en Carles Matras, i posteriorment en Ren\u00e9 Matras van transformar en una f\u00e0brica d&#8217;estampaci\u00f3 t\u00e8xtil.<\/p>\n<p>&nbsp;<\/p>\n<p><a href=\"https:\/\/agora.xtec.cat\/escolalapalmera\/wp-content\/uploads\/usu1503\/2021\/12\/Palmera1.jpg\"><img loading=\"lazy\" decoding=\"async\" class=\"wp-image-557 size-medium aligncenter\" src=\"https:\/\/agora.xtec.cat\/escolalapalmera\/wp-content\/uploads\/usu1503\/2021\/12\/Palmera1-300x212.jpg\" alt=\"\" width=\"300\" height=\"212\" srcset=\"https:\/\/agora.xtec.cat\/escolalapalmera\/wp-content\/uploads\/usu1503\/2021\/12\/Palmera1-300x212.jpg 300w, https:\/\/agora.xtec.cat\/escolalapalmera\/wp-content\/uploads\/usu1503\/2021\/12\/Palmera1-1024x724.jpg 1024w, https:\/\/agora.xtec.cat\/escolalapalmera\/wp-content\/uploads\/usu1503\/2021\/12\/Palmera1-768x543.jpg 768w, https:\/\/agora.xtec.cat\/escolalapalmera\/wp-content\/uploads\/usu1503\/2021\/12\/Palmera1.jpg 1492w\" sizes=\"auto, (max-width: 300px) 100vw, 300px\" \/><\/a><\/p>\n<p>&nbsp;<\/p>\n<p>Aquest arbre t\u00edpic en moltes de les masies barcelonines de l&#8217;\u00e8poca, es converteix en un s\u00edmbol reivindicatiu dels nous ve\u00efns del barri que demanen equipaments per aquest, agrupant-se en l&#8217;Associaci\u00f3 de Ve\u00efns de La Palmera.<a href=\"https:\/\/agora.xtec.cat\/escolalapalmera\/wp-content\/uploads\/usu1503\/2021\/12\/Palmera2.jpg\"><img loading=\"lazy\" decoding=\"async\" class=\"alignright wp-image-558 size-medium\" src=\"https:\/\/agora.xtec.cat\/escolalapalmera\/wp-content\/uploads\/usu1503\/2021\/12\/Palmera2-300x209.jpg\" alt=\"\" width=\"300\" height=\"209\" srcset=\"https:\/\/agora.xtec.cat\/escolalapalmera\/wp-content\/uploads\/usu1503\/2021\/12\/Palmera2-300x209.jpg 300w, https:\/\/agora.xtec.cat\/escolalapalmera\/wp-content\/uploads\/usu1503\/2021\/12\/Palmera2-1024x713.jpg 1024w, https:\/\/agora.xtec.cat\/escolalapalmera\/wp-content\/uploads\/usu1503\/2021\/12\/Palmera2-768x535.jpg 768w, https:\/\/agora.xtec.cat\/escolalapalmera\/wp-content\/uploads\/usu1503\/2021\/12\/Palmera2.jpg 1498w\" sizes=\"auto, (max-width: 300px) 100vw, 300px\" \/><\/a><\/p>\n<p>Aquesta associaci\u00f3 reivindica el solar on es troba l&#8217;arbre, com a zona verda, i aconsegeix la construcci\u00f3 de l&#8217;actual Pla\u00e7a de La Palmera, posteriorment lluita per aconseguir una escola p\u00fablica que doni acollida als nens i les nenes d&#8217;aquest nou barri que est\u00e0 naixent, aconseguint que l&#8217;any 1981 es facin uns m\u00f2duls que avui en dia corresponen a l&#8217;espai ocupat per la llar d&#8217;infants Margall\u00f3 i que orignariament havien estat les aules d&#8217;infantil de l&#8217;escola.<\/p>\n<p>&nbsp;<\/p>\n<p>La primera directora de l&#8217;escola va ser la Julia Omedes, i el primer president de l&#8217;AFA Pedro Cabez\u00f3n.<\/p>\n<p><a href=\"https:\/\/agora.xtec.cat\/escolalapalmera\/wp-content\/uploads\/usu1503\/2021\/12\/Palmera3.jpg\"><img loading=\"lazy\" decoding=\"async\" class=\"aligncenter wp-image-559 size-medium\" src=\"https:\/\/agora.xtec.cat\/escolalapalmera\/wp-content\/uploads\/usu1503\/2021\/12\/Palmera3-300x209.jpg\" alt=\"\" width=\"300\" height=\"209\" srcset=\"https:\/\/agora.xtec.cat\/escolalapalmera\/wp-content\/uploads\/usu1503\/2021\/12\/Palmera3-300x209.jpg 300w, https:\/\/agora.xtec.cat\/escolalapalmera\/wp-content\/uploads\/usu1503\/2021\/12\/Palmera3-1024x713.jpg 1024w, https:\/\/agora.xtec.cat\/escolalapalmera\/wp-content\/uploads\/usu1503\/2021\/12\/Palmera3-768x535.jpg 768w, https:\/\/agora.xtec.cat\/escolalapalmera\/wp-content\/uploads\/usu1503\/2021\/12\/Palmera3.jpg 1498w\" sizes=\"auto, (max-width: 300px) 100vw, 300px\" \/><\/a><\/p>\n<p>&nbsp;<\/p>\n<p>L&#8217;any 1986 conclou la construcci\u00f3 de l&#8217;actual escola, tot i que va patir una reforma i reorganitzaci\u00f3 l&#8217;any ________.<\/p>\n<p>&nbsp;<\/p>\n<p style=\"text-align: right;\"><strong><em>Text extret del llibret editat per celebrar els primers 15 anys de l&#8217;escola al 1997 i elaborat per dues antigues mestres de l&#8217;escola, l&#8217;Esther i la Marta.<\/em><\/strong><\/p>\n","protected":false},"excerpt":{"rendered":"<p>L&#8217;escola La Palmera est\u00e0 situada entre els carrers de Puigcerd\u00e0, Maresme, Guip\u00fascoa i Concili de Trento, en el districte de Sant Mart\u00ed de Proven\u00e7als. Segons hem recollit de la gent gran del barri, els terrenys que avui en dia ocupa el pati d&#8217;infantil de l&#8217;escola havien estat antigament camps de conreu, presumiblemente de la masia [&hellip;]<\/p>\n","protected":false},"author":1,"featured_media":0,"parent":22,"menu_order":40,"comment_status":"closed","ping_status":"closed","template":"page-templates\/side-menu.php","meta":{"_bbp_topic_count":0,"_bbp_reply_count":0,"_bbp_total_topic_count":0,"_bbp_total_reply_count":0,"_bbp_voice_count":0,"_bbp_anonymous_reply_count":0,"_bbp_topic_count_hidden":0,"_bbp_reply_count_hidden":0,"_bbp_forum_subforum_count":0,"site-sidebar-layout":"default","site-content-layout":"","ast-site-content-layout":"","site-content-style":"default","site-sidebar-style":"default","ast-global-header-display":"","ast-banner-title-visibility":"","ast-main-header-display":"","ast-hfb-above-header-display":"","ast-hfb-below-header-display":"","ast-hfb-mobile-header-display":"","site-post-title":"","ast-breadcrumbs-content":"","ast-featured-img":"","footer-sml-layout":"","theme-transparent-header-meta":"","adv-header-id-meta":"","stick-header-meta":"","header-above-stick-meta":"","header-main-stick-meta":"","header-below-stick-meta":"","astra-migrate-meta-layouts":"default","ast-page-background-enabled":"default","ast-page-background-meta":{"desktop":{"background-color":"var(--ast-global-color-4)","background-image":"","background-repeat":"repeat","background-position":"center center","background-size":"auto","background-attachment":"scroll","background-type":"","background-media":"","overlay-type":"","overlay-color":"","overlay-opacity":"","overlay-gradient":""},"tablet":{"background-color":"","background-image":"","background-repeat":"repeat","background-position":"center center","background-size":"auto","background-attachment":"scroll","background-type":"","background-media":"","overlay-type":"","overlay-color":"","overlay-opacity":"","overlay-gradient":""},"mobile":{"background-color":"","background-image":"","background-repeat":"repeat","background-position":"center center","background-size":"auto","background-attachment":"scroll","background-type":"","background-media":"","overlay-type":"","overlay-color":"","overlay-opacity":"","overlay-gradient":""}},"ast-content-background-meta":{"desktop":{"background-color":"var(--ast-global-color-5)","background-image":"","background-repeat":"repeat","background-position":"center center","background-size":"auto","background-attachment":"scroll","background-type":"","background-media":"","overlay-type":"","overlay-color":"","overlay-opacity":"","overlay-gradient":""},"tablet":{"background-color":"var(--ast-global-color-5)","background-image":"","background-repeat":"repeat","background-position":"center center","background-size":"auto","background-attachment":"scroll","background-type":"","background-media":"","overlay-type":"","overlay-color":"","overlay-opacity":"","overlay-gradient":""},"mobile":{"background-color":"var(--ast-global-color-5)","background-image":"","background-repeat":"repeat","background-position":"center center","background-size":"auto","background-attachment":"scroll","background-type":"","background-media":"","overlay-type":"","overlay-color":"","overlay-opacity":"","overlay-gradient":""}},"footnotes":""},"class_list":["post-26","page","type-page","status-publish","hentry"],"post_mailing_queue_ids":[],"_links":{"self":[{"href":"https:\/\/agora.xtec.cat\/escolalapalmera\/wp-json\/wp\/v2\/pages\/26","targetHints":{"allow":["GET"]}}],"collection":[{"href":"https:\/\/agora.xtec.cat\/escolalapalmera\/wp-json\/wp\/v2\/pages"}],"about":[{"href":"https:\/\/agora.xtec.cat\/escolalapalmera\/wp-json\/wp\/v2\/types\/page"}],"author":[{"embeddable":true,"href":"https:\/\/agora.xtec.cat\/escolalapalmera\/wp-json\/wp\/v2\/users\/1"}],"replies":[{"embeddable":true,"href":"https:\/\/agora.xtec.cat\/escolalapalmera\/wp-json\/wp\/v2\/comments?post=26"}],"version-history":[{"count":4,"href":"https:\/\/agora.xtec.cat\/escolalapalmera\/wp-json\/wp\/v2\/pages\/26\/revisions"}],"predecessor-version":[{"id":2172,"href":"https:\/\/agora.xtec.cat\/escolalapalmera\/wp-json\/wp\/v2\/pages\/26\/revisions\/2172"}],"up":[{"embeddable":true,"href":"https:\/\/agora.xtec.cat\/escolalapalmera\/wp-json\/wp\/v2\/pages\/22"}],"wp:attachment":[{"href":"https:\/\/agora.xtec.cat\/escolalapalmera\/wp-json\/wp\/v2\/media?parent=26"}],"curies":[{"name":"wp","href":"https:\/\/api.w.org\/{rel}","templated":true}]}}