{"id":1819,"date":"2022-09-09T16:05:12","date_gmt":"2022-09-09T14:05:12","guid":{"rendered":"https:\/\/agora.xtec.cat\/escolalapalmera\/?page_id=1819"},"modified":"2024-05-13T11:46:19","modified_gmt":"2024-05-13T09:46:19","slug":"informacions","status":"publish","type":"page","link":"https:\/\/agora.xtec.cat\/escolalapalmera\/informacions\/","title":{"rendered":"Beques i ajuts"},"content":{"rendered":"<p><span style=\"color: #00ccff;\"><strong><span style=\"font-size: 20px;\">INFORMACIONS<\/span><\/strong><\/span><\/p>\n<p>A continuaci\u00f3 us mostrem un resum del conjunt de beques i ajuts que estan a la vostra disposici\u00f3 amb enlla\u00e7os on podreu trobar m\u00e9s informaci\u00f3 sobre els tramits per presentar les diferents sol\u00b7licituds. Intentarem mantenir actualitzades les dades referents als terminis.<\/p>\n<ul>\n<li><strong><span style=\"color: #00ccff;\">AJUTS MENJADOR CONSORCI D\u2019EDUCACI\u00d3 BARCELONA\u00a0<\/span><\/strong><br \/>\n<strong>(informaci\u00f3 i tramitaci\u00f3: informa\u2019t a la teva escola)<\/strong><br \/>\n<a href=\"https:\/\/www.edubcn.cat\/ca\/alumnat_i_familia\/ajuts_beques_i_subvencions\/ajuts_de_menjador_escolar\" data-saferedirecturl=\"https:\/\/www.google.com\/url?q=https:\/\/www.edubcn.cat\/ca\/alumnat_i_familia\/ajuts_beques_i_subvencions\/ajuts_de_menjador_escolar&amp;source=gmail&amp;ust=1662638135353000&amp;usg=AOvVaw0RSrYBiCVU9Ghv9Bj8YTMG\">https:\/\/www.edubcn.cat\/ca\/alumnat_i_familia\/ajuts_beques_i_subvencions\/ajuts_de_menjador_escolar<\/a><\/li>\n<li><span style=\"color: #00ccff;\"><strong>BECAS MINISTERIO DE EDUCACI\u00d3N Y FORMACI\u00d3N PROFESIONAL (MEFP-NEE)<\/strong><\/span><br \/>\n<strong>(informaci\u00f3 i tramitaci\u00f3: informa\u2019t a la teva escola)\u00a0<\/strong><br \/>\nper alumnes amb discapacitat i necessitats educatives especials, ajuts directes per reeducacions, material i subsidis de menjador<br \/>\n<a href=\"https:\/\/www.becaseducacion.gob.es\/becas-y-ayudas.html\" target=\"_blank\" rel=\"noopener\">https:\/\/www.becaseducacion.gob.es\/becas-y-ayudas.html<\/a><br \/>\n<a href=\"https:\/\/educacio.gencat.cat\/ca\/tramits\/tramits-temes\/358-ajuts-ministerio-NEE\" target=\"_blank\" rel=\"noopener\" data-saferedirecturl=\"https:\/\/www.google.com\/url?q=https:\/\/educacio.gencat.cat\/ca\/tramits\/tramits-temes\/358-ajuts-ministerio-NEE&amp;source=gmail&amp;ust=1662638135353000&amp;usg=AOvVaw0KnvM4SivKJZvz6KDQMgoQ\">https:\/\/educacio.gencat.cat\/ca\/tramits\/tramits-temes\/358-ajuts-ministerio-NEE<\/a><\/li>\n<\/ul>\n<ul>\n<li><span style=\"color: #00ccff;\"><strong>SUBVENCI\u00d3 PLA ESPORT ESCOLAR BARCELONA<\/strong>\u00a0<\/span><a href=\"https:\/\/www.plaesportescolarbcn.cat\/\">https:\/\/www.plaesportescolarbcn.cat<\/a><br \/>\n<strong>(subvenci\u00f3 per extraescolars esportives d\u2019infants i adolescents, tramita l\u2019ajuntament de Barcelona)<\/strong><br \/>\n<a href=\"https:\/\/www.plaesportescolarbcn.cat\/ca\/subvencions_302069\" data-saferedirecturl=\"https:\/\/www.google.com\/url?q=https:\/\/www.plaesportescolarbcn.cat\/ca\/subvencions_302069&amp;source=gmail&amp;ust=1662638135353000&amp;usg=AOvVaw10QPF5ks-2SbXlBFsgRcQo\">https:\/\/www.cat\/ca\/subvencions_302069<\/a><strong><br \/>\n<\/strong><\/li>\n<\/ul>\n<ul>\n<li><span style=\"color: #00ccff;\"><strong>PROGRAMA \u2018TEMPS PER TU\u2019<\/strong><\/span><br \/>\n(servei per fomentar el lleure de qualitat dels infants, adolescents, joves i persones adultes amb discapacitat i per promoure la conciliaci\u00f3 de la vida laboral i personal de les fam\u00edlies).<br \/>\n<a href=\"https:\/\/ajuntament.barcelona.cat\/accessible\/ca\/tematiques\/temps-per-tu\" data-saferedirecturl=\"https:\/\/www.google.com\/url?q=https:\/\/ajuntament.barcelona.cat\/accessible\/ca\/tematiques\/temps-per-tu&amp;source=gmail&amp;ust=1662641628959000&amp;usg=AOvVaw0E5VVEEzV5QM2Nx1L_Eg19\">https:\/\/ajuntament.barcelona.cat\/accessible\/ca\/tematiques\/temps-per-tu<\/a><\/li>\n<\/ul>\n<div class=\"addtoany_share_save_container addtoany_content addtoany_content_bottom\">\n<div class=\"a2a_kit a2a_kit_size_25 addtoany_list\" data-a2a-url=\"https:\/\/serveiseducatius.xtec.cat\/santmarti\/portada\/beques-i-ajuts-informacions\/\" data-a2a-title=\"INFORMACIONS\"><\/div>\n<\/div>\n","protected":false},"excerpt":{"rendered":"<p>INFORMACIONS A continuaci\u00f3 us mostrem un resum del conjunt de beques i ajuts que estan a la vostra disposici\u00f3 amb enlla\u00e7os on podreu trobar m\u00e9s informaci\u00f3 sobre els tramits per presentar les diferents sol\u00b7licituds. Intentarem mantenir actualitzades les dades referents als terminis. AJUTS MENJADOR CONSORCI D\u2019EDUCACI\u00d3 BARCELONA\u00a0 (informaci\u00f3 i tramitaci\u00f3: informa\u2019t a la teva escola) [&hellip;]<\/p>\n","protected":false},"author":1,"featured_media":0,"parent":0,"menu_order":0,"comment_status":"closed","ping_status":"closed","template":"","meta":{"_bbp_topic_count":0,"_bbp_reply_count":0,"_bbp_total_topic_count":0,"_bbp_total_reply_count":0,"_bbp_voice_count":0,"_bbp_anonymous_reply_count":0,"_bbp_topic_count_hidden":0,"_bbp_reply_count_hidden":0,"_bbp_forum_subforum_count":0,"site-sidebar-layout":"default","site-content-layout":"","ast-site-content-layout":"","site-content-style":"default","site-sidebar-style":"default","ast-global-header-display":"","ast-banner-title-visibility":"","ast-main-header-display":"","ast-hfb-above-header-display":"","ast-hfb-below-header-display":"","ast-hfb-mobile-header-display":"","site-post-title":"","ast-breadcrumbs-content":"","ast-featured-img":"","footer-sml-layout":"","theme-transparent-header-meta":"","adv-header-id-meta":"","stick-header-meta":"","header-above-stick-meta":"","header-main-stick-meta":"","header-below-stick-meta":"","astra-migrate-meta-layouts":"default","ast-page-background-enabled":"default","ast-page-background-meta":{"desktop":{"background-color":"var(--ast-global-color-4)","background-image":"","background-repeat":"repeat","background-position":"center center","background-size":"auto","background-attachment":"scroll","background-type":"","background-media":"","overlay-type":"","overlay-color":"","overlay-opacity":"","overlay-gradient":""},"tablet":{"background-color":"","background-image":"","background-repeat":"repeat","background-position":"center center","background-size":"auto","background-attachment":"scroll","background-type":"","background-media":"","overlay-type":"","overlay-color":"","overlay-opacity":"","overlay-gradient":""},"mobile":{"background-color":"","background-image":"","background-repeat":"repeat","background-position":"center center","background-size":"auto","background-attachment":"scroll","background-type":"","background-media":"","overlay-type":"","overlay-color":"","overlay-opacity":"","overlay-gradient":""}},"ast-content-background-meta":{"desktop":{"background-color":"var(--ast-global-color-5)","background-image":"","background-repeat":"repeat","background-position":"center center","background-size":"auto","background-attachment":"scroll","background-type":"","background-media":"","overlay-type":"","overlay-color":"","overlay-opacity":"","overlay-gradient":""},"tablet":{"background-color":"var(--ast-global-color-5)","background-image":"","background-repeat":"repeat","background-position":"center center","background-size":"auto","background-attachment":"scroll","background-type":"","background-media":"","overlay-type":"","overlay-color":"","overlay-opacity":"","overlay-gradient":""},"mobile":{"background-color":"var(--ast-global-color-5)","background-image":"","background-repeat":"repeat","background-position":"center center","background-size":"auto","background-attachment":"scroll","background-type":"","background-media":"","overlay-type":"","overlay-color":"","overlay-opacity":"","overlay-gradient":""}},"footnotes":""},"class_list":["post-1819","page","type-page","status-publish","hentry"],"post_mailing_queue_ids":[],"_links":{"self":[{"href":"https:\/\/agora.xtec.cat\/escolalapalmera\/wp-json\/wp\/v2\/pages\/1819","targetHints":{"allow":["GET"]}}],"collection":[{"href":"https:\/\/agora.xtec.cat\/escolalapalmera\/wp-json\/wp\/v2\/pages"}],"about":[{"href":"https:\/\/agora.xtec.cat\/escolalapalmera\/wp-json\/wp\/v2\/types\/page"}],"author":[{"embeddable":true,"href":"https:\/\/agora.xtec.cat\/escolalapalmera\/wp-json\/wp\/v2\/users\/1"}],"replies":[{"embeddable":true,"href":"https:\/\/agora.xtec.cat\/escolalapalmera\/wp-json\/wp\/v2\/comments?post=1819"}],"version-history":[{"count":7,"href":"https:\/\/agora.xtec.cat\/escolalapalmera\/wp-json\/wp\/v2\/pages\/1819\/revisions"}],"predecessor-version":[{"id":2987,"href":"https:\/\/agora.xtec.cat\/escolalapalmera\/wp-json\/wp\/v2\/pages\/1819\/revisions\/2987"}],"wp:attachment":[{"href":"https:\/\/agora.xtec.cat\/escolalapalmera\/wp-json\/wp\/v2\/media?parent=1819"}],"curies":[{"name":"wp","href":"https:\/\/api.w.org\/{rel}","templated":true}]}}