{"id":1485,"date":"2022-05-20T14:02:53","date_gmt":"2022-05-20T12:02:53","guid":{"rendered":"https:\/\/agora.xtec.cat\/escolalapalmera\/?page_id=1485"},"modified":"2023-03-27T13:10:09","modified_gmt":"2023-03-27T11:10:09","slug":"maquinari","status":"publish","type":"page","link":"https:\/\/agora.xtec.cat\/escolalapalmera\/projecte-educatiu\/cultura-digital\/maquinari\/","title":{"rendered":"Maquinari"},"content":{"rendered":"<div style=\"display: flex; background-color: #0d868a; font-size: 24pt; font-family: verdana; height: 40pt; justify-content: center; margin-top: 4pt; margin-bottom: 4 pt; color: white!important;\">\n<p>CHROMEBOOKS<\/p>\n<\/div>\n<p>&nbsp;<\/p>\n<p>A l\u2019Escola els alumnes disposen d&#8217;ordinadors Chromebook des de 3r fins a 6\u00e8. En el cas de 3r actualment disposem d&#8217;aproximadament uns 36 dispositius que comparteixen les dues classes. En el cas de 4t, 5\u00e8 i 6\u00e8 hi ha un dispositiu per cada alumne.\u00a0 Pel que es refereix a la dotaci\u00f3 d&#8217;aquests dispositius,els dels alumnes de 5\u00e8 i 6\u00e8 han estat subministrats pel departament d&#8217;educaci\u00f3. <strong>La resta han estat dotats en part per l&#8217;AFA i en part per la dotaci\u00f3 econ\u00f2mica de l&#8217;escola.<\/strong><\/p>\n<p><a href=\"https:\/\/agora.xtec.cat\/escolalapalmera\/wp-content\/uploads\/usu1503\/2022\/05\/baixa.png\"><img loading=\"lazy\" decoding=\"async\" class=\"alignright wp-image-1488 size-medium\" src=\"https:\/\/agora.xtec.cat\/escolalapalmera\/wp-content\/uploads\/usu1503\/2022\/05\/baixa-300x57.png\" alt=\"\" width=\"300\" height=\"57\" srcset=\"https:\/\/agora.xtec.cat\/escolalapalmera\/wp-content\/uploads\/usu1503\/2022\/05\/baixa-300x57.png 300w, https:\/\/agora.xtec.cat\/escolalapalmera\/wp-content\/uploads\/usu1503\/2022\/05\/baixa.png 515w\" sizes=\"auto, (max-width: 300px) 100vw, 300px\" \/><\/a><\/p>\n<p>&nbsp;<\/p>\n<p>Els ordinadors del professorat han estat subministrats pel departament d&#8217;educaci\u00f3.<\/p>\n<p>A continuaci\u00f3 hi ha enlla\u00e7at alguns documents per fer la gesti\u00f3 d\u2019aquests Chromebooks:<\/p>\n<ul>\n<li><strong><span style=\"text-decoration: underline;\"><a href=\"https:\/\/docs.google.com\/document\/d\/1RV2dvfUg0a-Ee-7gZlWcevnnzhCYeiMKjZzYNPF0vjs\/edit?usp=sharing\" target=\"_blank\" rel=\"noopener\">Enrolar i eliminar dades de Chromebooks.<\/a><\/span><\/strong><\/li>\n<li><a href=\"https:\/\/docs.google.com\/presentation\/d\/1W1orEHvBHfLi6cJ0Thr7VQmsKSKE39WQ0qZm4PAOkoU\/edit?usp=sharing\" target=\"_blank\" rel=\"noopener\"><span style=\"text-decoration: underline;\"><strong>Desenrolar dispositius Chromebook.<\/strong><\/span><\/a><\/li>\n<li><a href=\"https:\/\/docs.google.com\/document\/d\/14YJczAjM_WIFThUQao6F-aC34YbsZt5fTWcCRZ3aj3A\/edit?usp=sharing\" target=\"_blank\" rel=\"noopener\"><strong><span style=\"text-decoration: underline;\">Restaurar Chromebooks amb SO espatllat.<\/span><\/strong><\/a><\/li>\n<li><a href=\"https:\/\/docs.google.com\/document\/d\/1HVtbBbrMnL_-eYTLvU0itFj7ZR7YgfWEDhTAEcfFEXQ\/edit?usp=sharing\" target=\"_blank\" rel=\"noopener\"><span style=\"text-decoration: underline;\"><span style=\"color: #008080;\"><strong>Normes d&#8217;\u00fas en el cas de cessi\u00f3 de dispositius per part del centre.<\/strong><\/span><\/span><\/a><\/li>\n<\/ul>\n<p>&nbsp;<\/p>\n<p>&nbsp;<\/p>\n<div style=\"display: flex; background-color: #0d868a; font-size: 24pt; font-family: verdana; height: 40pt; justify-content: center; margin-top: 4pt; margin-bottom: 4 pt; color: white!important;\">\n<p>IMPRESSI\u00d3<\/p>\n<\/div>\n<p>&nbsp;<\/p>\n<p>El centre disposa de dos tipus d&#8217;impresores. Les impresores del departament, i les impresores pr\u00f2pies del centre. A continuaci\u00f3 enlla\u00e7em dos tipus de documents o tutorials per algunes de les gestions m\u00e9s importants amb impressores.<\/p>\n<ul>\n<li><a href=\"https:\/\/docs.google.com\/document\/d\/18vPsA7_f8wAVI7KEJ65WxtTakEBRvKlqLCwO8KZfmys\/edit?usp=sharing\" target=\"_blank\" rel=\"noopener\"><span style=\"text-decoration: underline;\"><strong>Impresores del departament.<\/strong><\/span><\/a><\/li>\n<li><strong><span style=\"text-decoration: underline;\"><a href=\"https:\/\/youtu.be\/vb5-AI5taBc\" target=\"_blank\" rel=\"noopener\">Tutorial per instal\u00b7lar drivers de les impressores Kyocera als ordinadors port\u00e0tils de docents del departament.<\/a><\/span><\/strong><\/li>\n<\/ul>\n","protected":false},"excerpt":{"rendered":"<p>CHROMEBOOKS &nbsp; A l\u2019Escola els alumnes disposen d&#8217;ordinadors Chromebook des de 3r fins a 6\u00e8. En el cas de 3r actualment disposem d&#8217;aproximadament uns 36 dispositius que comparteixen les dues classes. En el cas de 4t, 5\u00e8 i 6\u00e8 hi ha un dispositiu per cada alumne.\u00a0 Pel que es refereix a la dotaci\u00f3 d&#8217;aquests dispositius,els [&hellip;]<\/p>\n","protected":false},"author":1,"featured_media":0,"parent":1451,"menu_order":80,"comment_status":"closed","ping_status":"closed","template":"page-templates\/side-menu.php","meta":{"_bbp_topic_count":0,"_bbp_reply_count":0,"_bbp_total_topic_count":0,"_bbp_total_reply_count":0,"_bbp_voice_count":0,"_bbp_anonymous_reply_count":0,"_bbp_topic_count_hidden":0,"_bbp_reply_count_hidden":0,"_bbp_forum_subforum_count":0,"site-sidebar-layout":"default","site-content-layout":"","ast-site-content-layout":"","site-content-style":"default","site-sidebar-style":"default","ast-global-header-display":"","ast-banner-title-visibility":"","ast-main-header-display":"","ast-hfb-above-header-display":"","ast-hfb-below-header-display":"","ast-hfb-mobile-header-display":"","site-post-title":"","ast-breadcrumbs-content":"","ast-featured-img":"","footer-sml-layout":"","theme-transparent-header-meta":"","adv-header-id-meta":"","stick-header-meta":"","header-above-stick-meta":"","header-main-stick-meta":"","header-below-stick-meta":"","astra-migrate-meta-layouts":"default","ast-page-background-enabled":"default","ast-page-background-meta":{"desktop":{"background-color":"var(--ast-global-color-4)","background-image":"","background-repeat":"repeat","background-position":"center center","background-size":"auto","background-attachment":"scroll","background-type":"","background-media":"","overlay-type":"","overlay-color":"","overlay-opacity":"","overlay-gradient":""},"tablet":{"background-color":"","background-image":"","background-repeat":"repeat","background-position":"center center","background-size":"auto","background-attachment":"scroll","background-type":"","background-media":"","overlay-type":"","overlay-color":"","overlay-opacity":"","overlay-gradient":""},"mobile":{"background-color":"","background-image":"","background-repeat":"repeat","background-position":"center center","background-size":"auto","background-attachment":"scroll","background-type":"","background-media":"","overlay-type":"","overlay-color":"","overlay-opacity":"","overlay-gradient":""}},"ast-content-background-meta":{"desktop":{"background-color":"var(--ast-global-color-5)","background-image":"","background-repeat":"repeat","background-position":"center center","background-size":"auto","background-attachment":"scroll","background-type":"","background-media":"","overlay-type":"","overlay-color":"","overlay-opacity":"","overlay-gradient":""},"tablet":{"background-color":"var(--ast-global-color-5)","background-image":"","background-repeat":"repeat","background-position":"center center","background-size":"auto","background-attachment":"scroll","background-type":"","background-media":"","overlay-type":"","overlay-color":"","overlay-opacity":"","overlay-gradient":""},"mobile":{"background-color":"var(--ast-global-color-5)","background-image":"","background-repeat":"repeat","background-position":"center center","background-size":"auto","background-attachment":"scroll","background-type":"","background-media":"","overlay-type":"","overlay-color":"","overlay-opacity":"","overlay-gradient":""}},"footnotes":""},"class_list":["post-1485","page","type-page","status-publish","hentry"],"post_mailing_queue_ids":[],"_links":{"self":[{"href":"https:\/\/agora.xtec.cat\/escolalapalmera\/wp-json\/wp\/v2\/pages\/1485","targetHints":{"allow":["GET"]}}],"collection":[{"href":"https:\/\/agora.xtec.cat\/escolalapalmera\/wp-json\/wp\/v2\/pages"}],"about":[{"href":"https:\/\/agora.xtec.cat\/escolalapalmera\/wp-json\/wp\/v2\/types\/page"}],"author":[{"embeddable":true,"href":"https:\/\/agora.xtec.cat\/escolalapalmera\/wp-json\/wp\/v2\/users\/1"}],"replies":[{"embeddable":true,"href":"https:\/\/agora.xtec.cat\/escolalapalmera\/wp-json\/wp\/v2\/comments?post=1485"}],"version-history":[{"count":4,"href":"https:\/\/agora.xtec.cat\/escolalapalmera\/wp-json\/wp\/v2\/pages\/1485\/revisions"}],"predecessor-version":[{"id":2332,"href":"https:\/\/agora.xtec.cat\/escolalapalmera\/wp-json\/wp\/v2\/pages\/1485\/revisions\/2332"}],"up":[{"embeddable":true,"href":"https:\/\/agora.xtec.cat\/escolalapalmera\/wp-json\/wp\/v2\/pages\/1451"}],"wp:attachment":[{"href":"https:\/\/agora.xtec.cat\/escolalapalmera\/wp-json\/wp\/v2\/media?parent=1485"}],"curies":[{"name":"wp","href":"https:\/\/api.w.org\/{rel}","templated":true}]}}