{"id":1469,"date":"2022-05-20T08:19:56","date_gmt":"2022-05-20T06:19:56","guid":{"rendered":"https:\/\/agora.xtec.cat\/escolalapalmera\/?page_id=1469"},"modified":"2023-06-26T11:27:40","modified_gmt":"2023-06-26T09:27:40","slug":"competencia-professorat","status":"publish","type":"page","link":"https:\/\/agora.xtec.cat\/escolalapalmera\/projecte-educatiu\/cultura-digital\/competencia-professorat\/","title":{"rendered":"Compet\u00e8ncia professorat"},"content":{"rendered":"<div style=\"display: flex; background-color: #0d868a; font-size: 24pt; font-family: verdana; height: 40pt; justify-content: center; margin-top: 4pt; margin-bottom: 4 pt; color: white!important;\">\n<p>ACOLLIDA<\/p>\n<\/div>\n<p>&nbsp;<\/p>\n<p>El centre disposa d&#8217;un pla d&#8217;acollida del nou professorat pel que fa a temes digitals. \u00c9s un document viu que pot anar-se modificant a mesura que es plantegin noves necessitats o situacions en el centre.<\/p>\n<ul>\n<li><strong><span style=\"color: #33cccc;\"><span style=\"text-decoration: underline;\"><a style=\"color: #33cccc; text-decoration: underline;\" href=\"https:\/\/docs.google.com\/document\/d\/12OdXM8FTVIc6w8EKwU-B7ux1fFfaWSOwp95oQYO4MBs\/edit?usp=sharing\" target=\"_blank\" rel=\"noopener\">Acollida digital professorat nou<\/a><\/span><\/span><\/strong><\/li>\n<\/ul>\n<p><a href=\"https:\/\/drive.google.com\/file\/d\/1v45E1Hjtk-H4ZwxciwaWNzvA4Pr-OL60\/view?usp=sharing\" target=\"_blank\" rel=\"noopener\"><img loading=\"lazy\" decoding=\"async\" class=\"aligncenter wp-image-2452 size-full\" src=\"https:\/\/agora.xtec.cat\/escolalapalmera\/wp-content\/uploads\/usu1503\/2023\/06\/Check-list.png\" alt=\"\" width=\"637\" height=\"910\" srcset=\"https:\/\/agora.xtec.cat\/escolalapalmera\/wp-content\/uploads\/usu1503\/2023\/06\/Check-list.png 637w, https:\/\/agora.xtec.cat\/escolalapalmera\/wp-content\/uploads\/usu1503\/2023\/06\/Check-list-210x300.png 210w\" sizes=\"auto, (max-width: 637px) 100vw, 637px\" \/><\/a><\/p>\n<div style=\"display: flex; background-color: #0d868a; font-size: 24pt; font-family: verdana; height: 40pt; justify-content: center; margin-top: 4pt; margin-bottom: 4 pt; color: white!important;\">\n<p>FORMACI\u00d3<\/p>\n<\/div>\n<p>&nbsp;<\/p>\n<p>La formaci\u00f3 en cultura digital \u00e9s un aspecte clau al centre. Aquesta formaci\u00f3 s&#8217;articula b\u00e0sicament des dels seg\u00fcents apartats:<\/p>\n<ul>\n<li><span style=\"color: #33cccc;\"><a style=\"color: #33cccc;\" href=\"https:\/\/docs.google.com\/document\/d\/1Lrsy_Bo2puTWcNj2Uidpn3SoZAGFBX5V0tMbmf7k3f8\/edit?usp=sharing\" target=\"_blank\" rel=\"noopener\"><strong><span style=\"text-decoration: underline;\">Guia configuraci\u00f3 comptes google workspace<\/span><\/strong><\/a><\/span><\/li>\n<li><span style=\"text-decoration: underline; color: #33cccc;\"><a style=\"color: #33cccc;\" href=\"https:\/\/drive.google.com\/file\/d\/1cnSXogsJSHtDAcgSTKVvG3gMFV4AgdbS\/view?usp=sharing\" target=\"_blank\" rel=\"noopener\"><strong>FIC: Aquesta formaci\u00f3 permet incorporar aspectes de cultura digital al centre.<\/strong><\/a><\/span><\/li>\n<li><strong><span style=\"color: #33cccc;\"><span style=\"text-decoration: underline;\"><a style=\"color: #33cccc; text-decoration: underline;\" href=\"https:\/\/edu.google.com\/intl\/ALL_es\/for-educators\/training-courses\/?modal_active=none\" target=\"_blank\" rel=\"noopener\">Formaci\u00f3 espec\u00edfica de l&#8217;entorn Google Workspace<\/a><\/span>.<\/span><\/strong><\/li>\n<\/ul>\n","protected":false},"excerpt":{"rendered":"<p>ACOLLIDA &nbsp; El centre disposa d&#8217;un pla d&#8217;acollida del nou professorat pel que fa a temes digitals. \u00c9s un document viu que pot anar-se modificant a mesura que es plantegin noves necessitats o situacions en el centre. Acollida digital professorat nou FORMACI\u00d3 &nbsp; La formaci\u00f3 en cultura digital \u00e9s un aspecte clau al centre. Aquesta [&hellip;]<\/p>\n","protected":false},"author":1,"featured_media":0,"parent":1451,"menu_order":50,"comment_status":"closed","ping_status":"closed","template":"page-templates\/side-menu.php","meta":{"_bbp_topic_count":0,"_bbp_reply_count":0,"_bbp_total_topic_count":0,"_bbp_total_reply_count":0,"_bbp_voice_count":0,"_bbp_anonymous_reply_count":0,"_bbp_topic_count_hidden":0,"_bbp_reply_count_hidden":0,"_bbp_forum_subforum_count":0,"site-sidebar-layout":"default","site-content-layout":"","ast-site-content-layout":"","site-content-style":"default","site-sidebar-style":"default","ast-global-header-display":"","ast-banner-title-visibility":"","ast-main-header-display":"","ast-hfb-above-header-display":"","ast-hfb-below-header-display":"","ast-hfb-mobile-header-display":"","site-post-title":"","ast-breadcrumbs-content":"","ast-featured-img":"","footer-sml-layout":"","theme-transparent-header-meta":"","adv-header-id-meta":"","stick-header-meta":"","header-above-stick-meta":"","header-main-stick-meta":"","header-below-stick-meta":"","astra-migrate-meta-layouts":"default","ast-page-background-enabled":"default","ast-page-background-meta":{"desktop":{"background-color":"var(--ast-global-color-4)","background-image":"","background-repeat":"repeat","background-position":"center center","background-size":"auto","background-attachment":"scroll","background-type":"","background-media":"","overlay-type":"","overlay-color":"","overlay-opacity":"","overlay-gradient":""},"tablet":{"background-color":"","background-image":"","background-repeat":"repeat","background-position":"center center","background-size":"auto","background-attachment":"scroll","background-type":"","background-media":"","overlay-type":"","overlay-color":"","overlay-opacity":"","overlay-gradient":""},"mobile":{"background-color":"","background-image":"","background-repeat":"repeat","background-position":"center center","background-size":"auto","background-attachment":"scroll","background-type":"","background-media":"","overlay-type":"","overlay-color":"","overlay-opacity":"","overlay-gradient":""}},"ast-content-background-meta":{"desktop":{"background-color":"var(--ast-global-color-5)","background-image":"","background-repeat":"repeat","background-position":"center center","background-size":"auto","background-attachment":"scroll","background-type":"","background-media":"","overlay-type":"","overlay-color":"","overlay-opacity":"","overlay-gradient":""},"tablet":{"background-color":"var(--ast-global-color-5)","background-image":"","background-repeat":"repeat","background-position":"center center","background-size":"auto","background-attachment":"scroll","background-type":"","background-media":"","overlay-type":"","overlay-color":"","overlay-opacity":"","overlay-gradient":""},"mobile":{"background-color":"var(--ast-global-color-5)","background-image":"","background-repeat":"repeat","background-position":"center center","background-size":"auto","background-attachment":"scroll","background-type":"","background-media":"","overlay-type":"","overlay-color":"","overlay-opacity":"","overlay-gradient":""}},"footnotes":""},"class_list":["post-1469","page","type-page","status-publish","hentry"],"post_mailing_queue_ids":[],"_links":{"self":[{"href":"https:\/\/agora.xtec.cat\/escolalapalmera\/wp-json\/wp\/v2\/pages\/1469","targetHints":{"allow":["GET"]}}],"collection":[{"href":"https:\/\/agora.xtec.cat\/escolalapalmera\/wp-json\/wp\/v2\/pages"}],"about":[{"href":"https:\/\/agora.xtec.cat\/escolalapalmera\/wp-json\/wp\/v2\/types\/page"}],"author":[{"embeddable":true,"href":"https:\/\/agora.xtec.cat\/escolalapalmera\/wp-json\/wp\/v2\/users\/1"}],"replies":[{"embeddable":true,"href":"https:\/\/agora.xtec.cat\/escolalapalmera\/wp-json\/wp\/v2\/comments?post=1469"}],"version-history":[{"count":4,"href":"https:\/\/agora.xtec.cat\/escolalapalmera\/wp-json\/wp\/v2\/pages\/1469\/revisions"}],"predecessor-version":[{"id":2487,"href":"https:\/\/agora.xtec.cat\/escolalapalmera\/wp-json\/wp\/v2\/pages\/1469\/revisions\/2487"}],"up":[{"embeddable":true,"href":"https:\/\/agora.xtec.cat\/escolalapalmera\/wp-json\/wp\/v2\/pages\/1451"}],"wp:attachment":[{"href":"https:\/\/agora.xtec.cat\/escolalapalmera\/wp-json\/wp\/v2\/media?parent=1469"}],"curies":[{"name":"wp","href":"https:\/\/api.w.org\/{rel}","templated":true}]}}