{"id":1465,"date":"2022-05-19T17:04:08","date_gmt":"2022-05-19T15:04:08","guid":{"rendered":"https:\/\/agora.xtec.cat\/escolalapalmera\/?page_id=1465"},"modified":"2023-05-02T12:58:01","modified_gmt":"2023-05-02T10:58:01","slug":"competencia-alumnat","status":"publish","type":"page","link":"https:\/\/agora.xtec.cat\/escolalapalmera\/projecte-educatiu\/cultura-digital\/competencia-alumnat\/","title":{"rendered":"Compet\u00e8ncia alumnat"},"content":{"rendered":"<p>A l\u2019Escola els alumnes disposen d\u2019ordinadors Chromebook des de 3r fins a 6\u00e8. En el cas de 3r actualment disposem d\u2019aproximadament uns 36 dispositius que comparteixen les dues classes. En el cas de 4t, 5\u00e8 i 6\u00e8 hi ha un dispositiu per cada alumne.\u00a0 Pel que es refereix a la dotaci\u00f3 d\u2019aquests dispositus,els dels alumnes de 5\u00e8 i 6\u00e8 han estat subministrats pel departament d\u2019educaci\u00f3.\u00a0<strong>La resta han estat dotats en part per l\u2019AFA i en part per la dotaci\u00f3 econ\u00f2mica de l\u2019escola.<\/strong><\/p>\n<p>Per tal de poder anar fent el seguiment de l&#8217;assoliment de la compet\u00e8ncia digital per part dels alumnes, a l&#8217;escola estem elaborant un seguit de r\u00fabriques. <strong>L&#8217;elaboraci\u00f3 d&#8217;aquestes r\u00fabriques encara no s&#8217;ha acabat i estem treballant en el seu desplegament.<\/strong><\/p>\n<div style=\"display: flex; background-color: #0d868a; font-size: 24pt; font-family: verdana; height: 40pt; justify-content: center; margin-top: 4pt; margin-bottom: 4 pt; color: white!important;\">\n<p>DESPLEGAMENT DE LA COMPET\u00c8NCIA DIGITAL<\/p>\n<\/div>\n<p><iframe loading=\"lazy\" src=\"https:\/\/docs.google.com\/spreadsheets\/d\/e\/2PACX-1vQtYuV3MyTSAxCnnfv5MoI4Dh2pYIp3OkGgeA_srkLeDvkTeaa_s8Ao7CdYzhwK9wAPabx-lE-ThpfB\/pubhtml?widget=true&amp;headers=false\" width=\"1000\" height=\"800\"><\/iframe><\/p>\n<p>COMPET\u00c8NCIA DIGITAL ALUMNAT INFANTIL:<\/p>\n<p><iframe loading=\"lazy\" src=\"https:\/\/docs.google.com\/document\/d\/e\/2PACX-1vSQp5VU6Z70-XnYczMObsD7YJj3RejMzOz-Msg2Xejed-SocPBI2jdmupLmFU9bCA\/pub?embedded=true\" width=\"1000\" height=\"800\"><\/iframe><br \/>\n&nbsp;<\/p>\n<p>&nbsp;<\/p>\n","protected":false},"excerpt":{"rendered":"<p>A l\u2019Escola els alumnes disposen d\u2019ordinadors Chromebook des de 3r fins a 6\u00e8. En el cas de 3r actualment disposem d\u2019aproximadament uns 36 dispositius que comparteixen les dues classes. En el cas de 4t, 5\u00e8 i 6\u00e8 hi ha un dispositiu per cada alumne.\u00a0 Pel que es refereix a la dotaci\u00f3 d\u2019aquests dispositus,els dels alumnes [&hellip;]<\/p>\n","protected":false},"author":1,"featured_media":0,"parent":1451,"menu_order":40,"comment_status":"closed","ping_status":"closed","template":"page-templates\/side-menu.php","meta":{"_bbp_topic_count":0,"_bbp_reply_count":0,"_bbp_total_topic_count":0,"_bbp_total_reply_count":0,"_bbp_voice_count":0,"_bbp_anonymous_reply_count":0,"_bbp_topic_count_hidden":0,"_bbp_reply_count_hidden":0,"_bbp_forum_subforum_count":0,"site-sidebar-layout":"default","site-content-layout":"","ast-site-content-layout":"","site-content-style":"default","site-sidebar-style":"default","ast-global-header-display":"","ast-banner-title-visibility":"","ast-main-header-display":"","ast-hfb-above-header-display":"","ast-hfb-below-header-display":"","ast-hfb-mobile-header-display":"","site-post-title":"","ast-breadcrumbs-content":"","ast-featured-img":"","footer-sml-layout":"","theme-transparent-header-meta":"","adv-header-id-meta":"","stick-header-meta":"","header-above-stick-meta":"","header-main-stick-meta":"","header-below-stick-meta":"","astra-migrate-meta-layouts":"default","ast-page-background-enabled":"default","ast-page-background-meta":{"desktop":{"background-color":"var(--ast-global-color-4)","background-image":"","background-repeat":"repeat","background-position":"center center","background-size":"auto","background-attachment":"scroll","background-type":"","background-media":"","overlay-type":"","overlay-color":"","overlay-opacity":"","overlay-gradient":""},"tablet":{"background-color":"","background-image":"","background-repeat":"repeat","background-position":"center center","background-size":"auto","background-attachment":"scroll","background-type":"","background-media":"","overlay-type":"","overlay-color":"","overlay-opacity":"","overlay-gradient":""},"mobile":{"background-color":"","background-image":"","background-repeat":"repeat","background-position":"center center","background-size":"auto","background-attachment":"scroll","background-type":"","background-media":"","overlay-type":"","overlay-color":"","overlay-opacity":"","overlay-gradient":""}},"ast-content-background-meta":{"desktop":{"background-color":"var(--ast-global-color-5)","background-image":"","background-repeat":"repeat","background-position":"center center","background-size":"auto","background-attachment":"scroll","background-type":"","background-media":"","overlay-type":"","overlay-color":"","overlay-opacity":"","overlay-gradient":""},"tablet":{"background-color":"var(--ast-global-color-5)","background-image":"","background-repeat":"repeat","background-position":"center center","background-size":"auto","background-attachment":"scroll","background-type":"","background-media":"","overlay-type":"","overlay-color":"","overlay-opacity":"","overlay-gradient":""},"mobile":{"background-color":"var(--ast-global-color-5)","background-image":"","background-repeat":"repeat","background-position":"center center","background-size":"auto","background-attachment":"scroll","background-type":"","background-media":"","overlay-type":"","overlay-color":"","overlay-opacity":"","overlay-gradient":""}},"footnotes":""},"class_list":["post-1465","page","type-page","status-publish","hentry"],"post_mailing_queue_ids":[],"_links":{"self":[{"href":"https:\/\/agora.xtec.cat\/escolalapalmera\/wp-json\/wp\/v2\/pages\/1465","targetHints":{"allow":["GET"]}}],"collection":[{"href":"https:\/\/agora.xtec.cat\/escolalapalmera\/wp-json\/wp\/v2\/pages"}],"about":[{"href":"https:\/\/agora.xtec.cat\/escolalapalmera\/wp-json\/wp\/v2\/types\/page"}],"author":[{"embeddable":true,"href":"https:\/\/agora.xtec.cat\/escolalapalmera\/wp-json\/wp\/v2\/users\/1"}],"replies":[{"embeddable":true,"href":"https:\/\/agora.xtec.cat\/escolalapalmera\/wp-json\/wp\/v2\/comments?post=1465"}],"version-history":[{"count":3,"href":"https:\/\/agora.xtec.cat\/escolalapalmera\/wp-json\/wp\/v2\/pages\/1465\/revisions"}],"predecessor-version":[{"id":2380,"href":"https:\/\/agora.xtec.cat\/escolalapalmera\/wp-json\/wp\/v2\/pages\/1465\/revisions\/2380"}],"up":[{"embeddable":true,"href":"https:\/\/agora.xtec.cat\/escolalapalmera\/wp-json\/wp\/v2\/pages\/1451"}],"wp:attachment":[{"href":"https:\/\/agora.xtec.cat\/escolalapalmera\/wp-json\/wp\/v2\/media?parent=1465"}],"curies":[{"name":"wp","href":"https:\/\/api.w.org\/{rel}","templated":true}]}}