{"id":1459,"date":"2022-05-16T19:52:28","date_gmt":"2022-05-16T17:52:28","guid":{"rendered":"https:\/\/agora.xtec.cat\/escolalapalmera\/?page_id=1459"},"modified":"2022-09-21T23:19:19","modified_gmt":"2022-09-21T21:19:19","slug":"comunicacio","status":"publish","type":"page","link":"https:\/\/agora.xtec.cat\/escolalapalmera\/projecte-educatiu\/cultura-digital\/comunicacio\/","title":{"rendered":"Comunicaci\u00f3"},"content":{"rendered":"<div style=\"display: flex; background-color: #0d868a; font-size: 24pt; font-family: verdana; height: 40pt; justify-content: center; margin-top: 4pt; margin-bottom: 4 pt; color: white!important;\">\n<p>PORTAL WEB<\/p>\n<\/div>\n<p>&nbsp;<\/p>\n<p>El centre disposa d\u2019un web amb la informaci\u00f3 p\u00fablica. S\u2019hi poden trobar informacions est\u00e0tiques,<img loading=\"lazy\" decoding=\"async\" class=\"alignright size-medium wp-image-9488\" src=\"https:\/\/projectes.xtec.cat\/edc-suport\/wp-content\/uploads\/usu2435\/2021\/12\/nodes-300x173.png\" sizes=\"auto, (max-width: 300px) 100vw, 300px\" srcset=\"https:\/\/projectes.xtec.cat\/edc-suport\/wp-content\/uploads\/usu2435\/2021\/12\/nodes-300x173.png 300w, https:\/\/projectes.xtec.cat\/edc-suport\/wp-content\/uploads\/usu2435\/2021\/12\/nodes.png 580w\" alt=\"\" width=\"300\" height=\"173\" \/> que es revisen peri\u00f2dicament (documentaci\u00f3, actes, calendari escolar,&#8230;) i articles din\u00e0mics sobre el que va succe\u00efnt al centre dia a dia.<\/p>\n<p>Aquest web est\u00e0 basada en la plantilla de la plataforma Nodes que ofereix el Departament d\u2019Educaci\u00f3.<\/p>\n<p>&nbsp;<\/p>\n<p>Per fer-ne les actualitzacions se segueix el seg\u00fcent procediment:<\/p>\n<p><span style=\"text-decoration: underline;\"><a href=\"https:\/\/drive.google.com\/file\/d\/1tCzFlLDSZTpbMrq5QZJj9Xu4PDSMGzT3\/view?usp=sharing\" target=\"_blank\" rel=\"noopener\">Actualitzaci\u00f3 del web del centre<\/a><\/span><\/p>\n<div style=\"display: flex; background-color: #0d868a; font-size: 24pt; font-family: verdana; height: 40pt; justify-content: center; margin-top: 4pt; margin-bottom: 4 pt; color: white!important;\">\n<p>TOKAPP<\/p>\n<\/div>\n<p>&nbsp;<\/p>\n<p>\u00c9s una eina de comunicaci\u00f3 unidireccional ( Escola &#8211;&gt; fam\u00edlies ) que es fa servir per enviar les comunicacions m\u00e9s importants a les fam\u00edlies. Clican a la imatge podreu trobar un tutorial d&#8217;instal\u00b7laci\u00f3.<\/p>\n<p><a href=\"https:\/\/www.valga.gal\/images\/Mercedes\/Manual-Usuarios-App.pdf\" target=\"_blank\" rel=\"noopener\"><img loading=\"lazy\" decoding=\"async\" class=\"aligncenter wp-image-1506 size-full\" src=\"https:\/\/agora.xtec.cat\/escolalapalmera\/wp-content\/uploads\/usu1503\/2022\/05\/Tokapp.png\" alt=\"\" width=\"225\" height=\"225\" srcset=\"https:\/\/agora.xtec.cat\/escolalapalmera\/wp-content\/uploads\/usu1503\/2022\/05\/Tokapp.png 225w, https:\/\/agora.xtec.cat\/escolalapalmera\/wp-content\/uploads\/usu1503\/2022\/05\/Tokapp-150x150.png 150w\" sizes=\"auto, (max-width: 225px) 100vw, 225px\" \/><\/a><\/p>\n<div style=\"display: flex; background-color: #0d868a; font-size: 24pt; font-family: verdana; height: 40pt; justify-content: center; margin-top: 4pt; margin-bottom: 4 pt; color: white!important;\">\n<p>COMUNICACI\u00d3 AMB LES FAM\u00cdLIES<\/p>\n<\/div>\n<p>&nbsp;<\/p>\n<p>Totes les informacions amb les fam\u00edlies es poden fer per un dels seg\u00fcents canals:<\/p>\n<ul>\n<li>Priot\u00e0riament via agenda.<\/li>\n<li>Per tel\u00e8fon, \u00fanicament als indicats per la fam\u00edlia en els fulls d&#8217;actualitzaci\u00f3 de dades o d&#8217;inscripci\u00f3 al centre.<\/li>\n<li>En persona, amb cita pr\u00e8via.<\/li>\n<li>Per videotrucada.<\/li>\n<\/ul>\n","protected":false},"excerpt":{"rendered":"<p>PORTAL WEB &nbsp; El centre disposa d\u2019un web amb la informaci\u00f3 p\u00fablica. S\u2019hi poden trobar informacions est\u00e0tiques, que es revisen peri\u00f2dicament (documentaci\u00f3, actes, calendari escolar,&#8230;) i articles din\u00e0mics sobre el que va succe\u00efnt al centre dia a dia. Aquest web est\u00e0 basada en la plantilla de la plataforma Nodes que ofereix el Departament d\u2019Educaci\u00f3. &nbsp; [&hellip;]<\/p>\n","protected":false},"author":1,"featured_media":0,"parent":1451,"menu_order":30,"comment_status":"closed","ping_status":"closed","template":"page-templates\/side-menu.php","meta":{"_bbp_topic_count":0,"_bbp_reply_count":0,"_bbp_total_topic_count":0,"_bbp_total_reply_count":0,"_bbp_voice_count":0,"_bbp_anonymous_reply_count":0,"_bbp_topic_count_hidden":0,"_bbp_reply_count_hidden":0,"_bbp_forum_subforum_count":0,"site-sidebar-layout":"default","site-content-layout":"","ast-site-content-layout":"","site-content-style":"default","site-sidebar-style":"default","ast-global-header-display":"","ast-banner-title-visibility":"","ast-main-header-display":"","ast-hfb-above-header-display":"","ast-hfb-below-header-display":"","ast-hfb-mobile-header-display":"","site-post-title":"","ast-breadcrumbs-content":"","ast-featured-img":"","footer-sml-layout":"","theme-transparent-header-meta":"","adv-header-id-meta":"","stick-header-meta":"","header-above-stick-meta":"","header-main-stick-meta":"","header-below-stick-meta":"","astra-migrate-meta-layouts":"default","ast-page-background-enabled":"default","ast-page-background-meta":{"desktop":{"background-color":"var(--ast-global-color-4)","background-image":"","background-repeat":"repeat","background-position":"center center","background-size":"auto","background-attachment":"scroll","background-type":"","background-media":"","overlay-type":"","overlay-color":"","overlay-opacity":"","overlay-gradient":""},"tablet":{"background-color":"","background-image":"","background-repeat":"repeat","background-position":"center center","background-size":"auto","background-attachment":"scroll","background-type":"","background-media":"","overlay-type":"","overlay-color":"","overlay-opacity":"","overlay-gradient":""},"mobile":{"background-color":"","background-image":"","background-repeat":"repeat","background-position":"center center","background-size":"auto","background-attachment":"scroll","background-type":"","background-media":"","overlay-type":"","overlay-color":"","overlay-opacity":"","overlay-gradient":""}},"ast-content-background-meta":{"desktop":{"background-color":"var(--ast-global-color-5)","background-image":"","background-repeat":"repeat","background-position":"center center","background-size":"auto","background-attachment":"scroll","background-type":"","background-media":"","overlay-type":"","overlay-color":"","overlay-opacity":"","overlay-gradient":""},"tablet":{"background-color":"var(--ast-global-color-5)","background-image":"","background-repeat":"repeat","background-position":"center center","background-size":"auto","background-attachment":"scroll","background-type":"","background-media":"","overlay-type":"","overlay-color":"","overlay-opacity":"","overlay-gradient":""},"mobile":{"background-color":"var(--ast-global-color-5)","background-image":"","background-repeat":"repeat","background-position":"center center","background-size":"auto","background-attachment":"scroll","background-type":"","background-media":"","overlay-type":"","overlay-color":"","overlay-opacity":"","overlay-gradient":""}},"footnotes":""},"class_list":["post-1459","page","type-page","status-publish","hentry"],"post_mailing_queue_ids":[],"_links":{"self":[{"href":"https:\/\/agora.xtec.cat\/escolalapalmera\/wp-json\/wp\/v2\/pages\/1459","targetHints":{"allow":["GET"]}}],"collection":[{"href":"https:\/\/agora.xtec.cat\/escolalapalmera\/wp-json\/wp\/v2\/pages"}],"about":[{"href":"https:\/\/agora.xtec.cat\/escolalapalmera\/wp-json\/wp\/v2\/types\/page"}],"author":[{"embeddable":true,"href":"https:\/\/agora.xtec.cat\/escolalapalmera\/wp-json\/wp\/v2\/users\/1"}],"replies":[{"embeddable":true,"href":"https:\/\/agora.xtec.cat\/escolalapalmera\/wp-json\/wp\/v2\/comments?post=1459"}],"version-history":[{"count":4,"href":"https:\/\/agora.xtec.cat\/escolalapalmera\/wp-json\/wp\/v2\/pages\/1459\/revisions"}],"predecessor-version":[{"id":1843,"href":"https:\/\/agora.xtec.cat\/escolalapalmera\/wp-json\/wp\/v2\/pages\/1459\/revisions\/1843"}],"up":[{"embeddable":true,"href":"https:\/\/agora.xtec.cat\/escolalapalmera\/wp-json\/wp\/v2\/pages\/1451"}],"wp:attachment":[{"href":"https:\/\/agora.xtec.cat\/escolalapalmera\/wp-json\/wp\/v2\/media?parent=1459"}],"curies":[{"name":"wp","href":"https:\/\/api.w.org\/{rel}","templated":true}]}}