{"id":1451,"date":"2022-05-16T19:44:28","date_gmt":"2022-05-16T17:44:28","guid":{"rendered":"https:\/\/agora.xtec.cat\/escolalapalmera\/?page_id=1451"},"modified":"2023-03-22T08:24:44","modified_gmt":"2023-03-22T07:24:44","slug":"cultura-digital","status":"publish","type":"page","link":"https:\/\/agora.xtec.cat\/escolalapalmera\/projecte-educatiu\/cultura-digital\/","title":{"rendered":"Cultura Digital"},"content":{"rendered":"<p>En aquest apartat es recullen tots els documents del centre que fan refer\u00e8ncia a aspectes de la cultura digital. D\u2019aquesta manera, es pot tenir una visi\u00f3 completa del desplegament de tots els aspectes relacionats amb la cultura digital al centre.<\/p>\n<p>En el desenvolupament de la Estrat\u00e8gia digital de centre juga un paper fonamental la <strong>comissi\u00f3 digital del centre<\/strong>. Formada pel coordinador\/a digital aix\u00ed com dos representants de cada comunitat de l&#8217;escola,que impulsa l&#8217;assoliment d&#8217;aquesta estrat\u00e8gia i que es reuneix amb una periodicitat d&#8217;una vegada a la setmana aproximadament.<\/p>\n<div style=\"display: flex; background-color: #0d868a; font-size: 24pt; font-family: verdana; height: 40pt; justify-content: center; margin-top: 4pt; margin-bottom: 4 pt; color: white!important;\">\n<p>&nbsp;<\/p>\n<p>&nbsp;<\/p>\n<p>&nbsp;<\/p>\n<p>PLATAFORMA DIGITAL<\/p>\n<\/div>\n<p>&nbsp;<\/p>\n<p>El centre disposa d\u2019un domini G Suite for Education propi. D\u2019aquesta manera, alumnat, professorat, i personal d\u2019administraci\u00f3 i fam\u00edlies disposen d\u2019un usuari <span class=\"\">@palm.cat.<\/span><\/p>\n<p><a href=\"https:\/\/agora.xtec.cat\/escolalapalmera\/wp-content\/uploads\/usu1503\/2022\/05\/GOOGLE.jpeg\"><img loading=\"lazy\" decoding=\"async\" class=\"aligncenter size-full wp-image-1517\" src=\"https:\/\/agora.xtec.cat\/escolalapalmera\/wp-content\/uploads\/usu1503\/2022\/05\/GOOGLE.jpeg\" alt=\"\" width=\"371\" height=\"136\" srcset=\"https:\/\/agora.xtec.cat\/escolalapalmera\/wp-content\/uploads\/usu1503\/2022\/05\/GOOGLE.jpeg 371w, https:\/\/agora.xtec.cat\/escolalapalmera\/wp-content\/uploads\/usu1503\/2022\/05\/GOOGLE-300x110.jpeg 300w\" sizes=\"auto, (max-width: 371px) 100vw, 371px\" \/><\/a><\/p>\n<p>&nbsp;<\/p>\n<div><\/div>\n<div style=\"display: flex; background-color: #0d868a; font-size: 24pt; font-family: verdana; height: 40pt; justify-content: center; margin-top: 4pt; margin-bottom: 4 pt; color: white!important;\">\n<p>DOCUMENTACI\u00d3<\/p>\n<\/div>\n<p>&nbsp;<\/p>\n<p>El centre organitza tota la documentaci\u00f3 en unitats compartides. Aquestes unitats es comparteixen exclusivament amb\u00a0grups, de tal manera que en tot moment es controla qui t\u00e9 acc\u00e9s a la informaci\u00f3.<\/p>\n<p>A m\u00e9s dels fulls anteriors, en aquestes carpetes hi ha tota la resta d\u2019informaci\u00f3 que necessita el centre. Des de la documentaci\u00f3 oficial (PEC, NOFC, projecte de direcci\u00f3, etc), passant per llistes d\u2019alumnes, o relativa a les programacions.<\/p>\n","protected":false},"excerpt":{"rendered":"<p>En aquest apartat es recullen tots els documents del centre que fan refer\u00e8ncia a aspectes de la cultura digital. D\u2019aquesta manera, es pot tenir una visi\u00f3 completa del desplegament de tots els aspectes relacionats amb la cultura digital al centre. En el desenvolupament de la Estrat\u00e8gia digital de centre juga un paper fonamental la comissi\u00f3 [&hellip;]<\/p>\n","protected":false},"author":1,"featured_media":0,"parent":64,"menu_order":30,"comment_status":"closed","ping_status":"closed","template":"page-templates\/side-menu.php","meta":{"_bbp_topic_count":0,"_bbp_reply_count":0,"_bbp_total_topic_count":0,"_bbp_total_reply_count":0,"_bbp_voice_count":0,"_bbp_anonymous_reply_count":0,"_bbp_topic_count_hidden":0,"_bbp_reply_count_hidden":0,"_bbp_forum_subforum_count":0,"site-sidebar-layout":"default","site-content-layout":"","ast-site-content-layout":"","site-content-style":"default","site-sidebar-style":"default","ast-global-header-display":"","ast-banner-title-visibility":"","ast-main-header-display":"","ast-hfb-above-header-display":"","ast-hfb-below-header-display":"","ast-hfb-mobile-header-display":"","site-post-title":"","ast-breadcrumbs-content":"","ast-featured-img":"","footer-sml-layout":"","theme-transparent-header-meta":"","adv-header-id-meta":"","stick-header-meta":"","header-above-stick-meta":"","header-main-stick-meta":"","header-below-stick-meta":"","astra-migrate-meta-layouts":"default","ast-page-background-enabled":"default","ast-page-background-meta":{"desktop":{"background-color":"var(--ast-global-color-4)","background-image":"","background-repeat":"repeat","background-position":"center center","background-size":"auto","background-attachment":"scroll","background-type":"","background-media":"","overlay-type":"","overlay-color":"","overlay-opacity":"","overlay-gradient":""},"tablet":{"background-color":"","background-image":"","background-repeat":"repeat","background-position":"center center","background-size":"auto","background-attachment":"scroll","background-type":"","background-media":"","overlay-type":"","overlay-color":"","overlay-opacity":"","overlay-gradient":""},"mobile":{"background-color":"","background-image":"","background-repeat":"repeat","background-position":"center center","background-size":"auto","background-attachment":"scroll","background-type":"","background-media":"","overlay-type":"","overlay-color":"","overlay-opacity":"","overlay-gradient":""}},"ast-content-background-meta":{"desktop":{"background-color":"var(--ast-global-color-5)","background-image":"","background-repeat":"repeat","background-position":"center center","background-size":"auto","background-attachment":"scroll","background-type":"","background-media":"","overlay-type":"","overlay-color":"","overlay-opacity":"","overlay-gradient":""},"tablet":{"background-color":"var(--ast-global-color-5)","background-image":"","background-repeat":"repeat","background-position":"center center","background-size":"auto","background-attachment":"scroll","background-type":"","background-media":"","overlay-type":"","overlay-color":"","overlay-opacity":"","overlay-gradient":""},"mobile":{"background-color":"var(--ast-global-color-5)","background-image":"","background-repeat":"repeat","background-position":"center center","background-size":"auto","background-attachment":"scroll","background-type":"","background-media":"","overlay-type":"","overlay-color":"","overlay-opacity":"","overlay-gradient":""}},"footnotes":""},"class_list":["post-1451","page","type-page","status-publish","hentry"],"post_mailing_queue_ids":[],"_links":{"self":[{"href":"https:\/\/agora.xtec.cat\/escolalapalmera\/wp-json\/wp\/v2\/pages\/1451","targetHints":{"allow":["GET"]}}],"collection":[{"href":"https:\/\/agora.xtec.cat\/escolalapalmera\/wp-json\/wp\/v2\/pages"}],"about":[{"href":"https:\/\/agora.xtec.cat\/escolalapalmera\/wp-json\/wp\/v2\/types\/page"}],"author":[{"embeddable":true,"href":"https:\/\/agora.xtec.cat\/escolalapalmera\/wp-json\/wp\/v2\/users\/1"}],"replies":[{"embeddable":true,"href":"https:\/\/agora.xtec.cat\/escolalapalmera\/wp-json\/wp\/v2\/comments?post=1451"}],"version-history":[{"count":3,"href":"https:\/\/agora.xtec.cat\/escolalapalmera\/wp-json\/wp\/v2\/pages\/1451\/revisions"}],"predecessor-version":[{"id":2324,"href":"https:\/\/agora.xtec.cat\/escolalapalmera\/wp-json\/wp\/v2\/pages\/1451\/revisions\/2324"}],"up":[{"embeddable":true,"href":"https:\/\/agora.xtec.cat\/escolalapalmera\/wp-json\/wp\/v2\/pages\/64"}],"wp:attachment":[{"href":"https:\/\/agora.xtec.cat\/escolalapalmera\/wp-json\/wp\/v2\/media?parent=1451"}],"curies":[{"name":"wp","href":"https:\/\/api.w.org\/{rel}","templated":true}]}}