{"id":1440,"date":"2022-05-16T18:02:28","date_gmt":"2022-05-16T16:02:28","guid":{"rendered":"https:\/\/agora.xtec.cat\/escolalapalmera\/?page_id=1440"},"modified":"2023-04-13T18:11:06","modified_gmt":"2023-04-13T16:11:06","slug":"objectius","status":"publish","type":"page","link":"https:\/\/agora.xtec.cat\/escolalapalmera\/projecte-educatiu\/pla-digital\/objectius\/","title":{"rendered":"Objectius"},"content":{"rendered":"<p style=\"text-align: justify;\">En la visi\u00f3 del centre, tal com es defineix en el projecte educatiu de centre (PEC), queda molt clar que l\u2019\u00fas habitual de les tecnologies ha de ser un dels pilars del centre:<\/p>\n<p style=\"text-align: justify;\"><em>&#8220;\u00c9s un centre actiu, emprenedor, amb visi\u00f3 de futur, que pret\u00e9n la millora constant del rendiment acad\u00e8mic de l\u2019alumnat mitjan\u00e7ant <strong>l\u2019\u00fas habitual de les TAC<\/strong>, l\u2019impuls de les lleng\u00fces estrangeres, de la compet\u00e8ncia art\u00edstica i la promoci\u00f3 de les habilitats socials i emocionals i el treball cooperatiu per arribar a ser un referent de qualitat educativa, tenint present en tot moment en el benestar emocional de les persones.&#8221;<\/em><\/p>\n<p style=\"text-align: justify;\">A partir d\u2019aquesta visi\u00f3, dels objectius del PEC i de la diagnosi que s\u2019ha realitzat, s\u2019han establert diferents objectius:<\/p>\n<p>&nbsp;<\/p>\n<div style=\"display: flex; background-color: #0d868a; font-size: 24pt; font-family: verdana; height: 40pt; justify-content: center; margin-top: 4pt; margin-bottom: 4 pt; color: white!important;\">\n<p>OBJECTIUS VINCULATS AL PEC<\/p>\n<\/div>\n<p>&nbsp;<\/p>\n<p>Tal i com queda reflectit a l&#8217;apartat 6.1.3 del PEC els objectius pel que respecte a l&#8217;\u00fas de les noves tecnologies al centre es definexen de la seg\u00fcent manera:<\/p>\n<ul>\n<li>Impulsar el desenvolupament de l&#8217;\u00e0mbit digital mitjan\u00e7ant l&#8217;\u00fas de recursos i eines digitals des de Ei3 fins a 6\u00e8.<\/li>\n<li>Treballar els conceptes de programaci\u00f3 desendollada i l&#8217;\u00fas de dispositius t\u00e0ctils i de rob\u00f2tica en l&#8217;etapa d&#8217;infantil i conceptes de programaci\u00f3 m\u00e9s complexe a partir de 3r de prim\u00e0ria. Aix\u00ed com la inclusi\u00f3 del treball amb plaques electr\u00f2niques que permeten la interacci\u00f3 amb diferents tipus de sensors.<\/li>\n<li>Fomentar l&#8217;\u00fas d&#8217;entorns virtuals d&#8217;aprenentatge ( Google Classroom ).<\/li>\n<li>Promoure la utilitzaci\u00f3 de dispositius digitals entre l&#8217;alumnat de manera individual a partir de 4t de prim\u00e0ria.<\/li>\n<\/ul>\n<p>&nbsp;<\/p>\n<div style=\"display: flex; background-color: #0d868a; font-size: 24pt; font-family: verdana; height: 40pt; justify-content: center; margin-top: 4pt; margin-bottom: 4 pt; color: white!important;\">\n<p>OBJECTIUS A PARTIR DE LA DIAGNOSI<\/p>\n<\/div>\n<p>&nbsp;<\/p>\n<ol>\n<li><b>Definir el desplegament complet de la compet\u00e8ncia digital de l\u2019alumnat:<\/b><\/li>\n<\/ol>\n<p><span style=\"font-weight: 400;\">1.1 Recollida de les activitats relacionades amb la compet\u00e8ncia digital que es realitzen a cada equip docent.<\/span><\/p>\n<p><span style=\"font-weight: 400;\">1.2 Definici\u00f3 de la r\u00fabrica d\u2019avaluaci\u00f3 de la compet\u00e8ncia digital per cada nivell.<\/span><\/p>\n<p><span style=\"font-weight: 400;\">1.3 Adaptaci\u00f3 de les programacions d\u2019\u00e0mbit o de projectes per incloure activitats per valorar les compet\u00e8ncies acordades.<\/span><\/p>\n<p><b><\/b><b>2. Crear un repositori, o biblioteca en l\u00ednia d\u2019activitats d\u2019ensenyament-aprenentatge.<\/b><b><\/b><\/p>\n<p><span style=\"font-weight: 400;\">2.1 Creaci\u00f3 d\u2019un sistema unificat i de f\u00e0cil acc\u00e9s per a l\u2019emmagatzematge de les activitats d\u2019ensenyament aprenentatge.<\/span><br \/>\n<b><\/b><\/p>\n<p><b>3. Fomentar la realitzaci\u00f3 d\u2019activitats d\u2019aprenentatge digital que impliquin el desenvolupament de la creativitat de l\u2019alumnat:<\/b><b><\/b><\/p>\n<p><span style=\"font-weight: 400;\">3.1 Detecci\u00f3 de les activitats d\u2019aprenentatge digital que estem fent actualment i que promoguin la creativitat per part de l\u2019alumnat.<\/span><\/p>\n<p><span style=\"font-weight: 400;\">3.2 Realitzaci\u00f3 de trobades trimestrals per compartir experi\u00e8ncies d\u2019activitats d\u2019aprenentatge digital que fomentin la creativitat.<\/span><b><\/b><\/p>\n<p><b>4. Millorar la utilitzaci\u00f3 de tecnologies digitals en relaci\u00f3 a les pr\u00e0ctiques avaluatives.<\/b><b><\/b><\/p>\n<p><span style=\"font-weight: 400;\">4.1 Disseny d\u2019activitats d\u2019avaluaci\u00f3 amb tecnologies digitals que incorporin reatroalimentaci\u00f3 pels alumnes.<\/span><\/p>\n<p><span style=\"font-weight: 400;\">4.2 Creaci\u00f3 d\u2019activitats d\u2019avaluaci\u00f3 amb tecnologies digitals que permeti que l\u2019alumnat pugui fer observacions constructives sobre el treball dels seus companys o companyes.<\/span><\/p>\n<p><span style=\"font-weight: 400;\">4.3 Generaci\u00f3 d\u2019un dossier virtual d\u2019aprenentatge que promogui la reflexi\u00f3 de l\u2019alumne sobre el seu aprenentatge. ( Bloc, Google Sites, WordPress, etc\u2026 )<\/span><b><\/b><\/p>\n<p><b>5. Millorar l\u2019acolliment digital de les fam\u00edlies<\/b><b><\/b><\/p>\n<p><span style=\"font-weight: 400;\">5.1 Realitzar una sessi\u00f3 de formaci\u00f3 per a fam\u00edlies noves o de reciclatge per a fam\u00edlies usu\u00e0ries actuals del centre.<\/span><b><\/b><\/p>\n<p><b>6. Promoure el treball en xarxa dels docents i del centre amb d&#8217;altres centres per compartir evid\u00e8ncies d&#8217;implementaci\u00f3 en centre de la formaci\u00f3 del professorat.<\/b><b><\/b><\/p>\n<p><span style=\"font-weight: 400;\">6.1 Realitzar un claustre per trimestre liderat per algun membre de la comissi\u00f3 EDC amb p\u00edndoles sobre aplicacions que es facin servir al centre.<\/span><\/p>\n<p>6.2 Promoure la participaci\u00f3 dels membres del claustre en algunes xarxes d\u2019innovaci\u00f3 i de compet\u00e8ncia digital. ( GEG, STEAMcat, Grup de treball Newspace, seminaris, etc\u2026 )<\/p>\n<p><strong>7. Millorar la formaci\u00f3 del professorat en relaci\u00f3 al pensament computacional i la programaci\u00f3.<\/strong><\/p>\n<p>7.1 Incorporar la possibilitat de fer algun dels seg\u00fcents kudis: &#8220;Minireptes amb Scratch&#8221; o &#8220;Explorem amb la Micro:bit&#8221; a la FIC del centre.<\/p>\n<p><strong>8. Compartir l&#8217;Estrat\u00e8gia Digital de Centre amb el claustre, l&#8217;alumnat i la resta de la comunitat educativa.<\/strong><\/p>\n<p>8.1 Fer una petita formaci\u00f3 inicial al claustre per tal que coneguin els apartats de la EDC.<\/p>\n<p>8.2 Incloure un punt en la reuni\u00f3 d&#8217;inici de curs amb les fam\u00edlies on s&#8217;expliquin els apartats de la web on est\u00e0 desenvolupada la EDC.<\/p>\n<p>&nbsp;<\/p>\n<div style=\"display: flex; background-color: #0d868a; font-size: 24pt; font-family: verdana; height: 40pt; justify-content: center; margin-top: 4pt; margin-bottom: 4 pt; color: white!important;\">\n<p>TEMPORITZACI\u00d3 I INDICADORS<\/p>\n<\/div>\n<p><iframe loading=\"lazy\" src=\"https:\/\/docs.google.com\/spreadsheets\/d\/e\/2PACX-1vRceK6n9u7Dj65bR4s51OjEtGH7J7jHsJ-LwQl6EaKPuIsTHm35B-czOie4xNZ67COCwbz5zDck-ICb\/pubhtml?widget=true&amp;headers=false\" width=\"1000\" height=\"600\"><\/iframe><\/p>\n","protected":false},"excerpt":{"rendered":"<p>En la visi\u00f3 del centre, tal com es defineix en el projecte educatiu de centre (PEC), queda molt clar que l\u2019\u00fas habitual de les tecnologies ha de ser un dels pilars del centre: &#8220;\u00c9s un centre actiu, emprenedor, amb visi\u00f3 de futur, que pret\u00e9n la millora constant del rendiment acad\u00e8mic de l\u2019alumnat mitjan\u00e7ant l\u2019\u00fas habitual [&hellip;]<\/p>\n","protected":false},"author":1,"featured_media":0,"parent":504,"menu_order":20,"comment_status":"closed","ping_status":"closed","template":"page-templates\/side-menu.php","meta":{"_bbp_topic_count":0,"_bbp_reply_count":0,"_bbp_total_topic_count":0,"_bbp_total_reply_count":0,"_bbp_voice_count":0,"_bbp_anonymous_reply_count":0,"_bbp_topic_count_hidden":0,"_bbp_reply_count_hidden":0,"_bbp_forum_subforum_count":0,"site-sidebar-layout":"default","site-content-layout":"","ast-site-content-layout":"","site-content-style":"default","site-sidebar-style":"default","ast-global-header-display":"","ast-banner-title-visibility":"","ast-main-header-display":"","ast-hfb-above-header-display":"","ast-hfb-below-header-display":"","ast-hfb-mobile-header-display":"","site-post-title":"","ast-breadcrumbs-content":"","ast-featured-img":"","footer-sml-layout":"","theme-transparent-header-meta":"","adv-header-id-meta":"","stick-header-meta":"","header-above-stick-meta":"","header-main-stick-meta":"","header-below-stick-meta":"","astra-migrate-meta-layouts":"default","ast-page-background-enabled":"default","ast-page-background-meta":{"desktop":{"background-color":"var(--ast-global-color-4)","background-image":"","background-repeat":"repeat","background-position":"center center","background-size":"auto","background-attachment":"scroll","background-type":"","background-media":"","overlay-type":"","overlay-color":"","overlay-opacity":"","overlay-gradient":""},"tablet":{"background-color":"","background-image":"","background-repeat":"repeat","background-position":"center center","background-size":"auto","background-attachment":"scroll","background-type":"","background-media":"","overlay-type":"","overlay-color":"","overlay-opacity":"","overlay-gradient":""},"mobile":{"background-color":"","background-image":"","background-repeat":"repeat","background-position":"center center","background-size":"auto","background-attachment":"scroll","background-type":"","background-media":"","overlay-type":"","overlay-color":"","overlay-opacity":"","overlay-gradient":""}},"ast-content-background-meta":{"desktop":{"background-color":"var(--ast-global-color-5)","background-image":"","background-repeat":"repeat","background-position":"center center","background-size":"auto","background-attachment":"scroll","background-type":"","background-media":"","overlay-type":"","overlay-color":"","overlay-opacity":"","overlay-gradient":""},"tablet":{"background-color":"var(--ast-global-color-5)","background-image":"","background-repeat":"repeat","background-position":"center center","background-size":"auto","background-attachment":"scroll","background-type":"","background-media":"","overlay-type":"","overlay-color":"","overlay-opacity":"","overlay-gradient":""},"mobile":{"background-color":"var(--ast-global-color-5)","background-image":"","background-repeat":"repeat","background-position":"center center","background-size":"auto","background-attachment":"scroll","background-type":"","background-media":"","overlay-type":"","overlay-color":"","overlay-opacity":"","overlay-gradient":""}},"footnotes":""},"class_list":["post-1440","page","type-page","status-publish","hentry"],"post_mailing_queue_ids":[],"_links":{"self":[{"href":"https:\/\/agora.xtec.cat\/escolalapalmera\/wp-json\/wp\/v2\/pages\/1440","targetHints":{"allow":["GET"]}}],"collection":[{"href":"https:\/\/agora.xtec.cat\/escolalapalmera\/wp-json\/wp\/v2\/pages"}],"about":[{"href":"https:\/\/agora.xtec.cat\/escolalapalmera\/wp-json\/wp\/v2\/types\/page"}],"author":[{"embeddable":true,"href":"https:\/\/agora.xtec.cat\/escolalapalmera\/wp-json\/wp\/v2\/users\/1"}],"replies":[{"embeddable":true,"href":"https:\/\/agora.xtec.cat\/escolalapalmera\/wp-json\/wp\/v2\/comments?post=1440"}],"version-history":[{"count":3,"href":"https:\/\/agora.xtec.cat\/escolalapalmera\/wp-json\/wp\/v2\/pages\/1440\/revisions"}],"predecessor-version":[{"id":2348,"href":"https:\/\/agora.xtec.cat\/escolalapalmera\/wp-json\/wp\/v2\/pages\/1440\/revisions\/2348"}],"up":[{"embeddable":true,"href":"https:\/\/agora.xtec.cat\/escolalapalmera\/wp-json\/wp\/v2\/pages\/504"}],"wp:attachment":[{"href":"https:\/\/agora.xtec.cat\/escolalapalmera\/wp-json\/wp\/v2\/media?parent=1440"}],"curies":[{"name":"wp","href":"https:\/\/api.w.org\/{rel}","templated":true}]}}